{"id":24685,"date":"2022-08-12T15:06:07","date_gmt":"2022-08-12T14:06:07","guid":{"rendered":"https:\/\/www.ragni.com\/die-ragni-gruppe\/"},"modified":"2026-03-12T15:55:32","modified_gmt":"2026-03-12T14:55:32","slug":"die-ragni-gruppe","status":"publish","type":"page","link":"https:\/\/www.ragni.com\/de\/die-ragni-gruppe\/","title":{"rendered":"DIE GROUPE RAGNI"},"content":{"rendered":"<div class=\"wpb-content-wrapper\"><p>[vc_row][vc_column width=&#8221;1\/1&#8243;][vc_column_text uncode_shortcode_id=&#8221;167954&#8243;][\/vc_column_text][\/vc_column][\/vc_row][vc_row unlock_row=&#8221;&#8221; row_height_percent=&#8221;0&#8243; overlay_alpha=&#8221;50&#8243; gutter_size=&#8221;3&#8243; column_width_percent=&#8221;100&#8243; shift_y=&#8221;0&#8243; z_index=&#8221;0&#8243; uncode_shortcode_id=&#8221;211729&#8243;][vc_column width=&#8221;1\/2&#8243;][vc_custom_heading heading_semantic=&#8221;div&#8221; text_size=&#8221;fontsize-960166&#8243; text_weight=&#8221;300&#8243; text_transform=&#8221;uppercase&#8221; uncode_shortcode_id=&#8221;111486&#8243;]F\u00fcr eine Zukunft<\/p>\n<p><strong>HELL UND DAUERHAFT<\/strong>[\/vc_custom_heading][vc_column_text uncode_shortcode_id=&#8221;899101&#8243;]Als Lichtplaner und Hersteller von globalen L\u00f6sungen f\u00fcr \u00f6ffentliche Beleuchtung ist die GROUPE RAGNI ein bevorzugter Partner f\u00fcr vernetzte Gebiete und unterst\u00fctzt die Kommunen bei der Energie- und Umweltwende.<\/p>\n<p>1927 gegr\u00fcndet und jetzt <u><a href=\"\/de\/missionsorientiertes-unternehmen\/\" target=\"_blank\" rel=\"noopener\"><strong>ein missions-\/zielorientiertes Unternehmen.<\/strong><\/a><\/u>Die Muttergesellschaft der GROUPE RAGNI, RAGNI, ist ein Familienunternehmen, das in der vierten Generation gef\u00fchrt wird und sich auf den Anschluss an das Stromnetz spezialisiert hat, wobei handwerkliche Kunst mit industrieller Steuerung kombiniert wird.<\/p>\n<p>Seit 2015 hat die Gruppe ihr Fachwissen durch die Integration von <strong><u><a href=\"http:\/\/www.novea-energies.com\/de\" target=\"_blank\" rel=\"noopener\">NOV\u00c9A ENERGIES<\/a><\/u><\/strong>, zun\u00e4chst ein Spezialist f\u00fcr autonome \u00f6ffentliche Beleuchtung, dann von Lichtdesigner\/-planer <u><a href=\"http:\/\/www.sev-e.com\/de\" target=\"_blank\" rel=\"noopener\"><strong>SEV\u24ba.<\/strong><\/a><\/u> 2022, ein missions-\/zielorientiertes Unternehmen, das die Ressourcen von Kommunen durch die Vernetzung ihrer Infrastrukturen optimieren will.<\/p>\n<p>Im Jahr 2023, Der Erwerb der Marken <a href=\"https:\/\/www.hess.eu\/de\/\" target=\"_blank\" rel=\"noopener\"><u><strong>HESS<\/strong><\/u> <\/a>und <u><strong><a href=\"https:\/\/www.vulkan.eu\/en\/\">VULKAN <\/a><\/strong><\/u>die deutschen Pioniere f\u00fcr gestaltete und funktionale \u00f6ffentliche Beleuchtung, hat die europ\u00e4ische Dimension der Gruppe gest\u00e4rkt und ihre industrielle Exzellenz best\u00e4tigt. Im Jahr 2024, <u><strong><a href=\"http:\/\/www.lec.fr\/de\">LEC<\/a><\/strong><\/u>, eine historische Akteurin aus Lyon, die sich auf die Verbesserung der st\u00e4dtischen Aufwertung und Lichtmarkierung spezialisiert hat, in <strong>das <\/strong>Familienunternehmen ein, gefolgt von <u><a href=\"https:\/\/www.eco-innov.com\/en\" target=\"_blank\" rel=\"noopener\"><strong>ECO INNOV<\/strong><\/a><\/u>, Experte f\u00fcr eingebettete energieeffiziente Bolzen, und unterstreicht damit das Engagement der GROUPE RAGNI f\u00fcr ein immer vielf\u00e4ltigeres und innovativeres Angebot.[\/vc_column_text][\/vc_column][vc_column column_width_percent=&#8221;100&#8243; position_vertical=&#8221;middle&#8221; gutter_size=&#8221;3&#8243; overlay_alpha=&#8221;50&#8243; shift_x=&#8221;0&#8243; shift_y=&#8221;0&#8243; shift_y_down=&#8221;0&#8243; z_index=&#8221;0&#8243; medium_width=&#8221;0&#8243; mobile_width=&#8221;0&#8243; width=&#8221;1\/2&#8243; uncode_shortcode_id=&#8221;701863&#8243;][vc_single_image media=&#8221;29183&#8243; media_width_percent=&#8221;100&#8243; alignment=&#8221;center&#8221; uncode_shortcode_id=&#8221;783525&#8243; media_link=&#8221;url:http%3A%2F%2Fwww.groupe-ragni.com|target:_blank&#8221;][vc_row_inner][vc_column_inner column_width_percent=&#8221;100&#8243; align_horizontal=&#8221;align_center&#8221; gutter_size=&#8221;3&#8243; overlay_alpha=&#8221;50&#8243; shift_x=&#8221;0&#8243; shift_y=&#8221;0&#8243; shift_y_down=&#8221;0&#8243; z_index=&#8221;0&#8243; medium_width=&#8221;0&#8243; mobile_width=&#8221;0&#8243; width=&#8221;1\/1&#8243; uncode_shortcode_id=&#8221;185357&#8243;][vc_button border_width=&#8221;0&#8243; link=&#8221;url:https%3A%2F%2Fwww.calameo.com%2Fread%2F0074251098e62f91c027a|target:_blank&#8221; uncode_shortcode_id=&#8221;158145&#8243; width=&#8221;150&#8243;]Sehen Sie sich die institutionelle Brosch\u00fcre an[\/vc_button][\/vc_column_inner][\/vc_row_inner][\/vc_column][\/vc_row][vc_row][vc_column width=&#8221;1\/1&#8243;][vc_single_image media=&#8221;29184&#8243; media_width_percent=&#8221;100&#8243; uncode_shortcode_id=&#8221;113104&#8243;][\/vc_column][\/vc_row][vc_row row_height_percent=&#8221;0&#8243; overlay_alpha=&#8221;50&#8243; gutter_size=&#8221;3&#8243; column_width_percent=&#8221;100&#8243; shift_y=&#8221;0&#8243; z_index=&#8221;0&#8243; uncode_shortcode_id=&#8221;166145&#8243;][vc_column width=&#8221;1\/1&#8243;][vc_column_text uncode_shortcode_id=&#8221;163830&#8243;]Die GROUPE RAGNI stellt Kundenn\u00e4he und industrielle Souver\u00e4nit\u00e4t in den Mittelpunkt ihrer Entwicklungsstrategie und macht die Kundenbetreuung zu einem Unterscheidungsmerkmal. Seine Aufgabe? Erleichterung des Zugangs zu Licht f\u00fcr den Komfort und die Sicherheit der Menschen unter Ber\u00fccksichtigung der Biodiversit\u00e4t f\u00fcr eine leuchtende und nachhaltige Zukunft.<\/p>\n<p>Durch die Internalisierung ihrer Kompetenzen beherrscht die Gruppe die gesamte Wertsch\u00f6pfungskette. Seine Experten entwerfen jedes Projekt mit Pr\u00e4zision und st\u00fctzen sich dabei auf ein innovatives Angebot an Produkten und Dienstleistungen, die haupts\u00e4chlich der intelligenten und vernetzten \u00f6ffentlichen Beleuchtung gewidmet sind, sowie auf Umweltl\u00f6sungen f\u00fcr das Wassermanagement, \u00f6ffentliche Geb\u00e4ude und Mobilit\u00e4t.<\/p>\n<p>Die GROUPE RAGNI ist in mehr als 60 L\u00e4ndern vertreten und verf\u00fcgt \u00fcber ein Netz von fast 30 Vertriebspartnern sowie \u00fcber mehrere Tochtergesellschaften in den USA, Lateinamerika, Gro\u00dfbritannien und Afrika. In Frankreich und in den \u00dcberseegebieten sorgen 15 Verkaufsb\u00fcros f\u00fcr die Reaktionsf\u00e4higkeit des Unternehmens.<\/p>\n<p>Mit fast 100 Jahren Erfahrung ist die GROUPE RAGNI heute ein f\u00fchrendes Unternehmen f\u00fcr \u00f6ffentliche Beleuchtung in Frankreich, das sich durch seine Agilit\u00e4t, seine Kultur der Begleitung, die Qualit\u00e4t seiner Produkte und sein Engagement f\u00fcr die Erhaltung des Lebens auszeichnet.[\/vc_column_text][\/vc_column][\/vc_row][vc_row row_height_percent=&#8221;0&#8243; overlay_alpha=&#8221;50&#8243; gutter_size=&#8221;3&#8243; column_width_percent=&#8221;100&#8243; shift_y=&#8221;0&#8243; z_index=&#8221;0&#8243; uncode_shortcode_id=&#8221;210103&#8243;][vc_column column_width_percent=&#8221;100&#8243; position_vertical=&#8221;middle&#8221; align_horizontal=&#8221;align_center&#8221; gutter_size=&#8221;3&#8243; overlay_alpha=&#8221;50&#8243; shift_x=&#8221;0&#8243; shift_y=&#8221;0&#8243; shift_y_down=&#8221;0&#8243; z_index=&#8221;0&#8243; medium_width=&#8221;0&#8243; mobile_width=&#8221;0&#8243; width=&#8221;1\/1&#8243; uncode_shortcode_id=&#8221;113444&#8243;][vc_button border_width=&#8221;0&#8243; link=&#8221;url:http%3A%2F%2Fwww.groupe-ragni.com%2Fde|target:_blank&#8221; uncode_shortcode_id=&#8221;101969&#8243; width=&#8221;150&#8243;]Weitere Informationen[\/vc_button][\/vc_column][\/vc_row][vc_row unlock_row_content=&#8221;yes&#8221; row_height_percent=&#8221;29&#8243; back_image=&#8221;20649&#8243; overlay_alpha=&#8221;50&#8243; gutter_size=&#8221;3&#8243; column_width_percent=&#8221;100&#8243; shift_y=&#8221;0&#8243; z_index=&#8221;0&#8243; uncode_shortcode_id=&#8221;178330&#8243;][vc_column width=&#8221;1\/1&#8243;][\/vc_column][\/vc_row][vc_row row_height_percent=&#8221;0&#8243; override_padding=&#8221;yes&#8221; h_padding=&#8221;2&#8243; top_padding=&#8221;3&#8243; bottom_padding=&#8221;2&#8243; overlay_alpha=&#8221;50&#8243; gutter_size=&#8221;3&#8243; column_width_percent=&#8221;100&#8243; shift_y=&#8221;0&#8243; z_index=&#8221;0&#8243; uncode_shortcode_id=&#8221;821639&#8243;][vc_column column_width_percent=&#8221;100&#8243; align_horizontal=&#8221;align_center&#8221; gutter_size=&#8221;3&#8243; overlay_alpha=&#8221;50&#8243; shift_x=&#8221;0&#8243; shift_y=&#8221;0&#8243; shift_y_down=&#8221;0&#8243; z_index=&#8221;0&#8243; medium_width=&#8221;0&#8243; mobile_width=&#8221;0&#8243; width=&#8221;1\/1&#8243; uncode_shortcode_id=&#8221;260259&#8243;][vc_column_text uncode_shortcode_id=&#8221;146702&#8243;]SIEHEN SIE AUCH[\/vc_column_text][\/vc_column][\/vc_row][vc_row row_height_percent=&#8221;0&#8243; overlay_alpha=&#8221;50&#8243; gutter_size=&#8221;0&#8243; column_width_percent=&#8221;100&#8243; shift_y=&#8221;0&#8243; z_index=&#8221;0&#8243; uncode_shortcode_id=&#8221;151666&#8243;][vc_column column_width_percent=&#8221;100&#8243; gutter_size=&#8221;2&#8243; overlay_alpha=&#8221;50&#8243; shift_x=&#8221;0&#8243; shift_y=&#8221;0&#8243; shift_y_down=&#8221;0&#8243; z_index=&#8221;0&#8243; medium_width=&#8221;0&#8243; mobile_width=&#8221;0&#8243; width=&#8221;1\/3&#8243; uncode_shortcode_id=&#8221;925196&#8243;][vc_single_image media=&#8221;25927&#8243; media_width_percent=&#8221;100&#8243; media_ratio=&#8221;four-three&#8221; uncode_shortcode_id=&#8221;252814&#8243;][vc_row_inner limit_content=&#8221;&#8221;][vc_column_inner column_width_percent=&#8221;100&#8243; align_horizontal=&#8221;align_center&#8221; gutter_size=&#8221;2&#8243; style=&#8221;dark&#8221; overlay_alpha=&#8221;50&#8243; shift_x=&#8221;0&#8243; shift_y=&#8221;-2&#8243; shift_y_fixed=&#8221;yes&#8221; shift_y_down=&#8221;0&#8243; z_index=&#8221;3&#8243; medium_width=&#8221;0&#8243; mobile_width=&#8221;0&#8243; width=&#8221;1\/1&#8243; uncode_shortcode_id=&#8221;855797&#8243;][vc_button shadow=&#8221;yes&#8221; shadow_weight=&#8221;std&#8221; border_width=&#8221;0&#8243; uncode_shortcode_id=&#8221;185995&#8243; link=&#8221;url:https%3A%2F%2Fwww.ragni.com%2Fde%2Funser-fachwissen%2F|title:Unser%20Fachwissen&#8221;]UNSER FACHWISSEN[\/vc_button][\/vc_column_inner][\/vc_row_inner][vc_empty_space empty_h=&#8221;1&#8243;][\/vc_column][vc_column column_width_percent=&#8221;100&#8243; gutter_size=&#8221;2&#8243; overlay_alpha=&#8221;50&#8243; shift_x=&#8221;0&#8243; shift_y=&#8221;0&#8243; shift_y_down=&#8221;0&#8243; z_index=&#8221;0&#8243; medium_width=&#8221;0&#8243; mobile_width=&#8221;0&#8243; width=&#8221;1\/3&#8243; uncode_shortcode_id=&#8221;723061&#8243;][vc_single_image media=&#8221;25931&#8243; media_width_percent=&#8221;100&#8243; media_ratio=&#8221;four-three&#8221; uncode_shortcode_id=&#8221;154536&#8243;][vc_row_inner limit_content=&#8221;&#8221;][vc_column_inner column_width_percent=&#8221;100&#8243; align_horizontal=&#8221;align_center&#8221; gutter_size=&#8221;2&#8243; style=&#8221;dark&#8221; overlay_alpha=&#8221;50&#8243; shift_x=&#8221;0&#8243; shift_y=&#8221;-2&#8243; shift_y_fixed=&#8221;yes&#8221; shift_y_down=&#8221;0&#8243; z_index=&#8221;3&#8243; medium_width=&#8221;0&#8243; mobile_width=&#8221;0&#8243; width=&#8221;1\/1&#8243; uncode_shortcode_id=&#8221;855797&#8243;][vc_button shadow=&#8221;yes&#8221; shadow_weight=&#8221;std&#8221; border_width=&#8221;0&#8243; uncode_shortcode_id=&#8221;886429&#8243; link=&#8221;url:https%3A%2F%2Fwww.ragni.com%2Fde%2Feine-familie%2F|title:Eine%20Familie&#8221;]EINE FAMILIE[\/vc_button][\/vc_column_inner][\/vc_row_inner][vc_empty_space empty_h=&#8221;1&#8243;][\/vc_column][vc_column column_width_percent=&#8221;100&#8243; gutter_size=&#8221;2&#8243; overlay_alpha=&#8221;50&#8243; shift_x=&#8221;0&#8243; shift_y=&#8221;0&#8243; shift_y_down=&#8221;0&#8243; z_index=&#8221;0&#8243; medium_width=&#8221;0&#8243; mobile_width=&#8221;0&#8243; width=&#8221;1\/3&#8243; uncode_shortcode_id=&#8221;236611&#8243;][vc_single_image media=&#8221;29425&#8243; media_width_percent=&#8221;100&#8243; media_ratio=&#8221;four-three&#8221; uncode_shortcode_id=&#8221;104342&#8243; media_link=&#8221;url:https%3A%2F%2Fwww.ragni.com%2Fsociete-a-mission%2F|title:Soci%C3%A9t%C3%A9%20%C3%A0%20mission&#8221;][vc_row_inner limit_content=&#8221;&#8221;][vc_column_inner column_width_percent=&#8221;100&#8243; align_horizontal=&#8221;align_center&#8221; gutter_size=&#8221;2&#8243; style=&#8221;dark&#8221; overlay_alpha=&#8221;50&#8243; shift_x=&#8221;0&#8243; shift_y=&#8221;-2&#8243; shift_y_fixed=&#8221;yes&#8221; shift_y_down=&#8221;0&#8243; z_index=&#8221;3&#8243; medium_width=&#8221;0&#8243; mobile_width=&#8221;0&#8243; width=&#8221;1\/1&#8243; uncode_shortcode_id=&#8221;855797&#8243;][vc_button shadow=&#8221;yes&#8221; shadow_weight=&#8221;std&#8221; border_width=&#8221;0&#8243; uncode_shortcode_id=&#8221;106927&#8243; link=&#8221;url:https%3A%2F%2Fwww.ragni.com%2Fde%2Fmissionsorientiertes-unternehmen%2F|title:Missionsorientiertes%20Unternehmen&#8221;]MISSIONSORIENTIERTES UNTERNEHMEN[\/vc_button][\/vc_column_inner][\/vc_row_inner][vc_empty_space empty_h=&#8221;1&#8243;][\/vc_column][\/vc_row]<\/p>\n<\/div>","protected":false},"excerpt":{"rendered":"<p>[vc_row][vc_column width=&#8221;1\/1&#8243;][vc_column_text uncode_shortcode_id=&#8221;167954&#8243;][\/vc_column_text][\/vc_column][\/vc_row][vc_row unlock_row=&#8221;&#8221; row_height_percent=&#8221;0&#8243; overlay_alpha=&#8221;50&#8243; gutter_size=&#8221;3&#8243; column_width_percent=&#8221;100&#8243; shift_y=&#8221;0&#8243; z_index=&#8221;0&#8243; uncode_shortcode_id=&#8221;211729&#8243;][vc_column width=&#8221;1\/2&#8243;][vc_custom_heading heading_semantic=&#8221;div&#8221; text_size=&#8221;fontsize-960166&#8243; text_weight=&#8221;300&#8243; text_transform=&#8221;uppercase&#8221; uncode_shortcode_id=&#8221;111486&#8243;]F\u00fcr eine Zukunft HELL [&hellip;]<\/p>\n","protected":false},"author":1,"featured_media":28807,"parent":0,"menu_order":0,"comment_status":"closed","ping_status":"closed","template":"","meta":{"footnotes":""},"class_list":["post-24685","page","type-page","status-publish","has-post-thumbnail","hentry","page_category-karussell-startseite"],"yoast_head":"<!-- This site is optimized with the Yoast SEO plugin v24.0 - https:\/\/yoast.com\/wordpress\/plugins\/seo\/ -->\n<title>Entdecken Sie die RAGNI GRUPPE<\/title>\n<meta name=\"description\" content=\"Als Lichtplaner und Hersteller von Gesamtl\u00f6sungen f\u00fcr die \u00f6ffentliche Beleuchtung ist die GROUPE RAGNI ein bevorzugter Partner f\u00fcr Gebiete und K\u00f6rperschaften.\" \/>\n<meta name=\"robots\" content=\"index, follow, max-snippet:-1, max-image-preview:large, max-video-preview:-1\" \/>\n<link rel=\"canonical\" href=\"https:\/\/www.ragni.com\/de\/die-ragni-gruppe\/\" \/>\n<meta property=\"og:locale\" content=\"de_DE\" \/>\n<meta property=\"og:type\" content=\"article\" \/>\n<meta property=\"og:title\" content=\"Entdecken Sie die RAGNI GRUPPE\" \/>\n<meta property=\"og:description\" content=\"Als Lichtplaner und Hersteller von Gesamtl\u00f6sungen f\u00fcr die \u00f6ffentliche Beleuchtung ist die GROUPE RAGNI ein bevorzugter Partner f\u00fcr Gebiete und K\u00f6rperschaften.\" \/>\n<meta property=\"og:url\" content=\"https:\/\/www.ragni.com\/de\/die-ragni-gruppe\/\" \/>\n<meta property=\"og:site_name\" content=\"RAGNI\" \/>\n<meta property=\"article:publisher\" content=\"https:\/\/www.facebook.com\/Ragni.SAS\" \/>\n<meta property=\"article:modified_time\" content=\"2026-03-12T14:55:32+00:00\" \/>\n<meta property=\"og:image\" content=\"https:\/\/www.ragni.com\/wp-content\/uploads\/2024\/02\/Benin-scaled.jpg\" \/>\n\t<meta property=\"og:image:width\" content=\"2560\" \/>\n\t<meta property=\"og:image:height\" content=\"1440\" \/>\n\t<meta property=\"og:image:type\" content=\"image\/jpeg\" \/>\n<meta name=\"twitter:card\" content=\"summary_large_image\" \/>\n<meta name=\"twitter:site\" content=\"@RAGNI_SAS\" \/>\n<meta name=\"twitter:label1\" content=\"Est. reading time\" \/>\n\t<meta name=\"twitter:data1\" content=\"4 minutes\" \/>\n<script type=\"application\/ld+json\" class=\"yoast-schema-graph\">{\"@context\":\"https:\/\/schema.org\",\"@graph\":[{\"@type\":\"WebPage\",\"@id\":\"https:\/\/www.ragni.com\/de\/die-ragni-gruppe\/\",\"url\":\"https:\/\/www.ragni.com\/de\/die-ragni-gruppe\/\",\"name\":\"Entdecken Sie die RAGNI GRUPPE\",\"isPartOf\":{\"@id\":\"https:\/\/www.ragni.com\/de\/#website\"},\"primaryImageOfPage\":{\"@id\":\"https:\/\/www.ragni.com\/de\/die-ragni-gruppe\/#primaryimage\"},\"image\":{\"@id\":\"https:\/\/www.ragni.com\/de\/die-ragni-gruppe\/#primaryimage\"},\"thumbnailUrl\":\"https:\/\/www.ragni.com\/wp-content\/uploads\/2024\/02\/Benin-scaled.jpg\",\"datePublished\":\"2022-08-12T14:06:07+00:00\",\"dateModified\":\"2026-03-12T14:55:32+00:00\",\"description\":\"Als Lichtplaner und Hersteller von Gesamtl\u00f6sungen f\u00fcr die \u00f6ffentliche Beleuchtung ist die GROUPE RAGNI ein bevorzugter Partner f\u00fcr Gebiete und K\u00f6rperschaften.\",\"breadcrumb\":{\"@id\":\"https:\/\/www.ragni.com\/de\/die-ragni-gruppe\/#breadcrumb\"},\"inLanguage\":\"de-DE\",\"potentialAction\":[{\"@type\":\"ReadAction\",\"target\":[\"https:\/\/www.ragni.com\/de\/die-ragni-gruppe\/\"]}]},{\"@type\":\"ImageObject\",\"inLanguage\":\"de-DE\",\"@id\":\"https:\/\/www.ragni.com\/de\/die-ragni-gruppe\/#primaryimage\",\"url\":\"https:\/\/www.ragni.com\/wp-content\/uploads\/2024\/02\/Benin-scaled.jpg\",\"contentUrl\":\"https:\/\/www.ragni.com\/wp-content\/uploads\/2024\/02\/Benin-scaled.jpg\",\"width\":2560,\"height\":1440,\"caption\":\"default\"},{\"@type\":\"BreadcrumbList\",\"@id\":\"https:\/\/www.ragni.com\/de\/die-ragni-gruppe\/#breadcrumb\",\"itemListElement\":[{\"@type\":\"ListItem\",\"position\":1,\"name\":\"Accueil\",\"item\":\"https:\/\/www.ragni.com\/de\/\"},{\"@type\":\"ListItem\",\"position\":2,\"name\":\"DIE GROUPE RAGNI\"}]},{\"@type\":\"WebSite\",\"@id\":\"https:\/\/www.ragni.com\/de\/#website\",\"url\":\"https:\/\/www.ragni.com\/de\/\",\"name\":\"RAGNI\",\"description\":\"La lumi\u00e8re \u00e0 votre image\",\"publisher\":{\"@id\":\"https:\/\/www.ragni.com\/de\/#organization\"},\"potentialAction\":[{\"@type\":\"SearchAction\",\"target\":{\"@type\":\"EntryPoint\",\"urlTemplate\":\"https:\/\/www.ragni.com\/de\/?s={search_term_string}\"},\"query-input\":{\"@type\":\"PropertyValueSpecification\",\"valueRequired\":true,\"valueName\":\"search_term_string\"}}],\"inLanguage\":\"de-DE\"},{\"@type\":\"Organization\",\"@id\":\"https:\/\/www.ragni.com\/de\/#organization\",\"name\":\"RAGNI\",\"url\":\"https:\/\/www.ragni.com\/de\/\",\"logo\":{\"@type\":\"ImageObject\",\"inLanguage\":\"de-DE\",\"@id\":\"https:\/\/www.ragni.com\/de\/#\/schema\/logo\/image\/\",\"url\":\"https:\/\/www.ragni.com\/wp-content\/uploads\/2022\/06\/Groupe-11.png\",\"contentUrl\":\"https:\/\/www.ragni.com\/wp-content\/uploads\/2022\/06\/Groupe-11.png\",\"width\":117,\"height\":40,\"caption\":\"RAGNI\"},\"image\":{\"@id\":\"https:\/\/www.ragni.com\/de\/#\/schema\/logo\/image\/\"},\"sameAs\":[\"https:\/\/www.facebook.com\/Ragni.SAS\",\"https:\/\/x.com\/RAGNI_SAS\",\"https:\/\/www.youtube.com\/channel\/UCg3LCUI39GyNBcrdS9QV9LA\",\"https:\/\/www.linkedin.com\/company\/ragni\"]}]}<\/script>\n<!-- \/ Yoast SEO plugin. -->","yoast_head_json":{"title":"Entdecken Sie die RAGNI GRUPPE","description":"Als Lichtplaner und Hersteller von Gesamtl\u00f6sungen f\u00fcr die \u00f6ffentliche Beleuchtung ist die GROUPE RAGNI ein bevorzugter Partner f\u00fcr Gebiete und K\u00f6rperschaften.","robots":{"index":"index","follow":"follow","max-snippet":"max-snippet:-1","max-image-preview":"max-image-preview:large","max-video-preview":"max-video-preview:-1"},"canonical":"https:\/\/www.ragni.com\/de\/die-ragni-gruppe\/","og_locale":"de_DE","og_type":"article","og_title":"Entdecken Sie die RAGNI GRUPPE","og_description":"Als Lichtplaner und Hersteller von Gesamtl\u00f6sungen f\u00fcr die \u00f6ffentliche Beleuchtung ist die GROUPE RAGNI ein bevorzugter Partner f\u00fcr Gebiete und K\u00f6rperschaften.","og_url":"https:\/\/www.ragni.com\/de\/die-ragni-gruppe\/","og_site_name":"RAGNI","article_publisher":"https:\/\/www.facebook.com\/Ragni.SAS","article_modified_time":"2026-03-12T14:55:32+00:00","og_image":[{"width":2560,"height":1440,"url":"https:\/\/www.ragni.com\/wp-content\/uploads\/2024\/02\/Benin-scaled.jpg","type":"image\/jpeg"}],"twitter_card":"summary_large_image","twitter_site":"@RAGNI_SAS","twitter_misc":{"Est. reading time":"4 minutes"},"schema":{"@context":"https:\/\/schema.org","@graph":[{"@type":"WebPage","@id":"https:\/\/www.ragni.com\/de\/die-ragni-gruppe\/","url":"https:\/\/www.ragni.com\/de\/die-ragni-gruppe\/","name":"Entdecken Sie die RAGNI GRUPPE","isPartOf":{"@id":"https:\/\/www.ragni.com\/de\/#website"},"primaryImageOfPage":{"@id":"https:\/\/www.ragni.com\/de\/die-ragni-gruppe\/#primaryimage"},"image":{"@id":"https:\/\/www.ragni.com\/de\/die-ragni-gruppe\/#primaryimage"},"thumbnailUrl":"https:\/\/www.ragni.com\/wp-content\/uploads\/2024\/02\/Benin-scaled.jpg","datePublished":"2022-08-12T14:06:07+00:00","dateModified":"2026-03-12T14:55:32+00:00","description":"Als Lichtplaner und Hersteller von Gesamtl\u00f6sungen f\u00fcr die \u00f6ffentliche Beleuchtung ist die GROUPE RAGNI ein bevorzugter Partner f\u00fcr Gebiete und K\u00f6rperschaften.","breadcrumb":{"@id":"https:\/\/www.ragni.com\/de\/die-ragni-gruppe\/#breadcrumb"},"inLanguage":"de-DE","potentialAction":[{"@type":"ReadAction","target":["https:\/\/www.ragni.com\/de\/die-ragni-gruppe\/"]}]},{"@type":"ImageObject","inLanguage":"de-DE","@id":"https:\/\/www.ragni.com\/de\/die-ragni-gruppe\/#primaryimage","url":"https:\/\/www.ragni.com\/wp-content\/uploads\/2024\/02\/Benin-scaled.jpg","contentUrl":"https:\/\/www.ragni.com\/wp-content\/uploads\/2024\/02\/Benin-scaled.jpg","width":2560,"height":1440,"caption":"default"},{"@type":"BreadcrumbList","@id":"https:\/\/www.ragni.com\/de\/die-ragni-gruppe\/#breadcrumb","itemListElement":[{"@type":"ListItem","position":1,"name":"Accueil","item":"https:\/\/www.ragni.com\/de\/"},{"@type":"ListItem","position":2,"name":"DIE GROUPE RAGNI"}]},{"@type":"WebSite","@id":"https:\/\/www.ragni.com\/de\/#website","url":"https:\/\/www.ragni.com\/de\/","name":"RAGNI","description":"La lumi\u00e8re \u00e0 votre image","publisher":{"@id":"https:\/\/www.ragni.com\/de\/#organization"},"potentialAction":[{"@type":"SearchAction","target":{"@type":"EntryPoint","urlTemplate":"https:\/\/www.ragni.com\/de\/?s={search_term_string}"},"query-input":{"@type":"PropertyValueSpecification","valueRequired":true,"valueName":"search_term_string"}}],"inLanguage":"de-DE"},{"@type":"Organization","@id":"https:\/\/www.ragni.com\/de\/#organization","name":"RAGNI","url":"https:\/\/www.ragni.com\/de\/","logo":{"@type":"ImageObject","inLanguage":"de-DE","@id":"https:\/\/www.ragni.com\/de\/#\/schema\/logo\/image\/","url":"https:\/\/www.ragni.com\/wp-content\/uploads\/2022\/06\/Groupe-11.png","contentUrl":"https:\/\/www.ragni.com\/wp-content\/uploads\/2022\/06\/Groupe-11.png","width":117,"height":40,"caption":"RAGNI"},"image":{"@id":"https:\/\/www.ragni.com\/de\/#\/schema\/logo\/image\/"},"sameAs":["https:\/\/www.facebook.com\/Ragni.SAS","https:\/\/x.com\/RAGNI_SAS","https:\/\/www.youtube.com\/channel\/UCg3LCUI39GyNBcrdS9QV9LA","https:\/\/www.linkedin.com\/company\/ragni"]}]}},"_links":{"self":[{"href":"https:\/\/www.ragni.com\/de\/wp-json\/wp\/v2\/pages\/24685","targetHints":{"allow":["GET"]}}],"collection":[{"href":"https:\/\/www.ragni.com\/de\/wp-json\/wp\/v2\/pages"}],"about":[{"href":"https:\/\/www.ragni.com\/de\/wp-json\/wp\/v2\/types\/page"}],"author":[{"embeddable":true,"href":"https:\/\/www.ragni.com\/de\/wp-json\/wp\/v2\/users\/1"}],"replies":[{"embeddable":true,"href":"https:\/\/www.ragni.com\/de\/wp-json\/wp\/v2\/comments?post=24685"}],"version-history":[{"count":18,"href":"https:\/\/www.ragni.com\/de\/wp-json\/wp\/v2\/pages\/24685\/revisions"}],"predecessor-version":[{"id":29491,"href":"https:\/\/www.ragni.com\/de\/wp-json\/wp\/v2\/pages\/24685\/revisions\/29491"}],"wp:featuredmedia":[{"embeddable":true,"href":"https:\/\/www.ragni.com\/de\/wp-json\/wp\/v2\/media\/28807"}],"wp:attachment":[{"href":"https:\/\/www.ragni.com\/de\/wp-json\/wp\/v2\/media?parent=24685"}],"curies":[{"name":"wp","href":"https:\/\/api.w.org\/{rel}","templated":true}]}}