{"id":24692,"date":"2022-08-16T14:34:36","date_gmt":"2022-08-16T13:34:36","guid":{"rendered":"https:\/\/www.ragni.com\/halterungen-zubehoer\/"},"modified":"2026-02-25T16:32:14","modified_gmt":"2026-02-25T15:32:14","slug":"halterungen-zubehoer","status":"publish","type":"page","link":"https:\/\/www.ragni.com\/de\/halterungen-zubehoer\/","title":{"rendered":"Halterungen &amp; Zubeh\u00f6r"},"content":{"rendered":"<div class=\"wpb-content-wrapper\"><p>[vc_row][vc_column width=&#8221;1\/1&#8243;][vc_column_text uncode_shortcode_id=&#8221;167954&#8243;][\/vc_column_text][\/vc_column][\/vc_row][vc_row unlock_row_content=&#8221;yes&#8221; row_height_percent=&#8221;0&#8243; override_padding=&#8221;yes&#8221; h_padding=&#8221;0&#8243; top_padding=&#8221;0&#8243; bottom_padding=&#8221;2&#8243; overlay_alpha=&#8221;50&#8243; gutter_size=&#8221;3&#8243; column_width_percent=&#8221;100&#8243; shift_y=&#8221;0&#8243; z_index=&#8221;0&#8243; uncode_shortcode_id=&#8221;166205&#8243;][vc_column column_width_percent=&#8221;100&#8243; align_horizontal=&#8221;align_center&#8221; gutter_size=&#8221;3&#8243; overlay_alpha=&#8221;50&#8243; shift_x=&#8221;0&#8243; shift_y=&#8221;0&#8243; shift_y_down=&#8221;0&#8243; z_index=&#8221;0&#8243; medium_width=&#8221;0&#8243; mobile_width=&#8221;0&#8243; width=&#8221;1\/1&#8243; uncode_shortcode_id=&#8221;191054&#8243;][vc_empty_space empty_h=&#8221;2&#8243; desktop_visibility=&#8221;yes&#8221; medium_visibility=&#8221;yes&#8221;][vc_tabs width_100=&#8221;yes&#8221; border_100=&#8221;yes&#8221;][vc_tab gutter_size=&#8221;2&#8243; column_padding=&#8221;2&#8243; title=&#8221;Ausleger&#8221; tab_id=&#8221;1662628833-1-33&#8243;][vc_empty_space empty_h=&#8221;3&#8243;][vc_row_inner][vc_column_inner column_width_use_pixel=&#8221;yes&#8221; gutter_size=&#8221;3&#8243; style=&#8221;dark&#8221; overlay_alpha=&#8221;50&#8243; shift_x=&#8221;0&#8243; shift_y=&#8221;0&#8243; shift_y_down=&#8221;0&#8243; z_index=&#8221;0&#8243; medium_width=&#8221;0&#8243; mobile_width=&#8221;0&#8243; width=&#8221;1\/1&#8243; uncode_shortcode_id=&#8221;156559&#8243; column_width_pixel=&#8221;1200&#8243;][vc_gallery el_id=&#8221;gallery-665505&#8243; medias=&#8221;2111,2112,2101,2102,2103,2113,2114,2115,2116,2117,2104,2118,2119,2105,2120,2121,2122,2123,22284,2106,20668,2124,2125,2126,2127,2107,2108,2128,2129,2130,2131,2132,2133,2109,2100,2110,20748&#8243; filtering=&#8221;yes&#8221; filter_back_color=&#8221;color-lxmt&#8221; filtering_position=&#8221;center&#8221; filtering_uppercase=&#8221;yes&#8221; filter_sticky=&#8221;yes&#8221; gutter_size=&#8221;3&#8243; media_items=&#8221;media|nolink|original,title,description&#8221; screen_lg=&#8221;1000&#8243; screen_md=&#8221;600&#8243; screen_sm=&#8221;100&#8243; single_text=&#8221;under&#8221; images_size=&#8221;one-one&#8221; single_overlay_opacity=&#8221;1&#8243; single_h_align=&#8221;center&#8221; single_padding=&#8221;3&#8243; single_border=&#8221;yes&#8221; single_css_animation=&#8221;zoom-in&#8221; uncode_shortcode_id=&#8221;171734&#8243; single_link=&#8221;target:_blank&#8221; filter_back_color_type=&#8221;uncode-palette&#8221;][\/vc_column_inner][\/vc_row_inner][\/vc_tab][vc_tab gutter_size=&#8221;2&#8243; column_padding=&#8221;2&#8243; title=&#8221;Mast&#8221; tab_id=&#8221;1662628833-2-36&#8243;][vc_empty_space empty_h=&#8221;3&#8243;][vc_row_inner][vc_column_inner column_width_use_pixel=&#8221;yes&#8221; gutter_size=&#8221;3&#8243; overlay_alpha=&#8221;50&#8243; shift_x=&#8221;0&#8243; shift_y=&#8221;0&#8243; shift_y_down=&#8221;0&#8243; z_index=&#8221;0&#8243; medium_width=&#8221;0&#8243; mobile_width=&#8221;0&#8243; width=&#8221;1\/1&#8243; uncode_shortcode_id=&#8221;139147&#8243; column_width_pixel=&#8221;1200&#8243;][vc_gallery el_id=&#8221;gallery-665987&#8243; medias=&#8221;2585,2586,2587,11771,11773,11775,11777,2588,2589,2581,11779,11781,11783,11785,11787,11789,11765,11767,11769,11758,2582,11760,2583,11753,2584,11744,11688&#8243; filtering=&#8221;yes&#8221; filter_back_color=&#8221;color-lxmt&#8221; filtering_position=&#8221;center&#8221; filtering_uppercase=&#8221;yes&#8221; filter_sticky=&#8221;yes&#8221; gutter_size=&#8221;3&#8243; media_items=&#8221;media|nolink|original,title,description&#8221; screen_lg=&#8221;1000&#8243; screen_md=&#8221;600&#8243; screen_sm=&#8221;100&#8243; single_text=&#8221;under&#8221; images_size=&#8221;one-one&#8221; single_overlay_opacity=&#8221;1&#8243; single_h_align=&#8221;center&#8221; single_padding=&#8221;3&#8243; single_title_transform=&#8221;uppercase&#8221; single_border=&#8221;yes&#8221; single_css_animation=&#8221;zoom-in&#8221; uncode_shortcode_id=&#8221;755042&#8243; single_link=&#8221;target:_blank&#8221; filter_back_color_type=&#8221;uncode-palette&#8221;][\/vc_column_inner][\/vc_row_inner][\/vc_tab][vc_tab gutter_size=&#8221;2&#8243; column_padding=&#8221;2&#8243; title=&#8221;Zubeh\u00f6r&#8221; tab_id=&#8221;1662630545656-2-5&#8243; slug=&#8221;123&#8243;][vc_empty_space empty_h=&#8221;3&#8243;][vc_row_inner][vc_column_inner column_width_use_pixel=&#8221;yes&#8221; gutter_size=&#8221;3&#8243; overlay_alpha=&#8221;50&#8243; shift_x=&#8221;0&#8243; shift_y=&#8221;0&#8243; shift_y_down=&#8221;0&#8243; z_index=&#8221;0&#8243; medium_width=&#8221;0&#8243; mobile_width=&#8221;0&#8243; width=&#8221;1\/1&#8243; uncode_shortcode_id=&#8221;139147&#8243; column_width_pixel=&#8221;1200&#8243;][vc_gallery el_id=&#8221;gallery-665987&#8243; medias=&#8221;3010,3011,3187,3186,3009,3031,3189,24460,11657,14847,20808&#8243; filtering=&#8221;yes&#8221; filter_back_color=&#8221;color-lxmt&#8221; filtering_position=&#8221;center&#8221; filtering_uppercase=&#8221;yes&#8221; filter_sticky=&#8221;yes&#8221; gutter_size=&#8221;3&#8243; media_items=&#8221;media|nolink|original,title,description&#8221; screen_lg=&#8221;1000&#8243; screen_md=&#8221;600&#8243; screen_sm=&#8221;100&#8243; single_text=&#8221;under&#8221; images_size=&#8221;one-one&#8221; single_overlay_opacity=&#8221;1&#8243; single_h_align=&#8221;center&#8221; single_padding=&#8221;3&#8243; single_title_transform=&#8221;uppercase&#8221; single_border=&#8221;yes&#8221; single_css_animation=&#8221;zoom-in&#8221; uncode_shortcode_id=&#8221;115920&#8243; single_link=&#8221;target:_blank&#8221; filter_back_color_type=&#8221;uncode-palette&#8221;][\/vc_column_inner][\/vc_row_inner][\/vc_tab][\/vc_tabs][\/vc_column][\/vc_row]<\/p>\n<\/div>","protected":false},"excerpt":{"rendered":"<p>[vc_row][vc_column width=&#8221;1\/1&#8243;][vc_column_text uncode_shortcode_id=&#8221;167954&#8243;][\/vc_column_text][\/vc_column][\/vc_row][vc_row unlock_row_content=&#8221;yes&#8221; row_height_percent=&#8221;0&#8243; override_padding=&#8221;yes&#8221; h_padding=&#8221;0&#8243; top_padding=&#8221;0&#8243; bottom_padding=&#8221;2&#8243; overlay_alpha=&#8221;50&#8243; gutter_size=&#8221;3&#8243; column_width_percent=&#8221;100&#8243; shift_y=&#8221;0&#8243; z_index=&#8221;0&#8243; uncode_shortcode_id=&#8221;166205&#8243;][vc_column column_width_percent=&#8221;100&#8243; align_horizontal=&#8221;align_center&#8221; gutter_size=&#8221;3&#8243; overlay_alpha=&#8221;50&#8243; shift_x=&#8221;0&#8243; [&hellip;]<\/p>\n","protected":false},"author":1,"featured_media":4535,"parent":0,"menu_order":0,"comment_status":"closed","ping_status":"closed","template":"","meta":{"footnotes":""},"class_list":["post-24692","page","type-page","status-publish","has-post-thumbnail","hentry","page_category-unsere-produkte"],"yoast_head":"<!-- This site is optimized with the Yoast SEO plugin v24.0 - https:\/\/yoast.com\/wordpress\/plugins\/seo\/ -->\n<title>Halterungen &amp; Zubeh\u00f6r - RAGNI<\/title>\n<meta name=\"description\" content=\"Sehen Sie sich unser Angebot an Ragni Halterungen und Zubeh\u00f6r an. Eine gro\u00dfe Auswahl, die es Ihnen erm\u00f6glicht, die Gruppe Ihrer Projekte anzupassen.\" \/>\n<meta name=\"robots\" content=\"index, follow, max-snippet:-1, max-image-preview:large, max-video-preview:-1\" \/>\n<link rel=\"canonical\" href=\"https:\/\/www.ragni.com\/de\/halterungen-zubehoer\/\" \/>\n<meta property=\"og:locale\" content=\"de_DE\" \/>\n<meta property=\"og:type\" content=\"article\" \/>\n<meta property=\"og:title\" content=\"Halterungen &amp; Zubeh\u00f6r - RAGNI\" \/>\n<meta property=\"og:description\" content=\"Sehen Sie sich unser Angebot an Ragni Halterungen und Zubeh\u00f6r an. Eine gro\u00dfe Auswahl, die es Ihnen erm\u00f6glicht, die Gruppe Ihrer Projekte anzupassen.\" \/>\n<meta property=\"og:url\" content=\"https:\/\/www.ragni.com\/de\/halterungen-zubehoer\/\" \/>\n<meta property=\"og:site_name\" content=\"RAGNI\" \/>\n<meta property=\"article:publisher\" content=\"https:\/\/www.facebook.com\/Ragni.SAS\" \/>\n<meta property=\"article:modified_time\" content=\"2026-02-25T15:32:14+00:00\" \/>\n<meta property=\"og:image\" content=\"https:\/\/www.ragni.com\/wp-content\/uploads\/2022\/11\/Support_accessoires.png\" \/>\n\t<meta property=\"og:image:width\" content=\"800\" \/>\n\t<meta property=\"og:image:height\" content=\"800\" \/>\n\t<meta property=\"og:image:type\" content=\"image\/png\" \/>\n<meta name=\"twitter:card\" content=\"summary_large_image\" \/>\n<meta name=\"twitter:site\" content=\"@RAGNI_SAS\" \/>\n<meta name=\"twitter:label1\" content=\"Est. reading time\" \/>\n\t<meta name=\"twitter:data1\" content=\"3 minutes\" \/>\n<script type=\"application\/ld+json\" class=\"yoast-schema-graph\">{\"@context\":\"https:\/\/schema.org\",\"@graph\":[{\"@type\":\"WebPage\",\"@id\":\"https:\/\/www.ragni.com\/de\/halterungen-zubehoer\/\",\"url\":\"https:\/\/www.ragni.com\/de\/halterungen-zubehoer\/\",\"name\":\"Halterungen &amp; Zubeh\u00f6r - RAGNI\",\"isPartOf\":{\"@id\":\"https:\/\/www.ragni.com\/de\/#website\"},\"primaryImageOfPage\":{\"@id\":\"https:\/\/www.ragni.com\/de\/halterungen-zubehoer\/#primaryimage\"},\"image\":{\"@id\":\"https:\/\/www.ragni.com\/de\/halterungen-zubehoer\/#primaryimage\"},\"thumbnailUrl\":\"https:\/\/www.ragni.com\/wp-content\/uploads\/2022\/11\/Support_accessoires.png\",\"datePublished\":\"2022-08-16T13:34:36+00:00\",\"dateModified\":\"2026-02-25T15:32:14+00:00\",\"description\":\"Sehen Sie sich unser Angebot an Ragni Halterungen und Zubeh\u00f6r an. Eine gro\u00dfe Auswahl, die es Ihnen erm\u00f6glicht, die Gruppe Ihrer Projekte anzupassen.\",\"breadcrumb\":{\"@id\":\"https:\/\/www.ragni.com\/de\/halterungen-zubehoer\/#breadcrumb\"},\"inLanguage\":\"de-DE\",\"potentialAction\":[{\"@type\":\"ReadAction\",\"target\":[\"https:\/\/www.ragni.com\/de\/halterungen-zubehoer\/\"]}]},{\"@type\":\"ImageObject\",\"inLanguage\":\"de-DE\",\"@id\":\"https:\/\/www.ragni.com\/de\/halterungen-zubehoer\/#primaryimage\",\"url\":\"https:\/\/www.ragni.com\/wp-content\/uploads\/2022\/11\/Support_accessoires.png\",\"contentUrl\":\"https:\/\/www.ragni.com\/wp-content\/uploads\/2022\/11\/Support_accessoires.png\",\"width\":800,\"height\":800},{\"@type\":\"BreadcrumbList\",\"@id\":\"https:\/\/www.ragni.com\/de\/halterungen-zubehoer\/#breadcrumb\",\"itemListElement\":[{\"@type\":\"ListItem\",\"position\":1,\"name\":\"Accueil\",\"item\":\"https:\/\/www.ragni.com\/de\/\"},{\"@type\":\"ListItem\",\"position\":2,\"name\":\"Halterungen &amp; Zubeh\u00f6r\"}]},{\"@type\":\"WebSite\",\"@id\":\"https:\/\/www.ragni.com\/de\/#website\",\"url\":\"https:\/\/www.ragni.com\/de\/\",\"name\":\"RAGNI\",\"description\":\"La lumi\u00e8re \u00e0 votre image\",\"publisher\":{\"@id\":\"https:\/\/www.ragni.com\/de\/#organization\"},\"potentialAction\":[{\"@type\":\"SearchAction\",\"target\":{\"@type\":\"EntryPoint\",\"urlTemplate\":\"https:\/\/www.ragni.com\/de\/?s={search_term_string}\"},\"query-input\":{\"@type\":\"PropertyValueSpecification\",\"valueRequired\":true,\"valueName\":\"search_term_string\"}}],\"inLanguage\":\"de-DE\"},{\"@type\":\"Organization\",\"@id\":\"https:\/\/www.ragni.com\/de\/#organization\",\"name\":\"RAGNI\",\"url\":\"https:\/\/www.ragni.com\/de\/\",\"logo\":{\"@type\":\"ImageObject\",\"inLanguage\":\"de-DE\",\"@id\":\"https:\/\/www.ragni.com\/de\/#\/schema\/logo\/image\/\",\"url\":\"https:\/\/www.ragni.com\/wp-content\/uploads\/2022\/06\/Groupe-11.png\",\"contentUrl\":\"https:\/\/www.ragni.com\/wp-content\/uploads\/2022\/06\/Groupe-11.png\",\"width\":117,\"height\":40,\"caption\":\"RAGNI\"},\"image\":{\"@id\":\"https:\/\/www.ragni.com\/de\/#\/schema\/logo\/image\/\"},\"sameAs\":[\"https:\/\/www.facebook.com\/Ragni.SAS\",\"https:\/\/x.com\/RAGNI_SAS\",\"https:\/\/www.youtube.com\/channel\/UCg3LCUI39GyNBcrdS9QV9LA\",\"https:\/\/www.linkedin.com\/company\/ragni\"]}]}<\/script>\n<!-- \/ Yoast SEO plugin. -->","yoast_head_json":{"title":"Halterungen &amp; Zubeh\u00f6r - RAGNI","description":"Sehen Sie sich unser Angebot an Ragni Halterungen und Zubeh\u00f6r an. Eine gro\u00dfe Auswahl, die es Ihnen erm\u00f6glicht, die Gruppe Ihrer Projekte anzupassen.","robots":{"index":"index","follow":"follow","max-snippet":"max-snippet:-1","max-image-preview":"max-image-preview:large","max-video-preview":"max-video-preview:-1"},"canonical":"https:\/\/www.ragni.com\/de\/halterungen-zubehoer\/","og_locale":"de_DE","og_type":"article","og_title":"Halterungen &amp; Zubeh\u00f6r - RAGNI","og_description":"Sehen Sie sich unser Angebot an Ragni Halterungen und Zubeh\u00f6r an. Eine gro\u00dfe Auswahl, die es Ihnen erm\u00f6glicht, die Gruppe Ihrer Projekte anzupassen.","og_url":"https:\/\/www.ragni.com\/de\/halterungen-zubehoer\/","og_site_name":"RAGNI","article_publisher":"https:\/\/www.facebook.com\/Ragni.SAS","article_modified_time":"2026-02-25T15:32:14+00:00","og_image":[{"width":800,"height":800,"url":"https:\/\/www.ragni.com\/wp-content\/uploads\/2022\/11\/Support_accessoires.png","type":"image\/png"}],"twitter_card":"summary_large_image","twitter_site":"@RAGNI_SAS","twitter_misc":{"Est. reading time":"3 minutes"},"schema":{"@context":"https:\/\/schema.org","@graph":[{"@type":"WebPage","@id":"https:\/\/www.ragni.com\/de\/halterungen-zubehoer\/","url":"https:\/\/www.ragni.com\/de\/halterungen-zubehoer\/","name":"Halterungen &amp; Zubeh\u00f6r - RAGNI","isPartOf":{"@id":"https:\/\/www.ragni.com\/de\/#website"},"primaryImageOfPage":{"@id":"https:\/\/www.ragni.com\/de\/halterungen-zubehoer\/#primaryimage"},"image":{"@id":"https:\/\/www.ragni.com\/de\/halterungen-zubehoer\/#primaryimage"},"thumbnailUrl":"https:\/\/www.ragni.com\/wp-content\/uploads\/2022\/11\/Support_accessoires.png","datePublished":"2022-08-16T13:34:36+00:00","dateModified":"2026-02-25T15:32:14+00:00","description":"Sehen Sie sich unser Angebot an Ragni Halterungen und Zubeh\u00f6r an. Eine gro\u00dfe Auswahl, die es Ihnen erm\u00f6glicht, die Gruppe Ihrer Projekte anzupassen.","breadcrumb":{"@id":"https:\/\/www.ragni.com\/de\/halterungen-zubehoer\/#breadcrumb"},"inLanguage":"de-DE","potentialAction":[{"@type":"ReadAction","target":["https:\/\/www.ragni.com\/de\/halterungen-zubehoer\/"]}]},{"@type":"ImageObject","inLanguage":"de-DE","@id":"https:\/\/www.ragni.com\/de\/halterungen-zubehoer\/#primaryimage","url":"https:\/\/www.ragni.com\/wp-content\/uploads\/2022\/11\/Support_accessoires.png","contentUrl":"https:\/\/www.ragni.com\/wp-content\/uploads\/2022\/11\/Support_accessoires.png","width":800,"height":800},{"@type":"BreadcrumbList","@id":"https:\/\/www.ragni.com\/de\/halterungen-zubehoer\/#breadcrumb","itemListElement":[{"@type":"ListItem","position":1,"name":"Accueil","item":"https:\/\/www.ragni.com\/de\/"},{"@type":"ListItem","position":2,"name":"Halterungen &amp; Zubeh\u00f6r"}]},{"@type":"WebSite","@id":"https:\/\/www.ragni.com\/de\/#website","url":"https:\/\/www.ragni.com\/de\/","name":"RAGNI","description":"La lumi\u00e8re \u00e0 votre image","publisher":{"@id":"https:\/\/www.ragni.com\/de\/#organization"},"potentialAction":[{"@type":"SearchAction","target":{"@type":"EntryPoint","urlTemplate":"https:\/\/www.ragni.com\/de\/?s={search_term_string}"},"query-input":{"@type":"PropertyValueSpecification","valueRequired":true,"valueName":"search_term_string"}}],"inLanguage":"de-DE"},{"@type":"Organization","@id":"https:\/\/www.ragni.com\/de\/#organization","name":"RAGNI","url":"https:\/\/www.ragni.com\/de\/","logo":{"@type":"ImageObject","inLanguage":"de-DE","@id":"https:\/\/www.ragni.com\/de\/#\/schema\/logo\/image\/","url":"https:\/\/www.ragni.com\/wp-content\/uploads\/2022\/06\/Groupe-11.png","contentUrl":"https:\/\/www.ragni.com\/wp-content\/uploads\/2022\/06\/Groupe-11.png","width":117,"height":40,"caption":"RAGNI"},"image":{"@id":"https:\/\/www.ragni.com\/de\/#\/schema\/logo\/image\/"},"sameAs":["https:\/\/www.facebook.com\/Ragni.SAS","https:\/\/x.com\/RAGNI_SAS","https:\/\/www.youtube.com\/channel\/UCg3LCUI39GyNBcrdS9QV9LA","https:\/\/www.linkedin.com\/company\/ragni"]}]}},"_links":{"self":[{"href":"https:\/\/www.ragni.com\/de\/wp-json\/wp\/v2\/pages\/24692","targetHints":{"allow":["GET"]}}],"collection":[{"href":"https:\/\/www.ragni.com\/de\/wp-json\/wp\/v2\/pages"}],"about":[{"href":"https:\/\/www.ragni.com\/de\/wp-json\/wp\/v2\/types\/page"}],"author":[{"embeddable":true,"href":"https:\/\/www.ragni.com\/de\/wp-json\/wp\/v2\/users\/1"}],"replies":[{"embeddable":true,"href":"https:\/\/www.ragni.com\/de\/wp-json\/wp\/v2\/comments?post=24692"}],"version-history":[{"count":2,"href":"https:\/\/www.ragni.com\/de\/wp-json\/wp\/v2\/pages\/24692\/revisions"}],"predecessor-version":[{"id":24726,"href":"https:\/\/www.ragni.com\/de\/wp-json\/wp\/v2\/pages\/24692\/revisions\/24726"}],"wp:featuredmedia":[{"embeddable":true,"href":"https:\/\/www.ragni.com\/de\/wp-json\/wp\/v2\/media\/4535"}],"wp:attachment":[{"href":"https:\/\/www.ragni.com\/de\/wp-json\/wp\/v2\/media?parent=24692"}],"curies":[{"name":"wp","href":"https:\/\/api.w.org\/{rel}","templated":true}]}}