{"id":24714,"date":"2022-08-12T14:46:39","date_gmt":"2022-08-12T13:46:39","guid":{"rendered":"https:\/\/www.ragni.com\/die-ragnithek\/"},"modified":"2026-03-04T14:34:59","modified_gmt":"2026-03-04T13:34:59","slug":"die-ragnithek","status":"publish","type":"page","link":"https:\/\/www.ragni.com\/de\/die-ragnithek\/","title":{"rendered":"Die Ragnithek"},"content":{"rendered":"<div class=\"wpb-content-wrapper\"><p>[vc_row][vc_column width=&#8221;1\/1&#8243;][vc_empty_space empty_h=&#8221;5&#8243;][\/vc_column][\/vc_row][vc_row row_height_percent=&#8221;0&#8243; override_padding=&#8221;yes&#8221; h_padding=&#8221;2&#8243; top_padding=&#8221;0&#8243; bottom_padding=&#8221;5&#8243; overlay_alpha=&#8221;100&#8243; gutter_size=&#8221;100&#8243; column_width_percent=&#8221;100&#8243; shift_y=&#8221;0&#8243; z_index=&#8221;0&#8243; style=&#8221;inherited&#8221; uncode_shortcode_id=&#8221;109012&#8243;][vc_column column_width_percent=&#8221;100&#8243; gutter_size=&#8221;3&#8243; overlay_alpha=&#8221;50&#8243; shift_x=&#8221;0&#8243; shift_y=&#8221;-2&#8243; shift_y_fixed=&#8221;yes&#8221; shift_y_down=&#8221;0&#8243; z_index=&#8221;0&#8243; medium_width=&#8221;0&#8243; mobile_width=&#8221;0&#8243; width=&#8221;1\/1&#8243; uncode_shortcode_id=&#8221;285925&#8243; el_class=&#8221;blocrad&#8221;][vc_gallery el_id=&#8221;gallery-17503989&#8243; medias=&#8221;25436,25462,25451,25439,25459,25455,25443&#8243; filtering=&#8221;yes&#8221; filtering_position=&#8221;center&#8221; filtering_uppercase=&#8221;yes&#8221; gutter_size=&#8221;3&#8243; media_items=&#8221;media|custom_link|original,title&#8221; screen_lg=&#8221;1000&#8243; screen_md=&#8221;600&#8243; screen_sm=&#8221;100&#8243; images_size=&#8221;three-four&#8221; single_overlay_color=&#8221;color-jevc&#8221; single_overlay_opacity=&#8221;45&#8243; single_h_align=&#8221;center&#8221; single_padding=&#8221;2&#8243; single_title_semantic=&#8221;p&#8221; single_title_family=&#8221;font-122168&#8243; single_title_dimension=&#8221;h4&#8243; single_border=&#8221;yes&#8221; single_css_animation=&#8221;bottom-t-top&#8221; uncode_shortcode_id=&#8221;194226&#8243; items=&#8221;eyIzMzEwX2kiOnsic2luZ2xlX2xpbmsiOiJ1cmw6L3dwLWNvbnRlbnQvdXBsb2Fkcy8yMDIyLzEwL1BsYXF1ZXR0ZV9LT1JORVJfcGFwLnBkZnx0YXJnZXQ6X2JsYW5rIn0sIjMzMTVfaSI6eyJzaW5nbGVfbGluayI6InVybDovd3AtY29udGVudC91cGxvYWRzLzIwMjIvMDkvQ0FUQUxPR1VFX1NFTEVDVElPTl9ERVNJR04ucGRmfHRhcmdldDpfYmxhbmsifSwiMzMyOF9pIjp7InNpbmdsZV9saW5rIjoidXJsOi93cC1jb250ZW50L3VwbG9hZHMvMjAyMi8wOS9DQVRBTE9HVUVfUkFHTklfTFVNSU5BSVJFU19jb21wcmVzc2VkLnBkZnx0YXJnZXQ6X2JsYW5rIn0sIjMzMTFfaSI6eyJzaW5nbGVfbGluayI6InVybDovd3AtY29udGVudC91cGxvYWRzLzIwMjIvMTAvMjAyMV9BY3Rpb25zX2Vudmlyb25uZW1lbnRhbGVfUmFnbmkucGRmfHRhcmdldDpfYmxhbmsifSwiMzMxMl9pIjp7InNpbmdsZV9saW5rIjoidXJsOi93cC1jb250ZW50L3VwbG9hZHMvMjAyMi8wOS9Ccm9jaHVyZV9BcnJldGVfMjAxOF9udWlzYW5jZXNfbHVtaW5ldXNlcy5wZGZ8dGFyZ2V0Ol9ibGFuayJ9LCIzMzEzX2kiOnsic2luZ2xlX2xpbmsiOiJ1cmw6L3dwLWNvbnRlbnQvdXBsb2Fkcy8yMDIyLzA5L0Jyb2NodXJlX0FycmV0ZV8yMDE4X251aXNhbmNlc19sdW1pbmV1c2VzLnBkZnx0YXJnZXQ6X2JsYW5rIn0sIjMzMTRfaSI6eyJzaW5nbGVfbGluayI6InVybDovd3AtY29udGVudC91cGxvYWRzLzIwMjIvMDkvQnJvY2h1cmVfRnJlbmNoX29yZGVyX2xpZ2h0aW5nX3BvbGx1dGlvbl8yMDE4LnBkZnx0YXJnZXQ6X2JsYW5rIn0sIjMzMTZfaSI6eyJzaW5nbGVfbGluayI6InVybDovd3AtY29udGVudC91cGxvYWRzLzIwMjIvMDkvQ2hvaXNpcl92b3RyZV90cmFpdGVtZW50X2FudGljb3Jyb3Npb24ucGRmfHRhcmdldDpfYmxhbmsifSwiMzMxN19pIjp7InNpbmdsZV9saW5rIjoidXJsOi93cC1jb250ZW50L3VwbG9hZHMvMjAyMi8wOS9FY2xhaXJhZ2VfcmFpc29ubmVfUkFHTklfRU4ucGRmfHRhcmdldDpfYmxhbmsifSwiMzMzMl9pIjp7InNpbmdsZV9saW5rIjoidXJsOi93cC1jb250ZW50L3VwbG9hZHMvMjAyMi8xMC8yMDIwX0NoYXJ0ZV9ldGhpcXVlLnBkZnx0YXJnZXQ6X2JsYW5rIn0sIjMzMThfaSI6eyJzaW5nbGVfbGluayI6InVybDovd3AtY29udGVudC91cGxvYWRzLzIwMjIvMDkvTGVzX2luc3RhbGxhdGlvbnNfTEVEX0Fzc2lzdGFuY2VfVGVjaG5pcXVlX1JhZ25pMjAxOS5wZGYifSwiMzMxOV9pIjp7InNpbmdsZV9saW5rIjoidXJsOi93cC1jb250ZW50L3VwbG9hZHMvMjAyMi8wOS9QdWJsaWNfbGlnaHRpbmdfZXF1aXBtZW50X21haW50ZW5hbmNlX3JlY29tbWVuZGF0aW9uc18yMDE5LnBkZnx0YXJnZXQ6X2JsYW5rIn0sIjMzMjBfaSI6eyJzaW5nbGVfbGluayI6InVybDovd3AtY29udGVudC91cGxvYWRzLzIwMjIvMDkvUHVibGljX2xpZ2h0aW5nX2VxdWlwbWVudF9tYWludGVuYW5jZV9yZWNvbW1lbmRhdGlvbnNfMjAxOS5wZGZ8dGFyZ2V0Ol9ibGFuayJ9LCIzMzIxX2kiOnsic2luZ2xlX2xpbmsiOiJ1cmw6L3dwLWNvbnRlbnQvdXBsb2Fkcy8yMDIyLzA5L1BsYXF1ZXR0ZV9SZXRyb2ZpdF9FVk8yLnBkZnx0YXJnZXQ6X2JsYW5rIn0sIjMzMjJfaSI6eyJzaW5nbGVfbGluayI6InVybDovd3AtY29udGVudC91cGxvYWRzLzIwMjIvMTAvcGxhcXVldHRlX0FSQ0hZLnBkZnx0YXJnZXQ6X2JsYW5rIn0sIjMzMDhfaSI6eyJzaW5nbGVfbGluayI6InVybDovd3AtY29udGVudC91cGxvYWRzLzIwMjIvMTAvMjAyMF9DaGFydGVfZXRoaXF1ZS5wZGZ8dGFyZ2V0Ol9ibGFuayJ9LCIzMzIzX2kiOnsic2luZ2xlX2xpbmsiOiJ1cmw6L3dwLWNvbnRlbnQvdXBsb2Fkcy8yMDIyLzA5L1BsYXF1ZXR0ZV9TbWFydF9MaWdodGluZy5wZGZ8dGFyZ2V0Ol9ibGFuayJ9LCIzMzI0X2kiOnsic2luZ2xlX2xpbmsiOiJ1cmw6L3dwLWNvbnRlbnQvdXBsb2Fkcy8yMDIyLzA5L1ByZXNlbnRhdGlvbl9pbnN0R3JvdXBlUmFnbmlfMjAyMV9FTi5wZGZ8dGFyZ2V0Ol9ibGFuayJ9LCIzMzI1X2kiOnsic2luZ2xlX2xpbmsiOiJ1cmw6L3dwLWNvbnRlbnQvdXBsb2Fkcy8yMDIyLzA5L1B1YmxpY19saWdodGluZ19lcXVpcG1lbnRfbWFpbnRlbmFuY2VfcmVjb21tZW5kYXRpb25zXzIwMTkucGRmfHRhcmdldDpfYmxhbmsifSwiMzMyNl9pIjp7InNpbmdsZV9saW5rIjoidXJsOi93cC1jb250ZW50L3VwbG9hZHMvMjAyMi8wOS9SQUdOSV85MGFuc19oaXN0b2lyZS5wZGZ8dGFyZ2V0Ol9ibGFuayJ9LCIzMzI3X2kiOnsic2luZ2xlX2xpbmsiOiJ1cmw6L3dwLWNvbnRlbnQvdXBsb2Fkcy8yMDIyLzA5L1JhcHBvcnRfUlNFXzIwMjEucGRmfHRhcmdldDpfYmxhbmsifSwiMzQ0MV9pIjp7InNpbmdsZV9saW5rIjoidXJsOi93cC1jb250ZW50L3VwbG9hZHMvMjAyMi8xMC9wbGFxdWV0dGVfQVJDSFkucGRmfHRhcmdldDpfYmxhbmsifSwiMzQ0Ml9pIjp7InNpbmdsZV9saW5rIjoidXJsOi93cC1jb250ZW50L3VwbG9hZHMvMjAyMi8xMC9QbGFxdWV0dGVfS09STkVSX3BhcC5wZGZ8dGFyZ2V0Ol9ibGFuayJ9LCIzNDQzX2kiOnsic2luZ2xlX2xpbmsiOiJ1cmw6L3dwLWNvbnRlbnQvdXBsb2Fkcy8yMDIyLzA5L1BsYXF1ZXR0ZV9SZXRyb2ZpdF9FVk8yLnBkZnx0YXJnZXQ6X2JsYW5rIn0sIjM0NDRfaSI6eyJzaW5nbGVfbGluayI6InVybDovd3AtY29udGVudC91cGxvYWRzLzIwMjIvMDkvUGxhcXVldHRlX1NtYXJ0X0xpZ2h0aW5nLnBkZnx0YXJnZXQ6X2JsYW5rIn0sIjM0NTdfaSI6eyJzaW5nbGVfbGluayI6InVybDovd3AtY29udGVudC91cGxvYWRzLzIwMjIvMDkvQ2hvb3NpbmdfYW5fYW50aWNvcnJvc2lvbl90cmVhdG1lbnQucGRmfHRhcmdldDpfYmxhbmsifSwiMzQ0NV9pIjp7InNpbmdsZV9saW5rIjoidXJsOi93cC1jb250ZW50L3VwbG9hZHMvMjAyMi8wOS9QcmVzZW50YXRpb25faW5zdEdyb3VwZVJhZ25pXzIwMjEucGRmfHRhcmdldDpfYmxhbmsifSwiMzQ0Nl9pIjp7InNpbmdsZV9saW5rIjoidXJsOi93cC1jb250ZW50L3VwbG9hZHMvMjAyMi8wOS9QdWJsaWNfbGlnaHRpbmdfZXF1aXBtZW50X21haW50ZW5hbmNlX3JlY29tbWVuZGF0aW9uc18yMDE5LnBkZnx0YXJnZXQ6X2JsYW5rIn0sIjM0NTNfaSI6eyJzaW5nbGVfbGluayI6InVybDovd3AtY29udGVudC91cGxvYWRzLzIwMjIvMTAvQnJvY2h1cmVfRnJlbmNoX29yZGVyX2xpZ2h0aW5nX3BvbGx1dGlvbl8yMDE4LnBkZnx0YXJnZXQ6X2JsYW5rIn0sIjM0NDdfaSI6eyJzaW5nbGVfbGluayI6InVybDovd3AtY29udGVudC91cGxvYWRzLzIwMjIvMDkvUkFHTklfOTBhbnNfaGlzdG9pcmUucGRmfHRhcmdldDpfYmxhbmsifSwiMzQ0OF9pIjp7InNpbmdsZV9saW5rIjoidXJsOi93cC1jb250ZW50L3VwbG9hZHMvMjAyMi8wOS9SYXBwb3J0X1JTRV8yMDIxLnBkZnx0YXJnZXQ6X2JsYW5rIn0sIjM0NTBfaSI6eyJzaW5nbGVfbGluayI6InVybDovd3AtY29udGVudC91cGxvYWRzLzIwMjIvMTAvMjAyMF9ldGhpY2FsX2NoYXJ0ZXIucGRmfHRhcmdldDpfYmxhbmsifSwiMzQ1MV9pIjp7InNpbmdsZV9saW5rIjoidXJsOi93cC1jb250ZW50L3VwbG9hZHMvMjAyMi8xMC8yMDIxX0FjdGlvbnNfZW52aXJvbm5lbWVudGFsZV9SYWduaS5wZGZ8dGFyZ2V0Ol9ibGFuayJ9LCIzNDUyX2kiOnsic2luZ2xlX2xpbmsiOiJ1cmw6L3dwLWNvbnRlbnQvdXBsb2Fkcy8yMDIyLzA5L0Jyb2NodXJlX0FycmV0ZV8yMDE4X251aXNhbmNlc19sdW1pbmV1c2VzLnBkZnx0YXJnZXQ6X2JsYW5rIn0sIjM0NDlfaSI6eyJzaW5nbGVfbGluayI6InVybDovd3AtY29udGVudC91cGxvYWRzLzIwMjIvMDkvMjAyMF9DaGFydGVfZXRoaXF1ZS5wZGZ8dGFyZ2V0Ol9ibGFuayJ9LCIzNDU0X2kiOnsic2luZ2xlX2xpbmsiOiJ1cmw6L3dwLWNvbnRlbnQvdXBsb2Fkcy8yMDIyLzA5L0NBVEFMT0dVRV9SQUdOSV9MVU1JTkFJUkVTX2NvbXByZXNzZWQucGRmfHRhcmdldDpfYmxhbmsifSwiMzQ1NV9pIjp7InNpbmdsZV9saW5rIjoidXJsOi93cC1jb250ZW50L3VwbG9hZHMvMjAyMi8wOS9DQVRBTE9HVUVfU0VMRUNUSU9OX0RFU0lHTi5wZGZ8dGFyZ2V0Ol9ibGFuayJ9LCIzNDU2X2kiOnsic2luZ2xlX2xpbmsiOiJ1cmw6L3dwLWNvbnRlbnQvdXBsb2Fkcy8yMDIyLzA5L0Nob2lzaXJfdm90cmVfdHJhaXRlbWVudF9hbnRpY29ycm9zaW9uLnBkZnx0YXJnZXQ6X2JsYW5rIn0sIjM0NThfaSI6eyJzaW5nbGVfbGluayI6InVybDovd3AtY29udGVudC91cGxvYWRzLzIwMjIvMDkvRWNsYWlyYWdlX3JhaXNvbm5lX1JBR05JLnBkZnx0YXJnZXQ6X2JsYW5rIn0sIjM0NTlfaSI6eyJzaW5nbGVfbGluayI6InVybDovd3AtY29udGVudC91cGxvYWRzLzIwMjIvMDkvTGVzX2luc3RhbGxhdGlvbnNfTEVEX0Fzc2lzdGFuY2VfVGVjaG5pcXVlX1JhZ25pMjAxOS5wZGZ8dGFyZ2V0Ol9ibGFuayJ9LCIxMTc0MV9pIjp7InNpbmdsZV9saW5rIjoidXJsOmh0dHBzOi8vd3d3LmRldjMtcmFnbmkuYmxpay1hZ2VuY3kuY29tL3dwLWNvbnRlbnQvdXBsb2Fkcy8yMDIzLzAzL3BsYXF1ZXR0ZV9BUkNIWS5wZGZ8dGFyZ2V0Ol9ibGFuayIsImJhY2tfaW1hZ2UiOiIxMTgyNyIsInNpbmdsZV9sYXlvdXRfbWVkaWFfaXRlbXMiOiJtZWRpYXxjdXN0b21fbGlua3xvcmlnaW5hbCx0aXRsZSJ9LCIxMjAxOV9pIjp7InNpbmdsZV9saW5rIjoidXJsOmh0dHBzOi8vd3d3LmNhbGFtZW8uY29tL3JlYWQvMDA3NDI1MTA5NGZjZjA0ZmE2NmUxP3RyYWNrZXJzb3VyY2U9bGlicmFyeXx0YXJnZXQ6X2JsYW5rIn0sIjEyMDIzX2kiOnsic2luZ2xlX2xpbmsiOiJ1cmw6aHR0cHM6Ly93d3cuY2FsYW1lby5jb20vcmVhZC8wMDc0MjUxMDk0ZTkzNmYxZDk4MTc\/dHJhY2tlcnNvdXJjZT1saWJyYXJ5fHRhcmdldDpfYmxhbmsifSwiMTIwMjZfaSI6eyJzaW5nbGVfbGluayI6InVybDpodHRwczovL3d3dy5jYWxhbWVvLmNvbS9yZWFkLzAwNzQyNTEwOTM0MmVjNWU2NTI5Yj90cmFja2Vyc291cmNlPWxpYnJhcnl8dGFyZ2V0Ol9ibGFuayJ9LCIxMTczNF9pIjp7InNpbmdsZV9saW5rIjoidXJsOmh0dHBzOi8vd3d3LmNhbGFtZW8uY29tL3JlYWQvMDA3NDI1MTA5NTRlOTUzM2Y2MTcwP3RyYWNrZXJzb3VyY2U9bGlicmFyeS93cC1jb250ZW50L3VwbG9hZHMvMjAyMy8wMy9FVk8yLnBkZnx0YXJnZXQ6X2JsYW5rIn0sIjEyMDMxX2kiOnsic2luZ2xlX2xpbmsiOiJ1cmw6aHR0cHM6Ly93d3cuY2FsYW1lby5jb20vcmVhZC8wMDc0MjUxMDk5YmVlZThiMmI5MDd8dGFyZ2V0Ol9ibGFua3xyZWw6bm9mb2xsb3cifSwiMTIwMzVfaSI6eyJzaW5nbGVfbGluayI6InVybDpodHRwczovL3d3dy5jYWxhbWVvLmNvbS9yZWFkLzAwNzQyNTEwOTgzZjE5ZTFmMDk3YT90cmFja2Vyc291cmNlPWxpYnJhcnl8dGFyZ2V0Ol9ibGFuayJ9LCIxMjAzOF9pIjp7InNpbmdsZV9saW5rIjoidXJsOmh0dHBzOi8vd3d3LmNhbGFtZW8uY29tL3JlYWQvMDA3NDI1MTA5NmM4OGM0ODA5ZWNlP3RyYWNrZXJzb3VyY2U9bGlicmFyeXx0YXJnZXQ6X2JsYW5rIn0sIjEyMDQxX2kiOnsic2luZ2xlX2xpbmsiOiJ1cmw6aHR0cHM6Ly93d3cuY2FsYW1lby5jb20vcmVhZC8wMDc0MjUxMDk4OTk5ZTllOGY4Mzg\/dHJhY2tlcnNvdXJjZT1saWJyYXJ5fHRhcmdldDpfYmxhbmsifSwiMTIwNDRfaSI6eyJzaW5nbGVfbGluayI6InVybDovd3AtY29udGVudC91cGxvYWRzLzIwMjIvMTAvMjAyMV9BY3Rpb25zX2Vudmlyb25uZW1lbnRhbGVfUmFnbmkucGRmX2JsYW5rfHRhcmdldDpfYmxhbmsifSwiMTIwNDdfaSI6eyJzaW5nbGVfbGluayI6InVybDpodHRwczovL3d3dy5jYWxhbWVvLmNvbS9yZWFkLzAwNzQyNTEwOWZiNTlmZTllMGY2MT90cmFja2Vyc291cmNlPWxpYnJhcnl8dGFyZ2V0Ol9ibGFuayJ9LCIxMjA1MF9pIjp7InNpbmdsZV9saW5rIjoidXJsOmh0dHBzOi8vd3d3LmNhbGFtZW8uY29tL3JlYWQvMDA3NDI1MTA5MDMzMDlhMGI4ZDU0P3RyYWNrZXJzb3VyY2U9bGlicmFyeXx0YXJnZXQ6X2JsYW5rIn0sIjEyMDUyX2kiOnsic2luZ2xlX2xpbmsiOiJ1cmw6aHR0cHM6Ly93d3cuY2FsYW1lby5jb20vcmVhZC8wMDc0MjUxMDlmZWM4OTE0M2Y2NmZ8dGFyZ2V0Ol9ibGFua3xyZWw6bm9mb2xsb3cifSwiMTIwNTVfaSI6eyJzaW5nbGVfbGluayI6InVybDpodHRwczovL3d3dy5jYWxhbWVvLmNvbS9yZWFkLzAwNzQyNTEwOTAzN2I0ZDRjNDI5Yz90cmFja2Vyc291cmNlPWxpYnJhcnl8dGFyZ2V0Ol9ibGFuayJ9LCIxMjA1N19pIjp7InNpbmdsZV9saW5rIjoidXJsOmh0dHBzOi8vd3d3LmNhbGFtZW8uY29tL3JlYWQvMDA3NDI1MTA5YmExNWRiNWQzZDIxP3RyYWNrZXJzb3VyY2U9bGlicmFyeXx0YXJnZXQ6X2JsYW5rIn0sIjEyMjMwX2kiOnsic2luZ2xlX2xpbmsiOiJ1cmw6aHR0cHM6Ly93d3cuY2FsYW1lby5jb20vcmVhZC8wMDc0MjUxMDlhMTZhMGUxNTcyNWU\/dHJhY2tlcnNvdXJjZT1saWJyYXJ5fHRhcmdldDpfYmxhbmsifSwiMTIyMzNfaSI6eyJzaW5nbGVfbGluayI6InVybDpodHRwczovL3d3dy5jYWxhbWVvLmNvbS9yZWFkLzAwNzQyNTEwOTc0OTY4YWNiMWMzYz90cmFja2Vyc291cmNlPWxpYnJhcnl8dGFyZ2V0Ol9ibGFuayJ9LCIxMjc3OF9pIjp7InNpbmdsZV9saW5rIjoidXJsOmh0dHA6Ly9bSGllciAxNDozMV0gSnVsaWUgTUVSSUFVWCAgaHR0cHM6Ly93d3cuZGlhbHV4LXBsdWdpbnMubmV0L1JBR05JIy98dGFyZ2V0Ol9ibGFuayJ9LCIxMjg5MF9pIjp7InNpbmdsZV9saW5rIjoidXJsOi9wbHVnaW4tZG9zL3BsdWdpbi1yYWduaS56aXB8dGFyZ2V0Ol9ibGFuayIsInNpbmdsZV9pY29uIjoiIiwic2luZ2xlX2VsZW1lbnRzX2NsaWNrIjoieWVzIn0sIjEzMzY0X2kiOnsic2luZ2xlX2xpbmsiOiJ1cmw6aHR0cHM6Ly93d3cuY2FsYW1lby5jb20vcmVhZC8wMDc0MjUxMDliNjA3NzNhZjg1NWN8dGFyZ2V0Ol9ibGFua3xyZWw6bm9mb2xsb3cifSwiMTM4MTRfaSI6eyJzaW5nbGVfbGluayI6InVybDpodHRwczovL3d3dy5jYWxhbWVvLmNvbS9yZWFkLzAwNzQyNTEwOTY1NzM2MjQ3YzBlYnx0YXJnZXQ6X2JsYW5rIn0sIjEzOTU4X2kiOnsic2luZ2xlX2xpbmsiOiJ1cmw6aHR0cHM6Ly93d3cuY2FsYW1lby5jb20vcmVhZC8wMDc0MjUxMDk2ODU5Y2YzODE2MmN8dGFyZ2V0Ol9ibGFuayJ9LCIxMzk3OV9pIjp7InNpbmdsZV9saW5rIjoidXJsOmh0dHBzOi8vd3d3LmNhbGFtZW8uY29tL3JlYWQvMDA3NDI1MTA5NDI3NTRiODAyYjE3fHRhcmdldDpfYmxhbmsifSwiMTQxODhfaSI6eyJzaW5nbGVfbGluayI6InVybDpodHRwczovL3d3dy5jYWxhbWVvLmNvbS9yZWFkLzAwNzQyNTEwOTQyNzU0YjgwMmIxN3x0YXJnZXQ6X2JsYW5rIn0sIjE0MTkwX2kiOnsic2luZ2xlX2xpbmsiOiJ1cmw6aHR0cHM6Ly93d3cuY2FsYW1lby5jb20vcmVhZC8wMDc0MjUxMDk2ODU5Y2YzODE2MmN8dGFyZ2V0Ol9ibGFuayJ9LCIxNDE5Ml9pIjp7InNpbmdsZV9saW5rIjoidXJsOmh0dHBzOi8vd3d3LmNhbGFtZW8uY29tL3JlYWQvMDA3NDI1MTA5NjU3MzYyNDdjMGVifHRhcmdldDpfYmxhbmsifSwiMTQyMTNfaSI6eyJzaW5nbGVfbGluayI6InVybDpodHRwczovL3d3dy5jYWxhbWVvLmNvbS9yZWFkLzAwNzQyNTEwOTU4MDk0ZmUwODRhOXx0YXJnZXQ6X2JsYW5rIn0sIjE0MjE2X2kiOnsic2luZ2xlX2xpbmsiOiJ1cmw6aHR0cHM6Ly93d3cuY2FsYW1lby5jb20vcmVhZC8wMDc0MjUxMDljYzNkMDI2NzE3ZTl8dGFyZ2V0Ol9ibGFuayJ9LCIxNDIxOV9pIjp7InNpbmdsZV9saW5rIjoidXJsOmh0dHBzOi8vd3d3LmNhbGFtZW8uY29tL3JlYWQvMDA3NDI1MTA5N2Y5YTIyZTVlYWMwfHRhcmdldDpfYmxhbmsifSwiMTQyMjJfaSI6eyJzaW5nbGVfbGluayI6InVybDpodHRwczovL3d3dy5jYWxhbWVvLmNvbS9yZWFkLzAwNzQyNTEwOWEyYzU4YjI5ZDZjNnx0YXJnZXQ6X2JsYW5rIn0sIjE0MjI1X2kiOnsic2luZ2xlX2xpbmsiOiJ1cmw6aHR0cHM6Ly93d3cuY2FsYW1lby5jb20vcmVhZC8wMDc0MjUxMDk2NDNmNGYyN2JkOTR8dGFyZ2V0Ol9ibGFuayJ9LCIxNDIyOF9pIjp7InNpbmdsZV9saW5rIjoidXJsOmh0dHBzOi8vd3d3LmNhbGFtZW8uY29tL3JlYWQvMDA3NDI1MTA5OTJhNzYxZjk4MDQxfHRhcmdldDpfYmxhbmsifSwiMTQyNjFfaSI6eyJzaW5nbGVfbGluayI6InVybDpodHRwczovL3d3dy5jYWxhbWVvLmNvbS9yZWFkLzAwNzQyNTEwOWU1OGY2YjZhZGNjYXx0YXJnZXQ6X2JsYW5rIn0sIjE0MzAzX2kiOnsic2luZ2xlX2xpbmsiOiJ1cmw6aHR0cHM6Ly93d3cuY2FsYW1lby5jb20vcmVhZC8wMDc0MjUxMDk3ZjlhMjJlNWVhYzB8dGFyZ2V0Ol9ibGFuayJ9LCIxNDcwMF9pIjp7InNpbmdsZV9saW5rIjoidXJsOmh0dHBzOi8vd3d3LmNhbGFtZW8uY29tL3JlYWQvMDA3NDI1MTA5NmZjZTJlMTM1ZDJifHRhcmdldDpfYmxhbmsifSwiMTQ4MTlfaSI6eyJzaW5nbGVfbGluayI6InVybDpodHRwczovL3d3dy5yYWduaS5jb20vd3AtY29udGVudC91cGxvYWRzLzIwMjQvMDEvUkMwMi0wMDcxLTIzYS1SQUdOSS1GUi5wZGZ8dGFyZ2V0Ol9ibGFuayJ9LCIxNDk4Nl9pIjp7InNpbmdsZV9saW5rIjoidXJsOmh0dHBzOi8vd3d3LnJhZ25pLmNvbS93cC1jb250ZW50L3VwbG9hZHMvMjAyNS8wMi9JbmRleC1lZ2FsaXRlLXByby1SQUdOSS0yMDI0LnBkZnx0YXJnZXQ6X2JsYW5rIn0sIjE1Mzk3X2kiOnsic2luZ2xlX2xpbmsiOiJ1cmw6aHR0cHM6Ly93d3cuY2FsYW1lby5jb20vcmVhZC8wMDc0MjUxMDk2ZTZiYmU4NDM3MWZ8dGFyZ2V0Ol9ibGFuayJ9LCIxNTQ2MV9pIjp7InNpbmdsZV9saW5rIjoidXJsOmh0dHBzOi8vd3d3LmNhbGFtZW8uY29tL3JlYWQvMDA3NDI1MTA5NmU2YmJlODQzNzFmfHRhcmdldDpfYmxhbmsifSwiMTU1ODFfaSI6eyJzaW5nbGVfbGluayI6InVybDpodHRwczovL3d3dy5jYWxhbWVvLmNvbS9yZWFkLzAwNzQyNTEwOTQ3ZDhkODU3YTliN3x0YXJnZXQ6X2JsYW5rIn0sIjE1NTg1X2kiOnsic2luZ2xlX2xpbmsiOiJ1cmw6aHR0cHM6Ly93d3cuY2FsYW1lby5jb20vcmVhZC8wMDc0MjUxMDlkOTFjOTAwZDNiZTd8dGFyZ2V0Ol9ibGFuayJ9LCIxNTY0M19pIjp7InNpbmdsZV9saW5rIjoidXJsOmh0dHBzOi8vd3d3LmNhbGFtZW8uY29tL3JlYWQvMDA3NDI1MTA5MTY5YTE4OWU3OWRhfHRhcmdldDpfYmxhbmsifSwiMTU2ODhfaSI6eyJzaW5nbGVfbGluayI6InVybDpodHRwczovL3d3dy5jYWxhbWVvLmNvbS9yZWFkLzAwNzQyNTEwOTFkMjMxN2E2M2U4ZXx0YXJnZXQ6X2JsYW5rIn0sIjE3MDE1X2kiOnsic2luZ2xlX2xpbmsiOiJ1cmw6aHR0cHM6Ly93d3cuY2FsYW1lby5jb20vcmVhZC8wMDc0MjUxMDkxYzJkODAzZmRkY2Z8dGFyZ2V0Ol9ibGFuayJ9LCIxODUwNV9pIjp7InNpbmdsZV9saW5rIjoidXJsOmh0dHBzOi8vd3d3LmNhbGFtZW8uY29tL3JlYWQvMDA3NDI1MTA5NTM4ZWU3YjQ2NWMxfHRhcmdldDpfYmxhbmsifSwiMjAwMzJfaSI6eyJzaW5nbGVfbGluayI6InVybDpodHRwczovL3d3dy5jYWxhbWVvLmNvbS9yZWFkLzAwNzQyNTEwOTIwMDlhMGM3N2IzZnx0YXJnZXQ6X2JsYW5rfHJlbDpub2ZvbGxvdyJ9LCIyMDQwOV9pIjp7InNpbmdsZV9saW5rIjoidXJsOmh0dHBzOi8vd3d3LmNhbGFtZW8uY29tL3JlYWQvMDA3NDI1MTA5MjAwOWEwYzc3YjNmfHRhcmdldDpfYmxhbmsifSwiMjA1NTVfaSI6eyJzaW5nbGVfbGluayI6InVybDpodHRwczovL3d3dy5jYWxhbWVvLmNvbS9yZWFkLzAwNzQyNTEwOTU0M2U4MTZjZDY3NHx0YXJnZXQ6X2JsYW5rIn0sIjIwNTc3X2kiOnsic2luZ2xlX2xpbmsiOiJ1cmw6aHR0cHM6Ly93d3cuY2FsYW1lby5jb20vcmVhZC8wMDc0MjUxMDljNjJkMTgzZTk3OWV8dGFyZ2V0Ol9ibGFuayJ9LCIyMDY4Nl9pIjp7InNpbmdsZV9saW5rIjoidXJsOmh0dHBzOi8vd3d3LmNhbGFtZW8uY29tL3JlYWQvMDA3NDI1MTA5YTVmYTM2NjRmNWIzIn0sIjIwNzgxX2kiOnsic2luZ2xlX2xpbmsiOiJ1cmw6aHR0cHM6Ly93d3cuY2FsYW1lby5jb20vcmVhZC8wMDc0MjUxMDljMjg2YTViNTBhZjN8dGFyZ2V0Ol9ibGFuayJ9LCIyMDk4MF9pIjp7InNpbmdsZV9saW5rIjoidXJsOmh0dHBzOi8vd3d3LnJhZ25pLmNvbS93cC1jb250ZW50L3VwbG9hZHMvMjAyNi8wMi9kZWNsYXJhdGlvbl9lZ2Fwcm9fMzAzMjc1NDczXzIwMjYucGRmfHRhcmdldDpfYmxhbmsifSwiMjEwMjdfaSI6eyJzaW5nbGVfbGluayI6InVybDpodHRwczovL3d3dy5jYWxhbWVvLmNvbS9yZWFkLzAwNzQyNTEwOWFlOTE5NDZhNmExYXx0YXJnZXQ6X2JsYW5rIn0sIjIxMzczX2kiOnsic2luZ2xlX2xpbmsiOiJ1cmw6aHR0cHMlM0ElMkYlMkZ3d3cuY2FsYW1lby5jb20lMkZyZWFkJTJGMDA3NDI1MTA5N2Y5YjgzNTg4ZTFmfHRhcmdldDpfYmxhbmsifSwiMjEzODRfaSI6eyJzaW5nbGVfbGluayI6InVybDpodHRwczovL3d3dy5jYWxhbWVvLmNvbS9yZWFkLzAwNzQyNTEwOThkNzY0OTAxYzQyZXx0YXJnZXQ6X2JsYW5rIn0sIjIxNDA0X2kiOnsic2luZ2xlX2xpbmsiOiJ1cmw6aHR0cHM6Ly93d3cuY2FsYW1lby5jb20vcmVhZC8wMDc0MjUxMDk4ZDc2NDkwMWM0MmV8dGFyZ2V0Ol9ibGFuayJ9LCIyMjIzMl9pIjp7InNpbmdsZV9saW5rIjoidXJsOmh0dHBzOi8vd3d3LmNhbGFtZW8uY29tL3JlYWQvMDA3NDI1MTA5OWYwNjg1NDE4MDRjfHRhcmdldDpfYmxhbmsifSwiMjIyMzVfaSI6eyJzaW5nbGVfbGluayI6InVybDpodHRwczovL3d3dy5jYWxhbWVvLmNvbS9yZWFkLzAwNzQyNTEwOTE0NzNlYTVhNzM0Znx0YXJnZXQ6X2JsYW5rIn0sIjIyMzQzX2kiOnsic2luZ2xlX2xpbmsiOiJ1cmw6aHR0cHM6Ly93d3cuY2FsYW1lby5jb20vcmVhZC8wMDc0MjUxMDllMTMyZWYzYjE1NjV8dGFyZ2V0Ol9ibGFuayJ9LCIyMjQ0Nl9pIjp7InNpbmdsZV9saW5rIjoidXJsOmh0dHBzOi8vd3d3LmNhbGFtZW8uY29tL3JlYWQvMDA3NDI1MTA5YjMzM2YxMWI4OWVjfHRhcmdldDpfYmxhbmsifSwiMjI0NDlfaSI6eyJzaW5nbGVfbGluayI6InVybDpodHRwczovL3d3dy5jYWxhbWVvLmNvbS9yZWFkLzAwNzQyNTEwOWUxMzJlZjNiMTU2NXx0YXJnZXQ6X2JsYW5rIn0sIjIyNDUyX2kiOnsic2luZ2xlX2xpbmsiOiJ1cmw6aHR0cHM6Ly93d3cuY2FsYW1lby5jb20vcmVhZC8wMDc0MjUxMDkxNDczZWE1YTczNGZ8dGFyZ2V0Ol9ibGFuayJ9LCIyMjQ1NV9pIjp7InNpbmdsZV9saW5rIjoidXJsOmh0dHBzOi8vd3d3LmNhbGFtZW8uY29tL3JlYWQvMDA3NDI1MTA5OWYwNjg1NDE4MDRjfHRhcmdldDpfYmxhbmsifSwiMjI0NThfaSI6eyJzaW5nbGVfbGluayI6InVybDpodHRwczovL3d3dy5jYWxhbWVvLmNvbS9yZWFkLzAwNzQyNTEwOTlmMDY4NTQxODA0Y3x0YXJnZXQ6X2JsYW5rIn0sIjIyNDYxX2kiOnsic2luZ2xlX2xpbmsiOiJ1cmw6aHR0cHM6Ly93d3cuY2FsYW1lby5jb20vcmVhZC8wMDc0MjUxMDk4ZDc2NDkwMWM0MmV8dGFyZ2V0Ol9ibGFuayJ9LCIyMjQ2NF9pIjp7InNpbmdsZV9saW5rIjoidXJsOmh0dHBzOi8vd3d3LmNhbGFtZW8uY29tL3JlYWQvMDA3NDI1MTA5YWU5MTk0NmE2YTFhfHRhcmdldDpfYmxhbmsifSwiMjI4MDdfaSI6eyJzaW5nbGVfbGluayI6InVybDpodHRwczovL3d3dy5jYWxhbWVvLmNvbS9yZWFkLzAwNzQyNTEwOTk5Njc3MmI0OWQ1MHx0YXJnZXQ6X2JsYW5rIn0sIjIzNzE3X2kiOnsic2luZ2xlX2xpbmsiOiJ1cmw6aHR0cHM6Ly93d3cuY2FsYW1lby5jb20vcmVhZC8wMDc0MjUxMDlmNjE0NWNkNGJiZWZ8dGFyZ2V0Ol9ibGFuayJ9LCIyNTQzOV9pIjp7InNpbmdsZV9saW5rIjoidXJsOmh0dHBzJTNBJTJGJTJGd3d3LmNhbGFtZW8uY29tJTJGcmVhZCUyRjAwNzQyNTEwOTk5ZTNiZGZiNjgwYXx0YXJnZXQ6X2JsYW5rIn0sIjI1NDUxX2kiOnsic2luZ2xlX2xpbmsiOiJ1cmw6aHR0cHMlM0ElMkYlMkZ3d3cuY2FsYW1lby5jb20lMkZyZWFkJTJGMDA3NDI1MTA5ZjkwNjU5YjBhZDVmfHRhcmdldDpfYmxhbmsifSwiMjU0MzZfaSI6eyJzaW5nbGVfbGluayI6InVybDpodHRwcyUzQSUyRiUyRnd3dy5jYWxhbWVvLmNvbSUyRnJlYWQlMkYwMDc0MjUxMDk3ZjliODM1ODhlMWZ8dGFyZ2V0Ol9ibGFuayJ9LCIyNTQ1NV9pIjp7InNpbmdsZV9saW5rIjoidXJsOmh0dHBzJTNBJTJGJTJGd3d3LmNhbGFtZW8uY29tJTJGcmVhZCUyRjAwNzQyNTEwOTc5MTI2OGFjMDU1MXx0YXJnZXQ6X2JsYW5rIn0sIjI1NDYyX2kiOnsic2luZ2xlX2xpbmsiOiJ1cmw6aHR0cHMlM0ElMkYlMkZ3d3cuY2FsYW1lby5jb20lMkZyZWFkJTJGMDA3NDI1MTA5OGU2MmY5MWMwMjdhfHRhcmdldDpfYmxhbmsifX0=&#8221;][vc_empty_space empty_h=&#8221;2&#8243; desktop_visibility=&#8221;yes&#8221; medium_visibility=&#8221;yes&#8221;][\/vc_column][\/vc_row][vc_row][vc_column width=&#8221;1\/1&#8243;][vc_column_text uncode_shortcode_id=&#8221;167954&#8243;][\/vc_column_text][\/vc_column][\/vc_row]<\/p>\n<\/div>","protected":false},"excerpt":{"rendered":"<p>[vc_row][vc_column width=&#8221;1\/1&#8243;][vc_empty_space empty_h=&#8221;5&#8243;][\/vc_column][\/vc_row][vc_row row_height_percent=&#8221;0&#8243; override_padding=&#8221;yes&#8221; h_padding=&#8221;2&#8243; top_padding=&#8221;0&#8243; bottom_padding=&#8221;5&#8243; overlay_alpha=&#8221;100&#8243; gutter_size=&#8221;100&#8243; column_width_percent=&#8221;100&#8243; shift_y=&#8221;0&#8243; z_index=&#8221;0&#8243; style=&#8221;inherited&#8221; uncode_shortcode_id=&#8221;109012&#8243;][vc_column column_width_percent=&#8221;100&#8243; gutter_size=&#8221;3&#8243; overlay_alpha=&#8221;50&#8243; shift_x=&#8221;0&#8243; shift_y=&#8221;-2&#8243; [&hellip;]<\/p>\n","protected":false},"author":1,"featured_media":0,"parent":0,"menu_order":0,"comment_status":"closed","ping_status":"closed","template":"","meta":{"footnotes":""},"class_list":["post-24714","page","type-page","status-publish","hentry"],"yoast_head":"<!-- This site is optimized with the Yoast SEO plugin v24.0 - https:\/\/yoast.com\/wordpress\/plugins\/seo\/ -->\n<title>Die Ragnithek - RAGNI<\/title>\n<meta name=\"description\" content=\"Hier finden Sie die RAGNI-Dokumentation \u00fcber unsere Produkte, Umweltma\u00dfnahmen, Projektbeispiele und mehr. Die Ragnith\u00e8que, Ihr Entdeckungsraum.\" \/>\n<meta name=\"robots\" content=\"index, follow, max-snippet:-1, max-image-preview:large, max-video-preview:-1\" \/>\n<link rel=\"canonical\" href=\"https:\/\/www.ragni.com\/de\/die-ragnithek\/\" \/>\n<meta property=\"og:locale\" content=\"de_DE\" \/>\n<meta property=\"og:type\" content=\"article\" \/>\n<meta property=\"og:title\" content=\"Die Ragnithek - RAGNI\" \/>\n<meta property=\"og:description\" content=\"Hier finden Sie die RAGNI-Dokumentation \u00fcber unsere Produkte, Umweltma\u00dfnahmen, Projektbeispiele und mehr. Die Ragnith\u00e8que, Ihr Entdeckungsraum.\" \/>\n<meta property=\"og:url\" content=\"https:\/\/www.ragni.com\/de\/die-ragnithek\/\" \/>\n<meta property=\"og:site_name\" content=\"RAGNI\" \/>\n<meta property=\"article:publisher\" content=\"https:\/\/www.facebook.com\/Ragni.SAS\" \/>\n<meta property=\"article:modified_time\" content=\"2026-03-04T13:34:59+00:00\" \/>\n<meta name=\"twitter:card\" content=\"summary_large_image\" \/>\n<meta name=\"twitter:site\" content=\"@RAGNI_SAS\" \/>\n<meta name=\"twitter:label1\" content=\"Est. reading time\" \/>\n\t<meta name=\"twitter:data1\" content=\"1 minute\" \/>\n<script type=\"application\/ld+json\" class=\"yoast-schema-graph\">{\"@context\":\"https:\/\/schema.org\",\"@graph\":[{\"@type\":\"WebPage\",\"@id\":\"https:\/\/www.ragni.com\/de\/die-ragnithek\/\",\"url\":\"https:\/\/www.ragni.com\/de\/die-ragnithek\/\",\"name\":\"Die Ragnithek - RAGNI\",\"isPartOf\":{\"@id\":\"https:\/\/www.ragni.com\/de\/#website\"},\"datePublished\":\"2022-08-12T13:46:39+00:00\",\"dateModified\":\"2026-03-04T13:34:59+00:00\",\"description\":\"Hier finden Sie die RAGNI-Dokumentation \u00fcber unsere Produkte, Umweltma\u00dfnahmen, Projektbeispiele und mehr. Die Ragnith\u00e8que, Ihr Entdeckungsraum.\",\"breadcrumb\":{\"@id\":\"https:\/\/www.ragni.com\/de\/die-ragnithek\/#breadcrumb\"},\"inLanguage\":\"de-DE\",\"potentialAction\":[{\"@type\":\"ReadAction\",\"target\":[\"https:\/\/www.ragni.com\/de\/die-ragnithek\/\"]}]},{\"@type\":\"BreadcrumbList\",\"@id\":\"https:\/\/www.ragni.com\/de\/die-ragnithek\/#breadcrumb\",\"itemListElement\":[{\"@type\":\"ListItem\",\"position\":1,\"name\":\"Accueil\",\"item\":\"https:\/\/www.ragni.com\/de\/\"},{\"@type\":\"ListItem\",\"position\":2,\"name\":\"Die Ragnithek\"}]},{\"@type\":\"WebSite\",\"@id\":\"https:\/\/www.ragni.com\/de\/#website\",\"url\":\"https:\/\/www.ragni.com\/de\/\",\"name\":\"RAGNI\",\"description\":\"La lumi\u00e8re \u00e0 votre image\",\"publisher\":{\"@id\":\"https:\/\/www.ragni.com\/de\/#organization\"},\"potentialAction\":[{\"@type\":\"SearchAction\",\"target\":{\"@type\":\"EntryPoint\",\"urlTemplate\":\"https:\/\/www.ragni.com\/de\/?s={search_term_string}\"},\"query-input\":{\"@type\":\"PropertyValueSpecification\",\"valueRequired\":true,\"valueName\":\"search_term_string\"}}],\"inLanguage\":\"de-DE\"},{\"@type\":\"Organization\",\"@id\":\"https:\/\/www.ragni.com\/de\/#organization\",\"name\":\"RAGNI\",\"url\":\"https:\/\/www.ragni.com\/de\/\",\"logo\":{\"@type\":\"ImageObject\",\"inLanguage\":\"de-DE\",\"@id\":\"https:\/\/www.ragni.com\/de\/#\/schema\/logo\/image\/\",\"url\":\"https:\/\/www.ragni.com\/wp-content\/uploads\/2022\/06\/Groupe-11.png\",\"contentUrl\":\"https:\/\/www.ragni.com\/wp-content\/uploads\/2022\/06\/Groupe-11.png\",\"width\":117,\"height\":40,\"caption\":\"RAGNI\"},\"image\":{\"@id\":\"https:\/\/www.ragni.com\/de\/#\/schema\/logo\/image\/\"},\"sameAs\":[\"https:\/\/www.facebook.com\/Ragni.SAS\",\"https:\/\/x.com\/RAGNI_SAS\",\"https:\/\/www.youtube.com\/channel\/UCg3LCUI39GyNBcrdS9QV9LA\",\"https:\/\/www.linkedin.com\/company\/ragni\"]}]}<\/script>\n<!-- \/ Yoast SEO plugin. -->","yoast_head_json":{"title":"Die Ragnithek - RAGNI","description":"Hier finden Sie die RAGNI-Dokumentation \u00fcber unsere Produkte, Umweltma\u00dfnahmen, Projektbeispiele und mehr. Die Ragnith\u00e8que, Ihr Entdeckungsraum.","robots":{"index":"index","follow":"follow","max-snippet":"max-snippet:-1","max-image-preview":"max-image-preview:large","max-video-preview":"max-video-preview:-1"},"canonical":"https:\/\/www.ragni.com\/de\/die-ragnithek\/","og_locale":"de_DE","og_type":"article","og_title":"Die Ragnithek - RAGNI","og_description":"Hier finden Sie die RAGNI-Dokumentation \u00fcber unsere Produkte, Umweltma\u00dfnahmen, Projektbeispiele und mehr. Die Ragnith\u00e8que, Ihr Entdeckungsraum.","og_url":"https:\/\/www.ragni.com\/de\/die-ragnithek\/","og_site_name":"RAGNI","article_publisher":"https:\/\/www.facebook.com\/Ragni.SAS","article_modified_time":"2026-03-04T13:34:59+00:00","twitter_card":"summary_large_image","twitter_site":"@RAGNI_SAS","twitter_misc":{"Est. reading time":"1 minute"},"schema":{"@context":"https:\/\/schema.org","@graph":[{"@type":"WebPage","@id":"https:\/\/www.ragni.com\/de\/die-ragnithek\/","url":"https:\/\/www.ragni.com\/de\/die-ragnithek\/","name":"Die Ragnithek - RAGNI","isPartOf":{"@id":"https:\/\/www.ragni.com\/de\/#website"},"datePublished":"2022-08-12T13:46:39+00:00","dateModified":"2026-03-04T13:34:59+00:00","description":"Hier finden Sie die RAGNI-Dokumentation \u00fcber unsere Produkte, Umweltma\u00dfnahmen, Projektbeispiele und mehr. Die Ragnith\u00e8que, Ihr Entdeckungsraum.","breadcrumb":{"@id":"https:\/\/www.ragni.com\/de\/die-ragnithek\/#breadcrumb"},"inLanguage":"de-DE","potentialAction":[{"@type":"ReadAction","target":["https:\/\/www.ragni.com\/de\/die-ragnithek\/"]}]},{"@type":"BreadcrumbList","@id":"https:\/\/www.ragni.com\/de\/die-ragnithek\/#breadcrumb","itemListElement":[{"@type":"ListItem","position":1,"name":"Accueil","item":"https:\/\/www.ragni.com\/de\/"},{"@type":"ListItem","position":2,"name":"Die Ragnithek"}]},{"@type":"WebSite","@id":"https:\/\/www.ragni.com\/de\/#website","url":"https:\/\/www.ragni.com\/de\/","name":"RAGNI","description":"La lumi\u00e8re \u00e0 votre image","publisher":{"@id":"https:\/\/www.ragni.com\/de\/#organization"},"potentialAction":[{"@type":"SearchAction","target":{"@type":"EntryPoint","urlTemplate":"https:\/\/www.ragni.com\/de\/?s={search_term_string}"},"query-input":{"@type":"PropertyValueSpecification","valueRequired":true,"valueName":"search_term_string"}}],"inLanguage":"de-DE"},{"@type":"Organization","@id":"https:\/\/www.ragni.com\/de\/#organization","name":"RAGNI","url":"https:\/\/www.ragni.com\/de\/","logo":{"@type":"ImageObject","inLanguage":"de-DE","@id":"https:\/\/www.ragni.com\/de\/#\/schema\/logo\/image\/","url":"https:\/\/www.ragni.com\/wp-content\/uploads\/2022\/06\/Groupe-11.png","contentUrl":"https:\/\/www.ragni.com\/wp-content\/uploads\/2022\/06\/Groupe-11.png","width":117,"height":40,"caption":"RAGNI"},"image":{"@id":"https:\/\/www.ragni.com\/de\/#\/schema\/logo\/image\/"},"sameAs":["https:\/\/www.facebook.com\/Ragni.SAS","https:\/\/x.com\/RAGNI_SAS","https:\/\/www.youtube.com\/channel\/UCg3LCUI39GyNBcrdS9QV9LA","https:\/\/www.linkedin.com\/company\/ragni"]}]}},"_links":{"self":[{"href":"https:\/\/www.ragni.com\/de\/wp-json\/wp\/v2\/pages\/24714","targetHints":{"allow":["GET"]}}],"collection":[{"href":"https:\/\/www.ragni.com\/de\/wp-json\/wp\/v2\/pages"}],"about":[{"href":"https:\/\/www.ragni.com\/de\/wp-json\/wp\/v2\/types\/page"}],"author":[{"embeddable":true,"href":"https:\/\/www.ragni.com\/de\/wp-json\/wp\/v2\/users\/1"}],"replies":[{"embeddable":true,"href":"https:\/\/www.ragni.com\/de\/wp-json\/wp\/v2\/comments?post=24714"}],"version-history":[{"count":8,"href":"https:\/\/www.ragni.com\/de\/wp-json\/wp\/v2\/pages\/24714\/revisions"}],"predecessor-version":[{"id":25434,"href":"https:\/\/www.ragni.com\/de\/wp-json\/wp\/v2\/pages\/24714\/revisions\/25434"}],"wp:attachment":[{"href":"https:\/\/www.ragni.com\/de\/wp-json\/wp\/v2\/media?parent=24714"}],"curies":[{"name":"wp","href":"https:\/\/api.w.org\/{rel}","templated":true}]}}