{"id":24757,"date":"2022-09-07T12:14:22","date_gmt":"2022-09-07T11:14:22","guid":{"rendered":"https:\/\/www.ragni.com\/solarbeleuchtung\/"},"modified":"2026-03-19T16:12:49","modified_gmt":"2026-03-19T15:12:49","slug":"solarbeleuchtung","status":"publish","type":"page","link":"https:\/\/www.ragni.com\/de\/solarbeleuchtung\/","title":{"rendered":"Solarbeleuchtung"},"content":{"rendered":"<div class=\"wpb-content-wrapper\"><p>[vc_row row_height_percent=&#8221;0&#8243; override_padding=&#8221;yes&#8221; h_padding=&#8221;2&#8243; top_padding=&#8221;0&#8243; bottom_padding=&#8221;5&#8243; overlay_alpha=&#8221;50&#8243; gutter_size=&#8221;4&#8243; column_width_percent=&#8221;100&#8243; shift_y=&#8221;0&#8243; z_index=&#8221;0&#8243; uncode_shortcode_id=&#8221;120814&#8243;][vc_column column_width_percent=&#8221;100&#8243; gutter_size=&#8221;3&#8243; overlay_alpha=&#8221;50&#8243; shift_x=&#8221;0&#8243; shift_y=&#8221;-3&#8243; shift_y_fixed=&#8221;yes&#8221; shift_y_down=&#8221;0&#8243; z_index=&#8221;0&#8243; medium_width=&#8221;4&#8243; mobile_width=&#8221;0&#8243; width=&#8221;1\/2&#8243; el_class=&#8221;inverted-device-order&#8221; uncode_shortcode_id=&#8221;903816&#8243;][vc_empty_space empty_h=&#8221;2&#8243; desktop_visibility=&#8221;yes&#8221; medium_visibility=&#8221;yes&#8221;][vc_single_image media=&#8221;28890&#8243; media_width_percent=&#8221;46&#8243; uncode_shortcode_id=&#8221;202761&#8243;][\/vc_column][vc_column column_width_percent=&#8221;100&#8243; position_horizontal=&#8221;left&#8221; position_vertical=&#8221;middle&#8221; gutter_size=&#8221;3&#8243; overlay_alpha=&#8221;50&#8243; shift_x=&#8221;0&#8243; shift_y=&#8221;0&#8243; shift_y_down=&#8221;0&#8243; z_index=&#8221;0&#8243; medium_width=&#8221;4&#8243; mobile_width=&#8221;0&#8243; width=&#8221;1\/2&#8243;][vc_empty_space empty_h=&#8221;2&#8243; mobile_visibility=&#8221;yes&#8221;][vc_separator sep_color=&#8221;color-887341&#8243; css_animation=&#8221;top-t-bottom&#8221; animation_speed=&#8221;900&#8243; uncode_shortcode_id=&#8221;685097&#8243; sep_color_type=&#8221;uncode-palette&#8221; el_width=&#8221;80px&#8221; el_height=&#8221;2px&#8221;][vc_row_inner limit_content=&#8221;&#8221;][vc_column_inner column_width_percent=&#8221;100&#8243; gutter_size=&#8221;2&#8243; overlay_alpha=&#8221;50&#8243; shift_x=&#8221;0&#8243; shift_y=&#8221;0&#8243; shift_y_down=&#8221;0&#8243; z_index=&#8221;0&#8243; medium_width=&#8221;0&#8243; mobile_width=&#8221;0&#8243; css_animation=&#8221;left-t-right&#8221; animation_speed=&#8221;900&#8243; width=&#8221;1\/1&#8243; uncode_shortcode_id=&#8221;195253&#8243;][vc_column_text css_animation=&#8221;left-t-right&#8221; animation_speed=&#8221;900&#8243; uncode_shortcode_id=&#8221;185253&#8243;]Seit 2015 integriert die GROUPE RAGNI den Spezialisten f\u00fcr \u00f6ffentliche Beleuchtung mit autarker Solarbeleuchtung, NOV\u00c9A \u00c9NERGIES. Als Vorreiter in Frankreich und Europa bietet das sch\u00f6ne Unternehmen aus Angers (West-Frankreich) Qualit\u00e4tsprodukte mit den besten Lebensdauern und Garantien auf dem Markt, verbunden mit einem sehr hohen Know-How. Der Projektansatz ist ebenfalls ein Schl\u00fcsselelement in der DNA von NOV\u00c9A ENERGIES, die ihre Kunden von der Projektanforderung bis zur Definition der besten technischen L\u00f6sung durch drei komplement\u00e4re Studien begleitet.[\/vc_column_text][vc_empty_space empty_h=&#8221;2&#8243;][\/vc_column_inner][\/vc_row_inner][vc_button button_color=&#8221;color-143419&#8243; size=&#8221;btn-lg&#8221; outline=&#8221;yes&#8221; shadow=&#8221;yes&#8221; shadow_weight=&#8221;sm&#8221; border_width=&#8221;0&#8243; display=&#8221;inline&#8221; top_margin=&#8221;yes&#8221; css_animation=&#8221;bottom-t-top&#8221; animation_speed=&#8221;900&#8243; uncode_shortcode_id=&#8221;866753&#8243; width=&#8221;200px&#8221; el_class=&#8221;buttonwh&#8221; link=&#8221;url:https%3A%2F%2Fwww.novea-energies.com%2Fde%2F|target:_blank|rel:nofollow&#8221; button_color_type=&#8221;uncode-palette&#8221;]ZEIGEN SIE MIR DIE PRODUKTE VON NOV\u00c9A ENERGIES[\/vc_button][vc_column_text uncode_shortcode_id=&#8221;136577&#8243;]<strong>Folgen Sie Nov\u00e9a \u00c9nergies auf den Sozialen Netzwerken <\/strong>[\/vc_column_text][vc_row_inner][vc_column_inner width=&#8221;1\/1&#8243;][vc_icon display=&#8221;inline&#8221; icon=&#8221;fa fa-linkedin-square&#8221; size=&#8221;fa-2x&#8221; heading_semantic=&#8221;p&#8221; uncode_shortcode_id=&#8221;946468&#8243; link=&#8221;url:https%3A%2F%2Fwww.linkedin.com%2Fcompany%2Fnovea-energies%2F|target:_blank|&#8221;][\/vc_icon][vc_icon display=&#8221;inline&#8221; icon=&#8221;fa fa-twitter-square&#8221; size=&#8221;fa-2x&#8221; heading_semantic=&#8221;p&#8221; uncode_shortcode_id=&#8221;129562&#8243; link=&#8221;url:https%3A%2F%2Ftwitter.com%2FNoveaEnergies|target:_blank|&#8221;][\/vc_icon][vc_icon display=&#8221;inline&#8221; icon=&#8221;fa fa-youtube-play&#8221; size=&#8221;fa-2x&#8221; heading_semantic=&#8221;p&#8221; uncode_shortcode_id=&#8221;191406&#8243; link=&#8221;url:https%3A%2F%2Fwww.youtube.com%2F%40noveaenergies1888|target:_blank|&#8221;][\/vc_icon][vc_icon display=&#8221;inline&#8221; icon=&#8221;fa fa-facebook-square&#8221; size=&#8221;fa-2x&#8221; heading_semantic=&#8221;p&#8221; uncode_shortcode_id=&#8221;148798&#8243; link=&#8221;url:https%3A%2F%2Fwww.facebook.com%2Fnoveaenergies|target:_blank|&#8221;][\/vc_icon][\/vc_column_inner][\/vc_row_inner][\/vc_column][\/vc_row][vc_row][vc_column width=&#8221;1\/1&#8243;][vc_column_text uncode_shortcode_id=&#8221;167954&#8243;][\/vc_column_text][\/vc_column][\/vc_row]<\/p>\n<\/div>","protected":false},"excerpt":{"rendered":"<p>[vc_row row_height_percent=&#8221;0&#8243; override_padding=&#8221;yes&#8221; h_padding=&#8221;2&#8243; top_padding=&#8221;0&#8243; bottom_padding=&#8221;5&#8243; overlay_alpha=&#8221;50&#8243; gutter_size=&#8221;4&#8243; column_width_percent=&#8221;100&#8243; shift_y=&#8221;0&#8243; z_index=&#8221;0&#8243; uncode_shortcode_id=&#8221;120814&#8243;][vc_column column_width_percent=&#8221;100&#8243; gutter_size=&#8221;3&#8243; overlay_alpha=&#8221;50&#8243; shift_x=&#8221;0&#8243; shift_y=&#8221;-3&#8243; shift_y_fixed=&#8221;yes&#8221; shift_y_down=&#8221;0&#8243; z_index=&#8221;0&#8243; [&hellip;]<\/p>\n","protected":false},"author":1,"featured_media":4533,"parent":0,"menu_order":0,"comment_status":"closed","ping_status":"closed","template":"","meta":{"footnotes":""},"class_list":["post-24757","page","type-page","status-publish","has-post-thumbnail","hentry","page_category-unsere-produkte"],"yoast_head":"<!-- This site is optimized with the Yoast SEO plugin v24.0 - https:\/\/yoast.com\/wordpress\/plugins\/seo\/ -->\n<title>Solarbeleuchtung - RAGNI<\/title>\n<meta name=\"description\" content=\"Ragni wird Teil des Spezialisten f\u00fcr autarke Solarbeleuchtung, Nov\u00e9a Energies. Der Projektansatz ist ein Schl\u00fcsselelement in der DNA von Nov\u00e9a Energies.\" \/>\n<meta name=\"robots\" content=\"index, follow, max-snippet:-1, max-image-preview:large, max-video-preview:-1\" \/>\n<link rel=\"canonical\" href=\"https:\/\/www.ragni.com\/de\/solarbeleuchtung\/\" \/>\n<meta property=\"og:locale\" content=\"de_DE\" \/>\n<meta property=\"og:type\" content=\"article\" \/>\n<meta property=\"og:title\" content=\"Solarbeleuchtung - RAGNI\" \/>\n<meta property=\"og:description\" content=\"Ragni wird Teil des Spezialisten f\u00fcr autarke Solarbeleuchtung, Nov\u00e9a Energies. Der Projektansatz ist ein Schl\u00fcsselelement in der DNA von Nov\u00e9a Energies.\" \/>\n<meta property=\"og:url\" content=\"https:\/\/www.ragni.com\/de\/solarbeleuchtung\/\" \/>\n<meta property=\"og:site_name\" content=\"RAGNI\" \/>\n<meta property=\"article:publisher\" content=\"https:\/\/www.facebook.com\/Ragni.SAS\" \/>\n<meta property=\"article:modified_time\" content=\"2026-03-19T15:12:49+00:00\" \/>\n<meta property=\"og:image\" content=\"https:\/\/www.ragni.com\/wp-content\/uploads\/2022\/11\/eclairage_solaire.png\" \/>\n\t<meta property=\"og:image:width\" content=\"800\" \/>\n\t<meta property=\"og:image:height\" content=\"800\" \/>\n\t<meta property=\"og:image:type\" content=\"image\/png\" \/>\n<meta name=\"twitter:card\" content=\"summary_large_image\" \/>\n<meta name=\"twitter:site\" content=\"@RAGNI_SAS\" \/>\n<meta name=\"twitter:label1\" content=\"Est. reading time\" \/>\n\t<meta name=\"twitter:data1\" content=\"2 minutes\" \/>\n<script type=\"application\/ld+json\" class=\"yoast-schema-graph\">{\"@context\":\"https:\/\/schema.org\",\"@graph\":[{\"@type\":\"WebPage\",\"@id\":\"https:\/\/www.ragni.com\/de\/solarbeleuchtung\/\",\"url\":\"https:\/\/www.ragni.com\/de\/solarbeleuchtung\/\",\"name\":\"Solarbeleuchtung - RAGNI\",\"isPartOf\":{\"@id\":\"https:\/\/www.ragni.com\/de\/#website\"},\"primaryImageOfPage\":{\"@id\":\"https:\/\/www.ragni.com\/de\/solarbeleuchtung\/#primaryimage\"},\"image\":{\"@id\":\"https:\/\/www.ragni.com\/de\/solarbeleuchtung\/#primaryimage\"},\"thumbnailUrl\":\"https:\/\/www.ragni.com\/wp-content\/uploads\/2022\/11\/eclairage_solaire.png\",\"datePublished\":\"2022-09-07T11:14:22+00:00\",\"dateModified\":\"2026-03-19T15:12:49+00:00\",\"description\":\"Ragni wird Teil des Spezialisten f\u00fcr autarke Solarbeleuchtung, Nov\u00e9a Energies. Der Projektansatz ist ein Schl\u00fcsselelement in der DNA von Nov\u00e9a Energies.\",\"breadcrumb\":{\"@id\":\"https:\/\/www.ragni.com\/de\/solarbeleuchtung\/#breadcrumb\"},\"inLanguage\":\"de-DE\",\"potentialAction\":[{\"@type\":\"ReadAction\",\"target\":[\"https:\/\/www.ragni.com\/de\/solarbeleuchtung\/\"]}]},{\"@type\":\"ImageObject\",\"inLanguage\":\"de-DE\",\"@id\":\"https:\/\/www.ragni.com\/de\/solarbeleuchtung\/#primaryimage\",\"url\":\"https:\/\/www.ragni.com\/wp-content\/uploads\/2022\/11\/eclairage_solaire.png\",\"contentUrl\":\"https:\/\/www.ragni.com\/wp-content\/uploads\/2022\/11\/eclairage_solaire.png\",\"width\":800,\"height\":800},{\"@type\":\"BreadcrumbList\",\"@id\":\"https:\/\/www.ragni.com\/de\/solarbeleuchtung\/#breadcrumb\",\"itemListElement\":[{\"@type\":\"ListItem\",\"position\":1,\"name\":\"Accueil\",\"item\":\"https:\/\/www.ragni.com\/de\/\"},{\"@type\":\"ListItem\",\"position\":2,\"name\":\"Solarbeleuchtung\"}]},{\"@type\":\"WebSite\",\"@id\":\"https:\/\/www.ragni.com\/de\/#website\",\"url\":\"https:\/\/www.ragni.com\/de\/\",\"name\":\"RAGNI\",\"description\":\"La lumi\u00e8re \u00e0 votre image\",\"publisher\":{\"@id\":\"https:\/\/www.ragni.com\/de\/#organization\"},\"potentialAction\":[{\"@type\":\"SearchAction\",\"target\":{\"@type\":\"EntryPoint\",\"urlTemplate\":\"https:\/\/www.ragni.com\/de\/?s={search_term_string}\"},\"query-input\":{\"@type\":\"PropertyValueSpecification\",\"valueRequired\":true,\"valueName\":\"search_term_string\"}}],\"inLanguage\":\"de-DE\"},{\"@type\":\"Organization\",\"@id\":\"https:\/\/www.ragni.com\/de\/#organization\",\"name\":\"RAGNI\",\"url\":\"https:\/\/www.ragni.com\/de\/\",\"logo\":{\"@type\":\"ImageObject\",\"inLanguage\":\"de-DE\",\"@id\":\"https:\/\/www.ragni.com\/de\/#\/schema\/logo\/image\/\",\"url\":\"https:\/\/www.ragni.com\/wp-content\/uploads\/2022\/06\/Groupe-11.png\",\"contentUrl\":\"https:\/\/www.ragni.com\/wp-content\/uploads\/2022\/06\/Groupe-11.png\",\"width\":117,\"height\":40,\"caption\":\"RAGNI\"},\"image\":{\"@id\":\"https:\/\/www.ragni.com\/de\/#\/schema\/logo\/image\/\"},\"sameAs\":[\"https:\/\/www.facebook.com\/Ragni.SAS\",\"https:\/\/x.com\/RAGNI_SAS\",\"https:\/\/www.youtube.com\/channel\/UCg3LCUI39GyNBcrdS9QV9LA\",\"https:\/\/www.linkedin.com\/company\/ragni\"]}]}<\/script>\n<!-- \/ Yoast SEO plugin. -->","yoast_head_json":{"title":"Solarbeleuchtung - RAGNI","description":"Ragni wird Teil des Spezialisten f\u00fcr autarke Solarbeleuchtung, Nov\u00e9a Energies. Der Projektansatz ist ein Schl\u00fcsselelement in der DNA von Nov\u00e9a Energies.","robots":{"index":"index","follow":"follow","max-snippet":"max-snippet:-1","max-image-preview":"max-image-preview:large","max-video-preview":"max-video-preview:-1"},"canonical":"https:\/\/www.ragni.com\/de\/solarbeleuchtung\/","og_locale":"de_DE","og_type":"article","og_title":"Solarbeleuchtung - RAGNI","og_description":"Ragni wird Teil des Spezialisten f\u00fcr autarke Solarbeleuchtung, Nov\u00e9a Energies. Der Projektansatz ist ein Schl\u00fcsselelement in der DNA von Nov\u00e9a Energies.","og_url":"https:\/\/www.ragni.com\/de\/solarbeleuchtung\/","og_site_name":"RAGNI","article_publisher":"https:\/\/www.facebook.com\/Ragni.SAS","article_modified_time":"2026-03-19T15:12:49+00:00","og_image":[{"width":800,"height":800,"url":"https:\/\/www.ragni.com\/wp-content\/uploads\/2022\/11\/eclairage_solaire.png","type":"image\/png"}],"twitter_card":"summary_large_image","twitter_site":"@RAGNI_SAS","twitter_misc":{"Est. reading time":"2 minutes"},"schema":{"@context":"https:\/\/schema.org","@graph":[{"@type":"WebPage","@id":"https:\/\/www.ragni.com\/de\/solarbeleuchtung\/","url":"https:\/\/www.ragni.com\/de\/solarbeleuchtung\/","name":"Solarbeleuchtung - RAGNI","isPartOf":{"@id":"https:\/\/www.ragni.com\/de\/#website"},"primaryImageOfPage":{"@id":"https:\/\/www.ragni.com\/de\/solarbeleuchtung\/#primaryimage"},"image":{"@id":"https:\/\/www.ragni.com\/de\/solarbeleuchtung\/#primaryimage"},"thumbnailUrl":"https:\/\/www.ragni.com\/wp-content\/uploads\/2022\/11\/eclairage_solaire.png","datePublished":"2022-09-07T11:14:22+00:00","dateModified":"2026-03-19T15:12:49+00:00","description":"Ragni wird Teil des Spezialisten f\u00fcr autarke Solarbeleuchtung, Nov\u00e9a Energies. Der Projektansatz ist ein Schl\u00fcsselelement in der DNA von Nov\u00e9a Energies.","breadcrumb":{"@id":"https:\/\/www.ragni.com\/de\/solarbeleuchtung\/#breadcrumb"},"inLanguage":"de-DE","potentialAction":[{"@type":"ReadAction","target":["https:\/\/www.ragni.com\/de\/solarbeleuchtung\/"]}]},{"@type":"ImageObject","inLanguage":"de-DE","@id":"https:\/\/www.ragni.com\/de\/solarbeleuchtung\/#primaryimage","url":"https:\/\/www.ragni.com\/wp-content\/uploads\/2022\/11\/eclairage_solaire.png","contentUrl":"https:\/\/www.ragni.com\/wp-content\/uploads\/2022\/11\/eclairage_solaire.png","width":800,"height":800},{"@type":"BreadcrumbList","@id":"https:\/\/www.ragni.com\/de\/solarbeleuchtung\/#breadcrumb","itemListElement":[{"@type":"ListItem","position":1,"name":"Accueil","item":"https:\/\/www.ragni.com\/de\/"},{"@type":"ListItem","position":2,"name":"Solarbeleuchtung"}]},{"@type":"WebSite","@id":"https:\/\/www.ragni.com\/de\/#website","url":"https:\/\/www.ragni.com\/de\/","name":"RAGNI","description":"La lumi\u00e8re \u00e0 votre image","publisher":{"@id":"https:\/\/www.ragni.com\/de\/#organization"},"potentialAction":[{"@type":"SearchAction","target":{"@type":"EntryPoint","urlTemplate":"https:\/\/www.ragni.com\/de\/?s={search_term_string}"},"query-input":{"@type":"PropertyValueSpecification","valueRequired":true,"valueName":"search_term_string"}}],"inLanguage":"de-DE"},{"@type":"Organization","@id":"https:\/\/www.ragni.com\/de\/#organization","name":"RAGNI","url":"https:\/\/www.ragni.com\/de\/","logo":{"@type":"ImageObject","inLanguage":"de-DE","@id":"https:\/\/www.ragni.com\/de\/#\/schema\/logo\/image\/","url":"https:\/\/www.ragni.com\/wp-content\/uploads\/2022\/06\/Groupe-11.png","contentUrl":"https:\/\/www.ragni.com\/wp-content\/uploads\/2022\/06\/Groupe-11.png","width":117,"height":40,"caption":"RAGNI"},"image":{"@id":"https:\/\/www.ragni.com\/de\/#\/schema\/logo\/image\/"},"sameAs":["https:\/\/www.facebook.com\/Ragni.SAS","https:\/\/x.com\/RAGNI_SAS","https:\/\/www.youtube.com\/channel\/UCg3LCUI39GyNBcrdS9QV9LA","https:\/\/www.linkedin.com\/company\/ragni"]}]}},"_links":{"self":[{"href":"https:\/\/www.ragni.com\/de\/wp-json\/wp\/v2\/pages\/24757","targetHints":{"allow":["GET"]}}],"collection":[{"href":"https:\/\/www.ragni.com\/de\/wp-json\/wp\/v2\/pages"}],"about":[{"href":"https:\/\/www.ragni.com\/de\/wp-json\/wp\/v2\/types\/page"}],"author":[{"embeddable":true,"href":"https:\/\/www.ragni.com\/de\/wp-json\/wp\/v2\/users\/1"}],"replies":[{"embeddable":true,"href":"https:\/\/www.ragni.com\/de\/wp-json\/wp\/v2\/comments?post=24757"}],"version-history":[{"count":5,"href":"https:\/\/www.ragni.com\/de\/wp-json\/wp\/v2\/pages\/24757\/revisions"}],"predecessor-version":[{"id":29654,"href":"https:\/\/www.ragni.com\/de\/wp-json\/wp\/v2\/pages\/24757\/revisions\/29654"}],"wp:featuredmedia":[{"embeddable":true,"href":"https:\/\/www.ragni.com\/de\/wp-json\/wp\/v2\/media\/4533"}],"wp:attachment":[{"href":"https:\/\/www.ragni.com\/de\/wp-json\/wp\/v2\/media?parent=24757"}],"curies":[{"name":"wp","href":"https:\/\/api.w.org\/{rel}","templated":true}]}}