{"id":24765,"date":"2022-09-23T12:32:05","date_gmt":"2022-09-23T11:32:05","guid":{"rendered":"https:\/\/www.ragni.com\/finden-sie-uns-world\/"},"modified":"2026-02-26T15:54:06","modified_gmt":"2026-02-26T14:54:06","slug":"finden-sie-uns-world","status":"publish","type":"page","link":"https:\/\/www.ragni.com\/de\/finden-sie-uns-world\/","title":{"rendered":"Finden Sie uns world"},"content":{"rendered":"<div class=\"wpb-content-wrapper\"><p>[vc_row row_height_percent=&#8221;0&#8243; overlay_alpha=&#8221;50&#8243; gutter_size=&#8221;3&#8243; column_width_percent=&#8221;100&#8243; shift_y=&#8221;0&#8243; z_index=&#8221;0&#8243; desktop_visibility=&#8221;yes&#8221; medium_visibility=&#8221;yes&#8221; mobile_visibility=&#8221;yes&#8221; uncode_shortcode_id=&#8221;147987&#8243;][vc_column column_width_percent=&#8221;100&#8243; position_vertical=&#8221;middle&#8221; align_horizontal=&#8221;align_center&#8221; gutter_size=&#8221;3&#8243; overlay_alpha=&#8221;50&#8243; shift_x=&#8221;0&#8243; shift_y=&#8221;0&#8243; shift_y_down=&#8221;0&#8243; z_index=&#8221;0&#8243; medium_width=&#8221;0&#8243; mobile_width=&#8221;0&#8243; width=&#8221;1\/1&#8243; uncode_shortcode_id=&#8221;326797&#8243;][vc_custom_heading heading_semantic=&#8221;h1&#8243; text_size=&#8221;fontsize-137643&#8243; text_transform=&#8221;uppercase&#8221; separator=&#8221;yes&#8221; separator_color=&#8221;yes&#8221; uncode_shortcode_id=&#8221;148593&#8243;]wo Sie uns finden[\/vc_custom_heading][\/vc_column][\/vc_row][vc_row][vc_column width=&#8221;1\/1&#8243;][vc_column_text uncode_shortcode_id=&#8221;167954&#8243;][\/vc_column_text][\/vc_column][\/vc_row][vc_row unlock_row_content=&#8221;yes&#8221; row_height_percent=&#8221;0&#8243; overlay_alpha=&#8221;50&#8243; gutter_size=&#8221;3&#8243; column_width_use_pixel=&#8221;yes&#8221; shift_y=&#8221;0&#8243; z_index=&#8221;0&#8243; uncode_shortcode_id=&#8221;151121&#8243; column_width_pixel=&#8221;1500&#8243;][vc_column column_width_percent=&#8221;100&#8243; gutter_size=&#8221;3&#8243; overlay_alpha=&#8221;50&#8243; shift_x=&#8221;0&#8243; shift_y=&#8221;0&#8243; shift_y_down=&#8221;0&#8243; z_index=&#8221;0&#8243; medium_width=&#8221;0&#8243; mobile_width=&#8221;0&#8243; width=&#8221;1\/1&#8243; uncode_shortcode_id=&#8221;114592&#8243;][vc_row_inner][vc_column_inner column_width_percent=&#8221;100&#8243; align_horizontal=&#8221;align_center&#8221; gutter_size=&#8221;3&#8243; overlay_alpha=&#8221;50&#8243; shift_x=&#8221;0&#8243; shift_y=&#8221;0&#8243; shift_y_down=&#8221;0&#8243; z_index=&#8221;0&#8243; medium_width=&#8221;0&#8243; mobile_width=&#8221;0&#8243; width=&#8221;1\/1&#8243; uncode_shortcode_id=&#8221;202588&#8243;][vc_button button_color=&#8221;accent&#8221; outline=&#8221;yes&#8221; border_width=&#8221;0&#8243; display=&#8221;inline&#8221; top_margin=&#8221;yes&#8221; link=&#8221;url:https%3A%2F%2Fwww.ragni.com%2Fde%2Ffinden-sie-uns%2F|title:Finden%20Sie%20uns|&#8221; button_color_type=&#8221;uncode-palette&#8221; uncode_shortcode_id=&#8221;193486&#8243;]So finden Sie uns in Frankreich [\/vc_button][vc_button button_color=&#8221;accent&#8221; border_width=&#8221;0&#8243; display=&#8221;inline&#8221; top_margin=&#8221;yes&#8221; link=&#8221;url:https%3A%2F%2Fwww.ragni.com%2Fde%2Ffinden-sie-uns-world%2F|title:Finden%20Sie%20uns|&#8221; button_color_type=&#8221;uncode-palette&#8221; uncode_shortcode_id=&#8221;201880&#8243;]Uns in der Welt finden[\/vc_button][vc_empty_space empty_h=&#8221;2&#8243;][\/vc_column_inner][\/vc_row_inner][\/vc_column][\/vc_row][vc_row][vc_column width=&#8221;1\/1&#8243;][vc_raw_html]JTVCd29ybGRjb3VudHJpZXNodG1sNW1hcCUyMGlkJTNEJTIyNSUyMiU1RA==[\/vc_raw_html][\/vc_column][\/vc_row]<\/p>\n<\/div>","protected":false},"excerpt":{"rendered":"<p>[vc_row row_height_percent=&#8221;0&#8243; overlay_alpha=&#8221;50&#8243; gutter_size=&#8221;3&#8243; column_width_percent=&#8221;100&#8243; shift_y=&#8221;0&#8243; z_index=&#8221;0&#8243; desktop_visibility=&#8221;yes&#8221; medium_visibility=&#8221;yes&#8221; mobile_visibility=&#8221;yes&#8221; uncode_shortcode_id=&#8221;147987&#8243;][vc_column column_width_percent=&#8221;100&#8243; position_vertical=&#8221;middle&#8221; align_horizontal=&#8221;align_center&#8221; gutter_size=&#8221;3&#8243; overlay_alpha=&#8221;50&#8243; shift_x=&#8221;0&#8243; shift_y=&#8221;0&#8243; shift_y_down=&#8221;0&#8243; z_index=&#8221;0&#8243; [&hellip;]<\/p>\n","protected":false},"author":1,"featured_media":0,"parent":0,"menu_order":0,"comment_status":"closed","ping_status":"closed","template":"","meta":{"footnotes":""},"class_list":["post-24765","page","type-page","status-publish","hentry"],"yoast_head":"<!-- This site is optimized with the Yoast SEO plugin v24.0 - https:\/\/yoast.com\/wordpress\/plugins\/seo\/ -->\n<title>Finden Sie uns world - RAGNI<\/title>\n<meta name=\"description\" content=\"Ragni est une entreprise familiale fond\u00e9e en 1927 fabricants fran\u00e7ais ind\u00e9pendants de son secteur : l&#039;\u00e9clairage public\" \/>\n<meta name=\"robots\" content=\"index, follow, max-snippet:-1, max-image-preview:large, max-video-preview:-1\" \/>\n<link rel=\"canonical\" href=\"https:\/\/www.ragni.com\/de\/finden-sie-uns-world\/\" \/>\n<meta property=\"og:locale\" content=\"de_DE\" \/>\n<meta property=\"og:type\" content=\"article\" \/>\n<meta property=\"og:title\" content=\"Finden Sie uns world - RAGNI\" \/>\n<meta property=\"og:description\" content=\"Ragni est une entreprise familiale fond\u00e9e en 1927 fabricants fran\u00e7ais ind\u00e9pendants de son secteur : l&#039;\u00e9clairage public\" \/>\n<meta property=\"og:url\" content=\"https:\/\/www.ragni.com\/de\/finden-sie-uns-world\/\" \/>\n<meta property=\"og:site_name\" content=\"RAGNI\" \/>\n<meta property=\"article:publisher\" content=\"https:\/\/www.facebook.com\/Ragni.SAS\" \/>\n<meta property=\"article:modified_time\" content=\"2026-02-26T14:54:06+00:00\" \/>\n<meta name=\"twitter:card\" content=\"summary_large_image\" \/>\n<meta name=\"twitter:site\" content=\"@RAGNI_SAS\" \/>\n<meta name=\"twitter:label1\" content=\"Est. reading time\" \/>\n\t<meta name=\"twitter:data1\" content=\"1 minute\" \/>\n<script type=\"application\/ld+json\" class=\"yoast-schema-graph\">{\"@context\":\"https:\/\/schema.org\",\"@graph\":[{\"@type\":\"WebPage\",\"@id\":\"https:\/\/www.ragni.com\/de\/finden-sie-uns-world\/\",\"url\":\"https:\/\/www.ragni.com\/de\/finden-sie-uns-world\/\",\"name\":\"Finden Sie uns world - RAGNI\",\"isPartOf\":{\"@id\":\"https:\/\/www.ragni.com\/de\/#website\"},\"datePublished\":\"2022-09-23T11:32:05+00:00\",\"dateModified\":\"2026-02-26T14:54:06+00:00\",\"description\":\"Ragni est une entreprise familiale fond\u00e9e en 1927 fabricants fran\u00e7ais ind\u00e9pendants de son secteur : l'\u00e9clairage public\",\"breadcrumb\":{\"@id\":\"https:\/\/www.ragni.com\/de\/finden-sie-uns-world\/#breadcrumb\"},\"inLanguage\":\"de-DE\",\"potentialAction\":[{\"@type\":\"ReadAction\",\"target\":[\"https:\/\/www.ragni.com\/de\/finden-sie-uns-world\/\"]}]},{\"@type\":\"BreadcrumbList\",\"@id\":\"https:\/\/www.ragni.com\/de\/finden-sie-uns-world\/#breadcrumb\",\"itemListElement\":[{\"@type\":\"ListItem\",\"position\":1,\"name\":\"Accueil\",\"item\":\"https:\/\/www.ragni.com\/de\/\"},{\"@type\":\"ListItem\",\"position\":2,\"name\":\"Finden Sie uns world\"}]},{\"@type\":\"WebSite\",\"@id\":\"https:\/\/www.ragni.com\/de\/#website\",\"url\":\"https:\/\/www.ragni.com\/de\/\",\"name\":\"RAGNI\",\"description\":\"La lumi\u00e8re \u00e0 votre image\",\"publisher\":{\"@id\":\"https:\/\/www.ragni.com\/de\/#organization\"},\"potentialAction\":[{\"@type\":\"SearchAction\",\"target\":{\"@type\":\"EntryPoint\",\"urlTemplate\":\"https:\/\/www.ragni.com\/de\/?s={search_term_string}\"},\"query-input\":{\"@type\":\"PropertyValueSpecification\",\"valueRequired\":true,\"valueName\":\"search_term_string\"}}],\"inLanguage\":\"de-DE\"},{\"@type\":\"Organization\",\"@id\":\"https:\/\/www.ragni.com\/de\/#organization\",\"name\":\"RAGNI\",\"url\":\"https:\/\/www.ragni.com\/de\/\",\"logo\":{\"@type\":\"ImageObject\",\"inLanguage\":\"de-DE\",\"@id\":\"https:\/\/www.ragni.com\/de\/#\/schema\/logo\/image\/\",\"url\":\"https:\/\/www.ragni.com\/wp-content\/uploads\/2022\/06\/Groupe-11.png\",\"contentUrl\":\"https:\/\/www.ragni.com\/wp-content\/uploads\/2022\/06\/Groupe-11.png\",\"width\":117,\"height\":40,\"caption\":\"RAGNI\"},\"image\":{\"@id\":\"https:\/\/www.ragni.com\/de\/#\/schema\/logo\/image\/\"},\"sameAs\":[\"https:\/\/www.facebook.com\/Ragni.SAS\",\"https:\/\/x.com\/RAGNI_SAS\",\"https:\/\/www.youtube.com\/channel\/UCg3LCUI39GyNBcrdS9QV9LA\",\"https:\/\/www.linkedin.com\/company\/ragni\"]}]}<\/script>\n<!-- \/ Yoast SEO plugin. -->","yoast_head_json":{"title":"Finden Sie uns world - RAGNI","description":"Ragni est une entreprise familiale fond\u00e9e en 1927 fabricants fran\u00e7ais ind\u00e9pendants de son secteur : l'\u00e9clairage public","robots":{"index":"index","follow":"follow","max-snippet":"max-snippet:-1","max-image-preview":"max-image-preview:large","max-video-preview":"max-video-preview:-1"},"canonical":"https:\/\/www.ragni.com\/de\/finden-sie-uns-world\/","og_locale":"de_DE","og_type":"article","og_title":"Finden Sie uns world - RAGNI","og_description":"Ragni est une entreprise familiale fond\u00e9e en 1927 fabricants fran\u00e7ais ind\u00e9pendants de son secteur : l'\u00e9clairage public","og_url":"https:\/\/www.ragni.com\/de\/finden-sie-uns-world\/","og_site_name":"RAGNI","article_publisher":"https:\/\/www.facebook.com\/Ragni.SAS","article_modified_time":"2026-02-26T14:54:06+00:00","twitter_card":"summary_large_image","twitter_site":"@RAGNI_SAS","twitter_misc":{"Est. reading time":"1 minute"},"schema":{"@context":"https:\/\/schema.org","@graph":[{"@type":"WebPage","@id":"https:\/\/www.ragni.com\/de\/finden-sie-uns-world\/","url":"https:\/\/www.ragni.com\/de\/finden-sie-uns-world\/","name":"Finden Sie uns world - RAGNI","isPartOf":{"@id":"https:\/\/www.ragni.com\/de\/#website"},"datePublished":"2022-09-23T11:32:05+00:00","dateModified":"2026-02-26T14:54:06+00:00","description":"Ragni est une entreprise familiale fond\u00e9e en 1927 fabricants fran\u00e7ais ind\u00e9pendants de son secteur : l'\u00e9clairage public","breadcrumb":{"@id":"https:\/\/www.ragni.com\/de\/finden-sie-uns-world\/#breadcrumb"},"inLanguage":"de-DE","potentialAction":[{"@type":"ReadAction","target":["https:\/\/www.ragni.com\/de\/finden-sie-uns-world\/"]}]},{"@type":"BreadcrumbList","@id":"https:\/\/www.ragni.com\/de\/finden-sie-uns-world\/#breadcrumb","itemListElement":[{"@type":"ListItem","position":1,"name":"Accueil","item":"https:\/\/www.ragni.com\/de\/"},{"@type":"ListItem","position":2,"name":"Finden Sie uns world"}]},{"@type":"WebSite","@id":"https:\/\/www.ragni.com\/de\/#website","url":"https:\/\/www.ragni.com\/de\/","name":"RAGNI","description":"La lumi\u00e8re \u00e0 votre image","publisher":{"@id":"https:\/\/www.ragni.com\/de\/#organization"},"potentialAction":[{"@type":"SearchAction","target":{"@type":"EntryPoint","urlTemplate":"https:\/\/www.ragni.com\/de\/?s={search_term_string}"},"query-input":{"@type":"PropertyValueSpecification","valueRequired":true,"valueName":"search_term_string"}}],"inLanguage":"de-DE"},{"@type":"Organization","@id":"https:\/\/www.ragni.com\/de\/#organization","name":"RAGNI","url":"https:\/\/www.ragni.com\/de\/","logo":{"@type":"ImageObject","inLanguage":"de-DE","@id":"https:\/\/www.ragni.com\/de\/#\/schema\/logo\/image\/","url":"https:\/\/www.ragni.com\/wp-content\/uploads\/2022\/06\/Groupe-11.png","contentUrl":"https:\/\/www.ragni.com\/wp-content\/uploads\/2022\/06\/Groupe-11.png","width":117,"height":40,"caption":"RAGNI"},"image":{"@id":"https:\/\/www.ragni.com\/de\/#\/schema\/logo\/image\/"},"sameAs":["https:\/\/www.facebook.com\/Ragni.SAS","https:\/\/x.com\/RAGNI_SAS","https:\/\/www.youtube.com\/channel\/UCg3LCUI39GyNBcrdS9QV9LA","https:\/\/www.linkedin.com\/company\/ragni"]}]}},"_links":{"self":[{"href":"https:\/\/www.ragni.com\/de\/wp-json\/wp\/v2\/pages\/24765","targetHints":{"allow":["GET"]}}],"collection":[{"href":"https:\/\/www.ragni.com\/de\/wp-json\/wp\/v2\/pages"}],"about":[{"href":"https:\/\/www.ragni.com\/de\/wp-json\/wp\/v2\/types\/page"}],"author":[{"embeddable":true,"href":"https:\/\/www.ragni.com\/de\/wp-json\/wp\/v2\/users\/1"}],"replies":[{"embeddable":true,"href":"https:\/\/www.ragni.com\/de\/wp-json\/wp\/v2\/comments?post=24765"}],"version-history":[{"count":4,"href":"https:\/\/www.ragni.com\/de\/wp-json\/wp\/v2\/pages\/24765\/revisions"}],"predecessor-version":[{"id":25186,"href":"https:\/\/www.ragni.com\/de\/wp-json\/wp\/v2\/pages\/24765\/revisions\/25186"}],"wp:attachment":[{"href":"https:\/\/www.ragni.com\/de\/wp-json\/wp\/v2\/media?parent=24765"}],"curies":[{"name":"wp","href":"https:\/\/api.w.org\/{rel}","templated":true}]}}