{"id":24805,"date":"2022-11-02T11:19:42","date_gmt":"2022-11-02T10:19:42","guid":{"rendered":"https:\/\/www.ragni.com\/rechtliche-hinweise\/"},"modified":"2022-11-02T11:19:42","modified_gmt":"2022-11-02T10:19:42","slug":"rechtliche-hinweise","status":"publish","type":"page","link":"https:\/\/www.ragni.com\/de\/rechtliche-hinweise\/","title":{"rendered":"Rechtliche Hinweise"},"content":{"rendered":"<h3><\/h3>\n<h3><\/h3>\n<h3><b><strong>IDENTIFIZIERUNG<\/strong><\/b><\/h3>\n<p>Die Website www.ragni.com wird herausgegeben von RAGNI, SAS mit einem Kapital von 610.000 Euro, eingetragen im Handelsregister von Grasse unter der Nummer B 303 275 473, mit Firmensitz in : Lieudit Le Gueirard &#8211; 06610 La Gaude, Frankreich, und dessen Telefonnummer +33 (0)4 93 31 05 48 ist.<\/p>\n<h3 style=\"font-weight: 400;\"><u>Unterkunft<\/u>:<\/h3>\n<p style=\"font-weight: 400;\">Ecritel<b><strong><br \/>\n<\/strong><\/b>Firma: Ecritel<br \/>\nWebadresse: <a href=\"https:\/\/www.ecritel.fr\/fr\/\">www.ecritel.fr\/fr<\/a><br \/>\nHauptsitz: 5 DOAREN MOLAC 56610 ARRADON<br \/>\nTel. : <a href=\"tel:+33140612000\">+ 33 (0)1 40 61 20 00 <\/a><br \/>\nE-Mail-Adresse: <a href=\"mailto:contact@ecritel.net\">contact@ecritel.net<\/a><\/p>\n<p><u>Lichtplanung der Website<\/u>: Blik Agency \/ Marketing und Kommunikation Ragni<\/p>\n<p><u>Leiterin der Ver\u00f6ffentlichung<\/u>: Frau Julie MERIAUX<\/p>\n<p>&nbsp;<\/p>\n<h3><b><strong>GEISTIGES EIGENTUM<\/strong><\/b><\/h3>\n<p>Die Architektur der Website und die Gruppe der darin enthaltenen Inhalte sind das ausschlie\u00dfliche Eigentum der Firma Ragni und durch die franz\u00f6sische Gesetzgebung zum geistigen Eigentum sowie durch die geltenden internationalen Vorschriften gesch\u00fctzt.<\/p>\n<p>Alle Rechte sind vorbehalten, auch f\u00fcr Fotos, Texte, Dokumentationen und grafische Darstellungen.<\/p>\n<p>Aus diesem Grund ist jede Vervielf\u00e4ltigung, Darstellung, \u00c4nderung oder Anpassung des Inhalts der Website ohne ausdr\u00fcckliche Genehmigung der Firma RAGNI strengstens untersagt.<\/p>\n<p>&nbsp;<\/p>\n<h3><b><strong>HAFTUNG<\/strong><\/b><\/h3>\n<p>6.1. Die Firma RAGNI kann dem Nutzer keine Garantie f\u00fcr die Vertraulichkeit von E-Mails oder anderen Kommunikationsmitteln, die das Internet als Medium nutzen, geben, die aufgrund der Art des Datenverkehrs in diesem Netzwerk von Dritten abgefangen werden k\u00f6nnen, es sei denn, dies ist ausdr\u00fccklich in den Allgemeinen Gesch\u00e4ftsbedingungen auf dieser Website erw\u00e4hnt.<\/p>\n<p>6.2. Dar\u00fcber hinaus obliegt es jedem Nutzer, alle ma\u00dfgeschneiderten Ma\u00dfnahmen zu ergreifen, um seine eigenen Daten und\/oder Software vor der Kontamination durch m\u00f6gliche Viren zu sch\u00fctzen, die im Internet zirkulieren.<\/p>\n<p>6.3. RAGNI haftet nicht f\u00fcr direkte oder indirekte Folgen, die sich aus der fehlerhaften Eingabe von Kontaktdaten oder anderen unvollst\u00e4ndigen oder fehlerhaften Informationen ergeben, die Sie \u00fcber diese Website \u00fcbermitteln.<\/p>\n<p>&nbsp;<\/p>\n<h3><b><strong>HYPERLINKS<\/strong><\/b><\/h3>\n<p>Die Einrichtung von Hypertext-Links (einfache oder tiefe Links) zu unserer Website bedarf der vorherigen Zustimmung unserer Direktorin f\u00fcr Ver\u00f6ffentlichungen.<\/p>\n<p>RAGNI haftet nicht f\u00fcr den Inhalt von Seiten Dritter, die \u00fcber Hyperlinks von dieser Website aus zug\u00e4nglich sind, da RAGNI keine Kontrolle \u00fcber den Inhalt dieser Seiten hat.<\/p>\n<p>&nbsp;<\/p>\n<h3><b><strong>ANWENDBARES RECHT &#8211; GERICHTSBARKEIT<\/strong><\/b><\/h3>\n<p>Die vorliegenden rechtlichen Hinweise unterliegen dem franz\u00f6sischen Recht.<\/p>\n<p>Im Falle eines Rechtsstreits zwischen der Firma RAGNI und H\u00e4ndlern oder Gewerbetreibenden in Bezug auf die Auslegung, Ausf\u00fchrung oder Beendigung der vorliegenden Bedingungen ist ausschlie\u00dflich das Handelsgericht Grasse zust\u00e4ndig, wenn zuvor keine g\u00fctliche Einigung erzielt wurde.<\/p>\n<p>Im Falle eines Rechtsstreits zwischen der Firma RAGNI und Nichtkaufleuten oder Nichtfachleuten in Bezug auf die Auslegung, Ausf\u00fchrung oder Erf\u00fcllung der vorliegenden Bedingungen ist ausschlie\u00dflich das Handelsgericht Grasse zust\u00e4ndig, wenn zuvor keine einvernehmliche L\u00f6sung gefunden wurde.<\/p>\n","protected":false},"excerpt":{"rendered":"<p>IDENTIFIZIERUNG Die Website www.ragni.com wird herausgegeben von RAGNI, SAS mit einem Kapital von 610.000 Euro, eingetragen im Handelsregister von Grasse [&hellip;]<\/p>\n","protected":false},"author":1,"featured_media":0,"parent":0,"menu_order":0,"comment_status":"closed","ping_status":"closed","template":"","meta":{"footnotes":""},"class_list":["post-24805","page","type-page","status-publish","hentry"],"yoast_head":"<!-- This site is optimized with the Yoast SEO plugin v24.0 - https:\/\/yoast.com\/wordpress\/plugins\/seo\/ -->\n<title>Rechtliche Hinweise - RAGNI<\/title>\n<meta name=\"description\" content=\"Ragni est une entreprise familiale fond\u00e9e en 1927 fabricants fran\u00e7ais ind\u00e9pendants de son secteur : l&#039;\u00e9clairage public\" \/>\n<meta name=\"robots\" content=\"index, follow, max-snippet:-1, max-image-preview:large, max-video-preview:-1\" \/>\n<link rel=\"canonical\" href=\"https:\/\/www.ragni.com\/de\/rechtliche-hinweise\/\" \/>\n<meta property=\"og:locale\" content=\"de_DE\" \/>\n<meta property=\"og:type\" content=\"article\" \/>\n<meta property=\"og:title\" content=\"Rechtliche Hinweise - RAGNI\" \/>\n<meta property=\"og:description\" content=\"Ragni est une entreprise familiale fond\u00e9e en 1927 fabricants fran\u00e7ais ind\u00e9pendants de son secteur : l&#039;\u00e9clairage public\" \/>\n<meta property=\"og:url\" content=\"https:\/\/www.ragni.com\/de\/rechtliche-hinweise\/\" \/>\n<meta property=\"og:site_name\" content=\"RAGNI\" \/>\n<meta property=\"article:publisher\" content=\"https:\/\/www.facebook.com\/Ragni.SAS\" \/>\n<meta name=\"twitter:card\" content=\"summary_large_image\" \/>\n<meta name=\"twitter:site\" content=\"@RAGNI_SAS\" \/>\n<meta name=\"twitter:label1\" content=\"Est. reading time\" \/>\n\t<meta name=\"twitter:data1\" content=\"2 minutes\" \/>\n<script type=\"application\/ld+json\" class=\"yoast-schema-graph\">{\"@context\":\"https:\/\/schema.org\",\"@graph\":[{\"@type\":\"WebPage\",\"@id\":\"https:\/\/www.ragni.com\/de\/rechtliche-hinweise\/\",\"url\":\"https:\/\/www.ragni.com\/de\/rechtliche-hinweise\/\",\"name\":\"Rechtliche Hinweise - RAGNI\",\"isPartOf\":{\"@id\":\"https:\/\/www.ragni.com\/de\/#website\"},\"datePublished\":\"2022-11-02T10:19:42+00:00\",\"dateModified\":\"2022-11-02T10:19:42+00:00\",\"description\":\"Ragni est une entreprise familiale fond\u00e9e en 1927 fabricants fran\u00e7ais ind\u00e9pendants de son secteur : l'\u00e9clairage public\",\"breadcrumb\":{\"@id\":\"https:\/\/www.ragni.com\/de\/rechtliche-hinweise\/#breadcrumb\"},\"inLanguage\":\"de-DE\",\"potentialAction\":[{\"@type\":\"ReadAction\",\"target\":[\"https:\/\/www.ragni.com\/de\/rechtliche-hinweise\/\"]}]},{\"@type\":\"BreadcrumbList\",\"@id\":\"https:\/\/www.ragni.com\/de\/rechtliche-hinweise\/#breadcrumb\",\"itemListElement\":[{\"@type\":\"ListItem\",\"position\":1,\"name\":\"Accueil\",\"item\":\"https:\/\/www.ragni.com\/de\/\"},{\"@type\":\"ListItem\",\"position\":2,\"name\":\"Rechtliche Hinweise\"}]},{\"@type\":\"WebSite\",\"@id\":\"https:\/\/www.ragni.com\/de\/#website\",\"url\":\"https:\/\/www.ragni.com\/de\/\",\"name\":\"RAGNI\",\"description\":\"La lumi\u00e8re \u00e0 votre image\",\"publisher\":{\"@id\":\"https:\/\/www.ragni.com\/de\/#organization\"},\"potentialAction\":[{\"@type\":\"SearchAction\",\"target\":{\"@type\":\"EntryPoint\",\"urlTemplate\":\"https:\/\/www.ragni.com\/de\/?s={search_term_string}\"},\"query-input\":{\"@type\":\"PropertyValueSpecification\",\"valueRequired\":true,\"valueName\":\"search_term_string\"}}],\"inLanguage\":\"de-DE\"},{\"@type\":\"Organization\",\"@id\":\"https:\/\/www.ragni.com\/de\/#organization\",\"name\":\"RAGNI\",\"url\":\"https:\/\/www.ragni.com\/de\/\",\"logo\":{\"@type\":\"ImageObject\",\"inLanguage\":\"de-DE\",\"@id\":\"https:\/\/www.ragni.com\/de\/#\/schema\/logo\/image\/\",\"url\":\"https:\/\/www.ragni.com\/wp-content\/uploads\/2022\/06\/Groupe-11.png\",\"contentUrl\":\"https:\/\/www.ragni.com\/wp-content\/uploads\/2022\/06\/Groupe-11.png\",\"width\":117,\"height\":40,\"caption\":\"RAGNI\"},\"image\":{\"@id\":\"https:\/\/www.ragni.com\/de\/#\/schema\/logo\/image\/\"},\"sameAs\":[\"https:\/\/www.facebook.com\/Ragni.SAS\",\"https:\/\/x.com\/RAGNI_SAS\",\"https:\/\/www.youtube.com\/channel\/UCg3LCUI39GyNBcrdS9QV9LA\",\"https:\/\/www.linkedin.com\/company\/ragni\"]}]}<\/script>\n<!-- \/ Yoast SEO plugin. -->","yoast_head_json":{"title":"Rechtliche Hinweise - RAGNI","description":"Ragni est une entreprise familiale fond\u00e9e en 1927 fabricants fran\u00e7ais ind\u00e9pendants de son secteur : l'\u00e9clairage public","robots":{"index":"index","follow":"follow","max-snippet":"max-snippet:-1","max-image-preview":"max-image-preview:large","max-video-preview":"max-video-preview:-1"},"canonical":"https:\/\/www.ragni.com\/de\/rechtliche-hinweise\/","og_locale":"de_DE","og_type":"article","og_title":"Rechtliche Hinweise - RAGNI","og_description":"Ragni est une entreprise familiale fond\u00e9e en 1927 fabricants fran\u00e7ais ind\u00e9pendants de son secteur : l'\u00e9clairage public","og_url":"https:\/\/www.ragni.com\/de\/rechtliche-hinweise\/","og_site_name":"RAGNI","article_publisher":"https:\/\/www.facebook.com\/Ragni.SAS","twitter_card":"summary_large_image","twitter_site":"@RAGNI_SAS","twitter_misc":{"Est. reading time":"2 minutes"},"schema":{"@context":"https:\/\/schema.org","@graph":[{"@type":"WebPage","@id":"https:\/\/www.ragni.com\/de\/rechtliche-hinweise\/","url":"https:\/\/www.ragni.com\/de\/rechtliche-hinweise\/","name":"Rechtliche Hinweise - RAGNI","isPartOf":{"@id":"https:\/\/www.ragni.com\/de\/#website"},"datePublished":"2022-11-02T10:19:42+00:00","dateModified":"2022-11-02T10:19:42+00:00","description":"Ragni est une entreprise familiale fond\u00e9e en 1927 fabricants fran\u00e7ais ind\u00e9pendants de son secteur : l'\u00e9clairage public","breadcrumb":{"@id":"https:\/\/www.ragni.com\/de\/rechtliche-hinweise\/#breadcrumb"},"inLanguage":"de-DE","potentialAction":[{"@type":"ReadAction","target":["https:\/\/www.ragni.com\/de\/rechtliche-hinweise\/"]}]},{"@type":"BreadcrumbList","@id":"https:\/\/www.ragni.com\/de\/rechtliche-hinweise\/#breadcrumb","itemListElement":[{"@type":"ListItem","position":1,"name":"Accueil","item":"https:\/\/www.ragni.com\/de\/"},{"@type":"ListItem","position":2,"name":"Rechtliche Hinweise"}]},{"@type":"WebSite","@id":"https:\/\/www.ragni.com\/de\/#website","url":"https:\/\/www.ragni.com\/de\/","name":"RAGNI","description":"La lumi\u00e8re \u00e0 votre image","publisher":{"@id":"https:\/\/www.ragni.com\/de\/#organization"},"potentialAction":[{"@type":"SearchAction","target":{"@type":"EntryPoint","urlTemplate":"https:\/\/www.ragni.com\/de\/?s={search_term_string}"},"query-input":{"@type":"PropertyValueSpecification","valueRequired":true,"valueName":"search_term_string"}}],"inLanguage":"de-DE"},{"@type":"Organization","@id":"https:\/\/www.ragni.com\/de\/#organization","name":"RAGNI","url":"https:\/\/www.ragni.com\/de\/","logo":{"@type":"ImageObject","inLanguage":"de-DE","@id":"https:\/\/www.ragni.com\/de\/#\/schema\/logo\/image\/","url":"https:\/\/www.ragni.com\/wp-content\/uploads\/2022\/06\/Groupe-11.png","contentUrl":"https:\/\/www.ragni.com\/wp-content\/uploads\/2022\/06\/Groupe-11.png","width":117,"height":40,"caption":"RAGNI"},"image":{"@id":"https:\/\/www.ragni.com\/de\/#\/schema\/logo\/image\/"},"sameAs":["https:\/\/www.facebook.com\/Ragni.SAS","https:\/\/x.com\/RAGNI_SAS","https:\/\/www.youtube.com\/channel\/UCg3LCUI39GyNBcrdS9QV9LA","https:\/\/www.linkedin.com\/company\/ragni"]}]}},"_links":{"self":[{"href":"https:\/\/www.ragni.com\/de\/wp-json\/wp\/v2\/pages\/24805","targetHints":{"allow":["GET"]}}],"collection":[{"href":"https:\/\/www.ragni.com\/de\/wp-json\/wp\/v2\/pages"}],"about":[{"href":"https:\/\/www.ragni.com\/de\/wp-json\/wp\/v2\/types\/page"}],"author":[{"embeddable":true,"href":"https:\/\/www.ragni.com\/de\/wp-json\/wp\/v2\/users\/1"}],"replies":[{"embeddable":true,"href":"https:\/\/www.ragni.com\/de\/wp-json\/wp\/v2\/comments?post=24805"}],"version-history":[{"count":0,"href":"https:\/\/www.ragni.com\/de\/wp-json\/wp\/v2\/pages\/24805\/revisions"}],"wp:attachment":[{"href":"https:\/\/www.ragni.com\/de\/wp-json\/wp\/v2\/media?parent=24805"}],"curies":[{"name":"wp","href":"https:\/\/api.w.org\/{rel}","templated":true}]}}