{"id":24808,"date":"2023-09-21T16:58:10","date_gmt":"2023-09-21T15:58:10","guid":{"rendered":"https:\/\/www.ragni.com\/cookie-richtlinie\/"},"modified":"2026-02-25T16:32:52","modified_gmt":"2026-02-25T15:32:52","slug":"cookie-richtlinie","status":"publish","type":"page","link":"https:\/\/www.ragni.com\/de\/cookie-richtlinie\/","title":{"rendered":"Cookie-Richtlinie"},"content":{"rendered":"<div class=\"wpb-content-wrapper\"><p>[vc_row][vc_column][vc_custom_heading uncode_shortcode_id=&#8221;335535&#8243;]<\/p>\n<h1>Cookie-Richtlinie<\/h1>\n<p>[\/vc_custom_heading][vc_column_text uncode_shortcode_id=&#8221;157378&#8243;]<\/p>\n<h2>Was ist ein Cookie?<\/h2>\n<p>Cookies sind Daten, die f\u00fcr Ihren Computer oder Ihre Mobilit\u00e4t platziert werden. Sie k\u00f6nnen anhand ihrer eindeutigen Kennungen, die mit Ihrem Computer oder Telefon verbunden sind, unterschieden werden. Diese helfen Ihnen, schlechte Verbrauchererfahrungen auf Ihren Lieblingsseiten zu vermeiden, da sie sich an Ihre Handlungen und Pr\u00e4ferenzen erinnern. So m\u00fcssen Sie nicht bei jeder Nutzung Ihre Browserpr\u00e4ferenzen wie Standort, Schriftart oder Sprache neu eingeben.<\/p>\n<p>Diese &#8220;Cookies&#8221; werden auf Ihrem Computer gespeichert. Sie erm\u00f6glichen es uns nicht, Sie zu identifizieren, aber sie speichern Informationen \u00fcber die Navigation Ihres Computers auf der Website (die Seiten, die Sie besucht haben, Datum und Uhrzeit des Besuchs usw.), die wir bei Ihren sp\u00e4teren Besuchen lesen k\u00f6nnen.<\/p>\n<p>F\u00fcr alle Datenverarbeitungen im Zusammenhang mit der Sammlung von Cookies bestimmt Ragni, Soci\u00e9t\u00e9 par Actions Simplifi\u00e9e mit einem Kapital von 610.000 Euro und Sitz in Lieudit Le Guerard, Chemin du Vallon des vaux, 06610 La Gaude, die Mittel und den Zweck der Verarbeitung. Daher handelt Ragni als Verantwortlicher f\u00fcr die Datenverarbeitung im Sinne der Vorschriften \u00fcber personenbezogene Daten, insbesondere der Verordnung (EU) 2016\/679 zum Schutz nat\u00fcrlicher Personen bei der Verarbeitung personenbezogener Daten und zum freien Datenverkehr.<\/p>\n<p>Ragni legt gr\u00f6\u00dften Wert auf den Schutz der Privatsph\u00e4re und der Pers\u00f6nlichen Daten sowie auf die Einhaltung der geltenden Vorschriften.<\/p>\n<p>Diese Cookie-Richtlinie (im Folgenden die &#8220;Richtlinie&#8221;) soll Ihnen einfache, klare Informationen dar\u00fcber geben, wie Ihre Daten durch Cookies, die auf der Website abgelegt werden, gesammelt werden.<\/p>\n<h2>Werden Cookies abgelegt, wenn Sie auf der Website surfen?<\/h2>\n<p>Bei Ihrem ersten Besuch auf der Website werden Sie in einem Banner \u00fcber das Vorhandensein dieser Cookies informiert und aufgefordert, Ihre Wahl anzugeben. Cookies, die gem\u00e4\u00df den gesetzlichen Bestimmungen Ihre Zustimmung erfordern, werden nur abgelegt, wenn Sie diese akzeptieren. Sie k\u00f6nnen sich jederzeit informieren und die Cookies einstellen, um sie zu akzeptieren oder abzulehnen, indem Sie die Seite [Meine Cookies verwalten] am Ende jeder Seite der Website aufrufen oder Ihren Browser konfigurieren.<\/p>\n<h2>Welche Daten werden durch Cookies gesammelt?<\/h2>\n<p>\u00dcber Cookies k\u00f6nnen alle Daten gesammelt werden, die sich auf ein Terminal zu einem bestimmten Zeitpunkt beziehen:<br \/>\n&#8211; Eine oder mehrere technische Kennung(en) zur Identifizierung Ihrer Internetbox<br \/>\n&#8211; Das Datum, die Uhrzeit und die Dauer der Verbindung eines Terminals mit einer Website;<br \/>\n&#8211; Die Internetadresse der Seite, von der aus das Endger\u00e4t auf die Website zugreift;<br \/>\n&#8211; Die Art der Verwertung des Terminals (z.B. Windows, MacOs, Linux, Unix, etc.) ;<br \/>\n&#8211; Typ und Version der vom Terminal verwendeten Browser-Software (Internet Explorer, Firefox, Safari, Chrome, Opera usw.);<br \/>\n&#8211; Marke und Modell des mobilen Endger\u00e4ts oder Tablets ;<br \/>\n&#8211; M\u00f6gliche Fehler beim Herunterladen ;<br \/>\n&#8211; Die Sprache, in der die von dem Terminal verwendete Browser-Software verwendet wird;<br \/>\n&#8211; Merkmale der aufgerufenen und geteilten Inhalte ;<\/p>\n<h2>Zu welchem Zweck werden Cookies gesammelt?<\/h2>\n<p>Auf der Website k\u00f6nnen wir verschiedene Arten von Cookies zu verschiedenen Zwecken hinterlegen:<\/p>\n<p>&#8211; Cookies, die f\u00fcr die Personalisierung und den Betrieb der Website erforderlich sind: Sie erm\u00f6glichen es Ihnen, die wichtigsten Funktionen der Website zu nutzen und insbesondere Informationen zwischen zwei Besuchen der Website auf demselben Ger\u00e4t zu speichern, Login-Daten f\u00fcr die Sitzung zu speichern oder Elemente zur Anpassbarkeit der Benutzeroberfl\u00e4che (Sprachwahl oder Layout) zu speichern. Sie bed\u00fcrfen nicht Ihrer vorherigen Zustimmung. Diese Cookies sind f\u00fcr das Funktionieren der Website unerl\u00e4sslich.<\/p>\n<p>&#8211; Cookies zur Messung der Besucherzahlen der Website, die es uns erm\u00f6glichen, die Nutzung und Leistung der Website zu ermitteln und die Funktionsweise f\u00fcr unsere Besucher zu verbessern, z.B. Statistiken und Volumen \u00fcber die Nutzung der verschiedenen Elemente der Website (besuchte Rubriken und Inhalte, Verl\u00e4ufe) zu erstellen, um das Interesse und die Ergonomie der Website zu verbessern.<\/p>\n<p>[\/vc_column_text][\/vc_column][\/vc_row][vc_row][vc_column width=&#8221;1\/1&#8243;][vc_row_inner row_inner_height_percent=&#8221;0&#8243; overlay_alpha=&#8221;50&#8243; gutter_size=&#8221;3&#8243; border_color=&#8221;color-jevc&#8221; border_style=&#8221;solid&#8221; shift_y=&#8221;0&#8243; z_index=&#8221;0&#8243; uncode_shortcode_id=&#8221;364681&#8243; border_color_type=&#8221;uncode-palette&#8221;][vc_column_inner width=&#8221;1\/3&#8243;][vc_column_text border_color=&#8221;color-jevc&#8221; border_style=&#8221;inherit&#8221; uncode_shortcode_id=&#8221;424171&#8243; border_color_type=&#8221;uncode-palette&#8221;]<\/p>\n<p><strong>NAME DES COOKIES<\/strong><\/p>\n<p>[\/vc_column_text][\/vc_column_inner][vc_column_inner width=&#8221;1\/3&#8243;][vc_column_text uncode_shortcode_id=&#8221;143128&#8243;]<\/p>\n<p><strong>FINALIT\u00c4T<\/strong><\/p>\n<p>[\/vc_column_text][\/vc_column_inner][vc_column_inner width=&#8221;1\/3&#8243;][vc_column_text uncode_shortcode_id=&#8221;515985&#8243;]<\/p>\n<p><strong>HALTBARKEITSDAUER<\/strong><\/p>\n<p>[\/vc_column_text][\/vc_column_inner][\/vc_row_inner][vc_row_inner row_inner_height_percent=&#8221;0&#8243; overlay_alpha=&#8221;50&#8243; gutter_size=&#8221;3&#8243; border_color=&#8221;color-jevc&#8221; border_style=&#8221;solid&#8221; shift_y=&#8221;0&#8243; z_index=&#8221;0&#8243; uncode_shortcode_id=&#8221;364681&#8243; border_color_type=&#8221;uncode-palette&#8221;][vc_column_inner width=&#8221;1\/3&#8243;][vc_column_text uncode_shortcode_id=&#8221;737959&#8243;]<\/p>\n<p>cmplz_banner-status, cmplz_consented_services, cmplz_functional, cmplz_marketing, cmplz_policy_id, cmplz_preferences, cmplz_statistics<\/p>\n<p>[\/vc_column_text][\/vc_column_inner][vc_column_inner width=&#8221;1\/3&#8243;][vc_column_text uncode_shortcode_id=&#8221;214269&#8243;]<\/p>\n<p>die Zustimmungswahlen des Nutzers registrieren und seine Pr\u00e4ferenzen in Bezug auf Cookies speichern<\/p>\n<p>[\/vc_column_text][\/vc_column_inner][vc_column_inner width=&#8221;1\/3&#8243;][vc_column_text uncode_shortcode_id=&#8221;110369&#8243;]6 Monate[\/vc_column_text][\/vc_column_inner][\/vc_row_inner][vc_row_inner row_inner_height_percent=&#8221;0&#8243; overlay_alpha=&#8221;50&#8243; gutter_size=&#8221;3&#8243; border_color=&#8221;color-jevc&#8221; border_style=&#8221;solid&#8221; shift_y=&#8221;0&#8243; z_index=&#8221;0&#8243; uncode_shortcode_id=&#8221;364681&#8243; border_color_type=&#8221;uncode-palette&#8221;][vc_column_inner width=&#8221;1\/3&#8243;][vc_column_text uncode_shortcode_id=&#8221;833677&#8243;]<\/p>\n<p>wp-wpml_current_language<\/p>\n<p>[\/vc_column_text][\/vc_column_inner][vc_column_inner width=&#8221;1\/3&#8243;][vc_column_text uncode_shortcode_id=&#8221;371853&#8243;]<\/p>\n<p>Speichert die vom Nutzer gew\u00e4hlte Sprache<\/p>\n<p>[\/vc_column_text][\/vc_column_inner][vc_column_inner width=&#8221;1\/3&#8243;][vc_column_text uncode_shortcode_id=&#8221;254542&#8243;]<\/p>\n<p>Sitzung<\/p>\n<p>[\/vc_column_text][\/vc_column_inner][\/vc_row_inner][vc_row_inner row_inner_height_percent=&#8221;0&#8243; overlay_alpha=&#8221;50&#8243; gutter_size=&#8221;3&#8243; border_color=&#8221;color-jevc&#8221; border_style=&#8221;solid&#8221; shift_y=&#8221;0&#8243; z_index=&#8221;0&#8243; uncode_shortcode_id=&#8221;364681&#8243; border_color_type=&#8221;uncode-palette&#8221;][vc_column_inner width=&#8221;1\/3&#8243;][vc_column_text uncode_shortcode_id=&#8221;138836&#8243;]<\/p>\n<p>_ga, ga*<\/p>\n<p>[\/vc_column_text][\/vc_column_inner][vc_column_inner width=&#8221;1\/3&#8243;][vc_column_text uncode_shortcode_id=&#8221;207369&#8243;]<\/p>\n<p>Messung des Publikums und anonymisierte Statistiken \u00fcber die Nutzung der Website<\/p>\n<p>[\/vc_column_text][\/vc_column_inner][vc_column_inner width=&#8221;1\/3&#8243;][vc_column_text uncode_shortcode_id=&#8221;202738&#8243;]<\/p>\n<p>13 Monate<\/p>\n<p>[\/vc_column_text][\/vc_column_inner][\/vc_row_inner][vc_row_inner row_inner_height_percent=&#8221;0&#8243; overlay_alpha=&#8221;50&#8243; gutter_size=&#8221;3&#8243; border_color=&#8221;color-jevc&#8221; border_style=&#8221;solid&#8221; shift_y=&#8221;0&#8243; z_index=&#8221;0&#8243; uncode_shortcode_id=&#8221;364681&#8243; border_color_type=&#8221;uncode-palette&#8221;][vc_column_inner width=&#8221;1\/3&#8243;][vc_column_text uncode_shortcode_id=&#8221;205232&#8243;]<\/p>\n<p>__Secure-ENID, DV, SOCS, AEC<\/p>\n<p>[\/vc_column_text][\/vc_column_inner][vc_column_inner width=&#8221;1\/3&#8243;][vc_column_text uncode_shortcode_id=&#8221;576233&#8243;]<\/p>\n<p>Cookies, die von Google f\u00fcr die Sicherheit, die Verhinderung von Missbrauch, die Messung des Publikums und den Betrieb der integrierten Google-Dienste verwendet werden.<\/p>\n<p>[\/vc_column_text][\/vc_column_inner][vc_column_inner width=&#8221;1\/3&#8243;][vc_column_text uncode_shortcode_id=&#8221;604432&#8243;]<\/p>\n<p>6 Monate<\/p>\n<p>[\/vc_column_text][\/vc_column_inner][\/vc_row_inner][vc_row_inner row_inner_height_percent=&#8221;0&#8243; overlay_alpha=&#8221;50&#8243; gutter_size=&#8221;3&#8243; border_color=&#8221;color-jevc&#8221; border_style=&#8221;solid&#8221; shift_y=&#8221;0&#8243; z_index=&#8221;0&#8243; uncode_shortcode_id=&#8221;364681&#8243; border_color_type=&#8221;uncode-palette&#8221;][vc_column_inner width=&#8221;1\/3&#8243;][vc_column_text uncode_shortcode_id=&#8221;138160&#8243;]<\/p>\n<p>sbjs_current, sbjs_current_add, sbjs_first, sbjs_first_add, sbjs_migrations, sbjs_session, sbjs_udata<\/p>\n<p>[\/vc_column_text][\/vc_column_inner][vc_column_inner width=&#8221;1\/3&#8243;][vc_column_text uncode_shortcode_id=&#8221;208897&#8243;]Analyse der Verkehrsquellen und Verfolgung der Benutzerf\u00fchrung f\u00fcr statistische Zwecke[\/vc_column_text][\/vc_column_inner][vc_column_inner width=&#8221;1\/3&#8243;][vc_column_text uncode_shortcode_id=&#8221;604432&#8243;]<\/p>\n<p>6 Monate<\/p>\n<p>[\/vc_column_text][\/vc_column_inner][\/vc_row_inner][\/vc_column][\/vc_row][vc_row][vc_column][vc_column_text uncode_shortcode_id=&#8221;526213&#8243;]<\/p>\n<h2>Wer legt die Cookies auf der Website ab?<\/h2>\n<p>Die Einrichtungen, die Cookies auf der Website ablegen, sind :<br \/>\n&#8211; Der Herausgeber der Website, Ragni, und die Unterlieferanten von Ragni, d.h. die technischen Dienstleister, die Ihre Navigationsdaten im Auftrag von Ragni verarbeiten.<\/p>\n<h2>Wie verwalten Sie Ihre Zustimmung zur Hinterlegung von Cookies?<\/h2>\n<p>Das Setzen eines Cookies zum Zweck der Messung der Besucherzahlen erfordert Ihre vorherige Zustimmung. Diese Zustimmung wird von Ihnen \u00fcber das Banner eingeholt, das bei Ihrem ersten Besuch auf der Website erscheint. Sie k\u00f6nnen w\u00e4hlen, ob Sie diese Cookies akzeptieren oder ablehnen wollen. Sie k\u00f6nnen Ihre Zustimmung jederzeit widerrufen, indem Sie auf die Seite [Meine Cookies verwalten] am Ende jeder Seite der Website gehen.<\/p>\n<h2>Wie kann ich Cookies in Webbrowsern einstellen?<\/h2>\n<p>Sie k\u00f6nnen Ihren Browser so einstellen, dass Sie alle Cookies akzeptieren oder ablehnen, Cookies regelm\u00e4\u00dfig l\u00f6schen oder sehen k\u00f6nnen, wann ein Cookie gesetzt wird, wie lange es g\u00fcltig ist und was es enth\u00e4lt, und seine Speicherung auf Ihrer Festplatte ablehnen k\u00f6nnen.<\/p>\n<p>Sie k\u00f6nnen diese Cookies jederzeit blockieren oder deaktivieren, indem Sie den Internetbrowser Ihres Computers, Tablets oder Mobiltelefons entsprechend den Anweisungen Ihres Internetbrowseranbieters einstellen. Nachfolgend finden Sie detaillierte Informationen dar\u00fcber, wie Sie diese Einstellungen f\u00fcr die am h\u00e4ufigsten verwendeten Browser vornehmen k\u00f6nnen:<br \/>\n&#8211; <a href=\"https:\/\/support.microsoft.com\/fr-fr\/worldwide\">Internet Explorer<\/a><br \/>\n&#8211; <a href=\"https:\/\/support.google.com\/chrome\/answer\/95647?hl=fr&amp;sjid=11909311819035457258-EU\">Chrom<\/a><br \/>\n&#8211; <a href=\"https:\/\/support.mozilla.org\/fr\/kb\/protection-renforcee-contre-pistage-firefox-ordinateur?redirectslug=activer-desactiver-cookies-preferences&amp;redirectlocale=fr\">Firefox<\/a><br \/>\n&#8211; <a href=\"https:\/\/support.apple.com\/fr-fr\/guide\/safari\/sfri11471\/mac\">Safari<\/a><br \/>\n&#8211; <a href=\"https:\/\/blogs.opera.com\/tips-and-tricks\/2023\/04\/clean-browser-and-remove-trackers\/\">Opera<\/a><br \/>\nSie k\u00f6nnen auch das &#8220;Hilfe&#8221;-Men\u00fc Ihres Browsers aufrufen, um zu erfahren, wie Sie Ihre Cookie-Einstellungen \u00e4ndern k\u00f6nnen.<\/p>\n<h2>Welche Folgen hat es, wenn Sie die verschiedenen Cookies ablehnen?<\/h2>\n<p>Wenn Sie die Speicherung von Cookies, die f\u00fcr das Funktionieren der Website erforderlich sind, in Ihrem Terminal oder Browser ablehnen oder die gespeicherten Cookies l\u00f6schen, werden Sie darauf hingewiesen, dass Ihre Navigation und Ihr Erlebnis auf der Website eingeschr\u00e4nkt sein k\u00f6nnen. Die Ablehnung von Cookies, die f\u00fcr den Betrieb der Website nicht erforderlich sind, hat keine derartigen Auswirkungen. In der Tat wird eine solche Ablehnung den Zugang zur Website und die Nutzung ihrer Funktionen nicht verhindern.<\/p>\n<p>[\/vc_column_text][\/vc_column][\/vc_row]<\/p>\n<\/div>","protected":false},"excerpt":{"rendered":"<p>[vc_row][vc_column][vc_custom_heading uncode_shortcode_id=&#8221;335535&#8243;] Cookie-Richtlinie [\/vc_custom_heading][vc_column_text uncode_shortcode_id=&#8221;157378&#8243;] Was ist ein Cookie? Cookies sind Daten, die f\u00fcr Ihren Computer oder Ihre Mobilit\u00e4t platziert [&hellip;]<\/p>\n","protected":false},"author":1,"featured_media":0,"parent":0,"menu_order":0,"comment_status":"closed","ping_status":"closed","template":"","meta":{"footnotes":""},"class_list":["post-24808","page","type-page","status-publish","hentry"],"yoast_head":"<!-- This site is optimized with the Yoast SEO plugin v24.0 - https:\/\/yoast.com\/wordpress\/plugins\/seo\/ -->\n<title>Cookie-Richtlinie - RAGNI<\/title>\n<meta name=\"description\" content=\"Ragni est une entreprise familiale fond\u00e9e en 1927 fabricants fran\u00e7ais ind\u00e9pendants de son secteur : l&#039;\u00e9clairage public\" \/>\n<meta name=\"robots\" content=\"index, follow, max-snippet:-1, max-image-preview:large, max-video-preview:-1\" \/>\n<link rel=\"canonical\" href=\"https:\/\/www.ragni.com\/de\/cookie-richtlinie\/\" \/>\n<meta property=\"og:locale\" content=\"de_DE\" \/>\n<meta property=\"og:type\" content=\"article\" \/>\n<meta property=\"og:title\" content=\"Cookie-Richtlinie - RAGNI\" \/>\n<meta property=\"og:description\" content=\"Ragni est une entreprise familiale fond\u00e9e en 1927 fabricants fran\u00e7ais ind\u00e9pendants de son secteur : l&#039;\u00e9clairage public\" \/>\n<meta property=\"og:url\" content=\"https:\/\/www.ragni.com\/de\/cookie-richtlinie\/\" \/>\n<meta property=\"og:site_name\" content=\"RAGNI\" \/>\n<meta property=\"article:publisher\" content=\"https:\/\/www.facebook.com\/Ragni.SAS\" \/>\n<meta property=\"article:modified_time\" content=\"2026-02-25T15:32:52+00:00\" \/>\n<meta name=\"twitter:card\" content=\"summary_large_image\" \/>\n<meta name=\"twitter:site\" content=\"@RAGNI_SAS\" \/>\n<meta name=\"twitter:label1\" content=\"Est. reading time\" \/>\n\t<meta name=\"twitter:data1\" content=\"8 minutes\" \/>\n<script type=\"application\/ld+json\" class=\"yoast-schema-graph\">{\"@context\":\"https:\/\/schema.org\",\"@graph\":[{\"@type\":\"WebPage\",\"@id\":\"https:\/\/www.ragni.com\/de\/cookie-richtlinie\/\",\"url\":\"https:\/\/www.ragni.com\/de\/cookie-richtlinie\/\",\"name\":\"Cookie-Richtlinie - RAGNI\",\"isPartOf\":{\"@id\":\"https:\/\/www.ragni.com\/de\/#website\"},\"datePublished\":\"2023-09-21T15:58:10+00:00\",\"dateModified\":\"2026-02-25T15:32:52+00:00\",\"description\":\"Ragni est une entreprise familiale fond\u00e9e en 1927 fabricants fran\u00e7ais ind\u00e9pendants de son secteur : l'\u00e9clairage public\",\"breadcrumb\":{\"@id\":\"https:\/\/www.ragni.com\/de\/cookie-richtlinie\/#breadcrumb\"},\"inLanguage\":\"de-DE\",\"potentialAction\":[{\"@type\":\"ReadAction\",\"target\":[\"https:\/\/www.ragni.com\/de\/cookie-richtlinie\/\"]}]},{\"@type\":\"BreadcrumbList\",\"@id\":\"https:\/\/www.ragni.com\/de\/cookie-richtlinie\/#breadcrumb\",\"itemListElement\":[{\"@type\":\"ListItem\",\"position\":1,\"name\":\"Accueil\",\"item\":\"https:\/\/www.ragni.com\/de\/\"},{\"@type\":\"ListItem\",\"position\":2,\"name\":\"Cookie-Richtlinie\"}]},{\"@type\":\"WebSite\",\"@id\":\"https:\/\/www.ragni.com\/de\/#website\",\"url\":\"https:\/\/www.ragni.com\/de\/\",\"name\":\"RAGNI\",\"description\":\"La lumi\u00e8re \u00e0 votre image\",\"publisher\":{\"@id\":\"https:\/\/www.ragni.com\/de\/#organization\"},\"potentialAction\":[{\"@type\":\"SearchAction\",\"target\":{\"@type\":\"EntryPoint\",\"urlTemplate\":\"https:\/\/www.ragni.com\/de\/?s={search_term_string}\"},\"query-input\":{\"@type\":\"PropertyValueSpecification\",\"valueRequired\":true,\"valueName\":\"search_term_string\"}}],\"inLanguage\":\"de-DE\"},{\"@type\":\"Organization\",\"@id\":\"https:\/\/www.ragni.com\/de\/#organization\",\"name\":\"RAGNI\",\"url\":\"https:\/\/www.ragni.com\/de\/\",\"logo\":{\"@type\":\"ImageObject\",\"inLanguage\":\"de-DE\",\"@id\":\"https:\/\/www.ragni.com\/de\/#\/schema\/logo\/image\/\",\"url\":\"https:\/\/www.ragni.com\/wp-content\/uploads\/2022\/06\/Groupe-11.png\",\"contentUrl\":\"https:\/\/www.ragni.com\/wp-content\/uploads\/2022\/06\/Groupe-11.png\",\"width\":117,\"height\":40,\"caption\":\"RAGNI\"},\"image\":{\"@id\":\"https:\/\/www.ragni.com\/de\/#\/schema\/logo\/image\/\"},\"sameAs\":[\"https:\/\/www.facebook.com\/Ragni.SAS\",\"https:\/\/x.com\/RAGNI_SAS\",\"https:\/\/www.youtube.com\/channel\/UCg3LCUI39GyNBcrdS9QV9LA\",\"https:\/\/www.linkedin.com\/company\/ragni\"]}]}<\/script>\n<!-- \/ Yoast SEO plugin. -->","yoast_head_json":{"title":"Cookie-Richtlinie - RAGNI","description":"Ragni est une entreprise familiale fond\u00e9e en 1927 fabricants fran\u00e7ais ind\u00e9pendants de son secteur : l'\u00e9clairage public","robots":{"index":"index","follow":"follow","max-snippet":"max-snippet:-1","max-image-preview":"max-image-preview:large","max-video-preview":"max-video-preview:-1"},"canonical":"https:\/\/www.ragni.com\/de\/cookie-richtlinie\/","og_locale":"de_DE","og_type":"article","og_title":"Cookie-Richtlinie - RAGNI","og_description":"Ragni est une entreprise familiale fond\u00e9e en 1927 fabricants fran\u00e7ais ind\u00e9pendants de son secteur : l'\u00e9clairage public","og_url":"https:\/\/www.ragni.com\/de\/cookie-richtlinie\/","og_site_name":"RAGNI","article_publisher":"https:\/\/www.facebook.com\/Ragni.SAS","article_modified_time":"2026-02-25T15:32:52+00:00","twitter_card":"summary_large_image","twitter_site":"@RAGNI_SAS","twitter_misc":{"Est. reading time":"8 minutes"},"schema":{"@context":"https:\/\/schema.org","@graph":[{"@type":"WebPage","@id":"https:\/\/www.ragni.com\/de\/cookie-richtlinie\/","url":"https:\/\/www.ragni.com\/de\/cookie-richtlinie\/","name":"Cookie-Richtlinie - RAGNI","isPartOf":{"@id":"https:\/\/www.ragni.com\/de\/#website"},"datePublished":"2023-09-21T15:58:10+00:00","dateModified":"2026-02-25T15:32:52+00:00","description":"Ragni est une entreprise familiale fond\u00e9e en 1927 fabricants fran\u00e7ais ind\u00e9pendants de son secteur : l'\u00e9clairage public","breadcrumb":{"@id":"https:\/\/www.ragni.com\/de\/cookie-richtlinie\/#breadcrumb"},"inLanguage":"de-DE","potentialAction":[{"@type":"ReadAction","target":["https:\/\/www.ragni.com\/de\/cookie-richtlinie\/"]}]},{"@type":"BreadcrumbList","@id":"https:\/\/www.ragni.com\/de\/cookie-richtlinie\/#breadcrumb","itemListElement":[{"@type":"ListItem","position":1,"name":"Accueil","item":"https:\/\/www.ragni.com\/de\/"},{"@type":"ListItem","position":2,"name":"Cookie-Richtlinie"}]},{"@type":"WebSite","@id":"https:\/\/www.ragni.com\/de\/#website","url":"https:\/\/www.ragni.com\/de\/","name":"RAGNI","description":"La lumi\u00e8re \u00e0 votre image","publisher":{"@id":"https:\/\/www.ragni.com\/de\/#organization"},"potentialAction":[{"@type":"SearchAction","target":{"@type":"EntryPoint","urlTemplate":"https:\/\/www.ragni.com\/de\/?s={search_term_string}"},"query-input":{"@type":"PropertyValueSpecification","valueRequired":true,"valueName":"search_term_string"}}],"inLanguage":"de-DE"},{"@type":"Organization","@id":"https:\/\/www.ragni.com\/de\/#organization","name":"RAGNI","url":"https:\/\/www.ragni.com\/de\/","logo":{"@type":"ImageObject","inLanguage":"de-DE","@id":"https:\/\/www.ragni.com\/de\/#\/schema\/logo\/image\/","url":"https:\/\/www.ragni.com\/wp-content\/uploads\/2022\/06\/Groupe-11.png","contentUrl":"https:\/\/www.ragni.com\/wp-content\/uploads\/2022\/06\/Groupe-11.png","width":117,"height":40,"caption":"RAGNI"},"image":{"@id":"https:\/\/www.ragni.com\/de\/#\/schema\/logo\/image\/"},"sameAs":["https:\/\/www.facebook.com\/Ragni.SAS","https:\/\/x.com\/RAGNI_SAS","https:\/\/www.youtube.com\/channel\/UCg3LCUI39GyNBcrdS9QV9LA","https:\/\/www.linkedin.com\/company\/ragni"]}]}},"_links":{"self":[{"href":"https:\/\/www.ragni.com\/de\/wp-json\/wp\/v2\/pages\/24808","targetHints":{"allow":["GET"]}}],"collection":[{"href":"https:\/\/www.ragni.com\/de\/wp-json\/wp\/v2\/pages"}],"about":[{"href":"https:\/\/www.ragni.com\/de\/wp-json\/wp\/v2\/types\/page"}],"author":[{"embeddable":true,"href":"https:\/\/www.ragni.com\/de\/wp-json\/wp\/v2\/users\/1"}],"replies":[{"embeddable":true,"href":"https:\/\/www.ragni.com\/de\/wp-json\/wp\/v2\/comments?post=24808"}],"version-history":[{"count":10,"href":"https:\/\/www.ragni.com\/de\/wp-json\/wp\/v2\/pages\/24808\/revisions"}],"predecessor-version":[{"id":24877,"href":"https:\/\/www.ragni.com\/de\/wp-json\/wp\/v2\/pages\/24808\/revisions\/24877"}],"wp:attachment":[{"href":"https:\/\/www.ragni.com\/de\/wp-json\/wp\/v2\/media?parent=24808"}],"curies":[{"name":"wp","href":"https:\/\/api.w.org\/{rel}","templated":true}]}}