{"id":24882,"date":"2022-06-29T13:13:35","date_gmt":"2022-06-29T12:13:35","guid":{"rendered":"https:\/\/www.ragni.com\/datenschutzpolitik\/"},"modified":"2026-02-25T16:33:13","modified_gmt":"2026-02-25T15:33:13","slug":"datenschutzpolitik","status":"publish","type":"page","link":"https:\/\/www.ragni.com\/de\/datenschutzpolitik\/","title":{"rendered":"Datenschutzpolitik"},"content":{"rendered":"<div class=\"wpb-content-wrapper\"><p>[vc_row][vc_column width=&#8221;1\/1&#8243;][vc_custom_heading uncode_shortcode_id=&#8221;143817&#8243;]<\/p>\n<h1>Datenschutzpolitik<\/h1>\n<p>[\/vc_custom_heading][\/vc_column][\/vc_row][vc_row][vc_column][vc_column_text uncode_shortcode_id=&#8221;350924&#8243;]<\/p>\n<h2>Zweck und Umfang der Politik an der Wand montiert<\/h2>\n<p>Ragni, legt gr\u00f6\u00dften Wert auf den Schutz der Privatsph\u00e4re und der pers\u00f6nlichen Daten sowie auf die Einhaltung der Bestimmungen der anwendbaren Gesetzgebung.<\/p>\n<p>Die Verordnung (EU) 2016\/679 vom 27. April 2016 zum Schutz nat\u00fcrlicher Personen bei der Verarbeitung personenbezogener Daten und zum freien Datenverkehr (nachfolgend &#8220;DSGVO&#8221;) besagt, dass personenbezogene Daten auf rechtm\u00e4\u00dfige, faire und transparente Weise verarbeitet werden m\u00fcssen. Diese Datenschutzrichtlinie (im Folgenden &#8220;Richtlinie&#8221;) soll Ihnen einfache und klare Informationen \u00fcber die Verarbeitung Ihrer personenbezogenen Daten geben, insbesondere im Zusammenhang mit Ihrer Navigation und den auf unserer Website durchgef\u00fchrten Vorg\u00e4ngen.<\/p>\n<h2>Der Verantwortliche f\u00fcr die Verarbeitung Ihrer pers\u00f6nlichen Daten<\/h2>\n<p>Der Verantwortliche f\u00fcr die Verarbeitung Ihrer personenbezogenen Daten im Sinne der geltenden Vorschriften zum Schutz personenbezogener Daten und insbesondere der DSGVO ist Ragni, eine vereinfachte Aktiengesellschaft mit einem Kapital von 610.000 Euro und Sitz in Lieudit Le Guerard, Chemin du Vallon des Vaux, 06610 La Gaude.<\/p>\n<p>Die Gruppe Ragni ist auf unserer <a href=\"https:\/\/www.ragni.com\/de\/rechtliche-hinweise\/\">Impressumsseite<\/a> zu finden.<\/p>\n<h2>Warum sammeln wir Ihre pers\u00f6nlichen Daten?<\/h2>\n<p>Diese Richtlinie gilt f\u00fcr die Erhebung und Verarbeitung Ihrer pers\u00f6nlichen Daten zu bestimmten Zwecken und auf verschiedenen Rechtsgrundlagen.<\/p>\n<p>Im Rahmen der Erf\u00fcllung des Vertrags oder vorvertraglicher Ma\u00dfnahmen werden Ihre Daten f\u00fcr die folgenden Zwecke verarbeitet:<br \/>\n&#8211; Verwaltung von Angeboten ;<br \/>\n&#8211; Verwaltung von Bestellungen, Eink\u00e4ufen ;<br \/>\n&#8211; Verwaltung der Vertr\u00e4ge mit Kunden\/Lieferanten ;<br \/>\n&#8211; Verwaltung der Beschwerden und des Kundendienstes.<\/p>\n<p>Auf der Grundlage Ihrer Zustimmung werden Ihre Daten f\u00fcr die folgenden Zwecke verarbeitet:<br \/>\n&#8211; Verwaltung von Cookies, die Ihre Zustimmung erfordern (Cookies, die f\u00fcr die Analyse der Besucherzahlen abgelegt werden).<\/p>\n<p>Im Rahmen des berechtigten Interesses von Ragni werden Ihre Daten f\u00fcr die folgenden Zwecke verarbeitet:<br \/>\n&#8211; Verwaltung von Informationsanfragen ;<br \/>\n&#8211; Kommunikationsmanagement ;<br \/>\n&#8211; Durchf\u00fchrung von Zufriedenheitsumfragen ;<br \/>\n&#8211; Verwaltung der Beziehungen zu Interessenten\/Kunden ;<br \/>\n&#8211; Management von Gesch\u00e4ftsveranstaltungen ;<br \/>\n&#8211; Verwaltung von spontanen Bewerbungen oder Bewerbungen, die im Rahmen eines Stellenangebots eingereicht wurden;<br \/>\n&#8211; Verwaltung des reibungslosen Funktionierens und der st\u00e4ndigen Verbesserung der Website (durch technische Cookies) ;<br \/>\n&#8211; Verwaltung von vorprozessualen und streitigen Angelegenheiten.<\/p>\n<p>Im Rahmen der gesetzlichen und regulatorischen Verpflichtungen, denen Ragni unterliegt, werden Ihre Daten zu den folgenden Zwecken verarbeitet:<br \/>\n&#8211; F\u00fchrung von Haupt- und Nebenb\u00fcchern ;<br \/>\n&#8211; Verwaltung Ihrer Rechte in Bezug auf pers\u00f6nliche Daten.<\/p>\n<h2>Die pers\u00f6nlichen Daten, die wir \u00fcber Sie sammeln<\/h2>\n<p>Pers\u00f6nliche Daten werden in \u00dcbereinstimmung mit dem Grundsatz der Minimierung verarbeitet, der in der DSGVO vorgeschrieben ist. Die Art und Qualit\u00e4t der verarbeiteten pers\u00f6nlichen Daten h\u00e4ngt von den Beziehungen ab, die Sie mit Ragni unterhalten, wobei die wichtigsten davon sind:<\/p>\n<p>&#8211; Identifizierende Daten: Dazu geh\u00f6ren alle Informationen, die uns erlauben w\u00fcrden, Sie zu identifizieren, wie z.B. Ihr Name, Vorname, Telefonnummer. Wir k\u00f6nnen auch Ihre E-Mail-Adresse und Ihre Postanschrift sammeln (im Falle einer Zahlung wird die Postanschrift ben\u00f6tigt, um eine Rechnung zu erstellen).<\/p>\n<p>&#8211; Gesch\u00e4ftsdaten: Die Daten beziehen sich insbesondere auf Informationen, die Sie uns im Rahmen eines Einstellungsverfahrens oder einer Gesch\u00e4ftsbeziehung mitteilen. Dazu geh\u00f6ren Ihr Lebenslauf, Ihr Bewerbungsschreiben, Ihre Diplome, Berufserfahrungen, Kompetenzen sowie gegebenenfalls andere Informationen, die f\u00fcr die Bewertung Ihrer Bewerbung oder die Verwaltung des Arbeitsverh\u00e4ltnisses relevant sind.<\/p>\n<p>&#8211; Finanzielle Daten: Dies sind Bankdaten wie z.B. ein RIB.<\/p>\n<p>&#8211; Informationen \u00fcber Ihre Navigation: Wenn Sie auf unserer Website navigieren, interagieren Sie mit ihr. Daher werden bestimmte Informationen \u00fcber Ihr Surfverhalten gesammelt.<\/p>\n<p>&#8211; Daten, die von unserem Netz von Handelsvertretern\/Vertriebspartnern gesammelt werden: Unser Netz von Handelsvertretern\/Vertriebspartnern sorgt f\u00fcr die kommerzielle Prospektion und die t\u00e4gliche Pflege der Beziehung. Dazu geh\u00f6ren Ihre Kontaktdaten (Name, Vorname, E-Mail-Adresse, Telefonnummer) sowie Informationen \u00fcber Ihre Bed\u00fcrfnisse oder Gesch\u00e4ftsinteressen. Diese Informationen werden dann an Ragni weitergeleitet, um die Kontinuit\u00e4t der Gesch\u00e4ftsbeziehung zu gew\u00e4hrleisten und Ihre Anfragen zu verfolgen.<\/p>\n<h2>Die Empf\u00e4nger Ihrer pers\u00f6nlichen Daten<\/h2>\n<p>Ihre Daten sind f\u00fcr die berechtigten Mitarbeiter von Ragni bestimmt, die mit der Verwaltung und Ausf\u00fchrung von Vertr\u00e4gen und gesetzlichen Verpflichtungen betraut sind, je nach dem Zweck der Sammlung und im Rahmen ihrer jeweiligen Befugnisse.<\/p>\n<p>Sie werden eventuell f\u00fcr bestimmte Aufgaben im Zusammenhang mit den Zwecken und im Rahmen ihrer jeweiligen Aufgaben und Befugnisse an die folgenden Empf\u00e4nger weitergeleitet:<\/p>\n<p>&#8211; Einheiten der GROUPE RAGNI im Rahmen der Auslagerung von Aktivit\u00e4ten an eine andere Einheit der Gruppe (einschlie\u00dflich des Versands von Mitteilungen) ;<br \/>\n&#8211; Unser Netzwerk von Handelsvertretern\/Vertriebspartnern ;<br \/>\n&#8211; Dienstleister, die wir mit der Durchf\u00fchrung einer Gruppe von Operationen und Aufgaben in unserem Namen beauftragen, einschlie\u00dflich :<\/p>\n<p>o Verwaltung des Transports von Bestellungen<br \/>\no Hosting von Daten<br \/>\no Akquisition<br \/>\no Analyse des Publikums der Website<br \/>\no Verwaltung des Kundendienstes<\/p>\n<p>&#8211; Ordnungsgem\u00e4\u00df bevollm\u00e4chtigte Beh\u00f6rden (Gerichte, Aufsichtsbeh\u00f6rden &#8230;), im Rahmen unserer gesetzlichen und regulatorischen Verpflichtungen ;<br \/>\n&#8211; Reglementierte Berufe (Rechtsanw\u00e4lte, Gerichtsvollzieher usw.), die im Rahmen der Umsetzung von Garantien, der Beitreibung oder von Streitigkeiten t\u00e4tig werden k\u00f6nnen;<\/p>\n<p>Wenn Ihre Daten an unsere Auftragnehmer weitergegeben werden, werden diese ebenfalls aufgefordert, die Daten nicht f\u00fcr andere als die urspr\u00fcnglich vorgesehenen Zwecke zu verwenden. Wir unternehmen alle Anstrengungen, um sicherzustellen, dass diese Dritten die Vertraulichkeit und Sicherheit Ihrer Daten wahren.<\/p>\n<p>In jedem Fall werden nur die erforderlichen Daten geliefert. Wir unternehmen alle Anstrengungen, um eine sichere Kommunikation oder \u00dcbertragung Ihrer Daten zu gew\u00e4hrleisten.<\/p>\n<p>Wir verkaufen Ihre Daten nicht.<\/p>\n<h2>\u00dcbertragung Ihrer Daten in Drittl\u00e4nder<\/h2>\n<p>Ragni bem\u00fcht sich, personenbezogene Daten in Frankreich oder zumindest innerhalb des Europ\u00e4ischen Wirtschaftsraums (EWR) zu speichern.<\/p>\n<p>Es ist jedoch m\u00f6glich, dass die Daten, die wir sammeln, wenn Sie unsere Website nutzen oder im Rahmen unserer Dienstleistungen, in andere L\u00e4nder \u00fcbertragen werden. Dies ist zum Beispiel der Fall, wenn sich einige unserer Anbieter au\u00dferhalb des Europ\u00e4ischen Wirtschaftsraums befinden.<\/p>\n<p>Im Falle eines solchen Transfers garantieren wir, dass dieser durchgef\u00fchrt wird:<\/p>\n<p>&#8211; In ein Land, das ein angemessenes Schutzniveau gew\u00e4hrleistet, d.h. ein Schutzniveau, das den Anforderungen der EU-Verordnungen entspricht;<\/p>\n<p>&#8211; Im Rahmen von Standardvertragsklauseln ;<\/p>\n<p>&#8211; Im Rahmen der internen Regeln des Unternehmens.<\/p>\n<p>Wenn Sie weitere Informationen \u00fcber diese \u00dcbertragungen w\u00fcnschen, richten Sie Ihre Anfrage bitte an die im Abschnitt &#8221; <strong>Ihre Kontakte<\/strong> &#8221; angegebene Adresse.<\/p>\n<h2>Die technischen und organisatorischen Ma\u00dfnahmen zum Schutz Ihrer Daten<\/h2>\n<p>Ragni verpflichtet sich, die von uns gesammelten oder verarbeiteten personenbezogenen Daten vor Verlust, Zerst\u00f6rung, Ver\u00e4nderung, Zugriff oder unbefugter Offenlegung zu sch\u00fctzen.<\/p>\n<p>So setzen wir alle geeigneten technischen und organisatorischen Ma\u00dfnahmen ein, die der Art der Daten und den Risiken, die ihre Verarbeitung mit sich bringt, entsprechen. Diese Ma\u00dfnahmen m\u00fcssen die Sicherheit und Vertraulichkeit Ihrer pers\u00f6nlichen Daten gew\u00e4hrleisten. Sie k\u00f6nnen Praktiken wie den beschr\u00e4nkten Zugang zu personenbezogenen Daten durch Personen, die aufgrund ihrer Funktion befugt sind, Pseudonymisierung oder Verschl\u00fcsselung umfassen.<\/p>\n<p>Dar\u00fcber hinaus werden unsere Praktiken und Richtlinien und\/oder physische und\/oder logische Sicherheitsma\u00dfnahmen (sicherer Zugang, Authentifizierungsverfahren, Backup, Software usw.) regelm\u00e4\u00dfig \u00fcberpr\u00fcft und bei Bedarf aktualisiert.<\/p>\n<h2>Dauer der Speicherung Ihrer pers\u00f6nlichen Daten<\/h2>\n<p>Ihre pers\u00f6nlichen Daten werden mindestens f\u00fcr die Dauer der Verarbeitung im Zusammenhang mit unserem Vertragsverh\u00e4ltnis aufbewahrt. Nach dieser Beziehung werden diese Fristen verl\u00e4ngert, um den gesetzlichen Verj\u00e4hrungsregeln und den gesetzlichen und beh\u00f6rdlichen Aufbewahrungspflichten Rechnung zu tragen.<br \/>\nBei potenziellen Kunden betr\u00e4gt die maximal m\u00f6gliche Aufbewahrungsdauer der gesammelten Daten 3 Jahre ab dem letzten Kontakt zwischen Ragni und dem potenziellen Kunden, es sei denn, Sie verlangen, dass Ihre Daten gel\u00f6scht werden.<br \/>\nBei nicht erfolgreichen Bewerbern k\u00f6nnen Ihre Daten (einschlie\u00dflich Lebenslauf und zugeh\u00f6riger Informationen) f\u00fcr einen Zeitraum von maximal 2 Jahren nach dem letzten Kontakt gespeichert werden, sofern Sie nicht widersprechen.<br \/>\nWenn Sie von Ihren Rechten Gebrauch machen, verarbeitet unser Datenschutzbeauftragter Ihre pers\u00f6nlichen Daten zum Zweck der Bearbeitung Ihrer Anfrage (Anrede, Name, Vorname, Kopie des Personalausweises, Art der Anfrage, Antwort). Diese Daten werden f\u00fcr eine Dauer von 5 Jahren aufbewahrt, mit Ausnahme der Kopie Ihres Identit\u00e4tsnachweises &#8211; falls erforderlich -, die nur so lange aufbewahrt wird, wie es f\u00fcr die Durchf\u00fchrung von \u00dcberpr\u00fcfungen oder die Erf\u00fcllung einer gesetzlichen Verpflichtung erforderlich ist.<br \/>\nDetailliertere Regeln \u00fcber die Aufbewahrungsfristen sind von Fall zu Fall auf Anfrage im Rahmen des Auskunftsrechts erh\u00e4ltlich (siehe Kapitel &#8220;Ihre Rechte in Bezug auf Ihre pers\u00f6nlichen Daten&#8221;).<\/p>\n<h2>Ihre Rechte in Bezug auf Ihre pers\u00f6nlichen Daten<\/h2>\n<p>Sie k\u00f6nnen Ihre Rechte jederzeit gegen\u00fcber Ragni aus\u00fcben, indem Sie sich an die Adresse wenden, die im Abschnitt &#8220;Ihre Kontaktdaten&#8221; angegeben ist.<\/p>\n<p>&#8211; Widerspruchsrecht: Sie k\u00f6nnen verlangen, dass Ihre pers\u00f6nlichen Daten nicht mehr Gegenstand einer spezifischen Verarbeitung sind, au\u00dfer wenn die Rechtsgrundlage f\u00fcr die Verarbeitung eine gesetzliche Verpflichtung oder die Erf\u00fcllung eines Vertrags ist.<br \/>\n&#8211; Recht auf Widerruf der Einwilligung: Bei allen Verarbeitungen, die Ihre Einwilligung erfordern, haben Sie das Recht, diese Einwilligung zu einem sp\u00e4teren Zeitpunkt zu widerrufen.<br \/>\n&#8211; Recht auf Zugang zu Ihren pers\u00f6nlichen Daten und zur Verarbeitung: Sie k\u00f6nnen von Ragni Zugang zu Ihren pers\u00f6nlichen Daten und zu weiteren Informationen \u00fcber die durchgef\u00fchrten Verarbeitungen verlangen.<br \/>\n&#8211; Recht auf Berichtigung: Sie k\u00f6nnen von Ihrem Recht auf Berichtigung Gebrauch machen, wenn Ihre pers\u00f6nlichen Daten unrichtig oder unvollst\u00e4ndig sind.<br \/>\n&#8211; Recht auf L\u00f6schung: Sie k\u00f6nnen jederzeit die L\u00f6schung Ihrer pers\u00f6nlichen Daten verlangen. Eine solche L\u00f6schung ist jedoch nur m\u00f6glich, wenn der verfolgte Zweck beendet ist und wenn die gesetzlichen Aufbewahrungsfristen dies erlauben.<br \/>\n&#8211; Recht auf Einschr\u00e4nkung der Verarbeitung: Sie k\u00f6nnen die Einschr\u00e4nkung der Verarbeitung Ihrer personenbezogenen Daten beantragen, wenn Sie eine laufende Verarbeitung aussetzen m\u00f6chten, um die Integrit\u00e4t dieser Daten f\u00fcr einen bestimmten Zeitraum bis auf weiteres zu sch\u00fctzen.<br \/>\n&#8211; Recht auf Daten\u00fcbertragbarkeit: Sie k\u00f6nnen eine Kopie Ihrer pers\u00f6nlichen Daten, die Sie zuvor in einem strukturierten Format zur Verf\u00fcgung gestellt haben, anfordern, um sie an eine Person Ihrer Wahl weiterzugeben. Diese Daten werden dann von dem f\u00fcr die Verarbeitung Verantwortlichen an diese Person in einem digitalen Format weitergeleitet.<br \/>\n&#8211; Recht, den postmortalen Verbleib Ihrer Daten zu bestimmen: Sie k\u00f6nnen Anweisungen bez\u00fcglich der Aufbewahrung, L\u00f6schung oder Offenlegung Ihrer Daten nach Ihrem Tod geben.<\/p>\n<p>Wenn Sie mit der erhaltenen Antwort nicht zufrieden sind oder keine Antwort erhalten, k\u00f6nnen Sie Ihre Beschwerde bei der CNIL gem\u00e4\u00df den Modalit\u00e4ten auf deren Website einreichen.<\/p>\n<h2>Ihre Kontakte<\/h2>\n<p>Um Ihre Rechte auszu\u00fcben oder f\u00fcr weitere Informationen oder Beschwerden k\u00f6nnen Sie sich an den Datenschutzbeauftragten (DPO) von Ragni wenden. Schreiben Sie uns einfach eine E-Mail an dpo@ragni.com.<\/p>\n<p>Wenn Sie uns einen Antrag auf Aus\u00fcbung eines Rechts \u00fcbermitteln, werden Sie gebeten, so genau wie m\u00f6glich den Umfang des Antrags, die Art des ausge\u00fcbten Rechts, die betroffene Verarbeitung personenbezogener Daten und alle anderen relevanten Elemente anzugeben, um die Pr\u00fcfung Ihres Antrags zu erleichtern. Dar\u00fcber hinaus k\u00f6nnen Sie in begr\u00fcndeten Zweifelsf\u00e4llen aufgefordert werden, Ihre Identit\u00e4t nachzuweisen.<\/p>\n<p>Die Aus\u00fcbung Ihrer Rechte ist ein rein pers\u00f6nliches Recht und betrifft nur den Antragsteller f\u00fcr sich selbst oder einen gesetzlichen Vormund f\u00fcr einen Minderj\u00e4hrigen oder einen gesch\u00fctzten Erwachsenen, wie z.B. eine Person, die unter gesetzlicher Beistandschaft oder Vormundschaft steht. Der Antrag kann nicht f\u00fcr ein anderes Familienmitglied oder eine Person, die im Haushalt des Antragstellers lebt, ohne Nachweis einer gesetzlichen Vollmacht der betreffenden Person oder eines entsprechenden Nachweises gestellt werden.<\/p>\n<h2>\u00c4nderung dieser Politik<\/h2>\n<p>Ragni kann die Datenschutzrichtlinie von Zeit zu Zeit \u00e4ndern. Wir werden daf\u00fcr sorgen, dass Sie \u00fcber wesentliche \u00c4nderungen informiert werden (z.B. durch einen besonderen Hinweis auf unserer Website).<\/p>\n<p><em>Datum der Aktualisierung: Oktober 2025<\/em>[\/vc_column_text][\/vc_column][\/vc_row]<\/p>\n<\/div>","protected":false},"excerpt":{"rendered":"<p>[vc_row][vc_column width=&#8221;1\/1&#8243;][vc_custom_heading uncode_shortcode_id=&#8221;143817&#8243;] Datenschutzpolitik [\/vc_custom_heading][\/vc_column][\/vc_row][vc_row][vc_column][vc_column_text uncode_shortcode_id=&#8221;350924&#8243;] Zweck und Umfang der Politik an der Wand montiert Ragni, legt gr\u00f6\u00dften Wert auf [&hellip;]<\/p>\n","protected":false},"author":1,"featured_media":0,"parent":0,"menu_order":0,"comment_status":"closed","ping_status":"closed","template":"","meta":{"footnotes":""},"class_list":["post-24882","page","type-page","status-publish","hentry"],"yoast_head":"<!-- This site is optimized with the Yoast SEO plugin v24.0 - https:\/\/yoast.com\/wordpress\/plugins\/seo\/ -->\n<title>Datenschutzpolitik - RAGNI<\/title>\n<meta name=\"description\" content=\"Ragni est une entreprise familiale fond\u00e9e en 1927 fabricants fran\u00e7ais ind\u00e9pendants de son secteur : l&#039;\u00e9clairage public\" \/>\n<meta name=\"robots\" content=\"index, follow, max-snippet:-1, max-image-preview:large, max-video-preview:-1\" \/>\n<link rel=\"canonical\" href=\"https:\/\/www.ragni.com\/de\/datenschutzpolitik\/\" \/>\n<meta property=\"og:locale\" content=\"de_DE\" \/>\n<meta property=\"og:type\" content=\"article\" \/>\n<meta property=\"og:title\" content=\"Datenschutzpolitik - RAGNI\" \/>\n<meta property=\"og:description\" content=\"Ragni est une entreprise familiale fond\u00e9e en 1927 fabricants fran\u00e7ais ind\u00e9pendants de son secteur : l&#039;\u00e9clairage public\" \/>\n<meta property=\"og:url\" content=\"https:\/\/www.ragni.com\/de\/datenschutzpolitik\/\" \/>\n<meta property=\"og:site_name\" content=\"RAGNI\" \/>\n<meta property=\"article:publisher\" content=\"https:\/\/www.facebook.com\/Ragni.SAS\" \/>\n<meta property=\"article:modified_time\" content=\"2026-02-25T15:33:13+00:00\" \/>\n<meta name=\"twitter:card\" content=\"summary_large_image\" \/>\n<meta name=\"twitter:site\" content=\"@RAGNI_SAS\" \/>\n<meta name=\"twitter:label1\" content=\"Est. reading time\" \/>\n\t<meta name=\"twitter:data1\" content=\"10 minutes\" \/>\n<script type=\"application\/ld+json\" class=\"yoast-schema-graph\">{\"@context\":\"https:\/\/schema.org\",\"@graph\":[{\"@type\":\"WebPage\",\"@id\":\"https:\/\/www.ragni.com\/de\/datenschutzpolitik\/\",\"url\":\"https:\/\/www.ragni.com\/de\/datenschutzpolitik\/\",\"name\":\"Datenschutzpolitik - RAGNI\",\"isPartOf\":{\"@id\":\"https:\/\/www.ragni.com\/de\/#website\"},\"datePublished\":\"2022-06-29T12:13:35+00:00\",\"dateModified\":\"2026-02-25T15:33:13+00:00\",\"description\":\"Ragni est une entreprise familiale fond\u00e9e en 1927 fabricants fran\u00e7ais ind\u00e9pendants de son secteur : l'\u00e9clairage public\",\"breadcrumb\":{\"@id\":\"https:\/\/www.ragni.com\/de\/datenschutzpolitik\/#breadcrumb\"},\"inLanguage\":\"de-DE\",\"potentialAction\":[{\"@type\":\"ReadAction\",\"target\":[\"https:\/\/www.ragni.com\/de\/datenschutzpolitik\/\"]}]},{\"@type\":\"BreadcrumbList\",\"@id\":\"https:\/\/www.ragni.com\/de\/datenschutzpolitik\/#breadcrumb\",\"itemListElement\":[{\"@type\":\"ListItem\",\"position\":1,\"name\":\"Accueil\",\"item\":\"https:\/\/www.ragni.com\/de\/\"},{\"@type\":\"ListItem\",\"position\":2,\"name\":\"Datenschutzpolitik\"}]},{\"@type\":\"WebSite\",\"@id\":\"https:\/\/www.ragni.com\/de\/#website\",\"url\":\"https:\/\/www.ragni.com\/de\/\",\"name\":\"RAGNI\",\"description\":\"La lumi\u00e8re \u00e0 votre image\",\"publisher\":{\"@id\":\"https:\/\/www.ragni.com\/de\/#organization\"},\"potentialAction\":[{\"@type\":\"SearchAction\",\"target\":{\"@type\":\"EntryPoint\",\"urlTemplate\":\"https:\/\/www.ragni.com\/de\/?s={search_term_string}\"},\"query-input\":{\"@type\":\"PropertyValueSpecification\",\"valueRequired\":true,\"valueName\":\"search_term_string\"}}],\"inLanguage\":\"de-DE\"},{\"@type\":\"Organization\",\"@id\":\"https:\/\/www.ragni.com\/de\/#organization\",\"name\":\"RAGNI\",\"url\":\"https:\/\/www.ragni.com\/de\/\",\"logo\":{\"@type\":\"ImageObject\",\"inLanguage\":\"de-DE\",\"@id\":\"https:\/\/www.ragni.com\/de\/#\/schema\/logo\/image\/\",\"url\":\"https:\/\/www.ragni.com\/wp-content\/uploads\/2022\/06\/Groupe-11.png\",\"contentUrl\":\"https:\/\/www.ragni.com\/wp-content\/uploads\/2022\/06\/Groupe-11.png\",\"width\":117,\"height\":40,\"caption\":\"RAGNI\"},\"image\":{\"@id\":\"https:\/\/www.ragni.com\/de\/#\/schema\/logo\/image\/\"},\"sameAs\":[\"https:\/\/www.facebook.com\/Ragni.SAS\",\"https:\/\/x.com\/RAGNI_SAS\",\"https:\/\/www.youtube.com\/channel\/UCg3LCUI39GyNBcrdS9QV9LA\",\"https:\/\/www.linkedin.com\/company\/ragni\"]}]}<\/script>\n<!-- \/ Yoast SEO plugin. -->","yoast_head_json":{"title":"Datenschutzpolitik - RAGNI","description":"Ragni est une entreprise familiale fond\u00e9e en 1927 fabricants fran\u00e7ais ind\u00e9pendants de son secteur : l'\u00e9clairage public","robots":{"index":"index","follow":"follow","max-snippet":"max-snippet:-1","max-image-preview":"max-image-preview:large","max-video-preview":"max-video-preview:-1"},"canonical":"https:\/\/www.ragni.com\/de\/datenschutzpolitik\/","og_locale":"de_DE","og_type":"article","og_title":"Datenschutzpolitik - RAGNI","og_description":"Ragni est une entreprise familiale fond\u00e9e en 1927 fabricants fran\u00e7ais ind\u00e9pendants de son secteur : l'\u00e9clairage public","og_url":"https:\/\/www.ragni.com\/de\/datenschutzpolitik\/","og_site_name":"RAGNI","article_publisher":"https:\/\/www.facebook.com\/Ragni.SAS","article_modified_time":"2026-02-25T15:33:13+00:00","twitter_card":"summary_large_image","twitter_site":"@RAGNI_SAS","twitter_misc":{"Est. reading time":"10 minutes"},"schema":{"@context":"https:\/\/schema.org","@graph":[{"@type":"WebPage","@id":"https:\/\/www.ragni.com\/de\/datenschutzpolitik\/","url":"https:\/\/www.ragni.com\/de\/datenschutzpolitik\/","name":"Datenschutzpolitik - RAGNI","isPartOf":{"@id":"https:\/\/www.ragni.com\/de\/#website"},"datePublished":"2022-06-29T12:13:35+00:00","dateModified":"2026-02-25T15:33:13+00:00","description":"Ragni est une entreprise familiale fond\u00e9e en 1927 fabricants fran\u00e7ais ind\u00e9pendants de son secteur : l'\u00e9clairage public","breadcrumb":{"@id":"https:\/\/www.ragni.com\/de\/datenschutzpolitik\/#breadcrumb"},"inLanguage":"de-DE","potentialAction":[{"@type":"ReadAction","target":["https:\/\/www.ragni.com\/de\/datenschutzpolitik\/"]}]},{"@type":"BreadcrumbList","@id":"https:\/\/www.ragni.com\/de\/datenschutzpolitik\/#breadcrumb","itemListElement":[{"@type":"ListItem","position":1,"name":"Accueil","item":"https:\/\/www.ragni.com\/de\/"},{"@type":"ListItem","position":2,"name":"Datenschutzpolitik"}]},{"@type":"WebSite","@id":"https:\/\/www.ragni.com\/de\/#website","url":"https:\/\/www.ragni.com\/de\/","name":"RAGNI","description":"La lumi\u00e8re \u00e0 votre image","publisher":{"@id":"https:\/\/www.ragni.com\/de\/#organization"},"potentialAction":[{"@type":"SearchAction","target":{"@type":"EntryPoint","urlTemplate":"https:\/\/www.ragni.com\/de\/?s={search_term_string}"},"query-input":{"@type":"PropertyValueSpecification","valueRequired":true,"valueName":"search_term_string"}}],"inLanguage":"de-DE"},{"@type":"Organization","@id":"https:\/\/www.ragni.com\/de\/#organization","name":"RAGNI","url":"https:\/\/www.ragni.com\/de\/","logo":{"@type":"ImageObject","inLanguage":"de-DE","@id":"https:\/\/www.ragni.com\/de\/#\/schema\/logo\/image\/","url":"https:\/\/www.ragni.com\/wp-content\/uploads\/2022\/06\/Groupe-11.png","contentUrl":"https:\/\/www.ragni.com\/wp-content\/uploads\/2022\/06\/Groupe-11.png","width":117,"height":40,"caption":"RAGNI"},"image":{"@id":"https:\/\/www.ragni.com\/de\/#\/schema\/logo\/image\/"},"sameAs":["https:\/\/www.facebook.com\/Ragni.SAS","https:\/\/x.com\/RAGNI_SAS","https:\/\/www.youtube.com\/channel\/UCg3LCUI39GyNBcrdS9QV9LA","https:\/\/www.linkedin.com\/company\/ragni"]}]}},"_links":{"self":[{"href":"https:\/\/www.ragni.com\/de\/wp-json\/wp\/v2\/pages\/24882","targetHints":{"allow":["GET"]}}],"collection":[{"href":"https:\/\/www.ragni.com\/de\/wp-json\/wp\/v2\/pages"}],"about":[{"href":"https:\/\/www.ragni.com\/de\/wp-json\/wp\/v2\/types\/page"}],"author":[{"embeddable":true,"href":"https:\/\/www.ragni.com\/de\/wp-json\/wp\/v2\/users\/1"}],"replies":[{"embeddable":true,"href":"https:\/\/www.ragni.com\/de\/wp-json\/wp\/v2\/comments?post=24882"}],"version-history":[{"count":8,"href":"https:\/\/www.ragni.com\/de\/wp-json\/wp\/v2\/pages\/24882\/revisions"}],"predecessor-version":[{"id":24896,"href":"https:\/\/www.ragni.com\/de\/wp-json\/wp\/v2\/pages\/24882\/revisions\/24896"}],"wp:attachment":[{"href":"https:\/\/www.ragni.com\/de\/wp-json\/wp\/v2\/media?parent=24882"}],"curies":[{"name":"wp","href":"https:\/\/api.w.org\/{rel}","templated":true}]}}