{"id":24156,"date":"2022-11-15T15:28:44","date_gmt":"2022-11-15T14:28:44","guid":{"rendered":"https:\/\/www.ragni.com\/produit\/karo\/"},"modified":"2026-02-26T18:08:44","modified_gmt":"2026-02-26T17:08:44","slug":"karo","status":"publish","type":"product","link":"https:\/\/www.ragni.com\/de\/produit\/karo\/","title":{"rendered":"Karo"},"content":{"rendered":"<div class=\"wpb-content-wrapper\"><p>[vc_row][vc_column width=&#8221;1\/1&#8243;][uncode_block id=&#8221;2376&#8243;][\/vc_column][\/vc_row][vc_row][vc_column width=&#8221;1\/1&#8243;][uncode_block id=&#8221;4324&#8243;][\/vc_column][\/vc_row]<\/p>\n<\/div>","protected":false},"excerpt":{"rendered":"<p>[vc_row][vc_column width=&#8221;1\/1&#8243;][uncode_block id=&#8221;7959&#8243;][\/vc_column][\/vc_row]<\/p>\n","protected":false},"featured_media":24157,"template":"","meta":[],"product_cat":[581,593],"product_tag":[584,585,594,595],"class_list":{"0":"post-24156","1":"product","2":"type-product","3":"status-publish","4":"has-post-thumbnail","6":"product_cat-suche","7":"product_cat-karo-de","8":"product_tag-linear-de","9":"product_tag-quadrat","10":"product_tag-anpassbar","11":"product_tag-lichtmarkierung","13":"first","14":"instock","15":"shipping-taxable","16":"product-type-simple"},"yoast_head":"<!-- This site is optimized with the Yoast SEO plugin v24.0 - https:\/\/yoast.com\/wordpress\/plugins\/seo\/ -->\n<title>Karo - RAGNI<\/title>\n<meta name=\"description\" content=\"Der Poller Karo hat einen abgerundeten quadratischen Querschnitt und wurde so entworfen, dass er den Normen f\u00fcr Personen mit eingeschr\u00e4nkter Mobilit\u00e4t entspricht. Er bietet eine optimale Beleuchtung f\u00fcr Wege, Parks und Radwege.\" \/>\n<meta name=\"robots\" content=\"index, follow, max-snippet:-1, max-image-preview:large, max-video-preview:-1\" \/>\n<link rel=\"canonical\" href=\"https:\/\/www.ragni.com\/de\/produit\/karo\/\" \/>\n<meta property=\"og:locale\" content=\"de_DE\" \/>\n<meta property=\"og:type\" content=\"article\" \/>\n<meta property=\"og:title\" content=\"Karo - RAGNI\" \/>\n<meta property=\"og:description\" content=\"Der Poller Karo hat einen abgerundeten quadratischen Querschnitt und wurde so entworfen, dass er den Normen f\u00fcr Personen mit eingeschr\u00e4nkter Mobilit\u00e4t entspricht. Er bietet eine optimale Beleuchtung f\u00fcr Wege, Parks und Radwege.\" \/>\n<meta property=\"og:url\" content=\"https:\/\/www.ragni.com\/de\/produit\/karo\/\" \/>\n<meta property=\"og:site_name\" content=\"RAGNI\" \/>\n<meta property=\"article:publisher\" content=\"https:\/\/www.facebook.com\/Ragni.SAS\" \/>\n<meta property=\"article:modified_time\" content=\"2026-02-26T17:08:44+00:00\" \/>\n<meta property=\"og:image\" content=\"https:\/\/www.ragni.com\/wp-content\/uploads\/2022\/11\/84168024_xl-1.jpg\" \/>\n\t<meta property=\"og:image:width\" content=\"1500\" \/>\n\t<meta property=\"og:image:height\" content=\"999\" \/>\n\t<meta property=\"og:image:type\" content=\"image\/jpeg\" \/>\n<meta name=\"twitter:card\" content=\"summary_large_image\" \/>\n<meta name=\"twitter:site\" content=\"@RAGNI_SAS\" \/>\n<meta name=\"twitter:label1\" content=\"Est. reading time\" \/>\n\t<meta name=\"twitter:data1\" content=\"1 minute\" \/>\n<script type=\"application\/ld+json\" class=\"yoast-schema-graph\">{\"@context\":\"https:\/\/schema.org\",\"@graph\":[{\"@type\":\"WebPage\",\"@id\":\"https:\/\/www.ragni.com\/de\/produit\/karo\/\",\"url\":\"https:\/\/www.ragni.com\/de\/produit\/karo\/\",\"name\":\"Karo - RAGNI\",\"isPartOf\":{\"@id\":\"https:\/\/www.ragni.com\/de\/#website\"},\"primaryImageOfPage\":{\"@id\":\"https:\/\/www.ragni.com\/de\/produit\/karo\/#primaryimage\"},\"image\":{\"@id\":\"https:\/\/www.ragni.com\/de\/produit\/karo\/#primaryimage\"},\"thumbnailUrl\":\"https:\/\/www.ragni.com\/wp-content\/uploads\/2022\/11\/84168024_xl-1.jpg\",\"datePublished\":\"2022-11-15T14:28:44+00:00\",\"dateModified\":\"2026-02-26T17:08:44+00:00\",\"description\":\"Der Poller Karo hat einen abgerundeten quadratischen Querschnitt und wurde so entworfen, dass er den Normen f\u00fcr Personen mit eingeschr\u00e4nkter Mobilit\u00e4t entspricht. Er bietet eine optimale Beleuchtung f\u00fcr Wege, Parks und Radwege.\",\"breadcrumb\":{\"@id\":\"https:\/\/www.ragni.com\/de\/produit\/karo\/#breadcrumb\"},\"inLanguage\":\"de-DE\",\"potentialAction\":[{\"@type\":\"ReadAction\",\"target\":[\"https:\/\/www.ragni.com\/de\/produit\/karo\/\"]}]},{\"@type\":\"ImageObject\",\"inLanguage\":\"de-DE\",\"@id\":\"https:\/\/www.ragni.com\/de\/produit\/karo\/#primaryimage\",\"url\":\"https:\/\/www.ragni.com\/wp-content\/uploads\/2022\/11\/84168024_xl-1.jpg\",\"contentUrl\":\"https:\/\/www.ragni.com\/wp-content\/uploads\/2022\/11\/84168024_xl-1.jpg\",\"width\":1500,\"height\":999},{\"@type\":\"BreadcrumbList\",\"@id\":\"https:\/\/www.ragni.com\/de\/produit\/karo\/#breadcrumb\",\"itemListElement\":[{\"@type\":\"ListItem\",\"position\":1,\"name\":\"Accueil\",\"item\":\"https:\/\/www.ragni.com\/de\/\"},{\"@type\":\"ListItem\",\"position\":2,\"name\":\"Boutique\",\"item\":\"https:\/\/www.ragni.com\/boutique\/\"},{\"@type\":\"ListItem\",\"position\":3,\"name\":\"Karo\"}]},{\"@type\":\"WebSite\",\"@id\":\"https:\/\/www.ragni.com\/de\/#website\",\"url\":\"https:\/\/www.ragni.com\/de\/\",\"name\":\"RAGNI\",\"description\":\"La lumi\u00e8re \u00e0 votre image\",\"publisher\":{\"@id\":\"https:\/\/www.ragni.com\/de\/#organization\"},\"potentialAction\":[{\"@type\":\"SearchAction\",\"target\":{\"@type\":\"EntryPoint\",\"urlTemplate\":\"https:\/\/www.ragni.com\/de\/?s={search_term_string}\"},\"query-input\":{\"@type\":\"PropertyValueSpecification\",\"valueRequired\":true,\"valueName\":\"search_term_string\"}}],\"inLanguage\":\"de-DE\"},{\"@type\":\"Organization\",\"@id\":\"https:\/\/www.ragni.com\/de\/#organization\",\"name\":\"RAGNI\",\"url\":\"https:\/\/www.ragni.com\/de\/\",\"logo\":{\"@type\":\"ImageObject\",\"inLanguage\":\"de-DE\",\"@id\":\"https:\/\/www.ragni.com\/de\/#\/schema\/logo\/image\/\",\"url\":\"https:\/\/www.ragni.com\/wp-content\/uploads\/2022\/06\/Groupe-11.png\",\"contentUrl\":\"https:\/\/www.ragni.com\/wp-content\/uploads\/2022\/06\/Groupe-11.png\",\"width\":117,\"height\":40,\"caption\":\"RAGNI\"},\"image\":{\"@id\":\"https:\/\/www.ragni.com\/de\/#\/schema\/logo\/image\/\"},\"sameAs\":[\"https:\/\/www.facebook.com\/Ragni.SAS\",\"https:\/\/x.com\/RAGNI_SAS\",\"https:\/\/www.youtube.com\/channel\/UCg3LCUI39GyNBcrdS9QV9LA\",\"https:\/\/www.linkedin.com\/company\/ragni\"]}]}<\/script>\n<!-- \/ Yoast SEO plugin. -->","yoast_head_json":{"title":"Karo - RAGNI","description":"Der Poller Karo hat einen abgerundeten quadratischen Querschnitt und wurde so entworfen, dass er den Normen f\u00fcr Personen mit eingeschr\u00e4nkter Mobilit\u00e4t entspricht. Er bietet eine optimale Beleuchtung f\u00fcr Wege, Parks und Radwege.","robots":{"index":"index","follow":"follow","max-snippet":"max-snippet:-1","max-image-preview":"max-image-preview:large","max-video-preview":"max-video-preview:-1"},"canonical":"https:\/\/www.ragni.com\/de\/produit\/karo\/","og_locale":"de_DE","og_type":"article","og_title":"Karo - RAGNI","og_description":"Der Poller Karo hat einen abgerundeten quadratischen Querschnitt und wurde so entworfen, dass er den Normen f\u00fcr Personen mit eingeschr\u00e4nkter Mobilit\u00e4t entspricht. Er bietet eine optimale Beleuchtung f\u00fcr Wege, Parks und Radwege.","og_url":"https:\/\/www.ragni.com\/de\/produit\/karo\/","og_site_name":"RAGNI","article_publisher":"https:\/\/www.facebook.com\/Ragni.SAS","article_modified_time":"2026-02-26T17:08:44+00:00","og_image":[{"width":1500,"height":999,"url":"https:\/\/www.ragni.com\/wp-content\/uploads\/2022\/11\/84168024_xl-1.jpg","type":"image\/jpeg"}],"twitter_card":"summary_large_image","twitter_site":"@RAGNI_SAS","twitter_misc":{"Est. reading time":"1 minute"},"schema":{"@context":"https:\/\/schema.org","@graph":[{"@type":"WebPage","@id":"https:\/\/www.ragni.com\/de\/produit\/karo\/","url":"https:\/\/www.ragni.com\/de\/produit\/karo\/","name":"Karo - RAGNI","isPartOf":{"@id":"https:\/\/www.ragni.com\/de\/#website"},"primaryImageOfPage":{"@id":"https:\/\/www.ragni.com\/de\/produit\/karo\/#primaryimage"},"image":{"@id":"https:\/\/www.ragni.com\/de\/produit\/karo\/#primaryimage"},"thumbnailUrl":"https:\/\/www.ragni.com\/wp-content\/uploads\/2022\/11\/84168024_xl-1.jpg","datePublished":"2022-11-15T14:28:44+00:00","dateModified":"2026-02-26T17:08:44+00:00","description":"Der Poller Karo hat einen abgerundeten quadratischen Querschnitt und wurde so entworfen, dass er den Normen f\u00fcr Personen mit eingeschr\u00e4nkter Mobilit\u00e4t entspricht. Er bietet eine optimale Beleuchtung f\u00fcr Wege, Parks und Radwege.","breadcrumb":{"@id":"https:\/\/www.ragni.com\/de\/produit\/karo\/#breadcrumb"},"inLanguage":"de-DE","potentialAction":[{"@type":"ReadAction","target":["https:\/\/www.ragni.com\/de\/produit\/karo\/"]}]},{"@type":"ImageObject","inLanguage":"de-DE","@id":"https:\/\/www.ragni.com\/de\/produit\/karo\/#primaryimage","url":"https:\/\/www.ragni.com\/wp-content\/uploads\/2022\/11\/84168024_xl-1.jpg","contentUrl":"https:\/\/www.ragni.com\/wp-content\/uploads\/2022\/11\/84168024_xl-1.jpg","width":1500,"height":999},{"@type":"BreadcrumbList","@id":"https:\/\/www.ragni.com\/de\/produit\/karo\/#breadcrumb","itemListElement":[{"@type":"ListItem","position":1,"name":"Accueil","item":"https:\/\/www.ragni.com\/de\/"},{"@type":"ListItem","position":2,"name":"Boutique","item":"https:\/\/www.ragni.com\/boutique\/"},{"@type":"ListItem","position":3,"name":"Karo"}]},{"@type":"WebSite","@id":"https:\/\/www.ragni.com\/de\/#website","url":"https:\/\/www.ragni.com\/de\/","name":"RAGNI","description":"La lumi\u00e8re \u00e0 votre image","publisher":{"@id":"https:\/\/www.ragni.com\/de\/#organization"},"potentialAction":[{"@type":"SearchAction","target":{"@type":"EntryPoint","urlTemplate":"https:\/\/www.ragni.com\/de\/?s={search_term_string}"},"query-input":{"@type":"PropertyValueSpecification","valueRequired":true,"valueName":"search_term_string"}}],"inLanguage":"de-DE"},{"@type":"Organization","@id":"https:\/\/www.ragni.com\/de\/#organization","name":"RAGNI","url":"https:\/\/www.ragni.com\/de\/","logo":{"@type":"ImageObject","inLanguage":"de-DE","@id":"https:\/\/www.ragni.com\/de\/#\/schema\/logo\/image\/","url":"https:\/\/www.ragni.com\/wp-content\/uploads\/2022\/06\/Groupe-11.png","contentUrl":"https:\/\/www.ragni.com\/wp-content\/uploads\/2022\/06\/Groupe-11.png","width":117,"height":40,"caption":"RAGNI"},"image":{"@id":"https:\/\/www.ragni.com\/de\/#\/schema\/logo\/image\/"},"sameAs":["https:\/\/www.facebook.com\/Ragni.SAS","https:\/\/x.com\/RAGNI_SAS","https:\/\/www.youtube.com\/channel\/UCg3LCUI39GyNBcrdS9QV9LA","https:\/\/www.linkedin.com\/company\/ragni"]}]}},"_links":{"self":[{"href":"https:\/\/www.ragni.com\/de\/wp-json\/wp\/v2\/product\/24156","targetHints":{"allow":["GET"]}}],"collection":[{"href":"https:\/\/www.ragni.com\/de\/wp-json\/wp\/v2\/product"}],"about":[{"href":"https:\/\/www.ragni.com\/de\/wp-json\/wp\/v2\/types\/product"}],"wp:featuredmedia":[{"embeddable":true,"href":"https:\/\/www.ragni.com\/de\/wp-json\/wp\/v2\/media\/24157"}],"wp:attachment":[{"href":"https:\/\/www.ragni.com\/de\/wp-json\/wp\/v2\/media?parent=24156"}],"wp:term":[{"taxonomy":"product_cat","embeddable":true,"href":"https:\/\/www.ragni.com\/de\/wp-json\/wp\/v2\/product_cat?post=24156"},{"taxonomy":"product_tag","embeddable":true,"href":"https:\/\/www.ragni.com\/de\/wp-json\/wp\/v2\/product_tag?post=24156"}],"curies":[{"name":"wp","href":"https:\/\/api.w.org\/{rel}","templated":true}]}}