{"id":24414,"date":"2022-11-17T13:14:42","date_gmt":"2022-11-17T12:14:42","guid":{"rendered":"https:\/\/www.ragni.com\/produit\/st-jeannet-2\/"},"modified":"2026-02-26T17:00:21","modified_gmt":"2026-02-26T16:00:21","slug":"st-jeannet-2","status":"publish","type":"product","link":"https:\/\/www.ragni.com\/de\/produit\/st-jeannet-2\/","title":{"rendered":"St Jeannet"},"content":{"rendered":"","protected":false},"excerpt":{"rendered":"","protected":false},"featured_media":24416,"template":"","meta":[],"product_cat":[639],"product_tag":[583,586,588,589],"class_list":{"0":"post-24414","1":"product","2":"type-product","3":"status-publish","4":"has-post-thumbnail","6":"product_cat-st-jeannet-de","7":"product_tag-abgehangt","8":"product_tag-traditionell","9":"product_tag-wohngebiet","10":"product_tag-stadtisch","12":"first","13":"instock","14":"shipping-taxable","15":"product-type-simple"},"yoast_head":"<!-- This site is optimized with the Yoast SEO plugin v24.0 - https:\/\/yoast.com\/wordpress\/plugins\/seo\/ -->\n<title>St Jeannet - RAGNI<\/title>\n<meta name=\"description\" content=\"Die Leuchte St. Jeannet besteht aus einem sechsseitigen K\u00e4fig, der von einem B\u00fcgel getragen wird, und einer sechseckigen Kuppel, die von einem dekorativen Pilz gekr\u00f6nt wird, der die Spitze der Leuchte bildet.\" \/>\n<meta name=\"robots\" content=\"index, nofollow, max-snippet:-1, max-image-preview:large, max-video-preview:-1\" \/>\n<link rel=\"canonical\" href=\"https:\/\/www.ragni.com\/de\/produit\/st-jeannet-2\/\" \/>\n<meta property=\"og:locale\" content=\"de_DE\" \/>\n<meta property=\"og:type\" content=\"article\" \/>\n<meta property=\"og:title\" content=\"St Jeannet - RAGNI\" \/>\n<meta property=\"og:description\" content=\"Die Leuchte St. Jeannet besteht aus einem sechsseitigen K\u00e4fig, der von einem B\u00fcgel getragen wird, und einer sechseckigen Kuppel, die von einem dekorativen Pilz gekr\u00f6nt wird, der die Spitze der Leuchte bildet.\" \/>\n<meta property=\"og:url\" content=\"https:\/\/www.ragni.com\/de\/produit\/st-jeannet-2\/\" \/>\n<meta property=\"og:site_name\" content=\"RAGNI\" \/>\n<meta property=\"article:publisher\" content=\"https:\/\/www.facebook.com\/Ragni.SAS\" \/>\n<meta property=\"article:modified_time\" content=\"2026-02-26T16:00:21+00:00\" \/>\n<meta property=\"og:image\" content=\"https:\/\/www.ragni.com\/wp-content\/uploads\/2022\/11\/01ST_JEANNET-1.png\" \/>\n\t<meta property=\"og:image:width\" content=\"2000\" \/>\n\t<meta property=\"og:image:height\" content=\"1974\" \/>\n\t<meta property=\"og:image:type\" content=\"image\/png\" \/>\n<meta name=\"twitter:card\" content=\"summary_large_image\" \/>\n<meta name=\"twitter:site\" content=\"@RAGNI_SAS\" \/>\n<meta name=\"twitter:label1\" content=\"Est. reading time\" \/>\n\t<meta name=\"twitter:data1\" content=\"1 minute\" \/>\n<script type=\"application\/ld+json\" class=\"yoast-schema-graph\">{\"@context\":\"https:\/\/schema.org\",\"@graph\":[{\"@type\":\"WebPage\",\"@id\":\"https:\/\/www.ragni.com\/de\/produit\/st-jeannet-2\/\",\"url\":\"https:\/\/www.ragni.com\/de\/produit\/st-jeannet-2\/\",\"name\":\"St Jeannet - RAGNI\",\"isPartOf\":{\"@id\":\"https:\/\/www.ragni.com\/de\/#website\"},\"primaryImageOfPage\":{\"@id\":\"https:\/\/www.ragni.com\/de\/produit\/st-jeannet-2\/#primaryimage\"},\"image\":{\"@id\":\"https:\/\/www.ragni.com\/de\/produit\/st-jeannet-2\/#primaryimage\"},\"thumbnailUrl\":\"https:\/\/www.ragni.com\/wp-content\/uploads\/2022\/11\/01ST_JEANNET-1.png\",\"datePublished\":\"2022-11-17T12:14:42+00:00\",\"dateModified\":\"2026-02-26T16:00:21+00:00\",\"description\":\"Die Leuchte St. Jeannet besteht aus einem sechsseitigen K\u00e4fig, der von einem B\u00fcgel getragen wird, und einer sechseckigen Kuppel, die von einem dekorativen Pilz gekr\u00f6nt wird, der die Spitze der Leuchte bildet.\",\"breadcrumb\":{\"@id\":\"https:\/\/www.ragni.com\/de\/produit\/st-jeannet-2\/#breadcrumb\"},\"inLanguage\":\"de-DE\",\"potentialAction\":[{\"@type\":\"ReadAction\",\"target\":[\"https:\/\/www.ragni.com\/de\/produit\/st-jeannet-2\/\"]}]},{\"@type\":\"ImageObject\",\"inLanguage\":\"de-DE\",\"@id\":\"https:\/\/www.ragni.com\/de\/produit\/st-jeannet-2\/#primaryimage\",\"url\":\"https:\/\/www.ragni.com\/wp-content\/uploads\/2022\/11\/01ST_JEANNET-1.png\",\"contentUrl\":\"https:\/\/www.ragni.com\/wp-content\/uploads\/2022\/11\/01ST_JEANNET-1.png\",\"width\":2000,\"height\":1974},{\"@type\":\"BreadcrumbList\",\"@id\":\"https:\/\/www.ragni.com\/de\/produit\/st-jeannet-2\/#breadcrumb\",\"itemListElement\":[{\"@type\":\"ListItem\",\"position\":1,\"name\":\"Accueil\",\"item\":\"https:\/\/www.ragni.com\/de\/\"},{\"@type\":\"ListItem\",\"position\":2,\"name\":\"Boutique\",\"item\":\"https:\/\/www.ragni.com\/boutique\/\"},{\"@type\":\"ListItem\",\"position\":3,\"name\":\"St Jeannet\"}]},{\"@type\":\"WebSite\",\"@id\":\"https:\/\/www.ragni.com\/de\/#website\",\"url\":\"https:\/\/www.ragni.com\/de\/\",\"name\":\"RAGNI\",\"description\":\"La lumi\u00e8re \u00e0 votre image\",\"publisher\":{\"@id\":\"https:\/\/www.ragni.com\/de\/#organization\"},\"potentialAction\":[{\"@type\":\"SearchAction\",\"target\":{\"@type\":\"EntryPoint\",\"urlTemplate\":\"https:\/\/www.ragni.com\/de\/?s={search_term_string}\"},\"query-input\":{\"@type\":\"PropertyValueSpecification\",\"valueRequired\":true,\"valueName\":\"search_term_string\"}}],\"inLanguage\":\"de-DE\"},{\"@type\":\"Organization\",\"@id\":\"https:\/\/www.ragni.com\/de\/#organization\",\"name\":\"RAGNI\",\"url\":\"https:\/\/www.ragni.com\/de\/\",\"logo\":{\"@type\":\"ImageObject\",\"inLanguage\":\"de-DE\",\"@id\":\"https:\/\/www.ragni.com\/de\/#\/schema\/logo\/image\/\",\"url\":\"https:\/\/www.ragni.com\/wp-content\/uploads\/2022\/06\/Groupe-11.png\",\"contentUrl\":\"https:\/\/www.ragni.com\/wp-content\/uploads\/2022\/06\/Groupe-11.png\",\"width\":117,\"height\":40,\"caption\":\"RAGNI\"},\"image\":{\"@id\":\"https:\/\/www.ragni.com\/de\/#\/schema\/logo\/image\/\"},\"sameAs\":[\"https:\/\/www.facebook.com\/Ragni.SAS\",\"https:\/\/x.com\/RAGNI_SAS\",\"https:\/\/www.youtube.com\/channel\/UCg3LCUI39GyNBcrdS9QV9LA\",\"https:\/\/www.linkedin.com\/company\/ragni\"]}]}<\/script>\n<!-- \/ Yoast SEO plugin. -->","yoast_head_json":{"title":"St Jeannet - RAGNI","description":"Die Leuchte St. Jeannet besteht aus einem sechsseitigen K\u00e4fig, der von einem B\u00fcgel getragen wird, und einer sechseckigen Kuppel, die von einem dekorativen Pilz gekr\u00f6nt wird, der die Spitze der Leuchte bildet.","robots":{"index":"index","follow":"nofollow","max-snippet":"max-snippet:-1","max-image-preview":"max-image-preview:large","max-video-preview":"max-video-preview:-1"},"canonical":"https:\/\/www.ragni.com\/de\/produit\/st-jeannet-2\/","og_locale":"de_DE","og_type":"article","og_title":"St Jeannet - RAGNI","og_description":"Die Leuchte St. Jeannet besteht aus einem sechsseitigen K\u00e4fig, der von einem B\u00fcgel getragen wird, und einer sechseckigen Kuppel, die von einem dekorativen Pilz gekr\u00f6nt wird, der die Spitze der Leuchte bildet.","og_url":"https:\/\/www.ragni.com\/de\/produit\/st-jeannet-2\/","og_site_name":"RAGNI","article_publisher":"https:\/\/www.facebook.com\/Ragni.SAS","article_modified_time":"2026-02-26T16:00:21+00:00","og_image":[{"width":2000,"height":1974,"url":"https:\/\/www.ragni.com\/wp-content\/uploads\/2022\/11\/01ST_JEANNET-1.png","type":"image\/png"}],"twitter_card":"summary_large_image","twitter_site":"@RAGNI_SAS","twitter_misc":{"Est. reading time":"1 minute"},"schema":{"@context":"https:\/\/schema.org","@graph":[{"@type":"WebPage","@id":"https:\/\/www.ragni.com\/de\/produit\/st-jeannet-2\/","url":"https:\/\/www.ragni.com\/de\/produit\/st-jeannet-2\/","name":"St Jeannet - RAGNI","isPartOf":{"@id":"https:\/\/www.ragni.com\/de\/#website"},"primaryImageOfPage":{"@id":"https:\/\/www.ragni.com\/de\/produit\/st-jeannet-2\/#primaryimage"},"image":{"@id":"https:\/\/www.ragni.com\/de\/produit\/st-jeannet-2\/#primaryimage"},"thumbnailUrl":"https:\/\/www.ragni.com\/wp-content\/uploads\/2022\/11\/01ST_JEANNET-1.png","datePublished":"2022-11-17T12:14:42+00:00","dateModified":"2026-02-26T16:00:21+00:00","description":"Die Leuchte St. Jeannet besteht aus einem sechsseitigen K\u00e4fig, der von einem B\u00fcgel getragen wird, und einer sechseckigen Kuppel, die von einem dekorativen Pilz gekr\u00f6nt wird, der die Spitze der Leuchte bildet.","breadcrumb":{"@id":"https:\/\/www.ragni.com\/de\/produit\/st-jeannet-2\/#breadcrumb"},"inLanguage":"de-DE","potentialAction":[{"@type":"ReadAction","target":["https:\/\/www.ragni.com\/de\/produit\/st-jeannet-2\/"]}]},{"@type":"ImageObject","inLanguage":"de-DE","@id":"https:\/\/www.ragni.com\/de\/produit\/st-jeannet-2\/#primaryimage","url":"https:\/\/www.ragni.com\/wp-content\/uploads\/2022\/11\/01ST_JEANNET-1.png","contentUrl":"https:\/\/www.ragni.com\/wp-content\/uploads\/2022\/11\/01ST_JEANNET-1.png","width":2000,"height":1974},{"@type":"BreadcrumbList","@id":"https:\/\/www.ragni.com\/de\/produit\/st-jeannet-2\/#breadcrumb","itemListElement":[{"@type":"ListItem","position":1,"name":"Accueil","item":"https:\/\/www.ragni.com\/de\/"},{"@type":"ListItem","position":2,"name":"Boutique","item":"https:\/\/www.ragni.com\/boutique\/"},{"@type":"ListItem","position":3,"name":"St Jeannet"}]},{"@type":"WebSite","@id":"https:\/\/www.ragni.com\/de\/#website","url":"https:\/\/www.ragni.com\/de\/","name":"RAGNI","description":"La lumi\u00e8re \u00e0 votre image","publisher":{"@id":"https:\/\/www.ragni.com\/de\/#organization"},"potentialAction":[{"@type":"SearchAction","target":{"@type":"EntryPoint","urlTemplate":"https:\/\/www.ragni.com\/de\/?s={search_term_string}"},"query-input":{"@type":"PropertyValueSpecification","valueRequired":true,"valueName":"search_term_string"}}],"inLanguage":"de-DE"},{"@type":"Organization","@id":"https:\/\/www.ragni.com\/de\/#organization","name":"RAGNI","url":"https:\/\/www.ragni.com\/de\/","logo":{"@type":"ImageObject","inLanguage":"de-DE","@id":"https:\/\/www.ragni.com\/de\/#\/schema\/logo\/image\/","url":"https:\/\/www.ragni.com\/wp-content\/uploads\/2022\/06\/Groupe-11.png","contentUrl":"https:\/\/www.ragni.com\/wp-content\/uploads\/2022\/06\/Groupe-11.png","width":117,"height":40,"caption":"RAGNI"},"image":{"@id":"https:\/\/www.ragni.com\/de\/#\/schema\/logo\/image\/"},"sameAs":["https:\/\/www.facebook.com\/Ragni.SAS","https:\/\/x.com\/RAGNI_SAS","https:\/\/www.youtube.com\/channel\/UCg3LCUI39GyNBcrdS9QV9LA","https:\/\/www.linkedin.com\/company\/ragni"]}]}},"_links":{"self":[{"href":"https:\/\/www.ragni.com\/de\/wp-json\/wp\/v2\/product\/24414","targetHints":{"allow":["GET"]}}],"collection":[{"href":"https:\/\/www.ragni.com\/de\/wp-json\/wp\/v2\/product"}],"about":[{"href":"https:\/\/www.ragni.com\/de\/wp-json\/wp\/v2\/types\/product"}],"wp:featuredmedia":[{"embeddable":true,"href":"https:\/\/www.ragni.com\/de\/wp-json\/wp\/v2\/media\/24416"}],"wp:attachment":[{"href":"https:\/\/www.ragni.com\/de\/wp-json\/wp\/v2\/media?parent=24414"}],"wp:term":[{"taxonomy":"product_cat","embeddable":true,"href":"https:\/\/www.ragni.com\/de\/wp-json\/wp\/v2\/product_cat?post=24414"},{"taxonomy":"product_tag","embeddable":true,"href":"https:\/\/www.ragni.com\/de\/wp-json\/wp\/v2\/product_tag?post=24414"}],"curies":[{"name":"wp","href":"https:\/\/api.w.org\/{rel}","templated":true}]}}