{"id":24533,"date":"2022-10-30T12:40:47","date_gmt":"2022-10-30T11:40:47","guid":{"rendered":"https:\/\/www.ragni.com\/produit\/sprint\/"},"modified":"2026-02-27T09:30:57","modified_gmt":"2026-02-27T08:30:57","slug":"sprint","status":"publish","type":"product","link":"https:\/\/www.ragni.com\/de\/produit\/sprint\/","title":{"rendered":"Sprint"},"content":{"rendered":"<div class=\"wpb-content-wrapper\"><p>[vc_row][vc_column width=&#8221;1\/1&#8243;][uncode_block id=&#8221;2418&#8243;][\/vc_column][\/vc_row][vc_row][vc_column width=&#8221;1\/1&#8243;][uncode_block id=&#8221;4395&#8243;][\/vc_column][\/vc_row]<\/p>\n<\/div>","protected":false},"excerpt":{"rendered":"<p>[vc_row][vc_column width=&#8221;1\/1&#8243;][uncode_block id=&#8221;8140&#8243;][\/vc_column][\/vc_row]<\/p>\n","protected":false},"featured_media":24534,"template":"","meta":[],"product_cat":[578,581,653],"product_tag":[582,589,616,617],"class_list":{"0":"post-24533","1":"product","2":"type-product","3":"status-publish","4":"has-post-thumbnail","6":"product_cat-leuchten","7":"product_cat-suche","8":"product_cat-sprint-de","9":"product_tag-rechteckig","10":"product_tag-stadtisch","11":"product_tag-strasenverkehr","12":"product_tag-funktionell","14":"first","15":"instock","16":"shipping-taxable","17":"product-type-simple"},"yoast_head":"<!-- This site is optimized with the Yoast SEO plugin v24.0 - https:\/\/yoast.com\/wordpress\/plugins\/seo\/ -->\n<title>Sprint - RAGNI<\/title>\n<meta name=\"description\" content=\"Sprint ist eine Leuchte mit einer flachen, rechteckigen Form. Sie ist f\u00fcr die asymmetrische Stra\u00dfenbeleuchtung konzipiert und verf\u00fcgt \u00fcber 16 bis 64 LEDs der elektrischen Klasse I oder II.\" \/>\n<meta name=\"robots\" content=\"index, follow, max-snippet:-1, max-image-preview:large, max-video-preview:-1\" \/>\n<link rel=\"canonical\" href=\"https:\/\/www.ragni.com\/de\/produit\/sprint\/\" \/>\n<meta property=\"og:locale\" content=\"de_DE\" \/>\n<meta property=\"og:type\" content=\"article\" \/>\n<meta property=\"og:title\" content=\"Sprint - RAGNI\" \/>\n<meta property=\"og:description\" content=\"Sprint ist eine Leuchte mit einer flachen, rechteckigen Form. Sie ist f\u00fcr die asymmetrische Stra\u00dfenbeleuchtung konzipiert und verf\u00fcgt \u00fcber 16 bis 64 LEDs der elektrischen Klasse I oder II.\" \/>\n<meta property=\"og:url\" content=\"https:\/\/www.ragni.com\/de\/produit\/sprint\/\" \/>\n<meta property=\"og:site_name\" content=\"RAGNI\" \/>\n<meta property=\"article:publisher\" content=\"https:\/\/www.facebook.com\/Ragni.SAS\" \/>\n<meta property=\"article:modified_time\" content=\"2026-02-27T08:30:57+00:00\" \/>\n<meta property=\"og:image\" content=\"https:\/\/www.ragni.com\/wp-content\/uploads\/2022\/09\/SPRINT_LAT_CONSOLE_MAT_LEGE_CAP_FERRET-scaled.webp\" \/>\n\t<meta property=\"og:image:width\" content=\"2480\" \/>\n\t<meta property=\"og:image:height\" content=\"2560\" \/>\n\t<meta property=\"og:image:type\" content=\"image\/webp\" \/>\n<meta name=\"twitter:card\" content=\"summary_large_image\" \/>\n<meta name=\"twitter:site\" content=\"@RAGNI_SAS\" \/>\n<meta name=\"twitter:label1\" content=\"Est. reading time\" \/>\n\t<meta name=\"twitter:data1\" content=\"1 minute\" \/>\n<script type=\"application\/ld+json\" class=\"yoast-schema-graph\">{\"@context\":\"https:\/\/schema.org\",\"@graph\":[{\"@type\":\"WebPage\",\"@id\":\"https:\/\/www.ragni.com\/de\/produit\/sprint\/\",\"url\":\"https:\/\/www.ragni.com\/de\/produit\/sprint\/\",\"name\":\"Sprint - RAGNI\",\"isPartOf\":{\"@id\":\"https:\/\/www.ragni.com\/de\/#website\"},\"primaryImageOfPage\":{\"@id\":\"https:\/\/www.ragni.com\/de\/produit\/sprint\/#primaryimage\"},\"image\":{\"@id\":\"https:\/\/www.ragni.com\/de\/produit\/sprint\/#primaryimage\"},\"thumbnailUrl\":\"https:\/\/www.ragni.com\/wp-content\/uploads\/2022\/09\/SPRINT_LAT_CONSOLE_MAT_LEGE_CAP_FERRET-scaled.webp\",\"datePublished\":\"2022-10-30T11:40:47+00:00\",\"dateModified\":\"2026-02-27T08:30:57+00:00\",\"description\":\"Sprint ist eine Leuchte mit einer flachen, rechteckigen Form. Sie ist f\u00fcr die asymmetrische Stra\u00dfenbeleuchtung konzipiert und verf\u00fcgt \u00fcber 16 bis 64 LEDs der elektrischen Klasse I oder II.\",\"breadcrumb\":{\"@id\":\"https:\/\/www.ragni.com\/de\/produit\/sprint\/#breadcrumb\"},\"inLanguage\":\"de-DE\",\"potentialAction\":[{\"@type\":\"ReadAction\",\"target\":[\"https:\/\/www.ragni.com\/de\/produit\/sprint\/\"]}]},{\"@type\":\"ImageObject\",\"inLanguage\":\"de-DE\",\"@id\":\"https:\/\/www.ragni.com\/de\/produit\/sprint\/#primaryimage\",\"url\":\"https:\/\/www.ragni.com\/wp-content\/uploads\/2022\/09\/SPRINT_LAT_CONSOLE_MAT_LEGE_CAP_FERRET-scaled.webp\",\"contentUrl\":\"https:\/\/www.ragni.com\/wp-content\/uploads\/2022\/09\/SPRINT_LAT_CONSOLE_MAT_LEGE_CAP_FERRET-scaled.webp\",\"width\":2480,\"height\":2560},{\"@type\":\"BreadcrumbList\",\"@id\":\"https:\/\/www.ragni.com\/de\/produit\/sprint\/#breadcrumb\",\"itemListElement\":[{\"@type\":\"ListItem\",\"position\":1,\"name\":\"Accueil\",\"item\":\"https:\/\/www.ragni.com\/de\/\"},{\"@type\":\"ListItem\",\"position\":2,\"name\":\"Boutique\",\"item\":\"https:\/\/www.ragni.com\/boutique\/\"},{\"@type\":\"ListItem\",\"position\":3,\"name\":\"Sprint\"}]},{\"@type\":\"WebSite\",\"@id\":\"https:\/\/www.ragni.com\/de\/#website\",\"url\":\"https:\/\/www.ragni.com\/de\/\",\"name\":\"RAGNI\",\"description\":\"La lumi\u00e8re \u00e0 votre image\",\"publisher\":{\"@id\":\"https:\/\/www.ragni.com\/de\/#organization\"},\"potentialAction\":[{\"@type\":\"SearchAction\",\"target\":{\"@type\":\"EntryPoint\",\"urlTemplate\":\"https:\/\/www.ragni.com\/de\/?s={search_term_string}\"},\"query-input\":{\"@type\":\"PropertyValueSpecification\",\"valueRequired\":true,\"valueName\":\"search_term_string\"}}],\"inLanguage\":\"de-DE\"},{\"@type\":\"Organization\",\"@id\":\"https:\/\/www.ragni.com\/de\/#organization\",\"name\":\"RAGNI\",\"url\":\"https:\/\/www.ragni.com\/de\/\",\"logo\":{\"@type\":\"ImageObject\",\"inLanguage\":\"de-DE\",\"@id\":\"https:\/\/www.ragni.com\/de\/#\/schema\/logo\/image\/\",\"url\":\"https:\/\/www.ragni.com\/wp-content\/uploads\/2022\/06\/Groupe-11.png\",\"contentUrl\":\"https:\/\/www.ragni.com\/wp-content\/uploads\/2022\/06\/Groupe-11.png\",\"width\":117,\"height\":40,\"caption\":\"RAGNI\"},\"image\":{\"@id\":\"https:\/\/www.ragni.com\/de\/#\/schema\/logo\/image\/\"},\"sameAs\":[\"https:\/\/www.facebook.com\/Ragni.SAS\",\"https:\/\/x.com\/RAGNI_SAS\",\"https:\/\/www.youtube.com\/channel\/UCg3LCUI39GyNBcrdS9QV9LA\",\"https:\/\/www.linkedin.com\/company\/ragni\"]}]}<\/script>\n<!-- \/ Yoast SEO plugin. -->","yoast_head_json":{"title":"Sprint - RAGNI","description":"Sprint ist eine Leuchte mit einer flachen, rechteckigen Form. Sie ist f\u00fcr die asymmetrische Stra\u00dfenbeleuchtung konzipiert und verf\u00fcgt \u00fcber 16 bis 64 LEDs der elektrischen Klasse I oder II.","robots":{"index":"index","follow":"follow","max-snippet":"max-snippet:-1","max-image-preview":"max-image-preview:large","max-video-preview":"max-video-preview:-1"},"canonical":"https:\/\/www.ragni.com\/de\/produit\/sprint\/","og_locale":"de_DE","og_type":"article","og_title":"Sprint - RAGNI","og_description":"Sprint ist eine Leuchte mit einer flachen, rechteckigen Form. Sie ist f\u00fcr die asymmetrische Stra\u00dfenbeleuchtung konzipiert und verf\u00fcgt \u00fcber 16 bis 64 LEDs der elektrischen Klasse I oder II.","og_url":"https:\/\/www.ragni.com\/de\/produit\/sprint\/","og_site_name":"RAGNI","article_publisher":"https:\/\/www.facebook.com\/Ragni.SAS","article_modified_time":"2026-02-27T08:30:57+00:00","og_image":[{"width":2480,"height":2560,"url":"https:\/\/www.ragni.com\/wp-content\/uploads\/2022\/09\/SPRINT_LAT_CONSOLE_MAT_LEGE_CAP_FERRET-scaled.webp","type":"image\/webp"}],"twitter_card":"summary_large_image","twitter_site":"@RAGNI_SAS","twitter_misc":{"Est. reading time":"1 minute"},"schema":{"@context":"https:\/\/schema.org","@graph":[{"@type":"WebPage","@id":"https:\/\/www.ragni.com\/de\/produit\/sprint\/","url":"https:\/\/www.ragni.com\/de\/produit\/sprint\/","name":"Sprint - RAGNI","isPartOf":{"@id":"https:\/\/www.ragni.com\/de\/#website"},"primaryImageOfPage":{"@id":"https:\/\/www.ragni.com\/de\/produit\/sprint\/#primaryimage"},"image":{"@id":"https:\/\/www.ragni.com\/de\/produit\/sprint\/#primaryimage"},"thumbnailUrl":"https:\/\/www.ragni.com\/wp-content\/uploads\/2022\/09\/SPRINT_LAT_CONSOLE_MAT_LEGE_CAP_FERRET-scaled.webp","datePublished":"2022-10-30T11:40:47+00:00","dateModified":"2026-02-27T08:30:57+00:00","description":"Sprint ist eine Leuchte mit einer flachen, rechteckigen Form. Sie ist f\u00fcr die asymmetrische Stra\u00dfenbeleuchtung konzipiert und verf\u00fcgt \u00fcber 16 bis 64 LEDs der elektrischen Klasse I oder II.","breadcrumb":{"@id":"https:\/\/www.ragni.com\/de\/produit\/sprint\/#breadcrumb"},"inLanguage":"de-DE","potentialAction":[{"@type":"ReadAction","target":["https:\/\/www.ragni.com\/de\/produit\/sprint\/"]}]},{"@type":"ImageObject","inLanguage":"de-DE","@id":"https:\/\/www.ragni.com\/de\/produit\/sprint\/#primaryimage","url":"https:\/\/www.ragni.com\/wp-content\/uploads\/2022\/09\/SPRINT_LAT_CONSOLE_MAT_LEGE_CAP_FERRET-scaled.webp","contentUrl":"https:\/\/www.ragni.com\/wp-content\/uploads\/2022\/09\/SPRINT_LAT_CONSOLE_MAT_LEGE_CAP_FERRET-scaled.webp","width":2480,"height":2560},{"@type":"BreadcrumbList","@id":"https:\/\/www.ragni.com\/de\/produit\/sprint\/#breadcrumb","itemListElement":[{"@type":"ListItem","position":1,"name":"Accueil","item":"https:\/\/www.ragni.com\/de\/"},{"@type":"ListItem","position":2,"name":"Boutique","item":"https:\/\/www.ragni.com\/boutique\/"},{"@type":"ListItem","position":3,"name":"Sprint"}]},{"@type":"WebSite","@id":"https:\/\/www.ragni.com\/de\/#website","url":"https:\/\/www.ragni.com\/de\/","name":"RAGNI","description":"La lumi\u00e8re \u00e0 votre image","publisher":{"@id":"https:\/\/www.ragni.com\/de\/#organization"},"potentialAction":[{"@type":"SearchAction","target":{"@type":"EntryPoint","urlTemplate":"https:\/\/www.ragni.com\/de\/?s={search_term_string}"},"query-input":{"@type":"PropertyValueSpecification","valueRequired":true,"valueName":"search_term_string"}}],"inLanguage":"de-DE"},{"@type":"Organization","@id":"https:\/\/www.ragni.com\/de\/#organization","name":"RAGNI","url":"https:\/\/www.ragni.com\/de\/","logo":{"@type":"ImageObject","inLanguage":"de-DE","@id":"https:\/\/www.ragni.com\/de\/#\/schema\/logo\/image\/","url":"https:\/\/www.ragni.com\/wp-content\/uploads\/2022\/06\/Groupe-11.png","contentUrl":"https:\/\/www.ragni.com\/wp-content\/uploads\/2022\/06\/Groupe-11.png","width":117,"height":40,"caption":"RAGNI"},"image":{"@id":"https:\/\/www.ragni.com\/de\/#\/schema\/logo\/image\/"},"sameAs":["https:\/\/www.facebook.com\/Ragni.SAS","https:\/\/x.com\/RAGNI_SAS","https:\/\/www.youtube.com\/channel\/UCg3LCUI39GyNBcrdS9QV9LA","https:\/\/www.linkedin.com\/company\/ragni"]}]}},"_links":{"self":[{"href":"https:\/\/www.ragni.com\/de\/wp-json\/wp\/v2\/product\/24533","targetHints":{"allow":["GET"]}}],"collection":[{"href":"https:\/\/www.ragni.com\/de\/wp-json\/wp\/v2\/product"}],"about":[{"href":"https:\/\/www.ragni.com\/de\/wp-json\/wp\/v2\/types\/product"}],"wp:featuredmedia":[{"embeddable":true,"href":"https:\/\/www.ragni.com\/de\/wp-json\/wp\/v2\/media\/24534"}],"wp:attachment":[{"href":"https:\/\/www.ragni.com\/de\/wp-json\/wp\/v2\/media?parent=24533"}],"wp:term":[{"taxonomy":"product_cat","embeddable":true,"href":"https:\/\/www.ragni.com\/de\/wp-json\/wp\/v2\/product_cat?post=24533"},{"taxonomy":"product_tag","embeddable":true,"href":"https:\/\/www.ragni.com\/de\/wp-json\/wp\/v2\/product_tag?post=24533"}],"curies":[{"name":"wp","href":"https:\/\/api.w.org\/{rel}","templated":true}]}}