{"id":24542,"date":"2022-10-30T13:43:53","date_gmt":"2022-10-30T12:43:53","guid":{"rendered":"https:\/\/www.ragni.com\/produit\/kap-ferrat\/"},"modified":"2026-02-27T09:30:24","modified_gmt":"2026-02-27T08:30:24","slug":"kap-ferrat","status":"publish","type":"product","link":"https:\/\/www.ragni.com\/de\/produit\/kap-ferrat\/","title":{"rendered":"Cap Ferrat"},"content":{"rendered":"","protected":false},"excerpt":{"rendered":"","protected":false},"featured_media":24544,"template":"","meta":[],"product_cat":[578,581,656],"product_tag":[586,588,589],"class_list":{"0":"post-24542","1":"product","2":"type-product","3":"status-publish","4":"has-post-thumbnail","6":"product_cat-leuchten","7":"product_cat-suche","8":"product_cat-capferrat-de","9":"product_tag-traditionell","10":"product_tag-wohngebiet","11":"product_tag-stadtisch","13":"first","14":"instock","15":"shipping-taxable","16":"product-type-simple"},"yoast_head":"<!-- This site is optimized with the Yoast SEO plugin v24.0 - https:\/\/yoast.com\/wordpress\/plugins\/seo\/ -->\n<title>Cap Ferrat - RAGNI<\/title>\n<meta name=\"description\" content=\"Cap Ferrat Diese sechsseitige Leuchte wurde f\u00fcr die Ambienteleuchte entworfen. Sie ist im traditionellen Stil gehalten und wird von einer Arm gekr\u00f6nt, die an einem Galgen oder an Seilen aufgeh\u00e4ngt wird.\" \/>\n<meta name=\"robots\" content=\"index, follow, max-snippet:-1, max-image-preview:large, max-video-preview:-1\" \/>\n<link rel=\"canonical\" href=\"https:\/\/www.ragni.com\/de\/produit\/kap-ferrat\/\" \/>\n<meta property=\"og:locale\" content=\"de_DE\" \/>\n<meta property=\"og:type\" content=\"article\" \/>\n<meta property=\"og:title\" content=\"Cap Ferrat - RAGNI\" \/>\n<meta property=\"og:description\" content=\"Cap Ferrat Diese sechsseitige Leuchte wurde f\u00fcr die Ambienteleuchte entworfen. Sie ist im traditionellen Stil gehalten und wird von einer Arm gekr\u00f6nt, die an einem Galgen oder an Seilen aufgeh\u00e4ngt wird.\" \/>\n<meta property=\"og:url\" content=\"https:\/\/www.ragni.com\/de\/produit\/kap-ferrat\/\" \/>\n<meta property=\"og:site_name\" content=\"RAGNI\" \/>\n<meta property=\"article:publisher\" content=\"https:\/\/www.facebook.com\/Ragni.SAS\" \/>\n<meta property=\"article:modified_time\" content=\"2026-02-27T08:30:24+00:00\" \/>\n<meta property=\"og:image\" content=\"https:\/\/www.ragni.com\/wp-content\/uploads\/2022\/09\/CAP_FERRAT_SUS_CONSOLE_MAT.webp\" \/>\n\t<meta property=\"og:image:width\" content=\"2048\" \/>\n\t<meta property=\"og:image:height\" content=\"1536\" \/>\n\t<meta property=\"og:image:type\" content=\"image\/webp\" \/>\n<meta name=\"twitter:card\" content=\"summary_large_image\" \/>\n<meta name=\"twitter:site\" content=\"@RAGNI_SAS\" \/>\n<meta name=\"twitter:label1\" content=\"Est. reading time\" \/>\n\t<meta name=\"twitter:data1\" content=\"1 minute\" \/>\n<script type=\"application\/ld+json\" class=\"yoast-schema-graph\">{\"@context\":\"https:\/\/schema.org\",\"@graph\":[{\"@type\":\"WebPage\",\"@id\":\"https:\/\/www.ragni.com\/de\/produit\/kap-ferrat\/\",\"url\":\"https:\/\/www.ragni.com\/de\/produit\/kap-ferrat\/\",\"name\":\"Cap Ferrat - RAGNI\",\"isPartOf\":{\"@id\":\"https:\/\/www.ragni.com\/de\/#website\"},\"primaryImageOfPage\":{\"@id\":\"https:\/\/www.ragni.com\/de\/produit\/kap-ferrat\/#primaryimage\"},\"image\":{\"@id\":\"https:\/\/www.ragni.com\/de\/produit\/kap-ferrat\/#primaryimage\"},\"thumbnailUrl\":\"https:\/\/www.ragni.com\/wp-content\/uploads\/2022\/09\/CAP_FERRAT_SUS_CONSOLE_MAT.webp\",\"datePublished\":\"2022-10-30T12:43:53+00:00\",\"dateModified\":\"2026-02-27T08:30:24+00:00\",\"description\":\"Cap Ferrat Diese sechsseitige Leuchte wurde f\u00fcr die Ambienteleuchte entworfen. Sie ist im traditionellen Stil gehalten und wird von einer Arm gekr\u00f6nt, die an einem Galgen oder an Seilen aufgeh\u00e4ngt wird.\",\"breadcrumb\":{\"@id\":\"https:\/\/www.ragni.com\/de\/produit\/kap-ferrat\/#breadcrumb\"},\"inLanguage\":\"de-DE\",\"potentialAction\":[{\"@type\":\"ReadAction\",\"target\":[\"https:\/\/www.ragni.com\/de\/produit\/kap-ferrat\/\"]}]},{\"@type\":\"ImageObject\",\"inLanguage\":\"de-DE\",\"@id\":\"https:\/\/www.ragni.com\/de\/produit\/kap-ferrat\/#primaryimage\",\"url\":\"https:\/\/www.ragni.com\/wp-content\/uploads\/2022\/09\/CAP_FERRAT_SUS_CONSOLE_MAT.webp\",\"contentUrl\":\"https:\/\/www.ragni.com\/wp-content\/uploads\/2022\/09\/CAP_FERRAT_SUS_CONSOLE_MAT.webp\",\"width\":2048,\"height\":1536},{\"@type\":\"BreadcrumbList\",\"@id\":\"https:\/\/www.ragni.com\/de\/produit\/kap-ferrat\/#breadcrumb\",\"itemListElement\":[{\"@type\":\"ListItem\",\"position\":1,\"name\":\"Accueil\",\"item\":\"https:\/\/www.ragni.com\/de\/\"},{\"@type\":\"ListItem\",\"position\":2,\"name\":\"Boutique\",\"item\":\"https:\/\/www.ragni.com\/boutique\/\"},{\"@type\":\"ListItem\",\"position\":3,\"name\":\"Cap Ferrat\"}]},{\"@type\":\"WebSite\",\"@id\":\"https:\/\/www.ragni.com\/de\/#website\",\"url\":\"https:\/\/www.ragni.com\/de\/\",\"name\":\"RAGNI\",\"description\":\"La lumi\u00e8re \u00e0 votre image\",\"publisher\":{\"@id\":\"https:\/\/www.ragni.com\/de\/#organization\"},\"potentialAction\":[{\"@type\":\"SearchAction\",\"target\":{\"@type\":\"EntryPoint\",\"urlTemplate\":\"https:\/\/www.ragni.com\/de\/?s={search_term_string}\"},\"query-input\":{\"@type\":\"PropertyValueSpecification\",\"valueRequired\":true,\"valueName\":\"search_term_string\"}}],\"inLanguage\":\"de-DE\"},{\"@type\":\"Organization\",\"@id\":\"https:\/\/www.ragni.com\/de\/#organization\",\"name\":\"RAGNI\",\"url\":\"https:\/\/www.ragni.com\/de\/\",\"logo\":{\"@type\":\"ImageObject\",\"inLanguage\":\"de-DE\",\"@id\":\"https:\/\/www.ragni.com\/de\/#\/schema\/logo\/image\/\",\"url\":\"https:\/\/www.ragni.com\/wp-content\/uploads\/2022\/06\/Groupe-11.png\",\"contentUrl\":\"https:\/\/www.ragni.com\/wp-content\/uploads\/2022\/06\/Groupe-11.png\",\"width\":117,\"height\":40,\"caption\":\"RAGNI\"},\"image\":{\"@id\":\"https:\/\/www.ragni.com\/de\/#\/schema\/logo\/image\/\"},\"sameAs\":[\"https:\/\/www.facebook.com\/Ragni.SAS\",\"https:\/\/x.com\/RAGNI_SAS\",\"https:\/\/www.youtube.com\/channel\/UCg3LCUI39GyNBcrdS9QV9LA\",\"https:\/\/www.linkedin.com\/company\/ragni\"]}]}<\/script>\n<!-- \/ Yoast SEO plugin. -->","yoast_head_json":{"title":"Cap Ferrat - RAGNI","description":"Cap Ferrat Diese sechsseitige Leuchte wurde f\u00fcr die Ambienteleuchte entworfen. Sie ist im traditionellen Stil gehalten und wird von einer Arm gekr\u00f6nt, die an einem Galgen oder an Seilen aufgeh\u00e4ngt wird.","robots":{"index":"index","follow":"follow","max-snippet":"max-snippet:-1","max-image-preview":"max-image-preview:large","max-video-preview":"max-video-preview:-1"},"canonical":"https:\/\/www.ragni.com\/de\/produit\/kap-ferrat\/","og_locale":"de_DE","og_type":"article","og_title":"Cap Ferrat - RAGNI","og_description":"Cap Ferrat Diese sechsseitige Leuchte wurde f\u00fcr die Ambienteleuchte entworfen. Sie ist im traditionellen Stil gehalten und wird von einer Arm gekr\u00f6nt, die an einem Galgen oder an Seilen aufgeh\u00e4ngt wird.","og_url":"https:\/\/www.ragni.com\/de\/produit\/kap-ferrat\/","og_site_name":"RAGNI","article_publisher":"https:\/\/www.facebook.com\/Ragni.SAS","article_modified_time":"2026-02-27T08:30:24+00:00","og_image":[{"width":2048,"height":1536,"url":"https:\/\/www.ragni.com\/wp-content\/uploads\/2022\/09\/CAP_FERRAT_SUS_CONSOLE_MAT.webp","type":"image\/webp"}],"twitter_card":"summary_large_image","twitter_site":"@RAGNI_SAS","twitter_misc":{"Est. reading time":"1 minute"},"schema":{"@context":"https:\/\/schema.org","@graph":[{"@type":"WebPage","@id":"https:\/\/www.ragni.com\/de\/produit\/kap-ferrat\/","url":"https:\/\/www.ragni.com\/de\/produit\/kap-ferrat\/","name":"Cap Ferrat - RAGNI","isPartOf":{"@id":"https:\/\/www.ragni.com\/de\/#website"},"primaryImageOfPage":{"@id":"https:\/\/www.ragni.com\/de\/produit\/kap-ferrat\/#primaryimage"},"image":{"@id":"https:\/\/www.ragni.com\/de\/produit\/kap-ferrat\/#primaryimage"},"thumbnailUrl":"https:\/\/www.ragni.com\/wp-content\/uploads\/2022\/09\/CAP_FERRAT_SUS_CONSOLE_MAT.webp","datePublished":"2022-10-30T12:43:53+00:00","dateModified":"2026-02-27T08:30:24+00:00","description":"Cap Ferrat Diese sechsseitige Leuchte wurde f\u00fcr die Ambienteleuchte entworfen. Sie ist im traditionellen Stil gehalten und wird von einer Arm gekr\u00f6nt, die an einem Galgen oder an Seilen aufgeh\u00e4ngt wird.","breadcrumb":{"@id":"https:\/\/www.ragni.com\/de\/produit\/kap-ferrat\/#breadcrumb"},"inLanguage":"de-DE","potentialAction":[{"@type":"ReadAction","target":["https:\/\/www.ragni.com\/de\/produit\/kap-ferrat\/"]}]},{"@type":"ImageObject","inLanguage":"de-DE","@id":"https:\/\/www.ragni.com\/de\/produit\/kap-ferrat\/#primaryimage","url":"https:\/\/www.ragni.com\/wp-content\/uploads\/2022\/09\/CAP_FERRAT_SUS_CONSOLE_MAT.webp","contentUrl":"https:\/\/www.ragni.com\/wp-content\/uploads\/2022\/09\/CAP_FERRAT_SUS_CONSOLE_MAT.webp","width":2048,"height":1536},{"@type":"BreadcrumbList","@id":"https:\/\/www.ragni.com\/de\/produit\/kap-ferrat\/#breadcrumb","itemListElement":[{"@type":"ListItem","position":1,"name":"Accueil","item":"https:\/\/www.ragni.com\/de\/"},{"@type":"ListItem","position":2,"name":"Boutique","item":"https:\/\/www.ragni.com\/boutique\/"},{"@type":"ListItem","position":3,"name":"Cap Ferrat"}]},{"@type":"WebSite","@id":"https:\/\/www.ragni.com\/de\/#website","url":"https:\/\/www.ragni.com\/de\/","name":"RAGNI","description":"La lumi\u00e8re \u00e0 votre image","publisher":{"@id":"https:\/\/www.ragni.com\/de\/#organization"},"potentialAction":[{"@type":"SearchAction","target":{"@type":"EntryPoint","urlTemplate":"https:\/\/www.ragni.com\/de\/?s={search_term_string}"},"query-input":{"@type":"PropertyValueSpecification","valueRequired":true,"valueName":"search_term_string"}}],"inLanguage":"de-DE"},{"@type":"Organization","@id":"https:\/\/www.ragni.com\/de\/#organization","name":"RAGNI","url":"https:\/\/www.ragni.com\/de\/","logo":{"@type":"ImageObject","inLanguage":"de-DE","@id":"https:\/\/www.ragni.com\/de\/#\/schema\/logo\/image\/","url":"https:\/\/www.ragni.com\/wp-content\/uploads\/2022\/06\/Groupe-11.png","contentUrl":"https:\/\/www.ragni.com\/wp-content\/uploads\/2022\/06\/Groupe-11.png","width":117,"height":40,"caption":"RAGNI"},"image":{"@id":"https:\/\/www.ragni.com\/de\/#\/schema\/logo\/image\/"},"sameAs":["https:\/\/www.facebook.com\/Ragni.SAS","https:\/\/x.com\/RAGNI_SAS","https:\/\/www.youtube.com\/channel\/UCg3LCUI39GyNBcrdS9QV9LA","https:\/\/www.linkedin.com\/company\/ragni"]}]}},"_links":{"self":[{"href":"https:\/\/www.ragni.com\/de\/wp-json\/wp\/v2\/product\/24542","targetHints":{"allow":["GET"]}}],"collection":[{"href":"https:\/\/www.ragni.com\/de\/wp-json\/wp\/v2\/product"}],"about":[{"href":"https:\/\/www.ragni.com\/de\/wp-json\/wp\/v2\/types\/product"}],"wp:featuredmedia":[{"embeddable":true,"href":"https:\/\/www.ragni.com\/de\/wp-json\/wp\/v2\/media\/24544"}],"wp:attachment":[{"href":"https:\/\/www.ragni.com\/de\/wp-json\/wp\/v2\/media?parent=24542"}],"wp:term":[{"taxonomy":"product_cat","embeddable":true,"href":"https:\/\/www.ragni.com\/de\/wp-json\/wp\/v2\/product_cat?post=24542"},{"taxonomy":"product_tag","embeddable":true,"href":"https:\/\/www.ragni.com\/de\/wp-json\/wp\/v2\/product_tag?post=24542"}],"curies":[{"name":"wp","href":"https:\/\/api.w.org\/{rel}","templated":true}]}}