{"id":23704,"date":"2023-09-21T16:58:10","date_gmt":"2023-09-21T15:58:10","guid":{"rendered":"https:\/\/www.ragni.com\/?page_id=23704"},"modified":"2026-02-23T09:36:38","modified_gmt":"2026-02-23T08:36:38","slug":"cookie-policy","status":"publish","type":"page","link":"https:\/\/www.ragni.com\/en\/cookie-policy\/","title":{"rendered":"Cookie Policy"},"content":{"rendered":"<div class=\"wpb-content-wrapper\"><p>[vc_row][vc_column][vc_custom_heading uncode_shortcode_id=&#8221;210452&#8243;]<\/p>\n<h1>Cookie Policy<\/h1>\n<p>[\/vc_custom_heading][vc_column_text uncode_shortcode_id=&#8221;813093&#8243;]<\/p>\n<h2>What is a cookie?<\/h2>\n<p>Cookies are small data files stored on your computer, smartphone or tablet when you visit a website. They contain unique identifiers associated with your device.<\/p>\n<p>Cookies enable you to have an improved user experience on your preferred websites, as they remember your actions and preferences (such as location, font settings or language). As a result, you do not need to re-enter these preferences each time you visit the website.<\/p>\n<p>Cookies are stored on your device. They do not allow us to identify you directly as an individual. However, they record information relating to your browsing activity on the website (such as the pages you have visited, and the date and time of access), which may be read during subsequent visits.<\/p>\n<p>For all data processing activities relating to the collection of cookies, Ragni, Soci\u00e9t\u00e9 par Actions Simplifi\u00e9e with a share capital of EUR 610,000, having its registered office at Lieudit Le Guerard, Chemin du Vallon des Vaux, 06610 La Gaude, France, determines the purposes and means of processing. Ragni therefore acts as Data Controller within the meaning of applicable personal data protection legislation, in particular Regulation (EU) 2016\/679 (GDPR).<\/p>\n<p>Ragni attaches the utmost importance to the protection of privacy and personal data, as well as to compliance with applicable regulations.<\/p>\n<p>This Cookie Policy (hereinafter the \u201cPolicy\u201d) aims to provide you with clear and transparent information regarding how your data are collected through cookies placed on the website.<\/p>\n<h2>Are cookies placed when you browse the website?<\/h2>\n<p>During your first visit to the website, a banner informs you of the presence of cookies and invites you to indicate your preferences.<\/p>\n<p>Cookies requiring your consent under applicable regulations are only placed if you accept them.<\/p>\n<p>You may at any time obtain information about cookies and configure them to accept or refuse them by visiting the [Manage my cookies] page available at the bottom of each page of the website or by configuring your browser settings.<\/p>\n<h2>What data are collected through cookies?<\/h2>\n<p>The following categories of data relating to a device at a given time may be collected through cookies:<\/p>\n<ul>\n<li>One or more technical identifiers relating to your internet connection;<\/li>\n<li>The date, time and duration of connection to the website;<\/li>\n<li>The referring URL (the webpage from which your device accessed the website);<\/li>\n<li>The operating system of the device (e.g. Windows, macOS, Linux, Unix);<\/li>\n<li>The type and version of the browser used (e.g. Internet Explorer, Firefox, Safari, Chrome, Opera);<\/li>\n<li>The brand and model of the mobile device or tablet;<\/li>\n<li>Possible download errors;<\/li>\n<li>The browser language;<\/li>\n<li>Characteristics of the content consulted and shared.<\/li>\n<\/ul>\n<h2>What are the purposes of the cookies used?<\/h2>\n<p>Different types of cookies may be placed on the website for several purposes:<\/p>\n<p><strong>Strictly Necessary Cookies<\/strong><\/p>\n<p>These cookies are necessary for the proper functioning and personalisation of the website. They allow you to use its main features, including:<\/p>\n<ul>\n<li>Storing information between two visits on the same device;<\/li>\n<li>Saving session login identifiers;<\/li>\n<li>Remembering interface preferences (such as language or display settings).<\/li>\n<\/ul>\n<p>These cookies do not require your prior consent. They are essential for the proper operation of the website.<\/p>\n<p><strong>Audience Measurement Cookies<\/strong><\/p>\n<p>These cookies enable us to measure website traffic and performance in order to improve its operation and enhance user experience.<\/p>\n<p>They allow us, for example, to compile statistics and measure traffic volumes and the use of various sections and content of the website (visited sections, navigation paths), in order to improve its relevance and usability.[\/vc_column_text][\/vc_column][\/vc_row][vc_row][vc_column width=&#8221;1\/1&#8243;][vc_row_inner row_inner_height_percent=&#8221;0&#8243; overlay_alpha=&#8221;50&#8243; gutter_size=&#8221;3&#8243; border_color=&#8221;color-jevc&#8221; border_style=&#8221;solid&#8221; shift_y=&#8221;0&#8243; z_index=&#8221;0&#8243; uncode_shortcode_id=&#8221;364681&#8243; border_color_type=&#8221;uncode-palette&#8221; limit_content=&#8221;&#8221;][vc_column_inner width=&#8221;1\/3&#8243;][vc_column_text border_color=&#8221;color-jevc&#8221; border_style=&#8221;inherit&#8221; uncode_shortcode_id=&#8221;139860&#8243; border_color_type=&#8221;uncode-palette&#8221;]<strong>COOKIE NAME<\/strong>[\/vc_column_text][\/vc_column_inner][vc_column_inner width=&#8221;1\/3&#8243;][vc_column_text uncode_shortcode_id=&#8221;861167&#8243;]<strong>PURPOSE<\/strong>[\/vc_column_text][\/vc_column_inner][vc_column_inner width=&#8221;1\/3&#8243;][vc_column_text uncode_shortcode_id=&#8221;209736&#8243;]<strong>RETENTION<\/strong> <strong>PERIOD<\/strong>[\/vc_column_text][\/vc_column_inner][\/vc_row_inner][vc_row_inner row_inner_height_percent=&#8221;0&#8243; overlay_alpha=&#8221;50&#8243; gutter_size=&#8221;3&#8243; border_color=&#8221;color-jevc&#8221; border_style=&#8221;solid&#8221; shift_y=&#8221;0&#8243; z_index=&#8221;0&#8243; uncode_shortcode_id=&#8221;364681&#8243; border_color_type=&#8221;uncode-palette&#8221; limit_content=&#8221;&#8221;][vc_column_inner width=&#8221;1\/3&#8243;][vc_column_text uncode_shortcode_id=&#8221;737959&#8243;]cmplz_banner-status, cmplz_consented_services, cmplz_functional, cmplz_marketing, cmplz_policy_id, cmplz_preferences, cmplz_statistics[\/vc_column_text][\/vc_column_inner][vc_column_inner width=&#8221;1\/3&#8243;][vc_column_text uncode_shortcode_id=&#8221;447339&#8243;]Record the user\u2019s consent choices and store cookie preferences[\/vc_column_text][\/vc_column_inner][vc_column_inner width=&#8221;1\/3&#8243;][vc_column_text uncode_shortcode_id=&#8221;139557&#8243;]6 months[\/vc_column_text][\/vc_column_inner][\/vc_row_inner][vc_row_inner row_inner_height_percent=&#8221;0&#8243; overlay_alpha=&#8221;50&#8243; gutter_size=&#8221;3&#8243; border_color=&#8221;color-jevc&#8221; border_style=&#8221;solid&#8221; shift_y=&#8221;0&#8243; z_index=&#8221;0&#8243; uncode_shortcode_id=&#8221;364681&#8243; border_color_type=&#8221;uncode-palette&#8221; limit_content=&#8221;&#8221;][vc_column_inner width=&#8221;1\/3&#8243;][vc_column_text uncode_shortcode_id=&#8221;833677&#8243;]wp-wpml_current_language[\/vc_column_text][\/vc_column_inner][vc_column_inner width=&#8221;1\/3&#8243;][vc_column_text uncode_shortcode_id=&#8221;371853&#8243;]Stores the language selected by the user[\/vc_column_text][\/vc_column_inner][vc_column_inner width=&#8221;1\/3&#8243;][vc_column_text uncode_shortcode_id=&#8221;254542&#8243;]Session[\/vc_column_text][\/vc_column_inner][\/vc_row_inner][vc_row_inner row_inner_height_percent=&#8221;0&#8243; overlay_alpha=&#8221;50&#8243; gutter_size=&#8221;3&#8243; border_color=&#8221;color-jevc&#8221; border_style=&#8221;solid&#8221; shift_y=&#8221;0&#8243; z_index=&#8221;0&#8243; uncode_shortcode_id=&#8221;364681&#8243; border_color_type=&#8221;uncode-palette&#8221; limit_content=&#8221;&#8221;][vc_column_inner width=&#8221;1\/3&#8243;][vc_column_text uncode_shortcode_id=&#8221;138836&#8243;]_ga, ga*[\/vc_column_text][\/vc_column_inner][vc_column_inner width=&#8221;1\/3&#8243;][vc_column_text uncode_shortcode_id=&#8221;207369&#8243;]Audience measurement and anonymised website traffic statistics[\/vc_column_text][\/vc_column_inner][vc_column_inner width=&#8221;1\/3&#8243;][vc_column_text uncode_shortcode_id=&#8221;202738&#8243;]13 months[\/vc_column_text][\/vc_column_inner][\/vc_row_inner][vc_row_inner row_inner_height_percent=&#8221;0&#8243; overlay_alpha=&#8221;50&#8243; gutter_size=&#8221;3&#8243; border_color=&#8221;color-jevc&#8221; border_style=&#8221;solid&#8221; shift_y=&#8221;0&#8243; z_index=&#8221;0&#8243; uncode_shortcode_id=&#8221;364681&#8243; border_color_type=&#8221;uncode-palette&#8221; limit_content=&#8221;&#8221;][vc_column_inner width=&#8221;1\/3&#8243;][vc_column_text uncode_shortcode_id=&#8221;205232&#8243;]__Secure-ENID, DV, SOCS, AEC[\/vc_column_text][\/vc_column_inner][vc_column_inner width=&#8221;1\/3&#8243;][vc_column_text uncode_shortcode_id=&#8221;576233&#8243;]Cookies used by Google for security, abuse prevention, audience measurement and operation of integrated Google services[\/vc_column_text][\/vc_column_inner][vc_column_inner width=&#8221;1\/3&#8243;][vc_column_text uncode_shortcode_id=&#8221;604432&#8243;]6 months[\/vc_column_text][\/vc_column_inner][\/vc_row_inner][vc_row_inner row_inner_height_percent=&#8221;0&#8243; overlay_alpha=&#8221;50&#8243; gutter_size=&#8221;3&#8243; border_color=&#8221;color-jevc&#8221; border_style=&#8221;solid&#8221; shift_y=&#8221;0&#8243; z_index=&#8221;0&#8243; uncode_shortcode_id=&#8221;364681&#8243; border_color_type=&#8221;uncode-palette&#8221; limit_content=&#8221;&#8221;][vc_column_inner width=&#8221;1\/3&#8243;][vc_column_text uncode_shortcode_id=&#8221;138160&#8243;]sbjs_current, sbjs_current_add, sbjs_first, sbjs_first_add, sbjs_migrations, sbjs_session, sbjs_udata[\/vc_column_text][\/vc_column_inner][vc_column_inner width=&#8221;1\/3&#8243;][vc_column_text uncode_shortcode_id=&#8221;118547&#8243;]Traffic source analysis and user journey tracking for statistical purposes[\/vc_column_text][\/vc_column_inner][vc_column_inner width=&#8221;1\/3&#8243;][vc_column_text uncode_shortcode_id=&#8221;604432&#8243;]6 months[\/vc_column_text][\/vc_column_inner][\/vc_row_inner][\/vc_column][\/vc_row][vc_row][vc_column][vc_column_text uncode_shortcode_id=&#8221;526213&#8243;]<\/p>\n<h2>Who places cookies on the website?<\/h2>\n<p>Cookies may be placed by:<\/p>\n<ul>\n<li>Ragni, as the website publisher;<\/li>\n<li>Service providers acting as processors on behalf of Ragni, who process browsing data for technical purposes.<\/li>\n<\/ul>\n<h2>How can you manage your consent?<\/h2>\n<p>The placement of audience measurement cookies requires your prior consent.<\/p>\n<p>Your consent is requested via the banner displayed during your first visit to the website.<\/p>\n<p>You may accept or refuse such cookies. You may also withdraw your consent at any time by accessing the [Manage my cookies] page available at the bottom of each page of the websit<\/p>\n<h2>How to configure cookies in your web browser?<\/h2>\n<p>You may configure your browser to:<\/p>\n<ul>\n<li>Accept all cookies;<\/li>\n<li>Refuse all cookies;<\/li>\n<li>Delete cookies periodically;<\/li>\n<li>Be notified when a cookie is issued and review its validity period and content before accepting it.<\/li>\n<\/ul>\n<p>You may block or disable cookies at any time by configuring the browser on your computer, tablet or mobile device, in accordance with the instructions provided by your browser provider.<\/p>\n<p>More detailed information is available for the most commonly used browsers:<\/p>\n<ul class=\"wp-block-list\">\n<li><a href=\"https:\/\/support.microsoft.com\/en-gb\/topic\/how-to-delete-cookie-files-in-internet-explorer-bca9446f-d873-78de-77ba-d42645fa52fc\" target=\"_blank\" rel=\"noreferrer noopener nofollow\">Internet Explorer<\/a><\/li>\n<li><a href=\"https:\/\/support.google.com\/chrome\/answer\/95647?hl=en&amp;sjid=12990004451911790528-EU\" target=\"_blank\" rel=\"noreferrer noopener nofollow\">Chrome<\/a><\/li>\n<li><a href=\"https:\/\/support.mozilla.org\/en-US\/kb\/enhanced-tracking-protection-firefox-desktop?redirectslug=activer-desactiver-cookies-preferences&amp;redirectlocale=fr\" target=\"_blank\" rel=\"noreferrer noopener nofollow\">Firefox<\/a><\/li>\n<li><a href=\"https:\/\/support.apple.com\/en-gb\/guide\/safari\/sfri11471\/mac\" target=\"_blank\" rel=\"noreferrer noopener nofollow\">Safari<\/a><\/li>\n<li><a href=\"https:\/\/blogs.opera.com\/tips-and-tricks\/2023\/04\/clean-browser-and-remove-trackers\/\" target=\"_blank\" rel=\"noreferrer noopener nofollow\">Opera<\/a><\/li>\n<\/ul>\n<p>You may also consult your browser\u2019s \u201cHelp\u201d section for further information.<\/p>\n<h2>What are the consequences of refusing cookies?<\/h2>\n<p>If you refuse or delete cookies that are necessary for the proper functioning of the website, your browsing experience and access to certain features may be limited.<\/p>\n<p>Refusing non-essential cookies will not prevent you from accessing the website or using its core functionalities.[\/vc_column_text][\/vc_column][\/vc_row]<\/p>\n<\/div>","protected":false},"excerpt":{"rendered":"<p>[vc_row][vc_column][vc_custom_heading uncode_shortcode_id=&#8221;210452&#8243;] Cookie Policy [\/vc_custom_heading][vc_column_text uncode_shortcode_id=&#8221;813093&#8243;] What is a cookie? Cookies are small data files stored on your computer, smartphone [&hellip;]<\/p>\n","protected":false},"author":9,"featured_media":0,"parent":0,"menu_order":0,"comment_status":"closed","ping_status":"closed","template":"","meta":{"footnotes":""},"class_list":["post-23704","page","type-page","status-publish","hentry"],"yoast_head":"<!-- This site is optimized with the Yoast SEO plugin v24.0 - https:\/\/yoast.com\/wordpress\/plugins\/seo\/ -->\n<title>Cookie Policy - RAGNI<\/title>\n<meta name=\"description\" content=\"Ragni est une entreprise familiale fond\u00e9e en 1927 fabricants fran\u00e7ais ind\u00e9pendants de son secteur : l&#039;\u00e9clairage public\" \/>\n<meta name=\"robots\" content=\"index, follow, max-snippet:-1, max-image-preview:large, max-video-preview:-1\" \/>\n<link rel=\"canonical\" href=\"https:\/\/www.ragni.com\/en\/cookie-policy\/\" \/>\n<meta property=\"og:locale\" content=\"en_US\" \/>\n<meta property=\"og:type\" content=\"article\" \/>\n<meta property=\"og:title\" content=\"Cookie Policy - RAGNI\" \/>\n<meta property=\"og:description\" content=\"Ragni est une entreprise familiale fond\u00e9e en 1927 fabricants fran\u00e7ais ind\u00e9pendants de son secteur : l&#039;\u00e9clairage public\" \/>\n<meta property=\"og:url\" content=\"https:\/\/www.ragni.com\/en\/cookie-policy\/\" \/>\n<meta property=\"og:site_name\" content=\"RAGNI\" \/>\n<meta property=\"article:publisher\" content=\"https:\/\/www.facebook.com\/Ragni.SAS\" \/>\n<meta property=\"article:modified_time\" content=\"2026-02-23T08:36:38+00:00\" \/>\n<meta name=\"twitter:card\" content=\"summary_large_image\" \/>\n<meta name=\"twitter:site\" content=\"@RAGNI_SAS\" \/>\n<meta name=\"twitter:label1\" content=\"Est. reading time\" \/>\n\t<meta name=\"twitter:data1\" content=\"6 minutes\" \/>\n<script type=\"application\/ld+json\" class=\"yoast-schema-graph\">{\"@context\":\"https:\/\/schema.org\",\"@graph\":[{\"@type\":\"WebPage\",\"@id\":\"https:\/\/www.ragni.com\/en\/cookie-policy\/\",\"url\":\"https:\/\/www.ragni.com\/en\/cookie-policy\/\",\"name\":\"Cookie Policy - RAGNI\",\"isPartOf\":{\"@id\":\"https:\/\/www.ragni.com\/en\/#website\"},\"datePublished\":\"2023-09-21T15:58:10+00:00\",\"dateModified\":\"2026-02-23T08:36:38+00:00\",\"description\":\"Ragni est une entreprise familiale fond\u00e9e en 1927 fabricants fran\u00e7ais ind\u00e9pendants de son secteur : l'\u00e9clairage public\",\"breadcrumb\":{\"@id\":\"https:\/\/www.ragni.com\/en\/cookie-policy\/#breadcrumb\"},\"inLanguage\":\"en-US\",\"potentialAction\":[{\"@type\":\"ReadAction\",\"target\":[\"https:\/\/www.ragni.com\/en\/cookie-policy\/\"]}]},{\"@type\":\"BreadcrumbList\",\"@id\":\"https:\/\/www.ragni.com\/en\/cookie-policy\/#breadcrumb\",\"itemListElement\":[{\"@type\":\"ListItem\",\"position\":1,\"name\":\"Accueil\",\"item\":\"https:\/\/www.ragni.com\/en\/\"},{\"@type\":\"ListItem\",\"position\":2,\"name\":\"Cookie Policy\"}]},{\"@type\":\"WebSite\",\"@id\":\"https:\/\/www.ragni.com\/en\/#website\",\"url\":\"https:\/\/www.ragni.com\/en\/\",\"name\":\"RAGNI\",\"description\":\"La lumi\u00e8re \u00e0 votre image\",\"publisher\":{\"@id\":\"https:\/\/www.ragni.com\/en\/#organization\"},\"potentialAction\":[{\"@type\":\"SearchAction\",\"target\":{\"@type\":\"EntryPoint\",\"urlTemplate\":\"https:\/\/www.ragni.com\/en\/?s={search_term_string}\"},\"query-input\":{\"@type\":\"PropertyValueSpecification\",\"valueRequired\":true,\"valueName\":\"search_term_string\"}}],\"inLanguage\":\"en-US\"},{\"@type\":\"Organization\",\"@id\":\"https:\/\/www.ragni.com\/en\/#organization\",\"name\":\"RAGNI\",\"url\":\"https:\/\/www.ragni.com\/en\/\",\"logo\":{\"@type\":\"ImageObject\",\"inLanguage\":\"en-US\",\"@id\":\"https:\/\/www.ragni.com\/en\/#\/schema\/logo\/image\/\",\"url\":\"https:\/\/www.ragni.com\/wp-content\/uploads\/2022\/06\/Groupe-11.png\",\"contentUrl\":\"https:\/\/www.ragni.com\/wp-content\/uploads\/2022\/06\/Groupe-11.png\",\"width\":117,\"height\":40,\"caption\":\"RAGNI\"},\"image\":{\"@id\":\"https:\/\/www.ragni.com\/en\/#\/schema\/logo\/image\/\"},\"sameAs\":[\"https:\/\/www.facebook.com\/Ragni.SAS\",\"https:\/\/x.com\/RAGNI_SAS\",\"https:\/\/www.youtube.com\/channel\/UCg3LCUI39GyNBcrdS9QV9LA\",\"https:\/\/www.linkedin.com\/company\/ragni\"]}]}<\/script>\n<!-- \/ Yoast SEO plugin. -->","yoast_head_json":{"title":"Cookie Policy - RAGNI","description":"Ragni est une entreprise familiale fond\u00e9e en 1927 fabricants fran\u00e7ais ind\u00e9pendants de son secteur : l'\u00e9clairage public","robots":{"index":"index","follow":"follow","max-snippet":"max-snippet:-1","max-image-preview":"max-image-preview:large","max-video-preview":"max-video-preview:-1"},"canonical":"https:\/\/www.ragni.com\/en\/cookie-policy\/","og_locale":"en_US","og_type":"article","og_title":"Cookie Policy - RAGNI","og_description":"Ragni est une entreprise familiale fond\u00e9e en 1927 fabricants fran\u00e7ais ind\u00e9pendants de son secteur : l'\u00e9clairage public","og_url":"https:\/\/www.ragni.com\/en\/cookie-policy\/","og_site_name":"RAGNI","article_publisher":"https:\/\/www.facebook.com\/Ragni.SAS","article_modified_time":"2026-02-23T08:36:38+00:00","twitter_card":"summary_large_image","twitter_site":"@RAGNI_SAS","twitter_misc":{"Est. reading time":"6 minutes"},"schema":{"@context":"https:\/\/schema.org","@graph":[{"@type":"WebPage","@id":"https:\/\/www.ragni.com\/en\/cookie-policy\/","url":"https:\/\/www.ragni.com\/en\/cookie-policy\/","name":"Cookie Policy - RAGNI","isPartOf":{"@id":"https:\/\/www.ragni.com\/en\/#website"},"datePublished":"2023-09-21T15:58:10+00:00","dateModified":"2026-02-23T08:36:38+00:00","description":"Ragni est une entreprise familiale fond\u00e9e en 1927 fabricants fran\u00e7ais ind\u00e9pendants de son secteur : l'\u00e9clairage public","breadcrumb":{"@id":"https:\/\/www.ragni.com\/en\/cookie-policy\/#breadcrumb"},"inLanguage":"en-US","potentialAction":[{"@type":"ReadAction","target":["https:\/\/www.ragni.com\/en\/cookie-policy\/"]}]},{"@type":"BreadcrumbList","@id":"https:\/\/www.ragni.com\/en\/cookie-policy\/#breadcrumb","itemListElement":[{"@type":"ListItem","position":1,"name":"Accueil","item":"https:\/\/www.ragni.com\/en\/"},{"@type":"ListItem","position":2,"name":"Cookie Policy"}]},{"@type":"WebSite","@id":"https:\/\/www.ragni.com\/en\/#website","url":"https:\/\/www.ragni.com\/en\/","name":"RAGNI","description":"La lumi\u00e8re \u00e0 votre image","publisher":{"@id":"https:\/\/www.ragni.com\/en\/#organization"},"potentialAction":[{"@type":"SearchAction","target":{"@type":"EntryPoint","urlTemplate":"https:\/\/www.ragni.com\/en\/?s={search_term_string}"},"query-input":{"@type":"PropertyValueSpecification","valueRequired":true,"valueName":"search_term_string"}}],"inLanguage":"en-US"},{"@type":"Organization","@id":"https:\/\/www.ragni.com\/en\/#organization","name":"RAGNI","url":"https:\/\/www.ragni.com\/en\/","logo":{"@type":"ImageObject","inLanguage":"en-US","@id":"https:\/\/www.ragni.com\/en\/#\/schema\/logo\/image\/","url":"https:\/\/www.ragni.com\/wp-content\/uploads\/2022\/06\/Groupe-11.png","contentUrl":"https:\/\/www.ragni.com\/wp-content\/uploads\/2022\/06\/Groupe-11.png","width":117,"height":40,"caption":"RAGNI"},"image":{"@id":"https:\/\/www.ragni.com\/en\/#\/schema\/logo\/image\/"},"sameAs":["https:\/\/www.facebook.com\/Ragni.SAS","https:\/\/x.com\/RAGNI_SAS","https:\/\/www.youtube.com\/channel\/UCg3LCUI39GyNBcrdS9QV9LA","https:\/\/www.linkedin.com\/company\/ragni"]}]}},"_links":{"self":[{"href":"https:\/\/www.ragni.com\/en\/wp-json\/wp\/v2\/pages\/23704","targetHints":{"allow":["GET"]}}],"collection":[{"href":"https:\/\/www.ragni.com\/en\/wp-json\/wp\/v2\/pages"}],"about":[{"href":"https:\/\/www.ragni.com\/en\/wp-json\/wp\/v2\/types\/page"}],"author":[{"embeddable":true,"href":"https:\/\/www.ragni.com\/en\/wp-json\/wp\/v2\/users\/9"}],"replies":[{"embeddable":true,"href":"https:\/\/www.ragni.com\/en\/wp-json\/wp\/v2\/comments?post=23704"}],"version-history":[{"count":3,"href":"https:\/\/www.ragni.com\/en\/wp-json\/wp\/v2\/pages\/23704\/revisions"}],"predecessor-version":[{"id":23744,"href":"https:\/\/www.ragni.com\/en\/wp-json\/wp\/v2\/pages\/23704\/revisions\/23744"}],"wp:attachment":[{"href":"https:\/\/www.ragni.com\/en\/wp-json\/wp\/v2\/media?parent=23704"}],"curies":[{"name":"wp","href":"https:\/\/api.w.org\/{rel}","templated":true}]}}