{"id":6900,"date":"2022-11-02T11:19:42","date_gmt":"2022-11-02T10:19:42","guid":{"rendered":"https:\/\/www.dev3-ragni.blik-agency.com\/legal-notice\/"},"modified":"2026-02-13T14:12:11","modified_gmt":"2026-02-13T13:12:11","slug":"legal-notice","status":"publish","type":"page","link":"https:\/\/www.ragni.com\/en\/legal-notice\/","title":{"rendered":"Legal notice"},"content":{"rendered":"<h3><\/h3>\n<h3><\/h3>\n<h3><b><strong>IDENTIFICATION<\/strong><\/b><\/h3>\n<p>The site www.ragni.com is published by the company RAGNI, SAS with a capital of 610 000 euros registered in the RCS of Grasse under the number B 303 275 473, whose head office is located at : Lieudit Le Gueirard &#8211; 06610 La Gaude, France and whose telephone number is +33 (0)4 93 31 05 48.<\/p>\n<h3 style=\"font-weight: 400;\"><u>Hosting<\/u> :<\/h3>\n<p style=\"font-weight: 400;\">Ecritel<b><strong><br \/>\n<\/strong><\/b>Company: Ecritel<br \/>\nAdresse web : <a href=\"https:\/\/www.ecritel.fr\/fr\/\">www.ecritel.fr\/en<\/a><br \/>\nHead office : 5 DOAREN MOLAC 56610 ARRADON<br \/>\nTel. : <a href=\"tel:+33140612000\">+ 33 (0)1 40 61 20 00 <\/a><br \/>\nEmail adress : <a href=\"mailto:contact@ecritel.net\">contact@ecritel.net<\/a><\/p>\n<p><u>Website design<\/u>: Blik Agency \/ Ragni Marketing and Communication Department<\/p>\n<p><u>Director of publication<\/u> : Mrs Julie MERIAUX<\/p>\n<p>&nbsp;<\/p>\n<h3><b><strong>INTELLECTUAL PROPERTY<\/strong><\/b><\/h3>\n<p>The architecture of the site and all the contents contained therein are the exclusive property of Ragni, protected by French legislation relating to intellectual property as well as by the international regulations in force.<\/p>\n<p>All rights reserved, including photos, texts, documentaries and graphic representations.<\/p>\n<p>As such, unless expressly authorized by the company RAGNI, any reproduction, representation, modification or adaptation of the content of the site is strictly prohibited.<\/p>\n<p>&nbsp;<\/p>\n<h3><b><strong>RESPONSIBILITY<\/strong><\/b><\/h3>\n<p>6.1. The company RAGNI can not guarantee the user the secrecy of correspondence of emails or any other mode of communication using the medium of the Internet and may be captured by a third party, because of the mode of circulation of data on this network, unless expressly mentioned in the general conditions of sale on this site.<\/p>\n<p>6.2. Moreover, it is up to each user to take all appropriate measures to protect their own data and\/or software from contamination by any viruses circulating on the Internet.<\/p>\n<p>6.3. In addition, the company RAGNI can not be responsible for the consequences, direct or indirect, which may arise from your errors in entering details or any other incomplete or erroneous information transmitted by you via this site.<\/p>\n<p>&nbsp;<\/p>\n<h3><b><strong>HYPERLINKS<\/strong><\/b><\/h3>\n<p>The creation of hypertext links (simple or deep) to our site is subject to the prior agreement of our Director of Publication.<\/p>\n<p>The contents of the pages published by third parties and possibly accessible by hypertext links from the site could not engage the responsibility for the company RAGNI, this one exerting no control on the contents of these pages.<\/p>\n<p>&nbsp;<\/p>\n<h3><b><strong>APPLICABLE LAW &#8211; JURISDICTION<\/strong><\/b><\/h3>\n<p>This legal notice is governed by French law.<\/p>\n<p>In case of dispute between the company RAGNI and traders or professionals, relating to the interpretation, execution or termination of these presents, the Commercial Court of Grasse will be solely competent if no amicable solution has been found beforehand.<\/p>\n<p>In case of dispute between the company RAGNI and non-traders or non-professionals, relating to the interpretation, execution or realization of the present, the Commercial Court of Grasse will be only competent if no amicable solution was found beforehand.<\/p>\n","protected":false},"excerpt":{"rendered":"<p>IDENTIFICATION The site www.ragni.com is published by the company RAGNI, SAS with a capital of 610 000 euros registered in [&hellip;]<\/p>\n","protected":false},"author":1,"featured_media":0,"parent":0,"menu_order":0,"comment_status":"closed","ping_status":"closed","template":"","meta":{"footnotes":""},"class_list":["post-6900","page","type-page","status-publish","hentry"],"yoast_head":"<!-- This site is optimized with the Yoast SEO plugin v24.0 - https:\/\/yoast.com\/wordpress\/plugins\/seo\/ -->\n<title>Legal notice - RAGNI<\/title>\n<meta name=\"description\" content=\"Ragni est une entreprise familiale fond\u00e9e en 1927 fabricants fran\u00e7ais ind\u00e9pendants de son secteur : l&#039;\u00e9clairage public\" \/>\n<meta name=\"robots\" content=\"index, follow, max-snippet:-1, max-image-preview:large, max-video-preview:-1\" \/>\n<link rel=\"canonical\" href=\"https:\/\/www.ragni.com\/en\/legal-notice\/\" \/>\n<meta property=\"og:locale\" content=\"en_US\" \/>\n<meta property=\"og:type\" content=\"article\" \/>\n<meta property=\"og:title\" content=\"Legal notice - RAGNI\" \/>\n<meta property=\"og:description\" content=\"Ragni est une entreprise familiale fond\u00e9e en 1927 fabricants fran\u00e7ais ind\u00e9pendants de son secteur : l&#039;\u00e9clairage public\" \/>\n<meta property=\"og:url\" content=\"https:\/\/www.ragni.com\/en\/legal-notice\/\" \/>\n<meta property=\"og:site_name\" content=\"RAGNI\" \/>\n<meta property=\"article:publisher\" content=\"https:\/\/www.facebook.com\/Ragni.SAS\" \/>\n<meta property=\"article:modified_time\" content=\"2026-02-13T13:12:11+00:00\" \/>\n<meta name=\"twitter:card\" content=\"summary_large_image\" \/>\n<meta name=\"twitter:site\" content=\"@RAGNI_SAS\" \/>\n<meta name=\"twitter:label1\" content=\"Est. reading time\" \/>\n\t<meta name=\"twitter:data1\" content=\"4 minutes\" \/>\n<script type=\"application\/ld+json\" class=\"yoast-schema-graph\">{\"@context\":\"https:\/\/schema.org\",\"@graph\":[{\"@type\":\"WebPage\",\"@id\":\"https:\/\/www.ragni.com\/en\/legal-notice\/\",\"url\":\"https:\/\/www.ragni.com\/en\/legal-notice\/\",\"name\":\"Legal notice - RAGNI\",\"isPartOf\":{\"@id\":\"https:\/\/www.ragni.com\/en\/#website\"},\"datePublished\":\"2022-11-02T10:19:42+00:00\",\"dateModified\":\"2026-02-13T13:12:11+00:00\",\"description\":\"Ragni est une entreprise familiale fond\u00e9e en 1927 fabricants fran\u00e7ais ind\u00e9pendants de son secteur : l'\u00e9clairage public\",\"breadcrumb\":{\"@id\":\"https:\/\/www.ragni.com\/en\/legal-notice\/#breadcrumb\"},\"inLanguage\":\"en-US\",\"potentialAction\":[{\"@type\":\"ReadAction\",\"target\":[\"https:\/\/www.ragni.com\/en\/legal-notice\/\"]}]},{\"@type\":\"BreadcrumbList\",\"@id\":\"https:\/\/www.ragni.com\/en\/legal-notice\/#breadcrumb\",\"itemListElement\":[{\"@type\":\"ListItem\",\"position\":1,\"name\":\"Accueil\",\"item\":\"https:\/\/www.ragni.com\/en\/\"},{\"@type\":\"ListItem\",\"position\":2,\"name\":\"Legal notice\"}]},{\"@type\":\"WebSite\",\"@id\":\"https:\/\/www.ragni.com\/en\/#website\",\"url\":\"https:\/\/www.ragni.com\/en\/\",\"name\":\"RAGNI\",\"description\":\"La lumi\u00e8re \u00e0 votre image\",\"publisher\":{\"@id\":\"https:\/\/www.ragni.com\/en\/#organization\"},\"potentialAction\":[{\"@type\":\"SearchAction\",\"target\":{\"@type\":\"EntryPoint\",\"urlTemplate\":\"https:\/\/www.ragni.com\/en\/?s={search_term_string}\"},\"query-input\":{\"@type\":\"PropertyValueSpecification\",\"valueRequired\":true,\"valueName\":\"search_term_string\"}}],\"inLanguage\":\"en-US\"},{\"@type\":\"Organization\",\"@id\":\"https:\/\/www.ragni.com\/en\/#organization\",\"name\":\"RAGNI\",\"url\":\"https:\/\/www.ragni.com\/en\/\",\"logo\":{\"@type\":\"ImageObject\",\"inLanguage\":\"en-US\",\"@id\":\"https:\/\/www.ragni.com\/en\/#\/schema\/logo\/image\/\",\"url\":\"https:\/\/www.ragni.com\/wp-content\/uploads\/2022\/06\/Groupe-11.png\",\"contentUrl\":\"https:\/\/www.ragni.com\/wp-content\/uploads\/2022\/06\/Groupe-11.png\",\"width\":117,\"height\":40,\"caption\":\"RAGNI\"},\"image\":{\"@id\":\"https:\/\/www.ragni.com\/en\/#\/schema\/logo\/image\/\"},\"sameAs\":[\"https:\/\/www.facebook.com\/Ragni.SAS\",\"https:\/\/x.com\/RAGNI_SAS\",\"https:\/\/www.youtube.com\/channel\/UCg3LCUI39GyNBcrdS9QV9LA\",\"https:\/\/www.linkedin.com\/company\/ragni\"]}]}<\/script>\n<!-- \/ Yoast SEO plugin. -->","yoast_head_json":{"title":"Legal notice - RAGNI","description":"Ragni est une entreprise familiale fond\u00e9e en 1927 fabricants fran\u00e7ais ind\u00e9pendants de son secteur : l'\u00e9clairage public","robots":{"index":"index","follow":"follow","max-snippet":"max-snippet:-1","max-image-preview":"max-image-preview:large","max-video-preview":"max-video-preview:-1"},"canonical":"https:\/\/www.ragni.com\/en\/legal-notice\/","og_locale":"en_US","og_type":"article","og_title":"Legal notice - RAGNI","og_description":"Ragni est une entreprise familiale fond\u00e9e en 1927 fabricants fran\u00e7ais ind\u00e9pendants de son secteur : l'\u00e9clairage public","og_url":"https:\/\/www.ragni.com\/en\/legal-notice\/","og_site_name":"RAGNI","article_publisher":"https:\/\/www.facebook.com\/Ragni.SAS","article_modified_time":"2026-02-13T13:12:11+00:00","twitter_card":"summary_large_image","twitter_site":"@RAGNI_SAS","twitter_misc":{"Est. reading time":"4 minutes"},"schema":{"@context":"https:\/\/schema.org","@graph":[{"@type":"WebPage","@id":"https:\/\/www.ragni.com\/en\/legal-notice\/","url":"https:\/\/www.ragni.com\/en\/legal-notice\/","name":"Legal notice - RAGNI","isPartOf":{"@id":"https:\/\/www.ragni.com\/en\/#website"},"datePublished":"2022-11-02T10:19:42+00:00","dateModified":"2026-02-13T13:12:11+00:00","description":"Ragni est une entreprise familiale fond\u00e9e en 1927 fabricants fran\u00e7ais ind\u00e9pendants de son secteur : l'\u00e9clairage public","breadcrumb":{"@id":"https:\/\/www.ragni.com\/en\/legal-notice\/#breadcrumb"},"inLanguage":"en-US","potentialAction":[{"@type":"ReadAction","target":["https:\/\/www.ragni.com\/en\/legal-notice\/"]}]},{"@type":"BreadcrumbList","@id":"https:\/\/www.ragni.com\/en\/legal-notice\/#breadcrumb","itemListElement":[{"@type":"ListItem","position":1,"name":"Accueil","item":"https:\/\/www.ragni.com\/en\/"},{"@type":"ListItem","position":2,"name":"Legal notice"}]},{"@type":"WebSite","@id":"https:\/\/www.ragni.com\/en\/#website","url":"https:\/\/www.ragni.com\/en\/","name":"RAGNI","description":"La lumi\u00e8re \u00e0 votre image","publisher":{"@id":"https:\/\/www.ragni.com\/en\/#organization"},"potentialAction":[{"@type":"SearchAction","target":{"@type":"EntryPoint","urlTemplate":"https:\/\/www.ragni.com\/en\/?s={search_term_string}"},"query-input":{"@type":"PropertyValueSpecification","valueRequired":true,"valueName":"search_term_string"}}],"inLanguage":"en-US"},{"@type":"Organization","@id":"https:\/\/www.ragni.com\/en\/#organization","name":"RAGNI","url":"https:\/\/www.ragni.com\/en\/","logo":{"@type":"ImageObject","inLanguage":"en-US","@id":"https:\/\/www.ragni.com\/en\/#\/schema\/logo\/image\/","url":"https:\/\/www.ragni.com\/wp-content\/uploads\/2022\/06\/Groupe-11.png","contentUrl":"https:\/\/www.ragni.com\/wp-content\/uploads\/2022\/06\/Groupe-11.png","width":117,"height":40,"caption":"RAGNI"},"image":{"@id":"https:\/\/www.ragni.com\/en\/#\/schema\/logo\/image\/"},"sameAs":["https:\/\/www.facebook.com\/Ragni.SAS","https:\/\/x.com\/RAGNI_SAS","https:\/\/www.youtube.com\/channel\/UCg3LCUI39GyNBcrdS9QV9LA","https:\/\/www.linkedin.com\/company\/ragni"]}]}},"_links":{"self":[{"href":"https:\/\/www.ragni.com\/en\/wp-json\/wp\/v2\/pages\/6900","targetHints":{"allow":["GET"]}}],"collection":[{"href":"https:\/\/www.ragni.com\/en\/wp-json\/wp\/v2\/pages"}],"about":[{"href":"https:\/\/www.ragni.com\/en\/wp-json\/wp\/v2\/types\/page"}],"author":[{"embeddable":true,"href":"https:\/\/www.ragni.com\/en\/wp-json\/wp\/v2\/users\/1"}],"replies":[{"embeddable":true,"href":"https:\/\/www.ragni.com\/en\/wp-json\/wp\/v2\/comments?post=6900"}],"version-history":[{"count":1,"href":"https:\/\/www.ragni.com\/en\/wp-json\/wp\/v2\/pages\/6900\/revisions"}],"predecessor-version":[{"id":23697,"href":"https:\/\/www.ragni.com\/en\/wp-json\/wp\/v2\/pages\/6900\/revisions\/23697"}],"wp:attachment":[{"href":"https:\/\/www.ragni.com\/en\/wp-json\/wp\/v2\/media?parent=6900"}],"curies":[{"name":"wp","href":"https:\/\/api.w.org\/{rel}","templated":true}]}}