{"id":6975,"date":"2022-08-12T14:39:23","date_gmt":"2022-08-12T14:39:23","guid":{"rendered":"https:\/\/www.dev3-ragni.blik-agency.com\/the-company\/"},"modified":"2023-01-12T19:24:39","modified_gmt":"2023-01-12T19:24:39","slug":"the-company","status":"publish","type":"page","link":"https:\/\/www.ragni.com\/en\/the-company\/","title":{"rendered":"The company"},"content":{"rendered":"<div class=\"wpb-content-wrapper\"><p>[vc_row][vc_column width=&#8221;1\/1&#8243;][vc_column_text uncode_shortcode_id=&#8221;167954&#8243;][\/vc_column_text][\/vc_column][\/vc_row][vc_row unlock_row_content=&#8221;yes&#8221; row_height_percent=&#8221;0&#8243; override_padding=&#8221;yes&#8221; h_padding=&#8221;0&#8243; top_padding=&#8221;0&#8243; bottom_padding=&#8221;0&#8243; overlay_alpha=&#8221;50&#8243; equal_height=&#8221;yes&#8221; gutter_size=&#8221;0&#8243; column_width_percent=&#8221;100&#8243; shift_y=&#8221;0&#8243; z_index=&#8221;0&#8243; uncode_shortcode_id=&#8221;212176&#8243;][vc_column column_width_use_pixel=&#8221;yes&#8221; gutter_size=&#8221;3&#8243; override_padding=&#8221;yes&#8221; column_padding=&#8221;5&#8243; overlay_alpha=&#8221;50&#8243; shift_x=&#8221;0&#8243; shift_y=&#8221;0&#8243; shift_y_down=&#8221;0&#8243; z_index=&#8221;0&#8243; medium_width=&#8221;0&#8243; mobile_width=&#8221;0&#8243; width=&#8221;1\/2&#8243; column_width_pixel=&#8221;628&#8243; uncode_shortcode_id=&#8221;358453&#8243;][vc_separator sep_color=&#8221;color-459834&#8243; css_animation=&#8221;top-t-bottom&#8221; animation_speed=&#8221;900&#8243; uncode_shortcode_id=&#8221;115118&#8243; sep_color_type=&#8221;uncode-palette&#8221; el_width=&#8221;80px&#8221; el_height=&#8221;2px&#8221;][vc_empty_space empty_h=&#8221;1&#8243;][vc_row_inner limit_content=&#8221;&#8221;][vc_column_inner column_width_percent=&#8221;100&#8243; gutter_size=&#8221;0&#8243; overlay_alpha=&#8221;50&#8243; shift_x=&#8221;0&#8243; shift_y=&#8221;0&#8243; shift_y_down=&#8221;0&#8243; z_index=&#8221;0&#8243; medium_width=&#8221;0&#8243; mobile_width=&#8221;0&#8243; css_animation=&#8221;left-t-right&#8221; animation_speed=&#8221;900&#8243; width=&#8221;1\/1&#8243; uncode_shortcode_id=&#8221;105678&#8243;][vc_custom_heading text_size=&#8221;fontsize-877521&#8243; text_transform=&#8221;uppercase&#8221; uncode_shortcode_id=&#8221;129256&#8243;]a<br \/>\nfAMILY[\/vc_custom_heading][\/vc_column_inner][\/vc_row_inner][vc_button outline=&#8221;yes&#8221; shadow=&#8221;yes&#8221; shadow_weight=&#8221;sm&#8221; border_width=&#8221;0&#8243; display=&#8221;inline&#8221; top_margin=&#8221;yes&#8221; css_animation=&#8221;bottom-t-top&#8221; animation_speed=&#8221;900&#8243; uncode_shortcode_id=&#8221;154494&#8243; width=&#8221;200px&#8221; el_class=&#8221;buttonwh&#8221; link=&#8221;url:https%3A%2F%2Fwww.dev3-ragni.blik-agency.com%2Fen%2Fune-famille%2F|title:A%20family|&#8221;]Discover[\/vc_button][\/vc_column][vc_column column_width_percent=&#8221;100&#8243; gutter_size=&#8221;3&#8243; overlay_alpha=&#8221;50&#8243; shift_x=&#8221;0&#8243; shift_y=&#8221;-3&#8243; shift_y_down=&#8221;0&#8243; z_index=&#8221;0&#8243; medium_width=&#8221;0&#8243; mobile_width=&#8221;0&#8243; width=&#8221;1\/2&#8243; mobile_height=&#8221;340&#8243; uncode_shortcode_id=&#8221;166484&#8243;][vc_single_image media=&#8221;356&#8243; media_width_percent=&#8221;100&#8243; media_ratio=&#8221;four-three&#8221; uncode_shortcode_id=&#8221;976180&#8243;][\/vc_column][\/vc_row][vc_row unlock_row_content=&#8221;yes&#8221; row_height_percent=&#8221;50&#8243; override_padding=&#8221;yes&#8221; h_padding=&#8221;0&#8243; top_padding=&#8221;0&#8243; bottom_padding=&#8221;0&#8243; overlay_alpha=&#8221;50&#8243; equal_height=&#8221;yes&#8221; gutter_size=&#8221;0&#8243; column_width_percent=&#8221;100&#8243; shift_y=&#8221;0&#8243; z_index=&#8221;0&#8243; el_class=&#8221;inverted-device-order&#8221;][vc_column column_width_percent=&#8221;100&#8243; gutter_size=&#8221;3&#8243; overlay_alpha=&#8221;50&#8243; shift_x=&#8221;0&#8243; shift_y=&#8221;0&#8243; shift_y_down=&#8221;0&#8243; z_index=&#8221;0&#8243; medium_width=&#8221;0&#8243; mobile_width=&#8221;0&#8243; width=&#8221;1\/2&#8243; mobile_height=&#8221;300&#8243; el_class=&#8221;inverted-order-device&#8221; uncode_shortcode_id=&#8221;126876&#8243;][vc_single_image media=&#8221;2671&#8243; media_width_percent=&#8221;100&#8243; media_ratio=&#8221;four-three&#8221; uncode_shortcode_id=&#8221;139039&#8243;][\/vc_column][vc_column column_width_use_pixel=&#8221;yes&#8221; position_vertical=&#8221;middle&#8221; gutter_size=&#8221;2&#8243; override_padding=&#8221;yes&#8221; column_padding=&#8221;4&#8243; overlay_alpha=&#8221;50&#8243; shift_x=&#8221;0&#8243; shift_y=&#8221;0&#8243; shift_y_down=&#8221;0&#8243; z_index=&#8221;0&#8243; medium_width=&#8221;0&#8243; mobile_width=&#8221;0&#8243; width=&#8221;1\/2&#8243; column_width_pixel=&#8221;500&#8243;][vc_separator sep_color=&#8221;color-459834&#8243; css_animation=&#8221;top-t-bottom&#8221; animation_speed=&#8221;900&#8243; uncode_shortcode_id=&#8221;115118&#8243; sep_color_type=&#8221;uncode-palette&#8221; el_width=&#8221;80px&#8221; el_height=&#8221;2px&#8221;][vc_empty_space empty_h=&#8221;1&#8243;][vc_row_inner limit_content=&#8221;&#8221;][vc_column_inner column_width_percent=&#8221;100&#8243; gutter_size=&#8221;0&#8243; overlay_alpha=&#8221;50&#8243; shift_x=&#8221;0&#8243; shift_y=&#8221;0&#8243; shift_y_down=&#8221;0&#8243; z_index=&#8221;0&#8243; medium_width=&#8221;0&#8243; mobile_width=&#8221;0&#8243; css_animation=&#8221;left-t-right&#8221; animation_speed=&#8221;900&#8243; width=&#8221;1\/1&#8243; uncode_shortcode_id=&#8221;105678&#8243;][vc_custom_heading text_size=&#8221;fontsize-877521&#8243; text_transform=&#8221;uppercase&#8221; uncode_shortcode_id=&#8221;167745&#8243;]LE GROUPE RAGNI[\/vc_custom_heading][\/vc_column_inner][\/vc_row_inner][vc_button outline=&#8221;yes&#8221; shadow=&#8221;yes&#8221; shadow_weight=&#8221;sm&#8221; border_width=&#8221;0&#8243; display=&#8221;inline&#8221; top_margin=&#8221;yes&#8221; css_animation=&#8221;bottom-t-top&#8221; animation_speed=&#8221;900&#8243; uncode_shortcode_id=&#8221;117543&#8243; width=&#8221;200px&#8221; el_class=&#8221;buttonwh&#8221; link=&#8221;url:https%3A%2F%2Fwww.dev3-ragni.blik-agency.com%2Fen%2Fthe-ragni-group%2F|title:The%20Ragni%20Group|&#8221;]Read more[\/vc_button][\/vc_column][\/vc_row][vc_row unlock_row_content=&#8221;yes&#8221; row_height_percent=&#8221;0&#8243; override_padding=&#8221;yes&#8221; h_padding=&#8221;0&#8243; top_padding=&#8221;0&#8243; bottom_padding=&#8221;0&#8243; overlay_alpha=&#8221;50&#8243; equal_height=&#8221;yes&#8221; gutter_size=&#8221;0&#8243; column_width_percent=&#8221;100&#8243; shift_y=&#8221;0&#8243; z_index=&#8221;0&#8243; uncode_shortcode_id=&#8221;212176&#8243;][vc_column column_width_use_pixel=&#8221;yes&#8221; gutter_size=&#8221;3&#8243; override_padding=&#8221;yes&#8221; column_padding=&#8221;5&#8243; overlay_alpha=&#8221;50&#8243; shift_x=&#8221;0&#8243; shift_y=&#8221;0&#8243; shift_y_down=&#8221;0&#8243; z_index=&#8221;0&#8243; medium_width=&#8221;0&#8243; mobile_width=&#8221;0&#8243; width=&#8221;1\/2&#8243; column_width_pixel=&#8221;628&#8243; uncode_shortcode_id=&#8221;358453&#8243;][vc_separator sep_color=&#8221;color-459834&#8243; css_animation=&#8221;top-t-bottom&#8221; animation_speed=&#8221;900&#8243; uncode_shortcode_id=&#8221;115118&#8243; sep_color_type=&#8221;uncode-palette&#8221; el_width=&#8221;80px&#8221; el_height=&#8221;2px&#8221;][vc_empty_space empty_h=&#8221;1&#8243;][vc_row_inner limit_content=&#8221;&#8221;][vc_column_inner column_width_percent=&#8221;100&#8243; gutter_size=&#8221;0&#8243; overlay_alpha=&#8221;50&#8243; shift_x=&#8221;0&#8243; shift_y=&#8221;0&#8243; shift_y_down=&#8221;0&#8243; z_index=&#8221;0&#8243; medium_width=&#8221;0&#8243; mobile_width=&#8221;0&#8243; css_animation=&#8221;left-t-right&#8221; animation_speed=&#8221;900&#8243; width=&#8221;1\/1&#8243; uncode_shortcode_id=&#8221;105678&#8243;][vc_custom_heading text_size=&#8221;fontsize-877521&#8243; text_transform=&#8221;uppercase&#8221; uncode_shortcode_id=&#8221;104861&#8243;]Our<br \/>\nexpertise[\/vc_custom_heading][\/vc_column_inner][\/vc_row_inner][vc_button outline=&#8221;yes&#8221; shadow=&#8221;yes&#8221; shadow_weight=&#8221;sm&#8221; border_width=&#8221;0&#8243; display=&#8221;inline&#8221; top_margin=&#8221;yes&#8221; css_animation=&#8221;bottom-t-top&#8221; animation_speed=&#8221;900&#8243; uncode_shortcode_id=&#8221;181862&#8243; width=&#8221;200px&#8221; el_class=&#8221;buttonwh&#8221; link=&#8221;url:https%3A%2F%2Fwww.dev3-ragni.blik-agency.com%2Fen%2Four-expertise%2F|title:Our%20expertise|&#8221;]Read more[\/vc_button][\/vc_column][vc_column column_width_percent=&#8221;100&#8243; gutter_size=&#8221;3&#8243; overlay_alpha=&#8221;50&#8243; shift_x=&#8221;0&#8243; shift_y=&#8221;0&#8243; shift_y_down=&#8221;0&#8243; z_index=&#8221;0&#8243; medium_width=&#8221;0&#8243; mobile_width=&#8221;0&#8243; width=&#8221;1\/2&#8243; mobile_height=&#8221;340&#8243; uncode_shortcode_id=&#8221;296778&#8243;][vc_single_image media=&#8221;2672&#8243; media_width_percent=&#8221;100&#8243; media_ratio=&#8221;four-three&#8221; uncode_shortcode_id=&#8221;197812&#8243;][\/vc_column][\/vc_row][vc_row unlock_row_content=&#8221;yes&#8221; row_height_percent=&#8221;0&#8243; override_padding=&#8221;yes&#8221; h_padding=&#8221;0&#8243; top_padding=&#8221;0&#8243; bottom_padding=&#8221;0&#8243; overlay_alpha=&#8221;100&#8243; gutter_size=&#8221;0&#8243; style=&#8221;inherited&#8221;][\/vc_row][vc_row unlock_row_content=&#8221;yes&#8221; row_height_percent=&#8221;0&#8243; override_padding=&#8221;yes&#8221; h_padding=&#8221;0&#8243; top_padding=&#8221;0&#8243; bottom_padding=&#8221;0&#8243; overlay_alpha=&#8221;50&#8243; equal_height=&#8221;yes&#8221; gutter_size=&#8221;0&#8243; shift_y=&#8221;0&#8243;][\/vc_row][vc_row unlock_row_content=&#8221;yes&#8221; row_height_percent=&#8221;0&#8243; override_padding=&#8221;yes&#8221; h_padding=&#8221;0&#8243; top_padding=&#8221;0&#8243; bottom_padding=&#8221;0&#8243; overlay_alpha=&#8221;100&#8243; gutter_size=&#8221;0&#8243; style=&#8221;inherited&#8221;][\/vc_row][vc_row unlock_row_content=&#8221;yes&#8221; row_height_percent=&#8221;0&#8243; override_padding=&#8221;yes&#8221; h_padding=&#8221;0&#8243; top_padding=&#8221;0&#8243; bottom_padding=&#8221;0&#8243; overlay_alpha=&#8221;50&#8243; equal_height=&#8221;yes&#8221; gutter_size=&#8221;0&#8243; shift_y=&#8221;0&#8243;][\/vc_row]<\/p>\n<\/div>","protected":false},"excerpt":{"rendered":"<p>[vc_row][vc_column width=&#8221;1\/1&#8243;][vc_column_text uncode_shortcode_id=&#8221;167954&#8243;][\/vc_column_text][\/vc_column][\/vc_row][vc_row unlock_row_content=&#8221;yes&#8221; row_height_percent=&#8221;0&#8243; override_padding=&#8221;yes&#8221; h_padding=&#8221;0&#8243; top_padding=&#8221;0&#8243; bottom_padding=&#8221;0&#8243; overlay_alpha=&#8221;50&#8243; equal_height=&#8221;yes&#8221; gutter_size=&#8221;0&#8243; column_width_percent=&#8221;100&#8243; shift_y=&#8221;0&#8243; z_index=&#8221;0&#8243; uncode_shortcode_id=&#8221;212176&#8243;][vc_column column_width_use_pixel=&#8221;yes&#8221; gutter_size=&#8221;3&#8243; override_padding=&#8221;yes&#8221; column_padding=&#8221;5&#8243; [&hellip;]<\/p>\n","protected":false},"author":1,"featured_media":0,"parent":0,"menu_order":0,"comment_status":"closed","ping_status":"closed","template":"","meta":{"footnotes":""},"class_list":["post-6975","page","type-page","status-publish","hentry"],"yoast_head":"<!-- This site is optimized with the Yoast SEO plugin v24.0 - https:\/\/yoast.com\/wordpress\/plugins\/seo\/ -->\n<title>The company - RAGNI<\/title>\n<meta name=\"description\" content=\"Ragni est une entreprise familiale fond\u00e9e en 1927 fabricants fran\u00e7ais ind\u00e9pendants de son secteur : l&#039;\u00e9clairage public\" \/>\n<meta name=\"robots\" content=\"index, follow, max-snippet:-1, max-image-preview:large, max-video-preview:-1\" \/>\n<link rel=\"canonical\" href=\"https:\/\/www.ragni.com\/en\/the-company\/\" \/>\n<meta property=\"og:locale\" content=\"en_US\" \/>\n<meta property=\"og:type\" content=\"article\" \/>\n<meta property=\"og:title\" content=\"The company - RAGNI\" \/>\n<meta property=\"og:description\" content=\"Ragni est une entreprise familiale fond\u00e9e en 1927 fabricants fran\u00e7ais ind\u00e9pendants de son secteur : l&#039;\u00e9clairage public\" \/>\n<meta property=\"og:url\" content=\"https:\/\/www.ragni.com\/en\/the-company\/\" \/>\n<meta property=\"og:site_name\" content=\"RAGNI\" \/>\n<meta property=\"article:publisher\" content=\"https:\/\/www.facebook.com\/Ragni.SAS\" \/>\n<meta property=\"article:modified_time\" content=\"2023-01-12T19:24:39+00:00\" \/>\n<meta name=\"twitter:card\" content=\"summary_large_image\" \/>\n<meta name=\"twitter:site\" content=\"@RAGNI_SAS\" \/>\n<meta name=\"twitter:label1\" content=\"Est. reading time\" \/>\n\t<meta name=\"twitter:data1\" content=\"5 minutes\" \/>\n<script type=\"application\/ld+json\" class=\"yoast-schema-graph\">{\"@context\":\"https:\/\/schema.org\",\"@graph\":[{\"@type\":\"WebPage\",\"@id\":\"https:\/\/www.ragni.com\/en\/the-company\/\",\"url\":\"https:\/\/www.ragni.com\/en\/the-company\/\",\"name\":\"The company - RAGNI\",\"isPartOf\":{\"@id\":\"https:\/\/www.ragni.com\/en\/#website\"},\"datePublished\":\"2022-08-12T14:39:23+00:00\",\"dateModified\":\"2023-01-12T19:24:39+00:00\",\"description\":\"Ragni est une entreprise familiale fond\u00e9e en 1927 fabricants fran\u00e7ais ind\u00e9pendants de son secteur : l'\u00e9clairage public\",\"breadcrumb\":{\"@id\":\"https:\/\/www.ragni.com\/en\/the-company\/#breadcrumb\"},\"inLanguage\":\"en-US\",\"potentialAction\":[{\"@type\":\"ReadAction\",\"target\":[\"https:\/\/www.ragni.com\/en\/the-company\/\"]}]},{\"@type\":\"BreadcrumbList\",\"@id\":\"https:\/\/www.ragni.com\/en\/the-company\/#breadcrumb\",\"itemListElement\":[{\"@type\":\"ListItem\",\"position\":1,\"name\":\"Accueil\",\"item\":\"https:\/\/www.ragni.com\/en\/\"},{\"@type\":\"ListItem\",\"position\":2,\"name\":\"The company\"}]},{\"@type\":\"WebSite\",\"@id\":\"https:\/\/www.ragni.com\/en\/#website\",\"url\":\"https:\/\/www.ragni.com\/en\/\",\"name\":\"RAGNI\",\"description\":\"La lumi\u00e8re \u00e0 votre image\",\"publisher\":{\"@id\":\"https:\/\/www.ragni.com\/en\/#organization\"},\"potentialAction\":[{\"@type\":\"SearchAction\",\"target\":{\"@type\":\"EntryPoint\",\"urlTemplate\":\"https:\/\/www.ragni.com\/en\/?s={search_term_string}\"},\"query-input\":{\"@type\":\"PropertyValueSpecification\",\"valueRequired\":true,\"valueName\":\"search_term_string\"}}],\"inLanguage\":\"en-US\"},{\"@type\":\"Organization\",\"@id\":\"https:\/\/www.ragni.com\/en\/#organization\",\"name\":\"RAGNI\",\"url\":\"https:\/\/www.ragni.com\/en\/\",\"logo\":{\"@type\":\"ImageObject\",\"inLanguage\":\"en-US\",\"@id\":\"https:\/\/www.ragni.com\/en\/#\/schema\/logo\/image\/\",\"url\":\"https:\/\/www.ragni.com\/wp-content\/uploads\/2022\/06\/Groupe-11.png\",\"contentUrl\":\"https:\/\/www.ragni.com\/wp-content\/uploads\/2022\/06\/Groupe-11.png\",\"width\":117,\"height\":40,\"caption\":\"RAGNI\"},\"image\":{\"@id\":\"https:\/\/www.ragni.com\/en\/#\/schema\/logo\/image\/\"},\"sameAs\":[\"https:\/\/www.facebook.com\/Ragni.SAS\",\"https:\/\/x.com\/RAGNI_SAS\",\"https:\/\/www.youtube.com\/channel\/UCg3LCUI39GyNBcrdS9QV9LA\",\"https:\/\/www.linkedin.com\/company\/ragni\"]}]}<\/script>\n<!-- \/ Yoast SEO plugin. -->","yoast_head_json":{"title":"The company - RAGNI","description":"Ragni est une entreprise familiale fond\u00e9e en 1927 fabricants fran\u00e7ais ind\u00e9pendants de son secteur : l'\u00e9clairage public","robots":{"index":"index","follow":"follow","max-snippet":"max-snippet:-1","max-image-preview":"max-image-preview:large","max-video-preview":"max-video-preview:-1"},"canonical":"https:\/\/www.ragni.com\/en\/the-company\/","og_locale":"en_US","og_type":"article","og_title":"The company - RAGNI","og_description":"Ragni est une entreprise familiale fond\u00e9e en 1927 fabricants fran\u00e7ais ind\u00e9pendants de son secteur : l'\u00e9clairage public","og_url":"https:\/\/www.ragni.com\/en\/the-company\/","og_site_name":"RAGNI","article_publisher":"https:\/\/www.facebook.com\/Ragni.SAS","article_modified_time":"2023-01-12T19:24:39+00:00","twitter_card":"summary_large_image","twitter_site":"@RAGNI_SAS","twitter_misc":{"Est. reading time":"5 minutes"},"schema":{"@context":"https:\/\/schema.org","@graph":[{"@type":"WebPage","@id":"https:\/\/www.ragni.com\/en\/the-company\/","url":"https:\/\/www.ragni.com\/en\/the-company\/","name":"The company - RAGNI","isPartOf":{"@id":"https:\/\/www.ragni.com\/en\/#website"},"datePublished":"2022-08-12T14:39:23+00:00","dateModified":"2023-01-12T19:24:39+00:00","description":"Ragni est une entreprise familiale fond\u00e9e en 1927 fabricants fran\u00e7ais ind\u00e9pendants de son secteur : l'\u00e9clairage public","breadcrumb":{"@id":"https:\/\/www.ragni.com\/en\/the-company\/#breadcrumb"},"inLanguage":"en-US","potentialAction":[{"@type":"ReadAction","target":["https:\/\/www.ragni.com\/en\/the-company\/"]}]},{"@type":"BreadcrumbList","@id":"https:\/\/www.ragni.com\/en\/the-company\/#breadcrumb","itemListElement":[{"@type":"ListItem","position":1,"name":"Accueil","item":"https:\/\/www.ragni.com\/en\/"},{"@type":"ListItem","position":2,"name":"The company"}]},{"@type":"WebSite","@id":"https:\/\/www.ragni.com\/en\/#website","url":"https:\/\/www.ragni.com\/en\/","name":"RAGNI","description":"La lumi\u00e8re \u00e0 votre image","publisher":{"@id":"https:\/\/www.ragni.com\/en\/#organization"},"potentialAction":[{"@type":"SearchAction","target":{"@type":"EntryPoint","urlTemplate":"https:\/\/www.ragni.com\/en\/?s={search_term_string}"},"query-input":{"@type":"PropertyValueSpecification","valueRequired":true,"valueName":"search_term_string"}}],"inLanguage":"en-US"},{"@type":"Organization","@id":"https:\/\/www.ragni.com\/en\/#organization","name":"RAGNI","url":"https:\/\/www.ragni.com\/en\/","logo":{"@type":"ImageObject","inLanguage":"en-US","@id":"https:\/\/www.ragni.com\/en\/#\/schema\/logo\/image\/","url":"https:\/\/www.ragni.com\/wp-content\/uploads\/2022\/06\/Groupe-11.png","contentUrl":"https:\/\/www.ragni.com\/wp-content\/uploads\/2022\/06\/Groupe-11.png","width":117,"height":40,"caption":"RAGNI"},"image":{"@id":"https:\/\/www.ragni.com\/en\/#\/schema\/logo\/image\/"},"sameAs":["https:\/\/www.facebook.com\/Ragni.SAS","https:\/\/x.com\/RAGNI_SAS","https:\/\/www.youtube.com\/channel\/UCg3LCUI39GyNBcrdS9QV9LA","https:\/\/www.linkedin.com\/company\/ragni"]}]}},"_links":{"self":[{"href":"https:\/\/www.ragni.com\/en\/wp-json\/wp\/v2\/pages\/6975","targetHints":{"allow":["GET"]}}],"collection":[{"href":"https:\/\/www.ragni.com\/en\/wp-json\/wp\/v2\/pages"}],"about":[{"href":"https:\/\/www.ragni.com\/en\/wp-json\/wp\/v2\/types\/page"}],"author":[{"embeddable":true,"href":"https:\/\/www.ragni.com\/en\/wp-json\/wp\/v2\/users\/1"}],"replies":[{"embeddable":true,"href":"https:\/\/www.ragni.com\/en\/wp-json\/wp\/v2\/comments?post=6975"}],"version-history":[{"count":0,"href":"https:\/\/www.ragni.com\/en\/wp-json\/wp\/v2\/pages\/6975\/revisions"}],"wp:attachment":[{"href":"https:\/\/www.ragni.com\/en\/wp-json\/wp\/v2\/media?parent=6975"}],"curies":[{"name":"wp","href":"https:\/\/api.w.org\/{rel}","templated":true}]}}