{"id":16913,"date":"2024-05-13T09:50:48","date_gmt":"2024-05-13T08:50:48","guid":{"rendered":"https:\/\/www.ragni.com\/produit\/night-lounge\/"},"modified":"2024-07-02T12:47:32","modified_gmt":"2024-07-02T12:47:32","slug":"night-lounge","status":"publish","type":"product","link":"https:\/\/www.ragni.com\/en\/produit\/night-lounge\/","title":{"rendered":"NIGHT LOUNGE"},"content":{"rendered":"","protected":false},"excerpt":{"rendered":"","protected":false},"featured_media":16193,"template":"","meta":[],"product_cat":[401,427],"product_tag":[244,280,282,452,453],"class_list":{"0":"post-16913","1":"product","2":"type-product","3":"status-publish","4":"has-post-thumbnail","6":"product_cat-search-en","7":"product_cat-night-lounge","8":"product_tag-customizable","9":"product_tag-rectangular","10":"product_tag-linear","11":"product_tag-park-plaza-pathway-en","12":"product_tag-design-en-2","14":"first","15":"instock","16":"shipping-taxable","17":"product-type-simple"},"yoast_head":"<!-- This site is optimized with the Yoast SEO plugin v24.0 - https:\/\/yoast.com\/wordpress\/plugins\/seo\/ -->\n<title>NIGHT LOUNGE - RAGNI<\/title>\n<meta name=\"description\" content=\"Our NIGHT LOUNGE is an illuminated design concept that reinvents public spaces as places to live and meet.\" \/>\n<meta name=\"robots\" content=\"index, follow, max-snippet:-1, max-image-preview:large, max-video-preview:-1\" \/>\n<link rel=\"canonical\" href=\"https:\/\/www.ragni.com\/en\/produit\/night-lounge\/\" \/>\n<meta property=\"og:locale\" content=\"en_US\" \/>\n<meta property=\"og:type\" content=\"article\" \/>\n<meta property=\"og:title\" content=\"NIGHT LOUNGE - RAGNI\" \/>\n<meta property=\"og:description\" content=\"Our NIGHT LOUNGE is an illuminated design concept that reinvents public spaces as places to live and meet.\" \/>\n<meta property=\"og:url\" content=\"https:\/\/www.ragni.com\/en\/produit\/night-lounge\/\" \/>\n<meta property=\"og:site_name\" content=\"RAGNI\" \/>\n<meta property=\"article:publisher\" content=\"https:\/\/www.facebook.com\/Ragni.SAS\" \/>\n<meta property=\"article:modified_time\" content=\"2024-07-02T12:47:32+00:00\" \/>\n<meta property=\"og:image\" content=\"https:\/\/www.ragni.com\/wp-content\/uploads\/2024\/05\/Salons_Nocturnes.jpg\" \/>\n\t<meta property=\"og:image:width\" content=\"2000\" \/>\n\t<meta property=\"og:image:height\" content=\"2000\" \/>\n\t<meta property=\"og:image:type\" content=\"image\/jpeg\" \/>\n<meta name=\"twitter:card\" content=\"summary_large_image\" \/>\n<meta name=\"twitter:site\" content=\"@RAGNI_SAS\" \/>\n<script type=\"application\/ld+json\" class=\"yoast-schema-graph\">{\"@context\":\"https:\/\/schema.org\",\"@graph\":[{\"@type\":\"WebPage\",\"@id\":\"https:\/\/www.ragni.com\/en\/produit\/night-lounge\/\",\"url\":\"https:\/\/www.ragni.com\/en\/produit\/night-lounge\/\",\"name\":\"NIGHT LOUNGE - RAGNI\",\"isPartOf\":{\"@id\":\"https:\/\/www.ragni.com\/en\/#website\"},\"primaryImageOfPage\":{\"@id\":\"https:\/\/www.ragni.com\/en\/produit\/night-lounge\/#primaryimage\"},\"image\":{\"@id\":\"https:\/\/www.ragni.com\/en\/produit\/night-lounge\/#primaryimage\"},\"thumbnailUrl\":\"https:\/\/www.ragni.com\/wp-content\/uploads\/2024\/05\/Salons_Nocturnes.jpg\",\"datePublished\":\"2024-05-13T08:50:48+00:00\",\"dateModified\":\"2024-07-02T12:47:32+00:00\",\"description\":\"Our NIGHT LOUNGE is an illuminated design concept that reinvents public spaces as places to live and meet.\",\"breadcrumb\":{\"@id\":\"https:\/\/www.ragni.com\/en\/produit\/night-lounge\/#breadcrumb\"},\"inLanguage\":\"en-US\",\"potentialAction\":[{\"@type\":\"ReadAction\",\"target\":[\"https:\/\/www.ragni.com\/en\/produit\/night-lounge\/\"]}]},{\"@type\":\"ImageObject\",\"inLanguage\":\"en-US\",\"@id\":\"https:\/\/www.ragni.com\/en\/produit\/night-lounge\/#primaryimage\",\"url\":\"https:\/\/www.ragni.com\/wp-content\/uploads\/2024\/05\/Salons_Nocturnes.jpg\",\"contentUrl\":\"https:\/\/www.ragni.com\/wp-content\/uploads\/2024\/05\/Salons_Nocturnes.jpg\",\"width\":2000,\"height\":2000,\"caption\":\"Les Salons Nocturnes implant\u00e9s dans un espace urbain, cr\u00e9ant un \u00eelot chaleureux de rencontres.\"},{\"@type\":\"BreadcrumbList\",\"@id\":\"https:\/\/www.ragni.com\/en\/produit\/night-lounge\/#breadcrumb\",\"itemListElement\":[{\"@type\":\"ListItem\",\"position\":1,\"name\":\"Accueil\",\"item\":\"https:\/\/www.ragni.com\/en\/\"},{\"@type\":\"ListItem\",\"position\":2,\"name\":\"Shop\",\"item\":\"https:\/\/www.ragni.com\/en\/shop\/\"},{\"@type\":\"ListItem\",\"position\":3,\"name\":\"NIGHT LOUNGE\"}]},{\"@type\":\"WebSite\",\"@id\":\"https:\/\/www.ragni.com\/en\/#website\",\"url\":\"https:\/\/www.ragni.com\/en\/\",\"name\":\"RAGNI\",\"description\":\"La lumi\u00e8re \u00e0 votre image\",\"publisher\":{\"@id\":\"https:\/\/www.ragni.com\/en\/#organization\"},\"potentialAction\":[{\"@type\":\"SearchAction\",\"target\":{\"@type\":\"EntryPoint\",\"urlTemplate\":\"https:\/\/www.ragni.com\/en\/?s={search_term_string}\"},\"query-input\":{\"@type\":\"PropertyValueSpecification\",\"valueRequired\":true,\"valueName\":\"search_term_string\"}}],\"inLanguage\":\"en-US\"},{\"@type\":\"Organization\",\"@id\":\"https:\/\/www.ragni.com\/en\/#organization\",\"name\":\"RAGNI\",\"url\":\"https:\/\/www.ragni.com\/en\/\",\"logo\":{\"@type\":\"ImageObject\",\"inLanguage\":\"en-US\",\"@id\":\"https:\/\/www.ragni.com\/en\/#\/schema\/logo\/image\/\",\"url\":\"https:\/\/www.ragni.com\/wp-content\/uploads\/2022\/06\/Groupe-11.png\",\"contentUrl\":\"https:\/\/www.ragni.com\/wp-content\/uploads\/2022\/06\/Groupe-11.png\",\"width\":117,\"height\":40,\"caption\":\"RAGNI\"},\"image\":{\"@id\":\"https:\/\/www.ragni.com\/en\/#\/schema\/logo\/image\/\"},\"sameAs\":[\"https:\/\/www.facebook.com\/Ragni.SAS\",\"https:\/\/x.com\/RAGNI_SAS\",\"https:\/\/www.youtube.com\/channel\/UCg3LCUI39GyNBcrdS9QV9LA\",\"https:\/\/www.linkedin.com\/company\/ragni\"]}]}<\/script>\n<!-- \/ Yoast SEO plugin. -->","yoast_head_json":{"title":"NIGHT LOUNGE - RAGNI","description":"Our NIGHT LOUNGE is an illuminated design concept that reinvents public spaces as places to live and meet.","robots":{"index":"index","follow":"follow","max-snippet":"max-snippet:-1","max-image-preview":"max-image-preview:large","max-video-preview":"max-video-preview:-1"},"canonical":"https:\/\/www.ragni.com\/en\/produit\/night-lounge\/","og_locale":"en_US","og_type":"article","og_title":"NIGHT LOUNGE - RAGNI","og_description":"Our NIGHT LOUNGE is an illuminated design concept that reinvents public spaces as places to live and meet.","og_url":"https:\/\/www.ragni.com\/en\/produit\/night-lounge\/","og_site_name":"RAGNI","article_publisher":"https:\/\/www.facebook.com\/Ragni.SAS","article_modified_time":"2024-07-02T12:47:32+00:00","og_image":[{"width":2000,"height":2000,"url":"https:\/\/www.ragni.com\/wp-content\/uploads\/2024\/05\/Salons_Nocturnes.jpg","type":"image\/jpeg"}],"twitter_card":"summary_large_image","twitter_site":"@RAGNI_SAS","schema":{"@context":"https:\/\/schema.org","@graph":[{"@type":"WebPage","@id":"https:\/\/www.ragni.com\/en\/produit\/night-lounge\/","url":"https:\/\/www.ragni.com\/en\/produit\/night-lounge\/","name":"NIGHT LOUNGE - RAGNI","isPartOf":{"@id":"https:\/\/www.ragni.com\/en\/#website"},"primaryImageOfPage":{"@id":"https:\/\/www.ragni.com\/en\/produit\/night-lounge\/#primaryimage"},"image":{"@id":"https:\/\/www.ragni.com\/en\/produit\/night-lounge\/#primaryimage"},"thumbnailUrl":"https:\/\/www.ragni.com\/wp-content\/uploads\/2024\/05\/Salons_Nocturnes.jpg","datePublished":"2024-05-13T08:50:48+00:00","dateModified":"2024-07-02T12:47:32+00:00","description":"Our NIGHT LOUNGE is an illuminated design concept that reinvents public spaces as places to live and meet.","breadcrumb":{"@id":"https:\/\/www.ragni.com\/en\/produit\/night-lounge\/#breadcrumb"},"inLanguage":"en-US","potentialAction":[{"@type":"ReadAction","target":["https:\/\/www.ragni.com\/en\/produit\/night-lounge\/"]}]},{"@type":"ImageObject","inLanguage":"en-US","@id":"https:\/\/www.ragni.com\/en\/produit\/night-lounge\/#primaryimage","url":"https:\/\/www.ragni.com\/wp-content\/uploads\/2024\/05\/Salons_Nocturnes.jpg","contentUrl":"https:\/\/www.ragni.com\/wp-content\/uploads\/2024\/05\/Salons_Nocturnes.jpg","width":2000,"height":2000,"caption":"Les Salons Nocturnes implant\u00e9s dans un espace urbain, cr\u00e9ant un \u00eelot chaleureux de rencontres."},{"@type":"BreadcrumbList","@id":"https:\/\/www.ragni.com\/en\/produit\/night-lounge\/#breadcrumb","itemListElement":[{"@type":"ListItem","position":1,"name":"Accueil","item":"https:\/\/www.ragni.com\/en\/"},{"@type":"ListItem","position":2,"name":"Shop","item":"https:\/\/www.ragni.com\/en\/shop\/"},{"@type":"ListItem","position":3,"name":"NIGHT LOUNGE"}]},{"@type":"WebSite","@id":"https:\/\/www.ragni.com\/en\/#website","url":"https:\/\/www.ragni.com\/en\/","name":"RAGNI","description":"La lumi\u00e8re \u00e0 votre image","publisher":{"@id":"https:\/\/www.ragni.com\/en\/#organization"},"potentialAction":[{"@type":"SearchAction","target":{"@type":"EntryPoint","urlTemplate":"https:\/\/www.ragni.com\/en\/?s={search_term_string}"},"query-input":{"@type":"PropertyValueSpecification","valueRequired":true,"valueName":"search_term_string"}}],"inLanguage":"en-US"},{"@type":"Organization","@id":"https:\/\/www.ragni.com\/en\/#organization","name":"RAGNI","url":"https:\/\/www.ragni.com\/en\/","logo":{"@type":"ImageObject","inLanguage":"en-US","@id":"https:\/\/www.ragni.com\/en\/#\/schema\/logo\/image\/","url":"https:\/\/www.ragni.com\/wp-content\/uploads\/2022\/06\/Groupe-11.png","contentUrl":"https:\/\/www.ragni.com\/wp-content\/uploads\/2022\/06\/Groupe-11.png","width":117,"height":40,"caption":"RAGNI"},"image":{"@id":"https:\/\/www.ragni.com\/en\/#\/schema\/logo\/image\/"},"sameAs":["https:\/\/www.facebook.com\/Ragni.SAS","https:\/\/x.com\/RAGNI_SAS","https:\/\/www.youtube.com\/channel\/UCg3LCUI39GyNBcrdS9QV9LA","https:\/\/www.linkedin.com\/company\/ragni"]}]}},"_links":{"self":[{"href":"https:\/\/www.ragni.com\/en\/wp-json\/wp\/v2\/product\/16913","targetHints":{"allow":["GET"]}}],"collection":[{"href":"https:\/\/www.ragni.com\/en\/wp-json\/wp\/v2\/product"}],"about":[{"href":"https:\/\/www.ragni.com\/en\/wp-json\/wp\/v2\/types\/product"}],"wp:featuredmedia":[{"embeddable":true,"href":"https:\/\/www.ragni.com\/en\/wp-json\/wp\/v2\/media\/16193"}],"wp:attachment":[{"href":"https:\/\/www.ragni.com\/en\/wp-json\/wp\/v2\/media?parent=16913"}],"wp:term":[{"taxonomy":"product_cat","embeddable":true,"href":"https:\/\/www.ragni.com\/en\/wp-json\/wp\/v2\/product_cat?post=16913"},{"taxonomy":"product_tag","embeddable":true,"href":"https:\/\/www.ragni.com\/en\/wp-json\/wp\/v2\/product_tag?post=16913"}],"curies":[{"name":"wp","href":"https:\/\/api.w.org\/{rel}","templated":true}]}}