{"id":17493,"date":"2022-08-12T15:06:07","date_gmt":"2022-08-12T14:06:07","guid":{"rendered":"https:\/\/www.ragni.com\/el-grupo-ragni\/"},"modified":"2025-12-01T16:02:58","modified_gmt":"2025-12-01T15:02:58","slug":"el-groupe-ragni","status":"publish","type":"page","link":"https:\/\/www.ragni.com\/es\/el-groupe-ragni\/","title":{"rendered":"EL GROUPE RAGNI"},"content":{"rendered":"<div class=\"wpb-content-wrapper\"><p>[vc_row][vc_column width=&#8221;1\/1&#8243;][vc_column_text uncode_shortcode_id=&#8221;167954&#8243;][\/vc_column_text][\/vc_column][\/vc_row][vc_row unlock_row=&#8221;&#8221; row_height_percent=&#8221;0&#8243; overlay_alpha=&#8221;50&#8243; gutter_size=&#8221;3&#8243; column_width_percent=&#8221;100&#8243; shift_y=&#8221;0&#8243; z_index=&#8221;0&#8243; uncode_shortcode_id=&#8221;211729&#8243;][vc_column width=&#8221;1\/2&#8243;][vc_custom_heading heading_semantic=&#8221;div&#8221; text_size=&#8221;fontsize-960166&#8243; text_weight=&#8221;300&#8243; text_transform=&#8221;uppercase&#8221; uncode_shortcode_id=&#8221;111486&#8243;]Para un futuro<\/p>\n<p><strong>LUMINOSO Y SOSTENIBLE<\/strong>[\/vc_custom_heading][vc_column_text uncode_shortcode_id=&#8221;117829&#8243;]Como dise\u00f1ador y fabricante de soluciones integrales de alumbrado p\u00fablico, el GROUPE RAGNI es un socio privilegiado de los territorios conectados, que apoya a las autoridades locales en su transici\u00f3n energ\u00e9tica y medioambiental.<\/p>\n<p>Fundada en 1927 y ahora <u><a href=\"https:\/\/www.ragni.com\/es\/empresa-con-proposito\/\" target=\"_blank\" rel=\"noopener\"><strong>una empresa con prop\u00f3sito<\/strong><\/a><\/u>RAGNI, sociedad matriz del GROUPE RAGNI, es una empresa familiar dirigida por la 4\u00aa generaci\u00f3n y especializada en el alumbrado p\u00fablico conectado, que combina el saber hacer tradicional con la experiencia industrial.<\/p>\n<p>Desde 2015, el Grupo ha ampliado sus competencias con la integraci\u00f3n de <strong><u><a href=\"http:\/\/www.novea-energies.com\/es\" target=\"_blank\" rel=\"noopener\">NOV\u00c9A \u00c9NERGIES<\/a><\/u><\/strong>especialista en alumbrado p\u00fablico aut\u00f3nomo, seguida de <u><a href=\"http:\/\/www.sev-e.com\/en\" target=\"_blank\" rel=\"noopener\"><strong>SEV\u24ba<\/strong><\/a><\/u> en 2022, tambi\u00e9n una empresa con prop\u00f3sito, que ofrece optimizar los recursos de las autoridades locales conectando sus infraestructuras.<\/p>\n<p>En 2023, <u><a href=\"https:\/\/www.ragni.com\/acquisition-de-hess\/\" target=\"_blank\" rel=\"noopener\">la adquisici\u00f3n de la<\/a><\/u> <a href=\"https:\/\/www.hess.eu\/en\" target=\"_blank\" rel=\"noopener\"><u><strong>HESS<\/strong><\/u> <\/a>y <u><strong><a href=\"https:\/\/www.vulkan.eu\/en\/\">VULKAN<\/a><\/strong><\/u>pioneras del alumbrado p\u00fablico funcional y de dise\u00f1o en Alemania, ha reforzado la dimensi\u00f3n europea del Grupo y subrayado su excelencia industrial. En 2024, <u><strong><a href=\"http:\/\/www.lec-lyon.com\">LEC<\/a><\/strong><\/u>actor hist\u00f3rico de Lyon especializado en la valorizaci\u00f3n urbana y la se\u00f1alizaci\u00f3n, <a href=\"https:\/\/www.ragni.com\/le-groupe-ragni-rachete-lec\/\" target=\"_blank\" rel=\"noopener\">se uni\u00f3 a la empresa familiar <u><\/u><\/a> seguida de<u><a href=\"https:\/\/www.eco-innov.com\/en\" target=\"_blank\" rel=\"noopener\"><strong>ECO INNOV<\/strong><\/a><\/u>experto en se\u00f1alizaci\u00f3n luminosa de bajo consumo, confirmando as\u00ed el compromiso del GROUPE RAGNI de ofrecer una gama de productos cada vez m\u00e1s diversificada e innovadora.[\/vc_column_text][\/vc_column][vc_column column_width_percent=&#8221;100&#8243; position_vertical=&#8221;middle&#8221; gutter_size=&#8221;3&#8243; overlay_alpha=&#8221;50&#8243; shift_x=&#8221;0&#8243; shift_y=&#8221;0&#8243; shift_y_down=&#8221;0&#8243; z_index=&#8221;0&#8243; medium_width=&#8221;0&#8243; mobile_width=&#8221;0&#8243; width=&#8221;1\/2&#8243; uncode_shortcode_id=&#8221;701863&#8243;][vc_single_image media=&#8221;20637&#8243; media_width_percent=&#8221;100&#8243; alignment=&#8221;center&#8221; uncode_shortcode_id=&#8221;783525&#8243; media_link=&#8221;url:http%3A%2F%2Fwww.groupe-ragni.com|target:_blank&#8221;][vc_row_inner][vc_column_inner column_width_percent=&#8221;100&#8243; align_horizontal=&#8221;align_center&#8221; gutter_size=&#8221;3&#8243; overlay_alpha=&#8221;50&#8243; shift_x=&#8221;0&#8243; shift_y=&#8221;0&#8243; shift_y_down=&#8221;0&#8243; z_index=&#8221;0&#8243; medium_width=&#8221;0&#8243; mobile_width=&#8221;0&#8243; width=&#8221;1\/1&#8243; uncode_shortcode_id=&#8221;185357&#8243;][vc_button border_width=&#8221;0&#8243; link=&#8221;url:https%3A%2F%2Fwww.calameo.com%2Fread%2F0074251090ce748172f5c|target:_blank|&#8221; uncode_shortcode_id=&#8221;965072&#8243; width=&#8221;150&#8243;]Ver la brochure corporativo[\/vc_button][\/vc_column_inner][\/vc_row_inner][\/vc_column][\/vc_row][vc_row][vc_column width=&#8221;1\/1&#8243;][vc_single_image media=&#8221;20642&#8243; media_width_percent=&#8221;100&#8243; uncode_shortcode_id=&#8221;113104&#8243;][\/vc_column][\/vc_row][vc_row row_height_percent=&#8221;0&#8243; overlay_alpha=&#8221;50&#8243; gutter_size=&#8221;3&#8243; column_width_percent=&#8221;100&#8243; shift_y=&#8221;0&#8243; z_index=&#8221;0&#8243; uncode_shortcode_id=&#8221;166145&#8243;][vc_column width=&#8221;1\/1&#8243;][vc_column_text uncode_shortcode_id=&#8221;163830&#8243;]El GROUPE RAGNI sit\u00faa la proximidad y la soberan\u00eda industrial en el centro de su estrategia de desarrollo y hace del apoyo al cliente un rasgo distintivo. \u00bfSu misi\u00f3n? Facilitar el acceso a la luz para la comodidad y seguridad humanas, respetando la biodiversidad por un futuro luminoso y sostenible.<\/p>\n<p>Al aportar sus competencias internamente, el Grupo puede controlar toda la cadena de valor. Sus expertos dise\u00f1an cada proyecto con precisi\u00f3n, recurriendo a una innovadora gama de productos y servicios dedicados principalmente al alumbrado p\u00fablico inteligente y conectado, as\u00ed como a soluciones medioambientales para la gesti\u00f3n del agua, los edificios p\u00fablicos y la movilidad.<\/p>\n<p>Presente en m\u00e1s de 60 pa\u00edses, el GROUPE RAGNI cuenta con una red de casi 30 distribuidores y varias filiales en Estados Unidos, Latinoam\u00e9rica, Reino Unido y \u00c1frica. En Francia y en los territorios de ultramar, 15 oficinas comerciales garantizan la capacidad de reacci\u00f3n de la empresa.<\/p>\n<p>Con casi cien a\u00f1os de experiencia, el GROUPE RAGNI es hoy l\u00edder del alumbrado p\u00fablico en Francia, y se distingue por su agilidad, su cultura de apoyo, la calidad de sus productos y su compromiso con la preservaci\u00f3n del medio ambiente.[\/vc_column_text][\/vc_column][\/vc_row][vc_row row_height_percent=&#8221;0&#8243; overlay_alpha=&#8221;50&#8243; gutter_size=&#8221;3&#8243; column_width_percent=&#8221;100&#8243; shift_y=&#8221;0&#8243; z_index=&#8221;0&#8243; uncode_shortcode_id=&#8221;210103&#8243;][vc_column column_width_percent=&#8221;100&#8243; position_vertical=&#8221;middle&#8221; align_horizontal=&#8221;align_center&#8221; gutter_size=&#8221;3&#8243; overlay_alpha=&#8221;50&#8243; shift_x=&#8221;0&#8243; shift_y=&#8221;0&#8243; shift_y_down=&#8221;0&#8243; z_index=&#8221;0&#8243; medium_width=&#8221;0&#8243; mobile_width=&#8221;0&#8243; width=&#8221;1\/1&#8243; uncode_shortcode_id=&#8221;113444&#8243;][vc_button border_width=&#8221;0&#8243; link=&#8221;url:http%3A%2F%2Fwww.groupe-ragni.com%2Fes|target:_blank|&#8221; uncode_shortcode_id=&#8221;882504&#8243; width=&#8221;150&#8243;]M\u00e1s informaci\u00f3n[\/vc_button][\/vc_column][\/vc_row][vc_row unlock_row_content=&#8221;yes&#8221; row_height_percent=&#8221;29&#8243; back_image=&#8221;20649&#8243; overlay_alpha=&#8221;50&#8243; gutter_size=&#8221;3&#8243; column_width_percent=&#8221;100&#8243; shift_y=&#8221;0&#8243; z_index=&#8221;0&#8243; uncode_shortcode_id=&#8221;178330&#8243;][vc_column width=&#8221;1\/1&#8243;][\/vc_column][\/vc_row][vc_row][vc_column width=&#8221;1\/1&#8243;][uncode_block id=&#8221;344&#8243;][\/vc_column][\/vc_row][vc_row row_height_percent=&#8221;0&#8243; override_padding=&#8221;yes&#8221; h_padding=&#8221;2&#8243; top_padding=&#8221;3&#8243; bottom_padding=&#8221;2&#8243; overlay_alpha=&#8221;50&#8243; gutter_size=&#8221;3&#8243; column_width_percent=&#8221;100&#8243; shift_y=&#8221;0&#8243; z_index=&#8221;0&#8243; uncode_shortcode_id=&#8221;821639&#8243;][vc_column column_width_percent=&#8221;100&#8243; align_horizontal=&#8221;align_center&#8221; gutter_size=&#8221;3&#8243; overlay_alpha=&#8221;50&#8243; shift_x=&#8221;0&#8243; shift_y=&#8221;0&#8243; shift_y_down=&#8221;0&#8243; z_index=&#8221;0&#8243; medium_width=&#8221;0&#8243; mobile_width=&#8221;0&#8243; width=&#8221;1\/1&#8243; uncode_shortcode_id=&#8221;260259&#8243;][vc_column_text uncode_shortcode_id=&#8221;146702&#8243;]VER TAMBIEN[\/vc_column_text][\/vc_column][\/vc_row][vc_row row_height_percent=&#8221;0&#8243; overlay_alpha=&#8221;50&#8243; gutter_size=&#8221;0&#8243; column_width_percent=&#8221;100&#8243; shift_y=&#8221;0&#8243; z_index=&#8221;0&#8243; uncode_shortcode_id=&#8221;151666&#8243;][vc_column column_width_percent=&#8221;100&#8243; gutter_size=&#8221;2&#8243; overlay_alpha=&#8221;50&#8243; shift_x=&#8221;0&#8243; shift_y=&#8221;0&#8243; shift_y_down=&#8221;0&#8243; z_index=&#8221;0&#8243; medium_width=&#8221;0&#8243; mobile_width=&#8221;0&#8243; width=&#8221;1\/3&#8243; uncode_shortcode_id=&#8221;925196&#8243;][vc_single_image media=&#8221;443&#8243; media_width_percent=&#8221;100&#8243; media_ratio=&#8221;four-three&#8221; uncode_shortcode_id=&#8221;252814&#8243;][vc_row_inner limit_content=&#8221;&#8221;][vc_column_inner column_width_percent=&#8221;100&#8243; align_horizontal=&#8221;align_center&#8221; gutter_size=&#8221;2&#8243; style=&#8221;dark&#8221; overlay_alpha=&#8221;50&#8243; shift_x=&#8221;0&#8243; shift_y=&#8221;-2&#8243; shift_y_fixed=&#8221;yes&#8221; shift_y_down=&#8221;0&#8243; z_index=&#8221;3&#8243; medium_width=&#8221;0&#8243; mobile_width=&#8221;0&#8243; width=&#8221;1\/1&#8243; uncode_shortcode_id=&#8221;855797&#8243;][vc_button shadow=&#8221;yes&#8221; shadow_weight=&#8221;std&#8221; border_width=&#8221;0&#8243; uncode_shortcode_id=&#8221;506638&#8243; link=&#8221;url:https%3A%2F%2Fwww.ragni.com%2Fes%2Fnuestra-experiencia%2F|title:Nuestra%20experiencia|&#8221;]Nuestra experiencia[\/vc_button][\/vc_column_inner][\/vc_row_inner][vc_empty_space empty_h=&#8221;1&#8243;][\/vc_column][vc_column column_width_percent=&#8221;100&#8243; gutter_size=&#8221;2&#8243; overlay_alpha=&#8221;50&#8243; shift_x=&#8221;0&#8243; shift_y=&#8221;0&#8243; shift_y_down=&#8221;0&#8243; z_index=&#8221;0&#8243; medium_width=&#8221;0&#8243; mobile_width=&#8221;0&#8243; width=&#8221;1\/3&#8243; uncode_shortcode_id=&#8221;723061&#8243;][vc_single_image media=&#8221;445&#8243; media_width_percent=&#8221;100&#8243; media_ratio=&#8221;four-three&#8221; uncode_shortcode_id=&#8221;154536&#8243;][vc_row_inner limit_content=&#8221;&#8221;][vc_column_inner column_width_percent=&#8221;100&#8243; align_horizontal=&#8221;align_center&#8221; gutter_size=&#8221;2&#8243; style=&#8221;dark&#8221; overlay_alpha=&#8221;50&#8243; shift_x=&#8221;0&#8243; shift_y=&#8221;-2&#8243; shift_y_fixed=&#8221;yes&#8221; shift_y_down=&#8221;0&#8243; z_index=&#8221;3&#8243; medium_width=&#8221;0&#8243; mobile_width=&#8221;0&#8243; width=&#8221;1\/1&#8243; uncode_shortcode_id=&#8221;855797&#8243;][vc_button shadow=&#8221;yes&#8221; shadow_weight=&#8221;std&#8221; border_width=&#8221;0&#8243; uncode_shortcode_id=&#8221;756670&#8243; link=&#8221;url:https%3A%2F%2Fwww.ragni.com%2Fes%2Funa-familia%2F|title:UNA%20FAMILIA|&#8221;]UNA FAMILIA[\/vc_button][\/vc_column_inner][\/vc_row_inner][vc_empty_space empty_h=&#8221;1&#8243;][\/vc_column][vc_column column_width_percent=&#8221;100&#8243; gutter_size=&#8221;2&#8243; overlay_alpha=&#8221;50&#8243; shift_x=&#8221;0&#8243; shift_y=&#8221;0&#8243; shift_y_down=&#8221;0&#8243; z_index=&#8221;0&#8243; medium_width=&#8221;0&#8243; mobile_width=&#8221;0&#8243; width=&#8221;1\/3&#8243; uncode_shortcode_id=&#8221;236611&#8243;][vc_single_image media=&#8221;22950&#8243; media_width_percent=&#8221;100&#8243; media_ratio=&#8221;four-three&#8221; uncode_shortcode_id=&#8221;104342&#8243; media_link=&#8221;url:https%3A%2F%2Fwww.ragni.com%2Fsociete-a-mission%2F|title:Soci%C3%A9t%C3%A9%20%C3%A0%20mission&#8221;][vc_row_inner limit_content=&#8221;&#8221;][vc_column_inner column_width_percent=&#8221;100&#8243; align_horizontal=&#8221;align_center&#8221; gutter_size=&#8221;2&#8243; style=&#8221;dark&#8221; overlay_alpha=&#8221;50&#8243; shift_x=&#8221;0&#8243; shift_y=&#8221;-2&#8243; shift_y_fixed=&#8221;yes&#8221; shift_y_down=&#8221;0&#8243; z_index=&#8221;3&#8243; medium_width=&#8221;0&#8243; mobile_width=&#8221;0&#8243; width=&#8221;1\/1&#8243; uncode_shortcode_id=&#8221;855797&#8243;][vc_button shadow=&#8221;yes&#8221; shadow_weight=&#8221;std&#8221; border_width=&#8221;0&#8243; uncode_shortcode_id=&#8221;718422&#8243; link=&#8221;url:https%3A%2F%2Fwww.ragni.com%2Fes%2Fempresa-con-proposito%2F|title:Empresa%20con%20prop%C3%B3sito|&#8221;]EMPRESA CON PROP\u00d3SITO[\/vc_button][\/vc_column_inner][\/vc_row_inner][vc_empty_space empty_h=&#8221;1&#8243;][\/vc_column][\/vc_row]<\/p>\n<\/div>","protected":false},"excerpt":{"rendered":"<p>[vc_row][vc_column width=&#8221;1\/1&#8243;][vc_column_text uncode_shortcode_id=&#8221;167954&#8243;][\/vc_column_text][\/vc_column][\/vc_row][vc_row unlock_row=&#8221;&#8221; row_height_percent=&#8221;0&#8243; overlay_alpha=&#8221;50&#8243; gutter_size=&#8221;3&#8243; column_width_percent=&#8221;100&#8243; shift_y=&#8221;0&#8243; z_index=&#8221;0&#8243; uncode_shortcode_id=&#8221;211729&#8243;][vc_column width=&#8221;1\/2&#8243;][vc_custom_heading heading_semantic=&#8221;div&#8221; text_size=&#8221;fontsize-960166&#8243; text_weight=&#8221;300&#8243; text_transform=&#8221;uppercase&#8221; uncode_shortcode_id=&#8221;111486&#8243;]Para un futuro LUMINOSO [&hellip;]<\/p>\n","protected":false},"author":1,"featured_media":20638,"parent":0,"menu_order":0,"comment_status":"closed","ping_status":"closed","template":"","meta":{"footnotes":""},"class_list":["post-17493","page","type-page","status-publish","has-post-thumbnail","hentry","page_category-carrousel-accueil-es"],"yoast_head":"<!-- This site is optimized with the Yoast SEO plugin v24.0 - https:\/\/yoast.com\/wordpress\/plugins\/seo\/ -->\n<title>Descubre el GROUPE RAGNI<\/title>\n<meta name=\"description\" content=\"Como dise\u00f1ador y fabricante de soluciones integrales de alumbrado p\u00fablico, el GROUPE RAGNI es un socio privilegiado de las autoridades locales.\" \/>\n<meta name=\"robots\" content=\"index, follow, max-snippet:-1, max-image-preview:large, max-video-preview:-1\" \/>\n<link rel=\"canonical\" href=\"https:\/\/www.ragni.com\/es\/el-groupe-ragni\/\" \/>\n<meta property=\"og:locale\" content=\"es_ES\" \/>\n<meta property=\"og:type\" content=\"article\" \/>\n<meta property=\"og:title\" content=\"Descubre el GROUPE RAGNI\" \/>\n<meta property=\"og:description\" content=\"Como dise\u00f1ador y fabricante de soluciones integrales de alumbrado p\u00fablico, el GROUPE RAGNI es un socio privilegiado de las autoridades locales.\" \/>\n<meta property=\"og:url\" content=\"https:\/\/www.ragni.com\/es\/el-groupe-ragni\/\" \/>\n<meta property=\"og:site_name\" content=\"RAGNI\" \/>\n<meta property=\"article:publisher\" content=\"https:\/\/www.facebook.com\/Ragni.SAS\" \/>\n<meta property=\"article:modified_time\" content=\"2025-12-01T15:02:58+00:00\" \/>\n<meta property=\"og:image\" content=\"https:\/\/www.ragni.com\/wp-content\/uploads\/2024\/02\/Benin-scaled.jpg\" \/>\n\t<meta property=\"og:image:width\" content=\"2560\" \/>\n\t<meta property=\"og:image:height\" content=\"1440\" \/>\n\t<meta property=\"og:image:type\" content=\"image\/jpeg\" \/>\n<meta name=\"twitter:card\" content=\"summary_large_image\" \/>\n<meta name=\"twitter:site\" content=\"@RAGNI_SAS\" \/>\n<meta name=\"twitter:label1\" content=\"Est. reading time\" \/>\n\t<meta name=\"twitter:data1\" content=\"4 minutes\" \/>\n<script type=\"application\/ld+json\" class=\"yoast-schema-graph\">{\"@context\":\"https:\/\/schema.org\",\"@graph\":[{\"@type\":\"WebPage\",\"@id\":\"https:\/\/www.ragni.com\/es\/el-groupe-ragni\/\",\"url\":\"https:\/\/www.ragni.com\/es\/el-groupe-ragni\/\",\"name\":\"Descubre el GROUPE RAGNI\",\"isPartOf\":{\"@id\":\"https:\/\/www.ragni.com\/es\/#website\"},\"primaryImageOfPage\":{\"@id\":\"https:\/\/www.ragni.com\/es\/el-groupe-ragni\/#primaryimage\"},\"image\":{\"@id\":\"https:\/\/www.ragni.com\/es\/el-groupe-ragni\/#primaryimage\"},\"thumbnailUrl\":\"https:\/\/www.ragni.com\/wp-content\/uploads\/2024\/02\/Benin-scaled.jpg\",\"datePublished\":\"2022-08-12T14:06:07+00:00\",\"dateModified\":\"2025-12-01T15:02:58+00:00\",\"description\":\"Como dise\u00f1ador y fabricante de soluciones integrales de alumbrado p\u00fablico, el GROUPE RAGNI es un socio privilegiado de las autoridades locales.\",\"breadcrumb\":{\"@id\":\"https:\/\/www.ragni.com\/es\/el-groupe-ragni\/#breadcrumb\"},\"inLanguage\":\"es-ES\",\"potentialAction\":[{\"@type\":\"ReadAction\",\"target\":[\"https:\/\/www.ragni.com\/es\/el-groupe-ragni\/\"]}]},{\"@type\":\"ImageObject\",\"inLanguage\":\"es-ES\",\"@id\":\"https:\/\/www.ragni.com\/es\/el-groupe-ragni\/#primaryimage\",\"url\":\"https:\/\/www.ragni.com\/wp-content\/uploads\/2024\/02\/Benin-scaled.jpg\",\"contentUrl\":\"https:\/\/www.ragni.com\/wp-content\/uploads\/2024\/02\/Benin-scaled.jpg\",\"width\":2560,\"height\":1440,\"caption\":\"default\"},{\"@type\":\"BreadcrumbList\",\"@id\":\"https:\/\/www.ragni.com\/es\/el-groupe-ragni\/#breadcrumb\",\"itemListElement\":[{\"@type\":\"ListItem\",\"position\":1,\"name\":\"Accueil\",\"item\":\"https:\/\/www.ragni.com\/es\/\"},{\"@type\":\"ListItem\",\"position\":2,\"name\":\"EL GROUPE RAGNI\"}]},{\"@type\":\"WebSite\",\"@id\":\"https:\/\/www.ragni.com\/es\/#website\",\"url\":\"https:\/\/www.ragni.com\/es\/\",\"name\":\"RAGNI\",\"description\":\"La lumi\u00e8re \u00e0 votre image\",\"publisher\":{\"@id\":\"https:\/\/www.ragni.com\/es\/#organization\"},\"potentialAction\":[{\"@type\":\"SearchAction\",\"target\":{\"@type\":\"EntryPoint\",\"urlTemplate\":\"https:\/\/www.ragni.com\/es\/?s={search_term_string}\"},\"query-input\":{\"@type\":\"PropertyValueSpecification\",\"valueRequired\":true,\"valueName\":\"search_term_string\"}}],\"inLanguage\":\"es-ES\"},{\"@type\":\"Organization\",\"@id\":\"https:\/\/www.ragni.com\/es\/#organization\",\"name\":\"RAGNI\",\"url\":\"https:\/\/www.ragni.com\/es\/\",\"logo\":{\"@type\":\"ImageObject\",\"inLanguage\":\"es-ES\",\"@id\":\"https:\/\/www.ragni.com\/es\/#\/schema\/logo\/image\/\",\"url\":\"https:\/\/www.ragni.com\/wp-content\/uploads\/2022\/06\/Groupe-11.png\",\"contentUrl\":\"https:\/\/www.ragni.com\/wp-content\/uploads\/2022\/06\/Groupe-11.png\",\"width\":117,\"height\":40,\"caption\":\"RAGNI\"},\"image\":{\"@id\":\"https:\/\/www.ragni.com\/es\/#\/schema\/logo\/image\/\"},\"sameAs\":[\"https:\/\/www.facebook.com\/Ragni.SAS\",\"https:\/\/x.com\/RAGNI_SAS\",\"https:\/\/www.youtube.com\/channel\/UCg3LCUI39GyNBcrdS9QV9LA\",\"https:\/\/www.linkedin.com\/company\/ragni\"]}]}<\/script>\n<!-- \/ Yoast SEO plugin. -->","yoast_head_json":{"title":"Descubre el GROUPE RAGNI","description":"Como dise\u00f1ador y fabricante de soluciones integrales de alumbrado p\u00fablico, el GROUPE RAGNI es un socio privilegiado de las autoridades locales.","robots":{"index":"index","follow":"follow","max-snippet":"max-snippet:-1","max-image-preview":"max-image-preview:large","max-video-preview":"max-video-preview:-1"},"canonical":"https:\/\/www.ragni.com\/es\/el-groupe-ragni\/","og_locale":"es_ES","og_type":"article","og_title":"Descubre el GROUPE RAGNI","og_description":"Como dise\u00f1ador y fabricante de soluciones integrales de alumbrado p\u00fablico, el GROUPE RAGNI es un socio privilegiado de las autoridades locales.","og_url":"https:\/\/www.ragni.com\/es\/el-groupe-ragni\/","og_site_name":"RAGNI","article_publisher":"https:\/\/www.facebook.com\/Ragni.SAS","article_modified_time":"2025-12-01T15:02:58+00:00","og_image":[{"width":2560,"height":1440,"url":"https:\/\/www.ragni.com\/wp-content\/uploads\/2024\/02\/Benin-scaled.jpg","type":"image\/jpeg"}],"twitter_card":"summary_large_image","twitter_site":"@RAGNI_SAS","twitter_misc":{"Est. reading time":"4 minutes"},"schema":{"@context":"https:\/\/schema.org","@graph":[{"@type":"WebPage","@id":"https:\/\/www.ragni.com\/es\/el-groupe-ragni\/","url":"https:\/\/www.ragni.com\/es\/el-groupe-ragni\/","name":"Descubre el GROUPE RAGNI","isPartOf":{"@id":"https:\/\/www.ragni.com\/es\/#website"},"primaryImageOfPage":{"@id":"https:\/\/www.ragni.com\/es\/el-groupe-ragni\/#primaryimage"},"image":{"@id":"https:\/\/www.ragni.com\/es\/el-groupe-ragni\/#primaryimage"},"thumbnailUrl":"https:\/\/www.ragni.com\/wp-content\/uploads\/2024\/02\/Benin-scaled.jpg","datePublished":"2022-08-12T14:06:07+00:00","dateModified":"2025-12-01T15:02:58+00:00","description":"Como dise\u00f1ador y fabricante de soluciones integrales de alumbrado p\u00fablico, el GROUPE RAGNI es un socio privilegiado de las autoridades locales.","breadcrumb":{"@id":"https:\/\/www.ragni.com\/es\/el-groupe-ragni\/#breadcrumb"},"inLanguage":"es-ES","potentialAction":[{"@type":"ReadAction","target":["https:\/\/www.ragni.com\/es\/el-groupe-ragni\/"]}]},{"@type":"ImageObject","inLanguage":"es-ES","@id":"https:\/\/www.ragni.com\/es\/el-groupe-ragni\/#primaryimage","url":"https:\/\/www.ragni.com\/wp-content\/uploads\/2024\/02\/Benin-scaled.jpg","contentUrl":"https:\/\/www.ragni.com\/wp-content\/uploads\/2024\/02\/Benin-scaled.jpg","width":2560,"height":1440,"caption":"default"},{"@type":"BreadcrumbList","@id":"https:\/\/www.ragni.com\/es\/el-groupe-ragni\/#breadcrumb","itemListElement":[{"@type":"ListItem","position":1,"name":"Accueil","item":"https:\/\/www.ragni.com\/es\/"},{"@type":"ListItem","position":2,"name":"EL GROUPE RAGNI"}]},{"@type":"WebSite","@id":"https:\/\/www.ragni.com\/es\/#website","url":"https:\/\/www.ragni.com\/es\/","name":"RAGNI","description":"La lumi\u00e8re \u00e0 votre image","publisher":{"@id":"https:\/\/www.ragni.com\/es\/#organization"},"potentialAction":[{"@type":"SearchAction","target":{"@type":"EntryPoint","urlTemplate":"https:\/\/www.ragni.com\/es\/?s={search_term_string}"},"query-input":{"@type":"PropertyValueSpecification","valueRequired":true,"valueName":"search_term_string"}}],"inLanguage":"es-ES"},{"@type":"Organization","@id":"https:\/\/www.ragni.com\/es\/#organization","name":"RAGNI","url":"https:\/\/www.ragni.com\/es\/","logo":{"@type":"ImageObject","inLanguage":"es-ES","@id":"https:\/\/www.ragni.com\/es\/#\/schema\/logo\/image\/","url":"https:\/\/www.ragni.com\/wp-content\/uploads\/2022\/06\/Groupe-11.png","contentUrl":"https:\/\/www.ragni.com\/wp-content\/uploads\/2022\/06\/Groupe-11.png","width":117,"height":40,"caption":"RAGNI"},"image":{"@id":"https:\/\/www.ragni.com\/es\/#\/schema\/logo\/image\/"},"sameAs":["https:\/\/www.facebook.com\/Ragni.SAS","https:\/\/x.com\/RAGNI_SAS","https:\/\/www.youtube.com\/channel\/UCg3LCUI39GyNBcrdS9QV9LA","https:\/\/www.linkedin.com\/company\/ragni"]}]}},"_links":{"self":[{"href":"https:\/\/www.ragni.com\/es\/wp-json\/wp\/v2\/pages\/17493","targetHints":{"allow":["GET"]}}],"collection":[{"href":"https:\/\/www.ragni.com\/es\/wp-json\/wp\/v2\/pages"}],"about":[{"href":"https:\/\/www.ragni.com\/es\/wp-json\/wp\/v2\/types\/page"}],"author":[{"embeddable":true,"href":"https:\/\/www.ragni.com\/es\/wp-json\/wp\/v2\/users\/1"}],"replies":[{"embeddable":true,"href":"https:\/\/www.ragni.com\/es\/wp-json\/wp\/v2\/comments?post=17493"}],"version-history":[{"count":21,"href":"https:\/\/www.ragni.com\/es\/wp-json\/wp\/v2\/pages\/17493\/revisions"}],"predecessor-version":[{"id":23055,"href":"https:\/\/www.ragni.com\/es\/wp-json\/wp\/v2\/pages\/17493\/revisions\/23055"}],"wp:featuredmedia":[{"embeddable":true,"href":"https:\/\/www.ragni.com\/es\/wp-json\/wp\/v2\/media\/20638"}],"wp:attachment":[{"href":"https:\/\/www.ragni.com\/es\/wp-json\/wp\/v2\/media?parent=17493"}],"curies":[{"name":"wp","href":"https:\/\/api.w.org\/{rel}","templated":true}]}}