{"id":17558,"date":"2022-08-12T14:54:15","date_gmt":"2022-08-12T13:54:15","guid":{"rendered":"https:\/\/www.ragni.com\/pulsa\/"},"modified":"2024-06-20T11:56:27","modified_gmt":"2024-06-20T11:56:27","slug":"pulsa","status":"publish","type":"page","link":"https:\/\/www.ragni.com\/es\/pulsa\/","title":{"rendered":"Pulsa"},"content":{"rendered":"<div class=\"wpb-content-wrapper\"><p>[vc_row unlock_row_content=&#8221;yes&#8221; row_height_percent=&#8221;0&#8243; override_padding=&#8221;yes&#8221; h_padding=&#8221;0&#8243; top_padding=&#8221;0&#8243; bottom_padding=&#8221;0&#8243; overlay_alpha=&#8221;50&#8243; equal_height=&#8221;yes&#8221; gutter_size=&#8221;0&#8243; column_width_percent=&#8221;100&#8243; shift_y=&#8221;0&#8243; z_index=&#8221;0&#8243; el_class=&#8221;inverted-device-order&#8221;][vc_column column_width_use_pixel=&#8221;yes&#8221; gutter_size=&#8221;3&#8243; override_padding=&#8221;yes&#8221; column_padding=&#8221;3&#8243; overlay_alpha=&#8221;50&#8243; shift_x=&#8221;0&#8243; shift_y=&#8221;0&#8243; shift_y_down=&#8221;0&#8243; z_index=&#8221;0&#8243; medium_width=&#8221;0&#8243; mobile_width=&#8221;0&#8243; width=&#8221;1\/2&#8243; column_width_pixel=&#8221;528&#8243; uncode_shortcode_id=&#8221;136089&#8243;][vc_row_inner limit_content=&#8221;&#8221;][vc_column_inner column_width_percent=&#8221;100&#8243; align_horizontal=&#8221;align_center&#8221; gutter_size=&#8221;3&#8243; overlay_alpha=&#8221;50&#8243; shift_x=&#8221;0&#8243; shift_y=&#8221;0&#8243; shift_y_down=&#8221;0&#8243; z_index=&#8221;0&#8243; medium_width=&#8221;0&#8243; mobile_width=&#8221;0&#8243; width=&#8221;1\/1&#8243; uncode_shortcode_id=&#8221;129332&#8243;][vc_single_image media=&#8221;470&#8243; media_width_use_pixel=&#8221;yes&#8221; alignment=&#8221;center&#8221; uncode_shortcode_id=&#8221;209440&#8243; media_width_pixel=&#8221;60&#8243;][vc_custom_heading text_size=&#8221;h1&#8243; text_transform=&#8221;uppercase&#8221; css_animation=&#8221;right-t-left&#8221; animation_speed=&#8221;900&#8243; animation_delay=&#8221;400&#8243; uncode_shortcode_id=&#8221;213284&#8243;]Contacta con nosotros[\/vc_custom_heading][vc_column_text uncode_shortcode_id=&#8221;107146&#8243;]\u00bfEres periodista?<br \/>\n\u00bfTe gustar\u00eda entrevistarnos o visitarnos para escribir un art\u00edculo?[\/vc_column_text][\/vc_column_inner][\/vc_row_inner]\n<div class=\"wpcf7 no-js\" id=\"wpcf7-f17561-o1\" lang=\"es-ES\" dir=\"ltr\" data-wpcf7-id=\"17561\">\n<div class=\"screen-reader-response\"><p role=\"status\" aria-live=\"polite\" aria-atomic=\"true\"><\/p> <ul><\/ul><\/div>\n<form action=\"\/es\/wp-json\/wp\/v2\/pages\/17558#wpcf7-f17561-o1\" method=\"post\" class=\"wpcf7-form init\" aria-label=\"Contact form\" novalidate=\"novalidate\" data-status=\"init\">\n<div style=\"display: none;\">\n<input type=\"hidden\" name=\"_wpcf7\" value=\"17561\" \/>\n<input type=\"hidden\" name=\"_wpcf7_version\" value=\"6.0.1\" \/>\n<input type=\"hidden\" name=\"_wpcf7_locale\" value=\"es_ES\" \/>\n<input type=\"hidden\" name=\"_wpcf7_unit_tag\" value=\"wpcf7-f17561-o1\" \/>\n<input type=\"hidden\" name=\"_wpcf7_container_post\" value=\"0\" \/>\n<input type=\"hidden\" name=\"_wpcf7_posted_data_hash\" value=\"\" \/>\n<\/div>\n<div class=\"wpcf7-inline-wrapper\">\n\t<p>Quieres :\n\t<\/p>\n\t<p><span class=\"wpcf7-form-control-wrap\" data-name=\"radio-851\"><span class=\"wpcf7-form-control wpcf7-radio\"><span class=\"wpcf7-list-item first\"><label><input type=\"radio\" name=\"radio-851\" value=\"Entrevista\" checked=\"checked\" \/><span class=\"wpcf7-list-item-label\">Entrevista<\/span><\/label><\/span><span class=\"wpcf7-list-item\"><label><input type=\"radio\" name=\"radio-851\" value=\"Visite\" \/><span class=\"wpcf7-list-item-label\">Visite<\/span><\/label><\/span><span class=\"wpcf7-list-item last\"><label><input type=\"radio\" name=\"radio-851\" value=\"Otros\" \/><span class=\"wpcf7-list-item-label\">Otros<\/span><\/label><\/span><\/span><\/span>\n\t<\/p>\n<\/div>\n<div class=\"wpcf7-inline-wrapper\">\n\t<p class=\"wpcf7-inline-field\"><span class=\"wpcf7-form-control-wrap\" data-name=\"your-media\"><input size=\"40\" maxlength=\"400\" class=\"wpcf7-form-control wpcf7-text wpcf7-validates-as-required\" aria-required=\"true\" aria-invalid=\"false\" placeholder=\"Nombre del medio\" value=\"\" type=\"text\" name=\"your-media\" \/><\/span>\n\t<\/p>\n<\/div>\n<div class=\"wpcf7-inline-wrapper\">\n\t<p class=\"wpcf7-inline-field\"><span class=\"wpcf7-form-control-wrap\" data-name=\"your-email\"><input size=\"40\" maxlength=\"400\" class=\"wpcf7-form-control wpcf7-email wpcf7-validates-as-required wpcf7-text wpcf7-validates-as-email\" aria-required=\"true\" aria-invalid=\"false\" placeholder=\"Env\u00eda un correo electr\u00f3nico a\" value=\"\" type=\"email\" name=\"your-email\" \/><\/span>\n\t<\/p>\n<\/div>\n<div class=\"wpcf7-inline-wrapper\">\n\t<p class=\"wpcf7-inline-field\"><span class=\"wpcf7-form-control-wrap\" data-name=\"your-tel\"><input size=\"40\" maxlength=\"400\" class=\"wpcf7-form-control wpcf7-text wpcf7-validates-as-required\" aria-required=\"true\" aria-invalid=\"false\" placeholder=\"Tel\u00e9fono\" value=\"\" type=\"text\" name=\"your-tel\" \/><\/span>\n\t<\/p>\n<\/div>\n<div class=\"wpcf7-inline-wrapper\">\n\t<p class=\"wpcf7-inline-field\"><span class=\"wpcf7-form-control-wrap\" data-name=\"your-adresse\"><input size=\"40\" maxlength=\"400\" class=\"wpcf7-form-control wpcf7-text wpcf7-validates-as-required\" aria-required=\"true\" aria-invalid=\"false\" placeholder=\"Direcci\u00f3n\" value=\"\" type=\"text\" name=\"your-adresse\" \/><\/span>\n\t<\/p>\n<\/div>\n<div class=\"wpcf7-inline-wrapper\">\n\t<p class=\"wpcf7-inline-field\"><span class=\"wpcf7-form-control-wrap\" data-name=\"your-cp\"><input size=\"40\" maxlength=\"400\" class=\"wpcf7-form-control wpcf7-text wpcf7-validates-as-required\" aria-required=\"true\" aria-invalid=\"false\" placeholder=\"C\u00f3digo postal\" value=\"\" type=\"text\" name=\"your-cp\" \/><\/span>\n\t<\/p>\n\t<p class=\"wpcf7-inline-field\"><span class=\"wpcf7-form-control-wrap\" data-name=\"your-ville\"><input size=\"40\" maxlength=\"400\" class=\"wpcf7-form-control wpcf7-text\" aria-invalid=\"false\" placeholder=\"Ciudad\" value=\"\" type=\"text\" name=\"your-ville\" \/><\/span>\n\t<\/p>\n<\/div>\n<p><input class=\"wpcf7-form-control wpcf7-submit has-spinner\" type=\"submit\" value=\"Send\" \/>\n<\/p>\n<div class=\"rgpd__block p-4\">\n\t<div class=\"rgpd__title\">\n\t\t<p>RGPD - Protecci\u00f3n de tus datos\n\t\t<\/p>\n\t<\/div>\n\t<div class=\"rgpd__content\">\n\t\t<p>La informaci\u00f3n recogida a trav\u00e9s del sitio web www.groupe-ragni.com (en adelante, \u00abel Sitio\u00bb) pueden ser tratados por el RAGNI HOLDING, responsable del tratamiento, con el prop\u00f3sito de procesar su consulta.\n\t\t<\/p>\n\t\t<p>Los datos marcados con un asterisco son obligatorios para la gesti\u00f3n de sus solicitudes. Conforme a la normativa aplicable en materia de protecci\u00f3n de datos personales, usted dispone, seg\u00fan el caso :<br \/>\n\u2013 de un derecho de acceso, rectificaci\u00f3n y portabilidad de sus datos;<br \/>\n\u2013 de un derecho de limitaci\u00f3n, eliminaci\u00f3n y oposici\u00f3n por motivos leg\u00edtimos al tratamiento de sus datos;<br \/>\n\u2013 de la posibilidad de transmitirnos instrucciones para organizar el destino de los datos que le conciernen (conservaci\u00f3n, eliminaci\u00f3n, comunicaci\u00f3n a un tercero, etc.) en caso de fallecimiento;\n\t\t<\/p>\n\t\t<p>Usted puede ejercer estos derechos dirigi\u00e9ndose a la siguiente direcci\u00f3n electr\u00f3nica: contact@ragni.com. No obstante, su oposici\u00f3n puede, en la pr\u00e1ctica y seg\u00fan el caso, ser objeto de una incidencia en su solicitud de informaci\u00f3n. Para ver m\u00e1s informaci\u00f3n relativa a este tratamiento, le remitimos a nuestras condiciones generales. Tambi\u00e9n tiene derecho a presentar una queja ante la CNIL.\n\t\t<\/p>\n\t<\/div>\n<\/div><div class=\"wpcf7-response-output\" aria-hidden=\"true\"><\/div>\n<\/form>\n<\/div>\n[vc_row_inner limit_content=&#8221;&#8221;][vc_column_inner column_width_percent=&#8221;100&#8243; align_horizontal=&#8221;align_center&#8221; gutter_size=&#8221;3&#8243; overlay_alpha=&#8221;50&#8243; shift_x=&#8221;0&#8243; shift_y=&#8221;0&#8243; shift_y_down=&#8221;0&#8243; z_index=&#8221;0&#8243; medium_width=&#8221;0&#8243; mobile_width=&#8221;0&#8243; width=&#8221;1\/1&#8243; uncode_shortcode_id=&#8221;129332&#8243;][vc_separator sep_color=&#8221;color-459834&#8243; uncode_shortcode_id=&#8221;196149&#8243; sep_color_type=&#8221;uncode-palette&#8221; el_width=&#8221;180px&#8221; el_height=&#8221;2px&#8221;][vc_button outline=&#8221;yes&#8221; shadow=&#8221;yes&#8221; shadow_weight=&#8221;sm&#8221; border_width=&#8221;0&#8243; uncode_shortcode_id=&#8221;106783&#8243; width=&#8221;200px&#8221; el_class=&#8221;buttonwh&#8221; link=&#8221;url:%2FDocumentations%2F9_Espace_Presse%2FKit_Media_RAGNI_FR.zip|&#8221;]Kit de prensa[\/vc_button][\/vc_column_inner][\/vc_row_inner][\/vc_column][vc_column column_width_use_pixel=&#8221;yes&#8221; position_horizontal=&#8221;left&#8221; gutter_size=&#8221;0&#8243; override_padding=&#8221;yes&#8221; column_padding=&#8221;2&#8243; overlay_alpha=&#8221;50&#8243; shift_x=&#8221;0&#8243; shift_y=&#8221;0&#8243; shift_y_down=&#8221;0&#8243; z_index=&#8221;0&#8243; medium_width=&#8221;0&#8243; mobile_width=&#8221;0&#8243; width=&#8221;1\/2&#8243; mobile_height=&#8221;340&#8243; uncode_shortcode_id=&#8221;199359&#8243; column_width_pixel=&#8221;600&#8243;][vc_row_inner row_inner_height_percent=&#8221;0&#8243; overlay_alpha=&#8221;50&#8243; gutter_size=&#8221;3&#8243; shift_y=&#8221;0&#8243; z_index=&#8221;0&#8243; uncode_shortcode_id=&#8221;158767&#8243; el_class=&#8221;commun&#8221; limit_content=&#8221;&#8221;][vc_column_inner width=&#8221;1\/1&#8243;][vc_custom_heading text_color=&#8221;color-459834&#8243; uncode_shortcode_id=&#8221;172221&#8243; text_color_type=&#8221;uncode-palette&#8221;]<\/p>\n<h3 style=\"text-align: left;\"><span style=\"color: #ab2329;\">Nuestros comunicados de prensa<\/span><\/h3>\n<p>[\/vc_custom_heading][vc_empty_space empty_h=&#8221;2&#8243;][\/vc_column_inner][\/vc_row_inner][vc_row_inner row_inner_height_percent=&#8221;0&#8243; overlay_alpha=&#8221;50&#8243; gutter_size=&#8221;3&#8243; shift_y=&#8221;0&#8243; z_index=&#8221;0&#8243; uncode_shortcode_id=&#8221;138906&#8243; el_class=&#8221;blocmov&#8221; limit_content=&#8221;&#8221;][vc_column_inner column_width_percent=&#8221;100&#8243; gutter_size=&#8221;3&#8243; overlay_alpha=&#8221;50&#8243; shift_x=&#8221;0&#8243; shift_y=&#8221;0&#8243; shift_y_down=&#8221;0&#8243; z_index=&#8221;0&#8243; medium_width=&#8221;0&#8243; mobile_width=&#8221;0&#8243; width=&#8221;5\/12&#8243; uncode_shortcode_id=&#8221;193706&#8243; el_class=&#8221;blocimg&#8221;][vc_single_image media=&#8221;14425&#8243; media_width_percent=&#8221;100&#8243; media_ratio=&#8221;four-three&#8221; advanced=&#8221;yes&#8221; media_overlay_opacity=&#8221;50&#8243; media_padding=&#8221;2&#8243; uncode_shortcode_id=&#8221;613192&#8243;][\/vc_column_inner][vc_column_inner column_width_percent=&#8221;100&#8243; position_vertical=&#8221;middle&#8221; gutter_size=&#8221;3&#8243; overlay_alpha=&#8221;50&#8243; shift_x=&#8221;0&#8243; shift_y=&#8221;0&#8243; shift_y_down=&#8221;0&#8243; z_index=&#8221;0&#8243; medium_width=&#8221;0&#8243; mobile_width=&#8221;0&#8243; width=&#8221;7\/12&#8243; uncode_shortcode_id=&#8221;114427&#8243;][vc_icon position=&#8221;right&#8221; icon_image=&#8221;245&#8243; heading_semantic=&#8221;p&#8221; uncode_shortcode_id=&#8221;117378&#8243; title=&#8221;Grupo Ragni + .hess Vulcan&#8221; link=&#8221;url:%2Fwp-content%2Fuploads%2F2023%2F12%2F231204_CP_GROUPE_RAGNI_HESS.pdf|target:_blank|&#8221;]20 de abril de 2021<\/p>\n<p>[\/vc_icon][\/vc_column_inner][\/vc_row_inner][vc_row_inner row_inner_height_percent=&#8221;0&#8243; overlay_alpha=&#8221;50&#8243; gutter_size=&#8221;3&#8243; shift_y=&#8221;0&#8243; z_index=&#8221;0&#8243; uncode_shortcode_id=&#8221;138906&#8243; el_class=&#8221;blocmov&#8221; limit_content=&#8221;&#8221;][vc_column_inner column_width_percent=&#8221;100&#8243; gutter_size=&#8221;3&#8243; overlay_alpha=&#8221;50&#8243; shift_x=&#8221;0&#8243; shift_y=&#8221;0&#8243; shift_y_down=&#8221;0&#8243; z_index=&#8221;0&#8243; medium_width=&#8221;0&#8243; mobile_width=&#8221;0&#8243; width=&#8221;5\/12&#8243; uncode_shortcode_id=&#8221;193706&#8243; el_class=&#8221;blocimg&#8221;][vc_single_image media=&#8221;12389&#8243; media_width_percent=&#8221;100&#8243; media_ratio=&#8221;four-three&#8221; advanced=&#8221;yes&#8221; media_overlay_opacity=&#8221;50&#8243; media_padding=&#8221;2&#8243; uncode_shortcode_id=&#8221;336574&#8243;][\/vc_column_inner][vc_column_inner column_width_percent=&#8221;100&#8243; position_vertical=&#8221;middle&#8221; gutter_size=&#8221;3&#8243; overlay_alpha=&#8221;50&#8243; shift_x=&#8221;0&#8243; shift_y=&#8221;0&#8243; shift_y_down=&#8221;0&#8243; z_index=&#8221;0&#8243; medium_width=&#8221;0&#8243; mobile_width=&#8221;0&#8243; width=&#8221;7\/12&#8243; uncode_shortcode_id=&#8221;114427&#8243;][vc_icon position=&#8221;right&#8221; icon_image=&#8221;245&#8243; heading_semantic=&#8221;p&#8221; uncode_shortcode_id=&#8221;840089&#8243; title=&#8221;Ragni socio de la quincena del clima de la expo mundial de Dubai&#8221; link=&#8221;url:%2Fwp-content%2Fuploads%2F2022%2F09%2FCommunique_de_presse_Ragni_partenaire_quinzaine_climat_expo_universelle_dubai.pdf|target:_blank|&#8221;]20 de abril de 2021[\/vc_icon][\/vc_column_inner][\/vc_row_inner][vc_row_inner row_inner_height_percent=&#8221;0&#8243; overlay_alpha=&#8221;50&#8243; gutter_size=&#8221;3&#8243; shift_y=&#8221;0&#8243; z_index=&#8221;0&#8243; uncode_shortcode_id=&#8221;138906&#8243; el_class=&#8221;blocmov&#8221; limit_content=&#8221;&#8221;][vc_column_inner column_width_percent=&#8221;100&#8243; gutter_size=&#8221;3&#8243; overlay_alpha=&#8221;50&#8243; shift_x=&#8221;0&#8243; shift_y=&#8221;0&#8243; shift_y_down=&#8221;0&#8243; z_index=&#8221;0&#8243; medium_width=&#8221;0&#8243; mobile_width=&#8221;0&#8243; width=&#8221;5\/12&#8243; uncode_shortcode_id=&#8221;193706&#8243; el_class=&#8221;blocimg&#8221;][vc_single_image media=&#8221;12392&#8243; media_width_percent=&#8221;100&#8243; media_ratio=&#8221;four-three&#8221; advanced=&#8221;yes&#8221; media_overlay_opacity=&#8221;50&#8243; media_padding=&#8221;2&#8243; uncode_shortcode_id=&#8221;150383&#8243;][\/vc_column_inner][vc_column_inner column_width_percent=&#8221;100&#8243; position_vertical=&#8221;middle&#8221; gutter_size=&#8221;3&#8243; overlay_alpha=&#8221;50&#8243; shift_x=&#8221;0&#8243; shift_y=&#8221;0&#8243; shift_y_down=&#8221;0&#8243; z_index=&#8221;0&#8243; medium_width=&#8221;0&#8243; mobile_width=&#8221;0&#8243; width=&#8221;7\/12&#8243; uncode_shortcode_id=&#8221;114427&#8243;][vc_icon position=&#8221;right&#8221; icon_image=&#8221;245&#8243; heading_semantic=&#8221;p&#8221; uncode_shortcode_id=&#8221;487780&#8243; title=&#8221;Presidencia 2022-2025 UIMM Costa Azul&#8221; link=&#8221;url:%2Fwp-content%2Fuploads%2F2022%2F09%2FCP-Presidence-2022-2025-UIMM-Cote-dAzur.pdf|target:_blank|&#8221;]20 de abril de 2021[\/vc_icon][\/vc_column_inner][\/vc_row_inner][\/vc_column][\/vc_row][vc_row][vc_column width=&#8221;1\/1&#8243;][vc_column_text uncode_shortcode_id=&#8221;167954&#8243;][\/vc_column_text][\/vc_column][\/vc_row]<\/p>\n<\/div>","protected":false},"excerpt":{"rendered":"<p>[vc_row unlock_row_content=&#8221;yes&#8221; row_height_percent=&#8221;0&#8243; override_padding=&#8221;yes&#8221; h_padding=&#8221;0&#8243; top_padding=&#8221;0&#8243; bottom_padding=&#8221;0&#8243; overlay_alpha=&#8221;50&#8243; equal_height=&#8221;yes&#8221; gutter_size=&#8221;0&#8243; column_width_percent=&#8221;100&#8243; shift_y=&#8221;0&#8243; z_index=&#8221;0&#8243; el_class=&#8221;inverted-device-order&#8221;][vc_column column_width_use_pixel=&#8221;yes&#8221; gutter_size=&#8221;3&#8243; override_padding=&#8221;yes&#8221; column_padding=&#8221;3&#8243; overlay_alpha=&#8221;50&#8243; shift_x=&#8221;0&#8243; [&hellip;]<\/p>\n","protected":false},"author":1,"featured_media":17762,"parent":0,"menu_order":0,"comment_status":"closed","ping_status":"closed","template":"","meta":{"footnotes":""},"class_list":["post-17558","page","type-page","status-publish","has-post-thumbnail","hentry"],"yoast_head":"<!-- This site is optimized with the Yoast SEO plugin v24.0 - https:\/\/yoast.com\/wordpress\/plugins\/seo\/ -->\n<title>Pulsa - RAGNI<\/title>\n<meta name=\"description\" content=\"\u00bfEres periodista? \u00bfQuieres entrevistarnos o visitarnos para un art\u00edculo de prensa? No dudes en ponerte en contacto con nosotros.\" \/>\n<meta name=\"robots\" content=\"index, follow, max-snippet:-1, max-image-preview:large, max-video-preview:-1\" \/>\n<link rel=\"canonical\" href=\"https:\/\/www.ragni.com\/es\/pulsa\/\" \/>\n<meta property=\"og:locale\" content=\"es_ES\" \/>\n<meta property=\"og:type\" content=\"article\" \/>\n<meta property=\"og:title\" content=\"Pulsa - RAGNI\" \/>\n<meta property=\"og:description\" content=\"\u00bfEres periodista? \u00bfQuieres entrevistarnos o visitarnos para un art\u00edculo de prensa? No dudes en ponerte en contacto con nosotros.\" \/>\n<meta property=\"og:url\" content=\"https:\/\/www.ragni.com\/es\/pulsa\/\" \/>\n<meta property=\"og:site_name\" content=\"RAGNI\" \/>\n<meta property=\"article:publisher\" content=\"https:\/\/www.facebook.com\/Ragni.SAS\" \/>\n<meta property=\"article:modified_time\" content=\"2024-06-20T11:56:27+00:00\" \/>\n<meta property=\"og:image\" content=\"https:\/\/www.ragni.com\/wp-content\/uploads\/2022\/08\/presse-ragni.webp\" \/>\n\t<meta property=\"og:image:width\" content=\"1920\" \/>\n\t<meta property=\"og:image:height\" content=\"540\" \/>\n\t<meta property=\"og:image:type\" content=\"image\/webp\" \/>\n<meta name=\"twitter:card\" content=\"summary_large_image\" \/>\n<meta name=\"twitter:site\" content=\"@RAGNI_SAS\" \/>\n<meta name=\"twitter:label1\" content=\"Est. reading time\" \/>\n\t<meta name=\"twitter:data1\" content=\"2 minutes\" \/>\n<script type=\"application\/ld+json\" class=\"yoast-schema-graph\">{\"@context\":\"https:\/\/schema.org\",\"@graph\":[{\"@type\":\"WebPage\",\"@id\":\"https:\/\/www.ragni.com\/es\/pulsa\/\",\"url\":\"https:\/\/www.ragni.com\/es\/pulsa\/\",\"name\":\"Pulsa - RAGNI\",\"isPartOf\":{\"@id\":\"https:\/\/www.ragni.com\/es\/#website\"},\"primaryImageOfPage\":{\"@id\":\"https:\/\/www.ragni.com\/es\/pulsa\/#primaryimage\"},\"image\":{\"@id\":\"https:\/\/www.ragni.com\/es\/pulsa\/#primaryimage\"},\"thumbnailUrl\":\"https:\/\/www.ragni.com\/wp-content\/uploads\/2022\/08\/presse-ragni.webp\",\"datePublished\":\"2022-08-12T13:54:15+00:00\",\"dateModified\":\"2024-06-20T11:56:27+00:00\",\"description\":\"\u00bfEres periodista? \u00bfQuieres entrevistarnos o visitarnos para un art\u00edculo de prensa? No dudes en ponerte en contacto con nosotros.\",\"breadcrumb\":{\"@id\":\"https:\/\/www.ragni.com\/es\/pulsa\/#breadcrumb\"},\"inLanguage\":\"es-ES\",\"potentialAction\":[{\"@type\":\"ReadAction\",\"target\":[\"https:\/\/www.ragni.com\/es\/pulsa\/\"]}]},{\"@type\":\"ImageObject\",\"inLanguage\":\"es-ES\",\"@id\":\"https:\/\/www.ragni.com\/es\/pulsa\/#primaryimage\",\"url\":\"https:\/\/www.ragni.com\/wp-content\/uploads\/2022\/08\/presse-ragni.webp\",\"contentUrl\":\"https:\/\/www.ragni.com\/wp-content\/uploads\/2022\/08\/presse-ragni.webp\",\"width\":1920,\"height\":540},{\"@type\":\"BreadcrumbList\",\"@id\":\"https:\/\/www.ragni.com\/es\/pulsa\/#breadcrumb\",\"itemListElement\":[{\"@type\":\"ListItem\",\"position\":1,\"name\":\"Accueil\",\"item\":\"https:\/\/www.ragni.com\/es\/\"},{\"@type\":\"ListItem\",\"position\":2,\"name\":\"Pulsa\"}]},{\"@type\":\"WebSite\",\"@id\":\"https:\/\/www.ragni.com\/es\/#website\",\"url\":\"https:\/\/www.ragni.com\/es\/\",\"name\":\"RAGNI\",\"description\":\"La lumi\u00e8re \u00e0 votre image\",\"publisher\":{\"@id\":\"https:\/\/www.ragni.com\/es\/#organization\"},\"potentialAction\":[{\"@type\":\"SearchAction\",\"target\":{\"@type\":\"EntryPoint\",\"urlTemplate\":\"https:\/\/www.ragni.com\/es\/?s={search_term_string}\"},\"query-input\":{\"@type\":\"PropertyValueSpecification\",\"valueRequired\":true,\"valueName\":\"search_term_string\"}}],\"inLanguage\":\"es-ES\"},{\"@type\":\"Organization\",\"@id\":\"https:\/\/www.ragni.com\/es\/#organization\",\"name\":\"RAGNI\",\"url\":\"https:\/\/www.ragni.com\/es\/\",\"logo\":{\"@type\":\"ImageObject\",\"inLanguage\":\"es-ES\",\"@id\":\"https:\/\/www.ragni.com\/es\/#\/schema\/logo\/image\/\",\"url\":\"https:\/\/www.ragni.com\/wp-content\/uploads\/2022\/06\/Groupe-11.png\",\"contentUrl\":\"https:\/\/www.ragni.com\/wp-content\/uploads\/2022\/06\/Groupe-11.png\",\"width\":117,\"height\":40,\"caption\":\"RAGNI\"},\"image\":{\"@id\":\"https:\/\/www.ragni.com\/es\/#\/schema\/logo\/image\/\"},\"sameAs\":[\"https:\/\/www.facebook.com\/Ragni.SAS\",\"https:\/\/x.com\/RAGNI_SAS\",\"https:\/\/www.youtube.com\/channel\/UCg3LCUI39GyNBcrdS9QV9LA\",\"https:\/\/www.linkedin.com\/company\/ragni\"]}]}<\/script>\n<!-- \/ Yoast SEO plugin. -->","yoast_head_json":{"title":"Pulsa - RAGNI","description":"\u00bfEres periodista? \u00bfQuieres entrevistarnos o visitarnos para un art\u00edculo de prensa? No dudes en ponerte en contacto con nosotros.","robots":{"index":"index","follow":"follow","max-snippet":"max-snippet:-1","max-image-preview":"max-image-preview:large","max-video-preview":"max-video-preview:-1"},"canonical":"https:\/\/www.ragni.com\/es\/pulsa\/","og_locale":"es_ES","og_type":"article","og_title":"Pulsa - RAGNI","og_description":"\u00bfEres periodista? \u00bfQuieres entrevistarnos o visitarnos para un art\u00edculo de prensa? No dudes en ponerte en contacto con nosotros.","og_url":"https:\/\/www.ragni.com\/es\/pulsa\/","og_site_name":"RAGNI","article_publisher":"https:\/\/www.facebook.com\/Ragni.SAS","article_modified_time":"2024-06-20T11:56:27+00:00","og_image":[{"width":1920,"height":540,"url":"https:\/\/www.ragni.com\/wp-content\/uploads\/2022\/08\/presse-ragni.webp","type":"image\/webp"}],"twitter_card":"summary_large_image","twitter_site":"@RAGNI_SAS","twitter_misc":{"Est. reading time":"2 minutes"},"schema":{"@context":"https:\/\/schema.org","@graph":[{"@type":"WebPage","@id":"https:\/\/www.ragni.com\/es\/pulsa\/","url":"https:\/\/www.ragni.com\/es\/pulsa\/","name":"Pulsa - RAGNI","isPartOf":{"@id":"https:\/\/www.ragni.com\/es\/#website"},"primaryImageOfPage":{"@id":"https:\/\/www.ragni.com\/es\/pulsa\/#primaryimage"},"image":{"@id":"https:\/\/www.ragni.com\/es\/pulsa\/#primaryimage"},"thumbnailUrl":"https:\/\/www.ragni.com\/wp-content\/uploads\/2022\/08\/presse-ragni.webp","datePublished":"2022-08-12T13:54:15+00:00","dateModified":"2024-06-20T11:56:27+00:00","description":"\u00bfEres periodista? \u00bfQuieres entrevistarnos o visitarnos para un art\u00edculo de prensa? No dudes en ponerte en contacto con nosotros.","breadcrumb":{"@id":"https:\/\/www.ragni.com\/es\/pulsa\/#breadcrumb"},"inLanguage":"es-ES","potentialAction":[{"@type":"ReadAction","target":["https:\/\/www.ragni.com\/es\/pulsa\/"]}]},{"@type":"ImageObject","inLanguage":"es-ES","@id":"https:\/\/www.ragni.com\/es\/pulsa\/#primaryimage","url":"https:\/\/www.ragni.com\/wp-content\/uploads\/2022\/08\/presse-ragni.webp","contentUrl":"https:\/\/www.ragni.com\/wp-content\/uploads\/2022\/08\/presse-ragni.webp","width":1920,"height":540},{"@type":"BreadcrumbList","@id":"https:\/\/www.ragni.com\/es\/pulsa\/#breadcrumb","itemListElement":[{"@type":"ListItem","position":1,"name":"Accueil","item":"https:\/\/www.ragni.com\/es\/"},{"@type":"ListItem","position":2,"name":"Pulsa"}]},{"@type":"WebSite","@id":"https:\/\/www.ragni.com\/es\/#website","url":"https:\/\/www.ragni.com\/es\/","name":"RAGNI","description":"La lumi\u00e8re \u00e0 votre image","publisher":{"@id":"https:\/\/www.ragni.com\/es\/#organization"},"potentialAction":[{"@type":"SearchAction","target":{"@type":"EntryPoint","urlTemplate":"https:\/\/www.ragni.com\/es\/?s={search_term_string}"},"query-input":{"@type":"PropertyValueSpecification","valueRequired":true,"valueName":"search_term_string"}}],"inLanguage":"es-ES"},{"@type":"Organization","@id":"https:\/\/www.ragni.com\/es\/#organization","name":"RAGNI","url":"https:\/\/www.ragni.com\/es\/","logo":{"@type":"ImageObject","inLanguage":"es-ES","@id":"https:\/\/www.ragni.com\/es\/#\/schema\/logo\/image\/","url":"https:\/\/www.ragni.com\/wp-content\/uploads\/2022\/06\/Groupe-11.png","contentUrl":"https:\/\/www.ragni.com\/wp-content\/uploads\/2022\/06\/Groupe-11.png","width":117,"height":40,"caption":"RAGNI"},"image":{"@id":"https:\/\/www.ragni.com\/es\/#\/schema\/logo\/image\/"},"sameAs":["https:\/\/www.facebook.com\/Ragni.SAS","https:\/\/x.com\/RAGNI_SAS","https:\/\/www.youtube.com\/channel\/UCg3LCUI39GyNBcrdS9QV9LA","https:\/\/www.linkedin.com\/company\/ragni"]}]}},"_links":{"self":[{"href":"https:\/\/www.ragni.com\/es\/wp-json\/wp\/v2\/pages\/17558","targetHints":{"allow":["GET"]}}],"collection":[{"href":"https:\/\/www.ragni.com\/es\/wp-json\/wp\/v2\/pages"}],"about":[{"href":"https:\/\/www.ragni.com\/es\/wp-json\/wp\/v2\/types\/page"}],"author":[{"embeddable":true,"href":"https:\/\/www.ragni.com\/es\/wp-json\/wp\/v2\/users\/1"}],"replies":[{"embeddable":true,"href":"https:\/\/www.ragni.com\/es\/wp-json\/wp\/v2\/comments?post=17558"}],"version-history":[{"count":3,"href":"https:\/\/www.ragni.com\/es\/wp-json\/wp\/v2\/pages\/17558\/revisions"}],"predecessor-version":[{"id":17714,"href":"https:\/\/www.ragni.com\/es\/wp-json\/wp\/v2\/pages\/17558\/revisions\/17714"}],"wp:featuredmedia":[{"embeddable":true,"href":"https:\/\/www.ragni.com\/es\/wp-json\/wp\/v2\/media\/17762"}],"wp:attachment":[{"href":"https:\/\/www.ragni.com\/es\/wp-json\/wp\/v2\/media?parent=17558"}],"curies":[{"name":"wp","href":"https:\/\/api.w.org\/{rel}","templated":true}]}}