{"id":17566,"date":"2022-08-12T07:08:46","date_gmt":"2022-08-12T06:08:46","guid":{"rendered":"https:\/\/www.ragni.com\/noticias\/"},"modified":"2024-11-13T09:32:20","modified_gmt":"2024-11-13T08:32:20","slug":"noticias","status":"publish","type":"page","link":"https:\/\/www.ragni.com\/es\/noticias\/","title":{"rendered":"Noticias"},"content":{"rendered":"<div class=\"wpb-content-wrapper\"><p>[vc_row row_height_percent=&#8221;0&#8243; override_padding=&#8221;yes&#8221; h_padding=&#8221;2&#8243; top_padding=&#8221;0&#8243; bottom_padding=&#8221;0&#8243; overlay_alpha=&#8221;100&#8243; gutter_size=&#8221;100&#8243; column_width_percent=&#8221;100&#8243; shift_y=&#8221;0&#8243; z_index=&#8221;0&#8243; style=&#8221;inherited&#8221; uncode_shortcode_id=&#8221;149240&#8243;][vc_column column_width_percent=&#8221;100&#8243; gutter_size=&#8221;3&#8243; overlay_alpha=&#8221;50&#8243; shift_x=&#8221;0&#8243; shift_y=&#8221;-2&#8243; shift_y_fixed=&#8221;yes&#8221; shift_y_down=&#8221;0&#8243; z_index=&#8221;0&#8243; medium_width=&#8221;0&#8243; mobile_width=&#8221;0&#8243; width=&#8221;1\/1&#8243; uncode_shortcode_id=&#8221;285925&#8243; el_class=&#8221;blocrad&#8221;][uncode_index el_id=&#8221;index-155886559054&#8243; isotope_mode=&#8221;fitRows&#8221; loop=&#8221;size:99|order_by:date|post_type:post|categories:163,3,34,88|taxonomy_count:10&#8243; screen_lg=&#8221;1000&#8243; screen_md=&#8221;900&#8243; screen_sm=&#8221;480&#8243; filtering=&#8221;yes&#8221; filtering_uppercase=&#8221;yes&#8221; filtering_full_width=&#8221;yes&#8221; filtering_position=&#8221;center&#8221; gutter_size=&#8221;2&#8243; post_items=&#8221;media|featured|onpost|poster,category|colorbg|topright|display-icon,title,text|excerpt|84,date&#8221; page_items=&#8221;title,media,text,category&#8221; product_items=&#8221;title,media,text,category,price&#8221; portfolio_items=&#8221;title,media,text,category&#8221; footer_full_width=&#8221;yes&#8221; images_size=&#8221;three-two&#8221; single_back_color=&#8221;color-xsdn&#8221; single_shape=&#8221;round&#8221; radius=&#8221;xs&#8221; single_overlay_opacity=&#8221;50&#8243; single_overlay_anim=&#8221;no&#8221; single_text_visible=&#8221;yes&#8221; single_text_anim=&#8221;no&#8221; single_padding=&#8221;1&#8243; single_title_semantic=&#8221;p&#8221; single_title_dimension=&#8221;h5&#8243; single_border=&#8221;yes&#8221; single_css_animation=&#8221;bottom-t-top&#8221; single_animation_delay=&#8221;200&#8243; single_half_padding=&#8221;&#8221; single_title_bold=&#8221;yes&#8221; single_title_serif=&#8221;&#8221; single_title_divider=&#8221;&#8221; single_no_background=&#8221;&#8221; items=&#8221;eyI1Ml9pIjp7InNpbmdsZV9sYXlvdXRfcG9zdF9pdGVtcyI6Im1lZGlhfGZlYXR1cmVkfG9ucG9zdHxwb3N0ZXIsY2F0ZWdvcnl8Y29sb3JiZ3x0b3ByaWdodHxkaXNwbGF5LWljb24sdGl0bGUsdGV4dHxleGNlcnB0LG1lZGlhfGZlYXR1cmVkfG9ucG9zdHxwb3N0ZXIsY2F0ZWdvcnl8Y29sb3JiZ3x0b3ByaWdodHxkaXNwbGF5LWljb24sdGl0bGUsdGV4dHxleGNlcnB0In0sIjQ4MzZfaSI6eyJzaW5nbGVfbGF5b3V0X3Bvc3RfaXRlbXMiOiJtZWRpYXxmZWF0dXJlZHxvbnBvc3R8cG9zdGVyLGNhdGVnb3J5fGNvbG9yYmd8dG9wcmlnaHR8ZGlzcGxheS1pY29uLHRpdGxlLHRleHR8ZXhjZXJwdCJ9LCI0ODI1X2kiOnsic2luZ2xlX2xheW91dF9wb3N0X2l0ZW1zIjoibWVkaWF8ZmVhdHVyZWR8b25wb3N0fHBvc3RlcixjYXRlZ29yeXxjb2xvcmJnfHRvcHJpZ2h0fGRpc3BsYXktaWNvbix0aXRsZSx0ZXh0fGV4Y2VycHQifSwiNDgwOV9pIjp7InNpbmdsZV9sYXlvdXRfcG9zdF9pdGVtcyI6Im1lZGlhfGZlYXR1cmVkfG9ucG9zdHxwb3N0ZXIsY2F0ZWdvcnl8Y29sb3JiZ3x0b3ByaWdodHxkaXNwbGF5LWljb24sdGl0bGUsdGV4dHxleGNlcnB0In0sIjExMDAzX2kiOnsic2luZ2xlX2xheW91dF9wb3N0X2l0ZW1zIjoibWVkaWF8ZmVhdHVyZWR8b25wb3N0fHBvc3RlcixjYXRlZ29yeXxjb2xvcmJnfHRvcHJpZ2h0fGRpc3BsYXktaWNvbix0aXRsZSx0ZXh0fGV4Y2VycHQsbWVkaWF8ZmVhdHVyZWR8b25wb3N0fHBvc3RlcixjYXRlZ29yeXxjb2xvcmJnfHRvcHJpZ2h0fGRpc3BsYXktaWNvbix0aXRsZSx0ZXh0fGV4Y2VycHQifX0=&#8221; footer_position=&#8221;left&#8221; carousel_rtl=&#8221;&#8221; single_icon=&#8221;fa fa-plus2&#8243; filtering_transform=&#8221;uppercase&#8221; uncode_shortcode_id=&#8221;181117&#8243;][\/vc_column][\/vc_row]<\/p>\n<\/div>","protected":false},"excerpt":{"rendered":"<p>[vc_row row_height_percent=&#8221;0&#8243; override_padding=&#8221;yes&#8221; h_padding=&#8221;2&#8243; top_padding=&#8221;0&#8243; bottom_padding=&#8221;0&#8243; overlay_alpha=&#8221;100&#8243; gutter_size=&#8221;100&#8243; column_width_percent=&#8221;100&#8243; shift_y=&#8221;0&#8243; z_index=&#8221;0&#8243; style=&#8221;inherited&#8221; uncode_shortcode_id=&#8221;149240&#8243;][vc_column column_width_percent=&#8221;100&#8243; gutter_size=&#8221;3&#8243; overlay_alpha=&#8221;50&#8243; shift_x=&#8221;0&#8243; shift_y=&#8221;-2&#8243; shift_y_fixed=&#8221;yes&#8221; shift_y_down=&#8221;0&#8243; [&hellip;]<\/p>\n","protected":false},"author":1,"featured_media":21706,"parent":0,"menu_order":0,"comment_status":"closed","ping_status":"closed","template":"","meta":{"footnotes":""},"class_list":["post-17566","page","type-page","status-publish","has-post-thumbnail","hentry"],"yoast_head":"<!-- This site is optimized with the Yoast SEO plugin v24.0 - https:\/\/yoast.com\/wordpress\/plugins\/seo\/ -->\n<title>Todas las \u00faltimas noticias de RAGNI<\/title>\n<meta name=\"description\" content=\"Descubre todas las novedades de RAGNI, empresa familiar fundada en 1927, que re\u00fane a fabricantes y especialistas en alumbrado p\u00fablico.\" \/>\n<meta name=\"robots\" content=\"index, follow, max-snippet:-1, max-image-preview:large, max-video-preview:-1\" \/>\n<link rel=\"canonical\" href=\"https:\/\/www.ragni.com\/es\/noticias\/\" \/>\n<meta property=\"og:locale\" content=\"es_ES\" \/>\n<meta property=\"og:type\" content=\"article\" \/>\n<meta property=\"og:title\" content=\"Todas las \u00faltimas noticias de RAGNI\" \/>\n<meta property=\"og:description\" content=\"Descubre todas las novedades de RAGNI, empresa familiar fundada en 1927, que re\u00fane a fabricantes y especialistas en alumbrado p\u00fablico.\" \/>\n<meta property=\"og:url\" content=\"https:\/\/www.ragni.com\/es\/noticias\/\" \/>\n<meta property=\"og:site_name\" content=\"RAGNI\" \/>\n<meta property=\"article:publisher\" content=\"https:\/\/www.facebook.com\/Ragni.SAS\" \/>\n<meta property=\"article:modified_time\" content=\"2024-11-13T08:32:20+00:00\" \/>\n<meta property=\"og:image\" content=\"https:\/\/www.ragni.com\/wp-content\/uploads\/2022\/11\/ban_1920x400_actualite.png\" \/>\n\t<meta property=\"og:image:width\" content=\"1920\" \/>\n\t<meta property=\"og:image:height\" content=\"540\" \/>\n\t<meta property=\"og:image:type\" content=\"image\/png\" \/>\n<meta name=\"twitter:card\" content=\"summary_large_image\" \/>\n<meta name=\"twitter:site\" content=\"@RAGNI_SAS\" \/>\n<meta name=\"twitter:label1\" content=\"Est. reading time\" \/>\n\t<meta name=\"twitter:data1\" content=\"1 minute\" \/>\n<script type=\"application\/ld+json\" class=\"yoast-schema-graph\">{\"@context\":\"https:\/\/schema.org\",\"@graph\":[{\"@type\":\"WebPage\",\"@id\":\"https:\/\/www.ragni.com\/es\/noticias\/\",\"url\":\"https:\/\/www.ragni.com\/es\/noticias\/\",\"name\":\"Todas las \u00faltimas noticias de RAGNI\",\"isPartOf\":{\"@id\":\"https:\/\/www.ragni.com\/es\/#website\"},\"primaryImageOfPage\":{\"@id\":\"https:\/\/www.ragni.com\/es\/noticias\/#primaryimage\"},\"image\":{\"@id\":\"https:\/\/www.ragni.com\/es\/noticias\/#primaryimage\"},\"thumbnailUrl\":\"https:\/\/www.ragni.com\/wp-content\/uploads\/2022\/11\/ban_1920x400_actualite.png\",\"datePublished\":\"2022-08-12T06:08:46+00:00\",\"dateModified\":\"2024-11-13T08:32:20+00:00\",\"description\":\"Descubre todas las novedades de RAGNI, empresa familiar fundada en 1927, que re\u00fane a fabricantes y especialistas en alumbrado p\u00fablico.\",\"breadcrumb\":{\"@id\":\"https:\/\/www.ragni.com\/es\/noticias\/#breadcrumb\"},\"inLanguage\":\"es-ES\",\"potentialAction\":[{\"@type\":\"ReadAction\",\"target\":[\"https:\/\/www.ragni.com\/es\/noticias\/\"]}]},{\"@type\":\"ImageObject\",\"inLanguage\":\"es-ES\",\"@id\":\"https:\/\/www.ragni.com\/es\/noticias\/#primaryimage\",\"url\":\"https:\/\/www.ragni.com\/wp-content\/uploads\/2022\/11\/ban_1920x400_actualite.png\",\"contentUrl\":\"https:\/\/www.ragni.com\/wp-content\/uploads\/2022\/11\/ban_1920x400_actualite.png\",\"width\":1920,\"height\":540},{\"@type\":\"BreadcrumbList\",\"@id\":\"https:\/\/www.ragni.com\/es\/noticias\/#breadcrumb\",\"itemListElement\":[{\"@type\":\"ListItem\",\"position\":1,\"name\":\"Accueil\",\"item\":\"https:\/\/www.ragni.com\/es\/\"},{\"@type\":\"ListItem\",\"position\":2,\"name\":\"Noticias\"}]},{\"@type\":\"WebSite\",\"@id\":\"https:\/\/www.ragni.com\/es\/#website\",\"url\":\"https:\/\/www.ragni.com\/es\/\",\"name\":\"RAGNI\",\"description\":\"La lumi\u00e8re \u00e0 votre image\",\"publisher\":{\"@id\":\"https:\/\/www.ragni.com\/es\/#organization\"},\"potentialAction\":[{\"@type\":\"SearchAction\",\"target\":{\"@type\":\"EntryPoint\",\"urlTemplate\":\"https:\/\/www.ragni.com\/es\/?s={search_term_string}\"},\"query-input\":{\"@type\":\"PropertyValueSpecification\",\"valueRequired\":true,\"valueName\":\"search_term_string\"}}],\"inLanguage\":\"es-ES\"},{\"@type\":\"Organization\",\"@id\":\"https:\/\/www.ragni.com\/es\/#organization\",\"name\":\"RAGNI\",\"url\":\"https:\/\/www.ragni.com\/es\/\",\"logo\":{\"@type\":\"ImageObject\",\"inLanguage\":\"es-ES\",\"@id\":\"https:\/\/www.ragni.com\/es\/#\/schema\/logo\/image\/\",\"url\":\"https:\/\/www.ragni.com\/wp-content\/uploads\/2022\/06\/Groupe-11.png\",\"contentUrl\":\"https:\/\/www.ragni.com\/wp-content\/uploads\/2022\/06\/Groupe-11.png\",\"width\":117,\"height\":40,\"caption\":\"RAGNI\"},\"image\":{\"@id\":\"https:\/\/www.ragni.com\/es\/#\/schema\/logo\/image\/\"},\"sameAs\":[\"https:\/\/www.facebook.com\/Ragni.SAS\",\"https:\/\/x.com\/RAGNI_SAS\",\"https:\/\/www.youtube.com\/channel\/UCg3LCUI39GyNBcrdS9QV9LA\",\"https:\/\/www.linkedin.com\/company\/ragni\"]}]}<\/script>\n<!-- \/ Yoast SEO plugin. -->","yoast_head_json":{"title":"Todas las \u00faltimas noticias de RAGNI","description":"Descubre todas las novedades de RAGNI, empresa familiar fundada en 1927, que re\u00fane a fabricantes y especialistas en alumbrado p\u00fablico.","robots":{"index":"index","follow":"follow","max-snippet":"max-snippet:-1","max-image-preview":"max-image-preview:large","max-video-preview":"max-video-preview:-1"},"canonical":"https:\/\/www.ragni.com\/es\/noticias\/","og_locale":"es_ES","og_type":"article","og_title":"Todas las \u00faltimas noticias de RAGNI","og_description":"Descubre todas las novedades de RAGNI, empresa familiar fundada en 1927, que re\u00fane a fabricantes y especialistas en alumbrado p\u00fablico.","og_url":"https:\/\/www.ragni.com\/es\/noticias\/","og_site_name":"RAGNI","article_publisher":"https:\/\/www.facebook.com\/Ragni.SAS","article_modified_time":"2024-11-13T08:32:20+00:00","og_image":[{"width":1920,"height":540,"url":"https:\/\/www.ragni.com\/wp-content\/uploads\/2022\/11\/ban_1920x400_actualite.png","type":"image\/png"}],"twitter_card":"summary_large_image","twitter_site":"@RAGNI_SAS","twitter_misc":{"Est. reading time":"1 minute"},"schema":{"@context":"https:\/\/schema.org","@graph":[{"@type":"WebPage","@id":"https:\/\/www.ragni.com\/es\/noticias\/","url":"https:\/\/www.ragni.com\/es\/noticias\/","name":"Todas las \u00faltimas noticias de RAGNI","isPartOf":{"@id":"https:\/\/www.ragni.com\/es\/#website"},"primaryImageOfPage":{"@id":"https:\/\/www.ragni.com\/es\/noticias\/#primaryimage"},"image":{"@id":"https:\/\/www.ragni.com\/es\/noticias\/#primaryimage"},"thumbnailUrl":"https:\/\/www.ragni.com\/wp-content\/uploads\/2022\/11\/ban_1920x400_actualite.png","datePublished":"2022-08-12T06:08:46+00:00","dateModified":"2024-11-13T08:32:20+00:00","description":"Descubre todas las novedades de RAGNI, empresa familiar fundada en 1927, que re\u00fane a fabricantes y especialistas en alumbrado p\u00fablico.","breadcrumb":{"@id":"https:\/\/www.ragni.com\/es\/noticias\/#breadcrumb"},"inLanguage":"es-ES","potentialAction":[{"@type":"ReadAction","target":["https:\/\/www.ragni.com\/es\/noticias\/"]}]},{"@type":"ImageObject","inLanguage":"es-ES","@id":"https:\/\/www.ragni.com\/es\/noticias\/#primaryimage","url":"https:\/\/www.ragni.com\/wp-content\/uploads\/2022\/11\/ban_1920x400_actualite.png","contentUrl":"https:\/\/www.ragni.com\/wp-content\/uploads\/2022\/11\/ban_1920x400_actualite.png","width":1920,"height":540},{"@type":"BreadcrumbList","@id":"https:\/\/www.ragni.com\/es\/noticias\/#breadcrumb","itemListElement":[{"@type":"ListItem","position":1,"name":"Accueil","item":"https:\/\/www.ragni.com\/es\/"},{"@type":"ListItem","position":2,"name":"Noticias"}]},{"@type":"WebSite","@id":"https:\/\/www.ragni.com\/es\/#website","url":"https:\/\/www.ragni.com\/es\/","name":"RAGNI","description":"La lumi\u00e8re \u00e0 votre image","publisher":{"@id":"https:\/\/www.ragni.com\/es\/#organization"},"potentialAction":[{"@type":"SearchAction","target":{"@type":"EntryPoint","urlTemplate":"https:\/\/www.ragni.com\/es\/?s={search_term_string}"},"query-input":{"@type":"PropertyValueSpecification","valueRequired":true,"valueName":"search_term_string"}}],"inLanguage":"es-ES"},{"@type":"Organization","@id":"https:\/\/www.ragni.com\/es\/#organization","name":"RAGNI","url":"https:\/\/www.ragni.com\/es\/","logo":{"@type":"ImageObject","inLanguage":"es-ES","@id":"https:\/\/www.ragni.com\/es\/#\/schema\/logo\/image\/","url":"https:\/\/www.ragni.com\/wp-content\/uploads\/2022\/06\/Groupe-11.png","contentUrl":"https:\/\/www.ragni.com\/wp-content\/uploads\/2022\/06\/Groupe-11.png","width":117,"height":40,"caption":"RAGNI"},"image":{"@id":"https:\/\/www.ragni.com\/es\/#\/schema\/logo\/image\/"},"sameAs":["https:\/\/www.facebook.com\/Ragni.SAS","https:\/\/x.com\/RAGNI_SAS","https:\/\/www.youtube.com\/channel\/UCg3LCUI39GyNBcrdS9QV9LA","https:\/\/www.linkedin.com\/company\/ragni"]}]}},"_links":{"self":[{"href":"https:\/\/www.ragni.com\/es\/wp-json\/wp\/v2\/pages\/17566","targetHints":{"allow":["GET"]}}],"collection":[{"href":"https:\/\/www.ragni.com\/es\/wp-json\/wp\/v2\/pages"}],"about":[{"href":"https:\/\/www.ragni.com\/es\/wp-json\/wp\/v2\/types\/page"}],"author":[{"embeddable":true,"href":"https:\/\/www.ragni.com\/es\/wp-json\/wp\/v2\/users\/1"}],"replies":[{"embeddable":true,"href":"https:\/\/www.ragni.com\/es\/wp-json\/wp\/v2\/comments?post=17566"}],"version-history":[{"count":5,"href":"https:\/\/www.ragni.com\/es\/wp-json\/wp\/v2\/pages\/17566\/revisions"}],"predecessor-version":[{"id":20377,"href":"https:\/\/www.ragni.com\/es\/wp-json\/wp\/v2\/pages\/17566\/revisions\/20377"}],"wp:featuredmedia":[{"embeddable":true,"href":"https:\/\/www.ragni.com\/es\/wp-json\/wp\/v2\/media\/21706"}],"wp:attachment":[{"href":"https:\/\/www.ragni.com\/es\/wp-json\/wp\/v2\/media?parent=17566"}],"curies":[{"name":"wp","href":"https:\/\/api.w.org\/{rel}","templated":true}]}}