{"id":18006,"date":"2022-08-23T10:23:50","date_gmt":"2022-08-23T09:23:50","guid":{"rendered":"https:\/\/www.ragni.com\/como-encontrarnos\/"},"modified":"2024-11-04T14:12:08","modified_gmt":"2024-11-04T13:12:08","slug":"como-encontrarnos","status":"publish","type":"page","link":"https:\/\/www.ragni.com\/es\/como-encontrarnos\/","title":{"rendered":"C\u00f3mo encontrarnos"},"content":{"rendered":"<div class=\"wpb-content-wrapper\"><p>[vc_row row_height_percent=&#8221;0&#8243; overlay_alpha=&#8221;50&#8243; gutter_size=&#8221;3&#8243; column_width_percent=&#8221;100&#8243; shift_y=&#8221;0&#8243; z_index=&#8221;0&#8243; desktop_visibility=&#8221;yes&#8221; medium_visibility=&#8221;yes&#8221; mobile_visibility=&#8221;yes&#8221; uncode_shortcode_id=&#8221;159835&#8243;][vc_column column_width_percent=&#8221;100&#8243; position_vertical=&#8221;middle&#8221; align_horizontal=&#8221;align_center&#8221; gutter_size=&#8221;3&#8243; overlay_alpha=&#8221;50&#8243; shift_x=&#8221;0&#8243; shift_y=&#8221;0&#8243; shift_y_down=&#8221;0&#8243; z_index=&#8221;0&#8243; medium_width=&#8221;0&#8243; mobile_width=&#8221;0&#8243; width=&#8221;1\/1&#8243; uncode_shortcode_id=&#8221;598645&#8243;][vc_custom_heading heading_semantic=&#8221;h1&#8243; text_size=&#8221;fontsize-137643&#8243; text_transform=&#8221;uppercase&#8221; separator=&#8221;yes&#8221; separator_color=&#8221;yes&#8221; uncode_shortcode_id=&#8221;148593&#8243;]d\u00f3nde encontrarnos[\/vc_custom_heading][\/vc_column][\/vc_row][vc_row][vc_column width=&#8221;1\/1&#8243;][vc_column_text uncode_shortcode_id=&#8221;167954&#8243;][\/vc_column_text][\/vc_column][\/vc_row][vc_row][vc_column width=&#8221;1\/1&#8243;][vc_row_inner][vc_column_inner column_width_percent=&#8221;100&#8243; align_horizontal=&#8221;align_center&#8221; gutter_size=&#8221;3&#8243; overlay_alpha=&#8221;50&#8243; shift_x=&#8221;0&#8243; shift_y=&#8221;0&#8243; shift_y_down=&#8221;0&#8243; z_index=&#8221;0&#8243; medium_width=&#8221;0&#8243; mobile_width=&#8221;0&#8243; width=&#8221;1\/1&#8243; uncode_shortcode_id=&#8221;202588&#8243;][vc_button button_color=&#8221;accent&#8221; border_width=&#8221;0&#8243; display=&#8221;inline&#8221; top_margin=&#8221;yes&#8221; link=&#8221;url:https%3A%2F%2Fwww.ragni.com%2Fes%2Fcomo-encontrarnos%2F|title:C%C3%B3mo%20encontrarnos|&#8221; button_color_type=&#8221;uncode-palette&#8221; uncode_shortcode_id=&#8221;114723&#8243;]Encu\u00e9ntranos en Francia [\/vc_button][vc_button button_color=&#8221;accent&#8221; outline=&#8221;yes&#8221; border_width=&#8221;0&#8243; display=&#8221;inline&#8221; top_margin=&#8221;yes&#8221; link=&#8221;url:https%3A%2F%2Fwww.ragni.com%2Fes%2Fnous-trouver-monde%2F|title:C%C3%B3mo%20encontrarnos&#8221; button_color_type=&#8221;uncode-palette&#8221; uncode_shortcode_id=&#8221;126581&#8243;]Encu\u00e9ntranos en el mundo[\/vc_button][vc_empty_space empty_h=&#8221;2&#8243;][\/vc_column_inner][\/vc_row_inner][vc_column_text uncode_shortcode_id=&#8221;179243&#8243;]\r\r\n        <!-- start Fla-shop.com HTML5 Map -->\r\r\n        <div class='franceHtml5Mapright htmlMapResponsive' style='max-width:1200px; width: 100%'><div class='franceHtml5MapSelector '><select id='france-html5-map-selector_0'>\r\r\n                    <option value=''>Seleccione una zona<\/option>\r\r\n                    \t<option value=\"st1\">Ain<\/option>\n\t<option value=\"st2\">Aisne<\/option>\n\t<option value=\"st3\">Allier<\/option>\n\t<option value=\"st5\">Alpes-Maritimes<\/option>\n\t<option value=\"st4\">Alpes-de-Haute-Provence<\/option>\n\t<option value=\"st6\">Ard\u00e8che<\/option>\n\t<option value=\"st7\">Ardennes<\/option>\n\t<option value=\"st8\">Ari\u00e8ge<\/option>\n\t<option value=\"st9\">Aube<\/option>\n\t<option value=\"st10\">Aude<\/option>\n\t<option value=\"st11\">Aveyron<\/option>\n\t<option value=\"st12\">Bas-Rhin<\/option>\n\t<option value=\"st13\">Bouches-du-Rh\u00f4ne<\/option>\n\t<option value=\"st14\">Calvados<\/option>\n\t<option value=\"st15\">Cantal<\/option>\n\t<option value=\"st16\">Charente<\/option>\n\t<option value=\"st17\">Charente-Maritime<\/option>\n\t<option value=\"st18\">Cher<\/option>\n\t<option value=\"st19\">Corr\u00e8ze<\/option>\n\t<option value=\"st20\">Corse-du-Sud<\/option>\n\t<option value=\"st21\">C\u00f4te-d'Or<\/option>\n\t<option value=\"st22\">C\u00f4tes-d'Armor<\/option>\n\t<option value=\"st23\">Creuse<\/option>\n\t<option value=\"st24\">Deux-S\u00e8vres<\/option>\n\t<option value=\"st25\">Dordogne<\/option>\n\t<option value=\"st26\">Doubs<\/option>\n\t<option value=\"st27\">Dr\u00f4me<\/option>\n\t<option value=\"st28\">Essonne<\/option>\n\t<option value=\"st29\">Eure<\/option>\n\t<option value=\"st30\">Eure-et-Loir<\/option>\n\t<option value=\"st31\">Finist\u00e8re<\/option>\n\t<option value=\"st32\">Gard<\/option>\n\t<option value=\"st33\">Gers<\/option>\n\t<option value=\"st34\">Gironde<\/option>\n\t<option value=\"st97\">Guadeloupe<\/option>\n\t<option value=\"st98\">Guyane<\/option>\n\t<option value=\"st35\">Haut-Rhin<\/option>\n\t<option value=\"st36\">Haute-Corse<\/option>\n\t<option value=\"st37\">Haute-Garonne<\/option>\n\t<option value=\"st38\">Haute-Loire<\/option>\n\t<option value=\"st39\">Haute-Marne<\/option>\n\t<option value=\"st40\">Haute-Sa\u00f4ne<\/option>\n\t<option value=\"st41\">Haute-Savoie<\/option>\n\t<option value=\"st42\">Haute-Vienne<\/option>\n\t<option value=\"st43\">Hautes-Alpes<\/option>\n\t<option value=\"st44\">Hautes-Pyr\u00e9n\u00e9es<\/option>\n\t<option value=\"st45\">Hauts-de-Seine<\/option>\n\t<option value=\"st46\">H\u00e9rault<\/option>\n\t<option value=\"st47\">Ille-et-Vilaine<\/option>\n\t<option value=\"st48\">Indre<\/option>\n\t<option value=\"st49\">Indre-et-Loire<\/option>\n\t<option value=\"st50\">Is\u00e8re<\/option>\n\t<option value=\"st51\">Jura<\/option>\n\t<option value=\"st52\">Landes<\/option>\n\t<option value=\"st53\">Loir-et-Cher<\/option>\n\t<option value=\"st54\">Loire<\/option>\n\t<option value=\"st55\">Loire-Atlantique<\/option>\n\t<option value=\"st56\">Loiret<\/option>\n\t<option value=\"st57\">Lot<\/option>\n\t<option value=\"st58\">Lot-et-Garonne<\/option>\n\t<option value=\"st59\">Loz\u00e8re<\/option>\n\t<option value=\"st60\">Maine-et-Loire<\/option>\n\t<option value=\"st61\">Manche<\/option>\n\t<option value=\"st62\">Marne<\/option>\n\t<option value=\"st99\">Martinique<\/option>\n\t<option value=\"st63\">Mayenne<\/option>\n\t<option value=\"st100\">Mayotte<\/option>\n\t<option value=\"st64\">Meurthe-et-Moselle<\/option>\n\t<option value=\"st65\">Meuse<\/option>\n\t<option value=\"st66\">Morbihan<\/option>\n\t<option value=\"st67\">Moselle<\/option>\n\t<option value=\"st68\">Ni\u00e8vre<\/option>\n\t<option value=\"st69\">Nord<\/option>\n\t<option value=\"st70\">Oise<\/option>\n\t<option value=\"st71\">Orne<\/option>\n\t<option value=\"st72\">Pas-de-Calais<\/option>\n\t<option value=\"st73\">Puy-de-D\u00f4me<\/option>\n\t<option value=\"st74\">Pyr\u00e9n\u00e9es-Atlantiques<\/option>\n\t<option value=\"st75\">Pyr\u00e9n\u00e9es-Orientales<\/option>\n\t<option value=\"st101\">R\u00e9union<\/option>\n\t<option value=\"st76\">Rh\u00f4ne<\/option>\n\t<option value=\"st77\">Saone-et-Loire<\/option>\n\t<option value=\"st78\">Sarthe<\/option>\n\t<option value=\"st79\">Savoie<\/option>\n\t<option value=\"st81\">Seine-Maritime<\/option>\n\t<option value=\"st82\">Seine-Saint-Denis<\/option>\n\t<option value=\"st80\">Seine-et-Marne<\/option>\n\t<option value=\"st83\">Somme<\/option>\n\t<option value=\"st84\">Tarn<\/option>\n\t<option value=\"st85\">Tarn-et-Garonne<\/option>\n\t<option value=\"st86\">Territoire-de-Belfort<\/option>\n\t<option value=\"st87\">Val-d'Oise<\/option>\n\t<option value=\"st88\">Val-de-Marne<\/option>\n\t<option value=\"st89\">Var<\/option>\n\t<option value=\"st90\">Vaucluse<\/option>\n\t<option value=\"st91\">Vend\u00e9e<\/option>\n\t<option value=\"st92\">Vienne<\/option>\n\t<option value=\"st93\">Ville-de-Paris<\/option>\n\t<option value=\"st94\">Vosges<\/option>\n\t<option value=\"st95\">Yonne<\/option>\n\t<option value=\"st96\">Yvelines<\/option>\n\r\r\n                <\/select><\/div><div id='france-html5-map-map-container_0' class='franceHtml5MapContainer' data-map-variable='francehtml5map_map_0'><\/div>\r\r\n            <style>\r\r\n                #france-html5-map-map-container_0 {\r\r\n                    \r\r\n                }\r\r\n                #france-html5-map-map-container_0 .fm-tooltip-name {\r\r\n\t\t\t\tcolor: #000000;\n\t\t\t\tfont-size: 20px;\n\r\r\n}\r\r\n#france-html5-map-map-container_0 .fm-tooltip-comment {\r\r\n\r\r\n}\r\r\n#france-html5-map-map-container_0 .fm-tooltip-comment p {\r\r\n\r\r\n}\r\r\n                @media only screen and (max-width: 480px) {\r\r\n                    #france-html5-map-map-container_0 {\r\r\n                        float: none;\r\r\n                        width: 100%;\r\r\n                    }\r\r\n                }\r\r\n            <\/style><script type=\"text\/javascript\">\r\r\n            jQuery(function(){\r\r\n                var hightlighted = null;\r\r\n                francehtml5map_map_0 = new FlaShopFranceMap(francehtml5map_map_cfg_4);\r\r\n                \r\r\n                francehtml5map_map_0.draw('france-html5-map-map-container_0');\r\r\n                francehtml5map_map_0.on('mousein', function(ev, sid, map) {\r\r\n                    if (hightlighted && sid != hightlighted) {\r\r\n                        map.stateHighlightOut(hightlighted);\r\r\n                        hightlighted = null;\r\r\n                    }\r\r\n                });\r\r\n                \r\r\n                \r\r\n\r\r\n                var html5map_onclick = function(ev, sid, map) {\r\r\n                var cfg      = francehtml5map_map_cfg_4;\r\r\n                var link     = map.fetchStateAttr(sid, 'link');\r\r\n                var is_group = map.fetchStateAttr(sid, 'group');\r\r\n                var popup_id = map.fetchStateAttr(sid, 'popup-id');\r\r\n                var is_group_info = false;\r\r\n\r\r\n                if (typeof cfg.map_data[sid] !== 'undefined')\r\r\n                        jQuery('#france-html5-map-selector_0').val(sid);\r\r\n                    else\r\r\n                        jQuery('#france-html5-map-selector_0').val('');\r\r\n\r\r\n                if (is_group==undefined) {\r\r\n\r\r\n                    if (sid.substr(0,1)=='p') {\r\r\n                        popup_id = map.fetchPointAttr(sid, 'popup_id');\r\r\n                        link         = map.fetchPointAttr(sid, 'link');\r\r\n                    }\r\r\n\r\r\n                } else if (typeof cfg.groups[is_group]['ignore_link'] == 'undefined' || ! cfg.groups[is_group].ignore_link)  {\r\r\n                    link = cfg.groups[is_group].link;\r\r\n                    popup_id = cfg.groups[is_group]['popup_id'];\r\r\n                    is_group_info = true;\r\r\n                }\r\r\n                if (link=='#popup') {\r\r\n\r\r\n                    if (typeof SG_POPUP_DATA == \"object\") {\r\r\n                        if (popup_id in SG_POPUP_DATA) {\r\r\n\r\r\n                            SGPopup.prototype.showPopup(popup_id,false);\r\r\n\r\r\n                        } else {\r\r\n\r\r\n                            jQuery.ajax({\r\r\n                                type: 'POST',\r\r\n                                url: 'https:\/\/www.ragni.com\/index.php?map_id=4&francehtml5map_get_popup',\r\r\n                                data: {popup_id:popup_id},\r\r\n                            }).done(function(data) {\r\r\n                                jQuery('body').append(data);\r\r\n                                SGPopup.prototype.showPopup(popup_id,false);\r\r\n                            });\r\r\n\r\r\n                        }\r\r\n                    }\r\r\n                    else if (typeof SGPBPopup == \"function\") {\r\r\n                        var popup = SGPBPopup.createPopupObjById(popup_id);\r\r\n                        popup.prepareOpen();\r\r\n                        popup.open();\r\r\n                    }\r\r\n\r\r\n                    return false;\r\r\n                }\r\r\n                if (link == '#info') {\r\r\n                    var id = is_group_info ? is_group : (sid.substr(0,1)=='p' ? sid : map.fetchStateAttr(sid, 'id'));\r\r\n                    jQuery('#france-html5-map-state-info_0').html('Loading...');\r\r\n                    jQuery.ajax({\r\r\n                        type: 'POST',\r\r\n                        url: (is_group_info ? 'https:\/\/www.ragni.com\/index.php?map_id=4&francehtml5map_get_group_info=' : 'https:\/\/www.ragni.com\/index.php?map_id=4&francehtml5map_get_state_info=') + id,\r\r\n                        success: function(data, textStatus, jqXHR){\r\r\n                            jQuery('#france-html5-map-state-info_0').html(data);\r\r\n                            \r\r\n                        },\r\r\n                        dataType: 'text'\r\r\n                    });\r\r\n\r\r\n                    return false;\r\r\n                }\r\r\n\r\r\n                    if (ev===null && link!='') {\r\r\n                        if (!jQuery('.html5dummilink').length) {\r\r\n                            jQuery('body').append('<a href=\"#\" class=\"html5dummilink\" style=\"display:none\"><\/a>');\r\r\n                        }\r\r\n\r\r\n                        jQuery('.html5dummilink').attr('href',link).attr('target',(map.fetchStateAttr(sid, 'isNewWindow') ? '_blank' : '_self'))[0].click();\r\r\n\r\r\n                    }\r\r\n\r\r\n                };\r\r\n                francehtml5map_map_0.on('click',html5map_onclick);\r\r\n\r\r\n                jQuery('#france-html5-map-selector_0').change(function() {\r\r\n                        var sid = jQuery(this).val();\r\r\n                        if (hightlighted)\r\r\n                                francehtml5map_map_0.stateHighlightOut(hightlighted);\r\r\n\r\r\n                        hightlighted = sid;\r\r\n\r\r\n                        if (sid) {\r\r\n                            francehtml5map_map_0.stateHighlightIn(sid);\r\r\n\r\r\n                            html5map_onclick(null,sid,francehtml5map_map_0);\r\r\n                        }\r\r\n                    });\n\r\r\n\r\r\n            });\r\r\n            <\/script><div id='france-html5-map-state-info_0' class='franceHtml5MapStateInfo'><p><img decoding=\"async\" class=\"alignnone wp-image-14319\" src=\"https:\/\/www.ragni.com\/wp-content\/uploads\/2023\/11\/05_2023Logo_Ragni_large_RVB-1-300x100.png\" alt=\"\" width=\"186\" height=\"62\" srcset=\"https:\/\/www.ragni.com\/wp-content\/uploads\/2023\/11\/05_2023Logo_Ragni_large_RVB-1-300x100.png 300w, https:\/\/www.ragni.com\/wp-content\/uploads\/2023\/11\/05_2023Logo_Ragni_large_RVB-1-1024x342.png 1024w, https:\/\/www.ragni.com\/wp-content\/uploads\/2023\/11\/05_2023Logo_Ragni_large_RVB-1-768x257.png 768w, https:\/\/www.ragni.com\/wp-content\/uploads\/2023\/11\/05_2023Logo_Ragni_large_RVB-1-1536x514.png 1536w, https:\/\/www.ragni.com\/wp-content\/uploads\/2023\/11\/05_2023Logo_Ragni_large_RVB-1-2048x685.png 2048w, https:\/\/www.ragni.com\/wp-content\/uploads\/2023\/11\/05_2023Logo_Ragni_large_RVB-1-350x117.png 350w, https:\/\/www.ragni.com\/wp-content\/uploads\/2023\/11\/05_2023Logo_Ragni_large_RVB-1-600x201.png 600w, https:\/\/www.ragni.com\/wp-content\/uploads\/2023\/11\/05_2023Logo_Ragni_large_RVB-1.png 4135w\" sizes=\"(max-width: 186px) 100vw, 186px\" \/><\/p>\n<h3><span class=\"font-555555\">Encuentre nuestros distribuidores en su regi\u00f3n<\/span><\/h3>\n<p>&nbsp;<\/p>\n<\/div>\r\r\n            <\/div>\r\r\n            <div style='clear: both'><\/div>\r\r\n            <!-- end HTML5 Map -->\r\r\n    [\/vc_column_text][\/vc_column][\/vc_row]<\/p>\n<\/div>","protected":false},"excerpt":{"rendered":"<p>[vc_row row_height_percent=&#8221;0&#8243; overlay_alpha=&#8221;50&#8243; gutter_size=&#8221;3&#8243; column_width_percent=&#8221;100&#8243; shift_y=&#8221;0&#8243; z_index=&#8221;0&#8243; desktop_visibility=&#8221;yes&#8221; medium_visibility=&#8221;yes&#8221; mobile_visibility=&#8221;yes&#8221; uncode_shortcode_id=&#8221;159835&#8243;][vc_column column_width_percent=&#8221;100&#8243; position_vertical=&#8221;middle&#8221; align_horizontal=&#8221;align_center&#8221; gutter_size=&#8221;3&#8243; overlay_alpha=&#8221;50&#8243; shift_x=&#8221;0&#8243; shift_y=&#8221;0&#8243; shift_y_down=&#8221;0&#8243; z_index=&#8221;0&#8243; [&hellip;]<\/p>\n","protected":false},"author":1,"featured_media":800,"parent":0,"menu_order":0,"comment_status":"closed","ping_status":"closed","template":"","meta":{"footnotes":""},"class_list":["post-18006","page","type-page","status-publish","has-post-thumbnail","hentry"],"yoast_head":"<!-- This site is optimized with the Yoast SEO plugin v24.0 - https:\/\/yoast.com\/wordpress\/plugins\/seo\/ -->\n<title>C\u00f3mo encontrarnos - RAGNI - Distribuidores y socios<\/title>\n<meta name=\"description\" content=\"Inf\u00f3rmate sobre los socios y distribuidores de Ragni en Francia y d\u00f3nde encontrarnos en todo el mundo.\" \/>\n<meta name=\"robots\" content=\"index, follow, max-snippet:-1, max-image-preview:large, max-video-preview:-1\" \/>\n<link rel=\"canonical\" href=\"https:\/\/www.ragni.com\/es\/como-encontrarnos\/\" \/>\n<meta property=\"og:locale\" content=\"es_ES\" \/>\n<meta property=\"og:type\" content=\"article\" \/>\n<meta property=\"og:title\" content=\"C\u00f3mo encontrarnos - RAGNI - Distribuidores y socios\" \/>\n<meta property=\"og:description\" content=\"Inf\u00f3rmate sobre los socios y distribuidores de Ragni en Francia y d\u00f3nde encontrarnos en todo el mundo.\" \/>\n<meta property=\"og:url\" content=\"https:\/\/www.ragni.com\/es\/como-encontrarnos\/\" \/>\n<meta property=\"og:site_name\" content=\"RAGNI\" \/>\n<meta property=\"article:publisher\" content=\"https:\/\/www.facebook.com\/Ragni.SAS\" \/>\n<meta property=\"article:modified_time\" content=\"2024-11-04T13:12:08+00:00\" \/>\n<meta property=\"og:image\" content=\"https:\/\/www.ragni.com\/wp-content\/uploads\/2022\/08\/nous-trouver-ragni.webp\" \/>\n\t<meta property=\"og:image:width\" content=\"1920\" \/>\n\t<meta property=\"og:image:height\" content=\"540\" \/>\n\t<meta property=\"og:image:type\" content=\"image\/webp\" \/>\n<meta name=\"twitter:card\" content=\"summary_large_image\" \/>\n<meta name=\"twitter:site\" content=\"@RAGNI_SAS\" \/>\n<meta name=\"twitter:label1\" content=\"Est. reading time\" \/>\n\t<meta name=\"twitter:data1\" content=\"1 minute\" \/>\n<script type=\"application\/ld+json\" class=\"yoast-schema-graph\">{\"@context\":\"https:\/\/schema.org\",\"@graph\":[{\"@type\":\"WebPage\",\"@id\":\"https:\/\/www.ragni.com\/es\/como-encontrarnos\/\",\"url\":\"https:\/\/www.ragni.com\/es\/como-encontrarnos\/\",\"name\":\"C\u00f3mo encontrarnos - RAGNI - Distribuidores y socios\",\"isPartOf\":{\"@id\":\"https:\/\/www.ragni.com\/es\/#website\"},\"primaryImageOfPage\":{\"@id\":\"https:\/\/www.ragni.com\/es\/como-encontrarnos\/#primaryimage\"},\"image\":{\"@id\":\"https:\/\/www.ragni.com\/es\/como-encontrarnos\/#primaryimage\"},\"thumbnailUrl\":\"https:\/\/www.ragni.com\/wp-content\/uploads\/2022\/08\/nous-trouver-ragni.webp\",\"datePublished\":\"2022-08-23T09:23:50+00:00\",\"dateModified\":\"2024-11-04T13:12:08+00:00\",\"description\":\"Inf\u00f3rmate sobre los socios y distribuidores de Ragni en Francia y d\u00f3nde encontrarnos en todo el mundo.\",\"breadcrumb\":{\"@id\":\"https:\/\/www.ragni.com\/es\/como-encontrarnos\/#breadcrumb\"},\"inLanguage\":\"es-ES\",\"potentialAction\":[{\"@type\":\"ReadAction\",\"target\":[\"https:\/\/www.ragni.com\/es\/como-encontrarnos\/\"]}]},{\"@type\":\"ImageObject\",\"inLanguage\":\"es-ES\",\"@id\":\"https:\/\/www.ragni.com\/es\/como-encontrarnos\/#primaryimage\",\"url\":\"https:\/\/www.ragni.com\/wp-content\/uploads\/2022\/08\/nous-trouver-ragni.webp\",\"contentUrl\":\"https:\/\/www.ragni.com\/wp-content\/uploads\/2022\/08\/nous-trouver-ragni.webp\",\"width\":1920,\"height\":540},{\"@type\":\"BreadcrumbList\",\"@id\":\"https:\/\/www.ragni.com\/es\/como-encontrarnos\/#breadcrumb\",\"itemListElement\":[{\"@type\":\"ListItem\",\"position\":1,\"name\":\"Accueil\",\"item\":\"https:\/\/www.ragni.com\/es\/\"},{\"@type\":\"ListItem\",\"position\":2,\"name\":\"C\u00f3mo encontrarnos\"}]},{\"@type\":\"WebSite\",\"@id\":\"https:\/\/www.ragni.com\/es\/#website\",\"url\":\"https:\/\/www.ragni.com\/es\/\",\"name\":\"RAGNI\",\"description\":\"La lumi\u00e8re \u00e0 votre image\",\"publisher\":{\"@id\":\"https:\/\/www.ragni.com\/es\/#organization\"},\"potentialAction\":[{\"@type\":\"SearchAction\",\"target\":{\"@type\":\"EntryPoint\",\"urlTemplate\":\"https:\/\/www.ragni.com\/es\/?s={search_term_string}\"},\"query-input\":{\"@type\":\"PropertyValueSpecification\",\"valueRequired\":true,\"valueName\":\"search_term_string\"}}],\"inLanguage\":\"es-ES\"},{\"@type\":\"Organization\",\"@id\":\"https:\/\/www.ragni.com\/es\/#organization\",\"name\":\"RAGNI\",\"url\":\"https:\/\/www.ragni.com\/es\/\",\"logo\":{\"@type\":\"ImageObject\",\"inLanguage\":\"es-ES\",\"@id\":\"https:\/\/www.ragni.com\/es\/#\/schema\/logo\/image\/\",\"url\":\"https:\/\/www.ragni.com\/wp-content\/uploads\/2022\/06\/Groupe-11.png\",\"contentUrl\":\"https:\/\/www.ragni.com\/wp-content\/uploads\/2022\/06\/Groupe-11.png\",\"width\":117,\"height\":40,\"caption\":\"RAGNI\"},\"image\":{\"@id\":\"https:\/\/www.ragni.com\/es\/#\/schema\/logo\/image\/\"},\"sameAs\":[\"https:\/\/www.facebook.com\/Ragni.SAS\",\"https:\/\/x.com\/RAGNI_SAS\",\"https:\/\/www.youtube.com\/channel\/UCg3LCUI39GyNBcrdS9QV9LA\",\"https:\/\/www.linkedin.com\/company\/ragni\"]}]}<\/script>\n<!-- \/ Yoast SEO plugin. -->","yoast_head_json":{"title":"C\u00f3mo encontrarnos - RAGNI - Distribuidores y socios","description":"Inf\u00f3rmate sobre los socios y distribuidores de Ragni en Francia y d\u00f3nde encontrarnos en todo el mundo.","robots":{"index":"index","follow":"follow","max-snippet":"max-snippet:-1","max-image-preview":"max-image-preview:large","max-video-preview":"max-video-preview:-1"},"canonical":"https:\/\/www.ragni.com\/es\/como-encontrarnos\/","og_locale":"es_ES","og_type":"article","og_title":"C\u00f3mo encontrarnos - RAGNI - Distribuidores y socios","og_description":"Inf\u00f3rmate sobre los socios y distribuidores de Ragni en Francia y d\u00f3nde encontrarnos en todo el mundo.","og_url":"https:\/\/www.ragni.com\/es\/como-encontrarnos\/","og_site_name":"RAGNI","article_publisher":"https:\/\/www.facebook.com\/Ragni.SAS","article_modified_time":"2024-11-04T13:12:08+00:00","og_image":[{"width":1920,"height":540,"url":"https:\/\/www.ragni.com\/wp-content\/uploads\/2022\/08\/nous-trouver-ragni.webp","type":"image\/webp"}],"twitter_card":"summary_large_image","twitter_site":"@RAGNI_SAS","twitter_misc":{"Est. reading time":"1 minute"},"schema":{"@context":"https:\/\/schema.org","@graph":[{"@type":"WebPage","@id":"https:\/\/www.ragni.com\/es\/como-encontrarnos\/","url":"https:\/\/www.ragni.com\/es\/como-encontrarnos\/","name":"C\u00f3mo encontrarnos - RAGNI - Distribuidores y socios","isPartOf":{"@id":"https:\/\/www.ragni.com\/es\/#website"},"primaryImageOfPage":{"@id":"https:\/\/www.ragni.com\/es\/como-encontrarnos\/#primaryimage"},"image":{"@id":"https:\/\/www.ragni.com\/es\/como-encontrarnos\/#primaryimage"},"thumbnailUrl":"https:\/\/www.ragni.com\/wp-content\/uploads\/2022\/08\/nous-trouver-ragni.webp","datePublished":"2022-08-23T09:23:50+00:00","dateModified":"2024-11-04T13:12:08+00:00","description":"Inf\u00f3rmate sobre los socios y distribuidores de Ragni en Francia y d\u00f3nde encontrarnos en todo el mundo.","breadcrumb":{"@id":"https:\/\/www.ragni.com\/es\/como-encontrarnos\/#breadcrumb"},"inLanguage":"es-ES","potentialAction":[{"@type":"ReadAction","target":["https:\/\/www.ragni.com\/es\/como-encontrarnos\/"]}]},{"@type":"ImageObject","inLanguage":"es-ES","@id":"https:\/\/www.ragni.com\/es\/como-encontrarnos\/#primaryimage","url":"https:\/\/www.ragni.com\/wp-content\/uploads\/2022\/08\/nous-trouver-ragni.webp","contentUrl":"https:\/\/www.ragni.com\/wp-content\/uploads\/2022\/08\/nous-trouver-ragni.webp","width":1920,"height":540},{"@type":"BreadcrumbList","@id":"https:\/\/www.ragni.com\/es\/como-encontrarnos\/#breadcrumb","itemListElement":[{"@type":"ListItem","position":1,"name":"Accueil","item":"https:\/\/www.ragni.com\/es\/"},{"@type":"ListItem","position":2,"name":"C\u00f3mo encontrarnos"}]},{"@type":"WebSite","@id":"https:\/\/www.ragni.com\/es\/#website","url":"https:\/\/www.ragni.com\/es\/","name":"RAGNI","description":"La lumi\u00e8re \u00e0 votre image","publisher":{"@id":"https:\/\/www.ragni.com\/es\/#organization"},"potentialAction":[{"@type":"SearchAction","target":{"@type":"EntryPoint","urlTemplate":"https:\/\/www.ragni.com\/es\/?s={search_term_string}"},"query-input":{"@type":"PropertyValueSpecification","valueRequired":true,"valueName":"search_term_string"}}],"inLanguage":"es-ES"},{"@type":"Organization","@id":"https:\/\/www.ragni.com\/es\/#organization","name":"RAGNI","url":"https:\/\/www.ragni.com\/es\/","logo":{"@type":"ImageObject","inLanguage":"es-ES","@id":"https:\/\/www.ragni.com\/es\/#\/schema\/logo\/image\/","url":"https:\/\/www.ragni.com\/wp-content\/uploads\/2022\/06\/Groupe-11.png","contentUrl":"https:\/\/www.ragni.com\/wp-content\/uploads\/2022\/06\/Groupe-11.png","width":117,"height":40,"caption":"RAGNI"},"image":{"@id":"https:\/\/www.ragni.com\/es\/#\/schema\/logo\/image\/"},"sameAs":["https:\/\/www.facebook.com\/Ragni.SAS","https:\/\/x.com\/RAGNI_SAS","https:\/\/www.youtube.com\/channel\/UCg3LCUI39GyNBcrdS9QV9LA","https:\/\/www.linkedin.com\/company\/ragni"]}]}},"_links":{"self":[{"href":"https:\/\/www.ragni.com\/es\/wp-json\/wp\/v2\/pages\/18006","targetHints":{"allow":["GET"]}}],"collection":[{"href":"https:\/\/www.ragni.com\/es\/wp-json\/wp\/v2\/pages"}],"about":[{"href":"https:\/\/www.ragni.com\/es\/wp-json\/wp\/v2\/types\/page"}],"author":[{"embeddable":true,"href":"https:\/\/www.ragni.com\/es\/wp-json\/wp\/v2\/users\/1"}],"replies":[{"embeddable":true,"href":"https:\/\/www.ragni.com\/es\/wp-json\/wp\/v2\/comments?post=18006"}],"version-history":[{"count":14,"href":"https:\/\/www.ragni.com\/es\/wp-json\/wp\/v2\/pages\/18006\/revisions"}],"predecessor-version":[{"id":20183,"href":"https:\/\/www.ragni.com\/es\/wp-json\/wp\/v2\/pages\/18006\/revisions\/20183"}],"wp:featuredmedia":[{"embeddable":true,"href":"https:\/\/www.ragni.com\/es\/wp-json\/wp\/v2\/media\/800"}],"wp:attachment":[{"href":"https:\/\/www.ragni.com\/es\/wp-json\/wp\/v2\/media?parent=18006"}],"curies":[{"name":"wp","href":"https:\/\/api.w.org\/{rel}","templated":true}]}}