{"id":19882,"date":"2022-11-02T11:19:42","date_gmt":"2022-11-02T10:19:42","guid":{"rendered":"https:\/\/www.ragni.com\/informacion-legal\/"},"modified":"2026-02-13T14:12:24","modified_gmt":"2026-02-13T13:12:24","slug":"informacion-legal","status":"publish","type":"page","link":"https:\/\/www.ragni.com\/es\/informacion-legal\/","title":{"rendered":"Informaci\u00f3n legal"},"content":{"rendered":"<h3><\/h3>\n<h3><\/h3>\n<h3><b><strong>IDENTIFICACI\u00d3N<\/strong><\/b><\/h3>\n<p>El sitio web www.ragni.com est\u00e1 editado por RAGNI, una SAS con capital de 610.000 euros inscrita en el Registro Mercantil y de Sociedades de Grasse con el n\u00famero B 303 275 473, cuyo domicilio social se encuentra en : Lieudit Le Gueirard &#8211; 06610 La Gaude, Francia y cuyo n\u00famero de tel\u00e9fono es +33 (0)4 93 31 05 48.<\/p>\n<h3 style=\"font-weight: 400;\"><u>Alojamiento<\/u>:<\/h3>\n<p style=\"font-weight: 400;\">Ecritel<b><strong><br \/>\n<\/strong><\/b><\/p>\n<p>Empresa: Ecritel Direcci\u00f3n web:<a href=\"https:\/\/www.ecritel.fr\/fr\/\">www.ecritel.fr\/fr<\/a> Sede social: 5 DOAREN MOLAC 56610 ARRADON Tel:<a href=\"tel:+33140612000\">+ 33 (0)1 40 61 20 00 <\/a> Direcci\u00f3n de correo electr\u00f3nico:<a href=\"mailto:contact@ecritel.net\">contact@ecritel.net<\/a><\/p>\n<p><u>Dise\u00f1o del sitio<\/u>: Agencia Blik \/ Departamento de Marketing y Comunicaci\u00f3n de Ragni <u>Responsable de la publicaci\u00f3n<\/u>: Julie MERIAUX<\/p>\n<p>&nbsp;<\/p>\n<h3><b><strong>PROPIEDAD INTELECTUAL<\/strong><\/b><\/h3>\n<p>La arquitectura del sitio y todo su contenido son propiedad exclusiva de la empresa Ragni, y est\u00e1n protegidos por la legislaci\u00f3n francesa relativa a la propiedad intelectual, as\u00ed como por la normativa internacional vigente. Quedan reservados todos los derechos de reproducci\u00f3n, incluyendo fotos, textos, documentales y representaciones gr\u00e1ficas. Por lo tanto, salvo autorizaci\u00f3n expresa de RAGNI, toda reproducci\u00f3n, representaci\u00f3n, modificaci\u00f3n o adaptaci\u00f3n del contenido del sitio est\u00e1 estrictamente prohibida.<\/p>\n<p>&nbsp;<\/p>\n<h3><b><strong>RESPONSABILIDAD<\/strong><\/b><\/h3>\n<p>6.1. La soci\u00e9t\u00e9 RAGNI ne saurait garantir \u00e0 l\u2019utilisateur le secret des correspondances des courriers \u00e9lectroniques ou de tout autre mode de communication utilisant le support du r\u00e9seau internet et pouvant \u00eatre capt\u00e9s par un tiers, du fait du mode de circulation des donn\u00e9es sur ce r\u00e9seau, sauf mention expresse dans les conditions g\u00e9n\u00e9rales de vente figurant sur ce site. 6.2. De plus, il appartient \u00e0 chaque utilisateur de prendre toutes les mesures appropri\u00e9es de fa\u00e7on \u00e0 prot\u00e9ger ses propres donn\u00e9es et\/ou logiciels de la contamination d\u2019\u00e9ventuels virus circulant sur internet. 6.3. Par ailleurs, la soci\u00e9t\u00e9 RAGNI ne saurait \u00eatre responsable des cons\u00e9quences, directes ou indirectes, pouvant d\u00e9couler de vos erreurs de saisie de coordonn\u00e9es ou de toute autre information incompl\u00e8te ou erron\u00e9e transmise par vos soins via le pr\u00e9sent site.<\/p>\n<p>&nbsp;<\/p>\n<h3><b><strong>ENLACES DE HIPERTEXTO<\/strong><\/b><\/h3>\n<p>La creaci\u00f3n de enlaces de hipertexto (simples o profundos) hacia nuestro sitio est\u00e1 sujeta al acuerdo previo de nuestro Director de Publicaciones. La RAGNI no se hace responsable del contenido de las p\u00e1ginas publicadas por terceros y que puedan ser accesibles a trav\u00e9s de enlaces de hipertexto desde el sitio, ya que la RAGNI no tiene ning\u00fan control sobre el contenido de estas p\u00e1ginas.<\/p>\n<p>&nbsp;<\/p>\n<h3><b><strong>LEY APLICABLE &#8211; JURISDICCI\u00d3N<\/strong><\/b><\/h3>\n<p>Este aviso legal est\u00e1 sujeto a la legislaci\u00f3n francesa. En caso de litigio entre la RAGNI y comerciantes o profesionales en relaci\u00f3n con la interpretaci\u00f3n, ejecuci\u00f3n o resoluci\u00f3n de las presentes condiciones, el Tribunal de Comercio de Grasse ser\u00e1 el \u00fanico competente si no se ha encontrado previamente una soluci\u00f3n amistosa. En caso de litigio entre la RAGNI y no comerciantes o no profesionales relativo a la interpretaci\u00f3n, ejecuci\u00f3n o rescisi\u00f3n de las presentes condiciones, el Tribunal de Comercio de Grasse ser\u00e1 el \u00fanico competente si no se ha encontrado previamente una soluci\u00f3n amistosa.<\/p>\n","protected":false},"excerpt":{"rendered":"<p>IDENTIFICACI\u00d3N El sitio web www.ragni.com est\u00e1 editado por RAGNI, una SAS con capital de 610.000 euros inscrita en el Registro [&hellip;]<\/p>\n","protected":false},"author":1,"featured_media":0,"parent":0,"menu_order":0,"comment_status":"closed","ping_status":"closed","template":"","meta":{"footnotes":""},"class_list":["post-19882","page","type-page","status-publish","hentry"],"yoast_head":"<!-- This site is optimized with the Yoast SEO plugin v24.0 - https:\/\/yoast.com\/wordpress\/plugins\/seo\/ -->\n<title>Informaci\u00f3n legal - RAGNI<\/title>\n<meta name=\"description\" content=\"Ragni est une entreprise familiale fond\u00e9e en 1927 fabricants fran\u00e7ais ind\u00e9pendants de son secteur : l&#039;\u00e9clairage public\" \/>\n<meta name=\"robots\" content=\"index, follow, max-snippet:-1, max-image-preview:large, max-video-preview:-1\" \/>\n<link rel=\"canonical\" href=\"https:\/\/www.ragni.com\/es\/informacion-legal\/\" \/>\n<meta property=\"og:locale\" content=\"es_ES\" \/>\n<meta property=\"og:type\" content=\"article\" \/>\n<meta property=\"og:title\" content=\"Informaci\u00f3n legal - RAGNI\" \/>\n<meta property=\"og:description\" content=\"Ragni est une entreprise familiale fond\u00e9e en 1927 fabricants fran\u00e7ais ind\u00e9pendants de son secteur : l&#039;\u00e9clairage public\" \/>\n<meta property=\"og:url\" content=\"https:\/\/www.ragni.com\/es\/informacion-legal\/\" \/>\n<meta property=\"og:site_name\" content=\"RAGNI\" \/>\n<meta property=\"article:publisher\" content=\"https:\/\/www.facebook.com\/Ragni.SAS\" \/>\n<meta property=\"article:modified_time\" content=\"2026-02-13T13:12:24+00:00\" \/>\n<meta name=\"twitter:card\" content=\"summary_large_image\" \/>\n<meta name=\"twitter:site\" content=\"@RAGNI_SAS\" \/>\n<meta name=\"twitter:label1\" content=\"Est. reading time\" \/>\n\t<meta name=\"twitter:data1\" content=\"4 minutes\" \/>\n<script type=\"application\/ld+json\" class=\"yoast-schema-graph\">{\"@context\":\"https:\/\/schema.org\",\"@graph\":[{\"@type\":\"WebPage\",\"@id\":\"https:\/\/www.ragni.com\/es\/informacion-legal\/\",\"url\":\"https:\/\/www.ragni.com\/es\/informacion-legal\/\",\"name\":\"Informaci\u00f3n legal - RAGNI\",\"isPartOf\":{\"@id\":\"https:\/\/www.ragni.com\/es\/#website\"},\"datePublished\":\"2022-11-02T10:19:42+00:00\",\"dateModified\":\"2026-02-13T13:12:24+00:00\",\"description\":\"Ragni est une entreprise familiale fond\u00e9e en 1927 fabricants fran\u00e7ais ind\u00e9pendants de son secteur : l'\u00e9clairage public\",\"breadcrumb\":{\"@id\":\"https:\/\/www.ragni.com\/es\/informacion-legal\/#breadcrumb\"},\"inLanguage\":\"es-ES\",\"potentialAction\":[{\"@type\":\"ReadAction\",\"target\":[\"https:\/\/www.ragni.com\/es\/informacion-legal\/\"]}]},{\"@type\":\"BreadcrumbList\",\"@id\":\"https:\/\/www.ragni.com\/es\/informacion-legal\/#breadcrumb\",\"itemListElement\":[{\"@type\":\"ListItem\",\"position\":1,\"name\":\"Accueil\",\"item\":\"https:\/\/www.ragni.com\/es\/\"},{\"@type\":\"ListItem\",\"position\":2,\"name\":\"Informaci\u00f3n legal\"}]},{\"@type\":\"WebSite\",\"@id\":\"https:\/\/www.ragni.com\/es\/#website\",\"url\":\"https:\/\/www.ragni.com\/es\/\",\"name\":\"RAGNI\",\"description\":\"La lumi\u00e8re \u00e0 votre image\",\"publisher\":{\"@id\":\"https:\/\/www.ragni.com\/es\/#organization\"},\"potentialAction\":[{\"@type\":\"SearchAction\",\"target\":{\"@type\":\"EntryPoint\",\"urlTemplate\":\"https:\/\/www.ragni.com\/es\/?s={search_term_string}\"},\"query-input\":{\"@type\":\"PropertyValueSpecification\",\"valueRequired\":true,\"valueName\":\"search_term_string\"}}],\"inLanguage\":\"es-ES\"},{\"@type\":\"Organization\",\"@id\":\"https:\/\/www.ragni.com\/es\/#organization\",\"name\":\"RAGNI\",\"url\":\"https:\/\/www.ragni.com\/es\/\",\"logo\":{\"@type\":\"ImageObject\",\"inLanguage\":\"es-ES\",\"@id\":\"https:\/\/www.ragni.com\/es\/#\/schema\/logo\/image\/\",\"url\":\"https:\/\/www.ragni.com\/wp-content\/uploads\/2022\/06\/Groupe-11.png\",\"contentUrl\":\"https:\/\/www.ragni.com\/wp-content\/uploads\/2022\/06\/Groupe-11.png\",\"width\":117,\"height\":40,\"caption\":\"RAGNI\"},\"image\":{\"@id\":\"https:\/\/www.ragni.com\/es\/#\/schema\/logo\/image\/\"},\"sameAs\":[\"https:\/\/www.facebook.com\/Ragni.SAS\",\"https:\/\/x.com\/RAGNI_SAS\",\"https:\/\/www.youtube.com\/channel\/UCg3LCUI39GyNBcrdS9QV9LA\",\"https:\/\/www.linkedin.com\/company\/ragni\"]}]}<\/script>\n<!-- \/ Yoast SEO plugin. -->","yoast_head_json":{"title":"Informaci\u00f3n legal - RAGNI","description":"Ragni est une entreprise familiale fond\u00e9e en 1927 fabricants fran\u00e7ais ind\u00e9pendants de son secteur : l'\u00e9clairage public","robots":{"index":"index","follow":"follow","max-snippet":"max-snippet:-1","max-image-preview":"max-image-preview:large","max-video-preview":"max-video-preview:-1"},"canonical":"https:\/\/www.ragni.com\/es\/informacion-legal\/","og_locale":"es_ES","og_type":"article","og_title":"Informaci\u00f3n legal - RAGNI","og_description":"Ragni est une entreprise familiale fond\u00e9e en 1927 fabricants fran\u00e7ais ind\u00e9pendants de son secteur : l'\u00e9clairage public","og_url":"https:\/\/www.ragni.com\/es\/informacion-legal\/","og_site_name":"RAGNI","article_publisher":"https:\/\/www.facebook.com\/Ragni.SAS","article_modified_time":"2026-02-13T13:12:24+00:00","twitter_card":"summary_large_image","twitter_site":"@RAGNI_SAS","twitter_misc":{"Est. reading time":"4 minutes"},"schema":{"@context":"https:\/\/schema.org","@graph":[{"@type":"WebPage","@id":"https:\/\/www.ragni.com\/es\/informacion-legal\/","url":"https:\/\/www.ragni.com\/es\/informacion-legal\/","name":"Informaci\u00f3n legal - RAGNI","isPartOf":{"@id":"https:\/\/www.ragni.com\/es\/#website"},"datePublished":"2022-11-02T10:19:42+00:00","dateModified":"2026-02-13T13:12:24+00:00","description":"Ragni est une entreprise familiale fond\u00e9e en 1927 fabricants fran\u00e7ais ind\u00e9pendants de son secteur : l'\u00e9clairage public","breadcrumb":{"@id":"https:\/\/www.ragni.com\/es\/informacion-legal\/#breadcrumb"},"inLanguage":"es-ES","potentialAction":[{"@type":"ReadAction","target":["https:\/\/www.ragni.com\/es\/informacion-legal\/"]}]},{"@type":"BreadcrumbList","@id":"https:\/\/www.ragni.com\/es\/informacion-legal\/#breadcrumb","itemListElement":[{"@type":"ListItem","position":1,"name":"Accueil","item":"https:\/\/www.ragni.com\/es\/"},{"@type":"ListItem","position":2,"name":"Informaci\u00f3n legal"}]},{"@type":"WebSite","@id":"https:\/\/www.ragni.com\/es\/#website","url":"https:\/\/www.ragni.com\/es\/","name":"RAGNI","description":"La lumi\u00e8re \u00e0 votre image","publisher":{"@id":"https:\/\/www.ragni.com\/es\/#organization"},"potentialAction":[{"@type":"SearchAction","target":{"@type":"EntryPoint","urlTemplate":"https:\/\/www.ragni.com\/es\/?s={search_term_string}"},"query-input":{"@type":"PropertyValueSpecification","valueRequired":true,"valueName":"search_term_string"}}],"inLanguage":"es-ES"},{"@type":"Organization","@id":"https:\/\/www.ragni.com\/es\/#organization","name":"RAGNI","url":"https:\/\/www.ragni.com\/es\/","logo":{"@type":"ImageObject","inLanguage":"es-ES","@id":"https:\/\/www.ragni.com\/es\/#\/schema\/logo\/image\/","url":"https:\/\/www.ragni.com\/wp-content\/uploads\/2022\/06\/Groupe-11.png","contentUrl":"https:\/\/www.ragni.com\/wp-content\/uploads\/2022\/06\/Groupe-11.png","width":117,"height":40,"caption":"RAGNI"},"image":{"@id":"https:\/\/www.ragni.com\/es\/#\/schema\/logo\/image\/"},"sameAs":["https:\/\/www.facebook.com\/Ragni.SAS","https:\/\/x.com\/RAGNI_SAS","https:\/\/www.youtube.com\/channel\/UCg3LCUI39GyNBcrdS9QV9LA","https:\/\/www.linkedin.com\/company\/ragni"]}]}},"_links":{"self":[{"href":"https:\/\/www.ragni.com\/es\/wp-json\/wp\/v2\/pages\/19882","targetHints":{"allow":["GET"]}}],"collection":[{"href":"https:\/\/www.ragni.com\/es\/wp-json\/wp\/v2\/pages"}],"about":[{"href":"https:\/\/www.ragni.com\/es\/wp-json\/wp\/v2\/types\/page"}],"author":[{"embeddable":true,"href":"https:\/\/www.ragni.com\/es\/wp-json\/wp\/v2\/users\/1"}],"replies":[{"embeddable":true,"href":"https:\/\/www.ragni.com\/es\/wp-json\/wp\/v2\/comments?post=19882"}],"version-history":[{"count":2,"href":"https:\/\/www.ragni.com\/es\/wp-json\/wp\/v2\/pages\/19882\/revisions"}],"predecessor-version":[{"id":23698,"href":"https:\/\/www.ragni.com\/es\/wp-json\/wp\/v2\/pages\/19882\/revisions\/23698"}],"wp:attachment":[{"href":"https:\/\/www.ragni.com\/es\/wp-json\/wp\/v2\/media?parent=19882"}],"curies":[{"name":"wp","href":"https:\/\/api.w.org\/{rel}","templated":true}]}}