{"id":23706,"date":"2023-09-21T16:58:10","date_gmt":"2023-09-21T15:58:10","guid":{"rendered":"https:\/\/www.ragni.com\/?page_id=23706"},"modified":"2026-02-23T09:36:39","modified_gmt":"2026-02-23T08:36:39","slug":"politica-de-cookies","status":"publish","type":"page","link":"https:\/\/www.ragni.com\/es\/politica-de-cookies\/","title":{"rendered":"Pol\u00edtica de Cookies"},"content":{"rendered":"<div class=\"wpb-content-wrapper\"><p>[vc_row][vc_column][vc_custom_heading uncode_shortcode_id=&#8221;335535&#8243;]<\/p>\n<h1>Pol\u00edtica de Cookies<\/h1>\n<p>[\/vc_custom_heading][vc_column_text uncode_shortcode_id=&#8221;157378&#8243;]<\/p>\n<h2>\u00bfQu\u00e9 es una cookie?<\/h2>\n<p>Las cookies son peque\u00f1os archivos de datos que se almacenan en su ordenador, tel\u00e9fono m\u00f3vil o tableta cuando visita un sitio web. Contienen identificadores \u00fanicos asociados a su dispositivo.<\/p>\n<p>Las cookies permiten mejorar su experiencia de usuario, ya que recuerdan sus acciones y preferencias (por ejemplo, idioma, configuraci\u00f3n de visualizaci\u00f3n o localizaci\u00f3n), evitando que tenga que volver a configurarlas en cada visita.<\/p>\n<p>Las cookies no permiten identificarle directamente como persona f\u00edsica. No obstante, registran informaci\u00f3n relativa a su navegaci\u00f3n en el sitio web (como las p\u00e1ginas visitadas, la fecha y hora de acceso, etc.), que podr\u00e1 ser le\u00edda en visitas posteriores.<\/p>\n<p>Para todos los tratamientos de datos relacionados con la utilizaci\u00f3n de cookies, Ragni, Soci\u00e9t\u00e9 par Actions Simplifi\u00e9e con un capital social de 610.000 euros, con domicilio social en Lieudit Le Guerard, Chemin du Vallon des Vaux, 06610 La Gaude, Francia, determina los fines y medios del tratamiento.<\/p>\n<p>En consecuencia, Ragni act\u00faa como responsable del tratamiento, de conformidad con la normativa aplicable en materia de protecci\u00f3n de datos personales y, en particular, con el Reglamento (UE) 2016\/679 (RGPD).<\/p>\n<p>Ragni concede la m\u00e1xima importancia a la protecci\u00f3n de la vida privada y de los datos personales, as\u00ed como al cumplimiento de la normativa vigente.<\/p>\n<p>La presente Pol\u00edtica de Cookies (en adelante, la \u00abPol\u00edtica\u00bb) tiene por objeto proporcionarle informaci\u00f3n clara y transparente sobre la forma en que se recopilan sus datos a trav\u00e9s de las cookies instaladas en el sitio web.<\/p>\n<h2>\u00bfSe instalan cookies cuando navega por el sitio web?<\/h2>\n<p>En su primera visita al sitio web, se mostrar\u00e1 un banner informativo sobre el uso de cookies que le permitir\u00e1 aceptar, rechazar o configurar aquellas que lo requieran.<\/p>\n<p>Las cookies que requieren su consentimiento conforme a la normativa aplicable \u00fanicamente se instalar\u00e1n si usted las acepta expresamente.<\/p>\n<p>Puede obtener informaci\u00f3n adicional y configurar sus preferencias en cualquier momento accediendo al enlace \u00abGestionar mis cookies\u00bb disponible en la parte inferior de cada p\u00e1gina del sitio web o mediante la configuraci\u00f3n de su navegador.<\/p>\n<h2>\u00bfQu\u00e9 datos se recopilan mediante las cookies?<\/h2>\n<p>A trav\u00e9s de las cookies pueden recopilarse, entre otros, los siguientes datos relativos a un dispositivo en un momento determinado:<\/p>\n<ul>\n<li>Uno o varios identificadores t\u00e9cnicos asociados a su conexi\u00f3n a Internet;<\/li>\n<li>Fecha, hora y duraci\u00f3n de la conexi\u00f3n al sitio web;<\/li>\n<li>Direcci\u00f3n de Internet de la p\u00e1gina de procedencia (URL de referencia);<\/li>\n<li>Sistema operativo del dispositivo (por ejemplo, Windows, macOS, Linux, Unix);<\/li>\n<li>Tipo y versi\u00f3n del navegador utilizado (Internet Explorer, Firefox, Safari, Chrome, Opera, etc.);<\/li>\n<li>Marca y modelo del dispositivo m\u00f3vil o tableta;<\/li>\n<li>Posibles errores de descarga;<\/li>\n<li>Idioma del navegador;<\/li>\n<li>Caracter\u00edsticas de los contenidos consultados y compartidos.<\/li>\n<\/ul>\n<h2>\u00bfCu\u00e1les son las finalidades de las cookies utilizadas?<\/h2>\n<p><strong>Cookies estrictamente necesarias<\/strong><\/p>\n<p>Estas cookies son indispensables para el correcto funcionamiento y la personalizaci\u00f3n del sitio web. Permiten:<\/p>\n<ul>\n<li>Guardar informaci\u00f3n entre dos visitas realizadas desde el mismo dispositivo;<\/li>\n<li>Almacenar identificadores de sesi\u00f3n;<\/li>\n<li>Memorizar preferencias de interfaz (idioma o presentaci\u00f3n).<\/li>\n<\/ul>\n<p>Estas cookies no requieren su consentimiento previo, ya que son esenciales para el funcionamiento del sitio web.<\/p>\n<p><strong>Cookies de an\u00e1lisis o medici\u00f3n de audiencia<\/strong><\/p>\n<p>Estas cookies permiten analizar el uso del sitio web y medir su rendimiento, con el fin de mejorar su funcionamiento y la experiencia de los usuarios.<\/p>\n<p>Permiten, por ejemplo, elaborar estad\u00edsticas de visitas y medir el volumen y la utilizaci\u00f3n de las distintas secciones y contenidos del sitio (p\u00e1ginas visitadas, recorrido de navegaci\u00f3n), con el objetivo de mejorar su inter\u00e9s y ergonom\u00eda.[\/vc_column_text][\/vc_column][\/vc_row][vc_row][vc_column width=&#8221;1\/1&#8243;][vc_row_inner row_inner_height_percent=&#8221;0&#8243; overlay_alpha=&#8221;50&#8243; gutter_size=&#8221;3&#8243; border_color=&#8221;color-jevc&#8221; border_style=&#8221;solid&#8221; shift_y=&#8221;0&#8243; z_index=&#8221;0&#8243; uncode_shortcode_id=&#8221;364681&#8243; border_color_type=&#8221;uncode-palette&#8221; limit_content=&#8221;&#8221;][vc_column_inner width=&#8221;1\/3&#8243;][vc_column_text border_color=&#8221;color-jevc&#8221; border_style=&#8221;inherit&#8221; uncode_shortcode_id=&#8221;424171&#8243; border_color_type=&#8221;uncode-palette&#8221;]<strong>NOMBRE DE LA COOKIE<\/strong>[\/vc_column_text][\/vc_column_inner][vc_column_inner width=&#8221;1\/3&#8243;][vc_column_text uncode_shortcode_id=&#8221;143128&#8243;]<strong>FINALIDAD<\/strong>[\/vc_column_text][\/vc_column_inner][vc_column_inner width=&#8221;1\/3&#8243;][vc_column_text uncode_shortcode_id=&#8221;515985&#8243;]<strong>PLAZO DE CONSERVACI\u00d3N<\/strong>[\/vc_column_text][\/vc_column_inner][\/vc_row_inner][vc_row_inner row_inner_height_percent=&#8221;0&#8243; overlay_alpha=&#8221;50&#8243; gutter_size=&#8221;3&#8243; border_color=&#8221;color-jevc&#8221; border_style=&#8221;solid&#8221; shift_y=&#8221;0&#8243; z_index=&#8221;0&#8243; uncode_shortcode_id=&#8221;364681&#8243; border_color_type=&#8221;uncode-palette&#8221; limit_content=&#8221;&#8221;][vc_column_inner width=&#8221;1\/3&#8243;][vc_column_text uncode_shortcode_id=&#8221;737959&#8243;]cmplz_banner-status, cmplz_consented_services, cmplz_functional, cmplz_marketing, cmplz_policy_id, cmplz_preferences, cmplz_statistics[\/vc_column_text][\/vc_column_inner][vc_column_inner width=&#8221;1\/3&#8243;][vc_column_text uncode_shortcode_id=&#8221;214269&#8243;]Registran las elecciones de consentimiento del usuario y almacenan sus preferencias en materia de cookies[\/vc_column_text][\/vc_column_inner][vc_column_inner width=&#8221;1\/3&#8243;][vc_column_text uncode_shortcode_id=&#8221;166873&#8243;]6 meses[\/vc_column_text][\/vc_column_inner][\/vc_row_inner][vc_row_inner row_inner_height_percent=&#8221;0&#8243; overlay_alpha=&#8221;50&#8243; gutter_size=&#8221;3&#8243; border_color=&#8221;color-jevc&#8221; border_style=&#8221;solid&#8221; shift_y=&#8221;0&#8243; z_index=&#8221;0&#8243; uncode_shortcode_id=&#8221;364681&#8243; border_color_type=&#8221;uncode-palette&#8221; limit_content=&#8221;&#8221;][vc_column_inner width=&#8221;1\/3&#8243;][vc_column_text uncode_shortcode_id=&#8221;833677&#8243;]wp-wpml_current_language[\/vc_column_text][\/vc_column_inner][vc_column_inner width=&#8221;1\/3&#8243;][vc_column_text uncode_shortcode_id=&#8221;371853&#8243;]Almacena el idioma seleccionado por el usuario[\/vc_column_text][\/vc_column_inner][vc_column_inner width=&#8221;1\/3&#8243;][vc_column_text uncode_shortcode_id=&#8221;254542&#8243;]Sesi\u00f3n[\/vc_column_text][\/vc_column_inner][\/vc_row_inner][vc_row_inner row_inner_height_percent=&#8221;0&#8243; overlay_alpha=&#8221;50&#8243; gutter_size=&#8221;3&#8243; border_color=&#8221;color-jevc&#8221; border_style=&#8221;solid&#8221; shift_y=&#8221;0&#8243; z_index=&#8221;0&#8243; uncode_shortcode_id=&#8221;364681&#8243; border_color_type=&#8221;uncode-palette&#8221; limit_content=&#8221;&#8221;][vc_column_inner width=&#8221;1\/3&#8243;][vc_column_text uncode_shortcode_id=&#8221;138836&#8243;]_ga, ga*[\/vc_column_text][\/vc_column_inner][vc_column_inner width=&#8221;1\/3&#8243;][vc_column_text uncode_shortcode_id=&#8221;207369&#8243;]Medici\u00f3n de audiencia y estad\u00edsticas anonimizadas de uso del sitio (Google Analytics)[\/vc_column_text][\/vc_column_inner][vc_column_inner width=&#8221;1\/3&#8243;][vc_column_text uncode_shortcode_id=&#8221;202738&#8243;]13 meses[\/vc_column_text][\/vc_column_inner][\/vc_row_inner][vc_row_inner row_inner_height_percent=&#8221;0&#8243; overlay_alpha=&#8221;50&#8243; gutter_size=&#8221;3&#8243; border_color=&#8221;color-jevc&#8221; border_style=&#8221;solid&#8221; shift_y=&#8221;0&#8243; z_index=&#8221;0&#8243; uncode_shortcode_id=&#8221;364681&#8243; border_color_type=&#8221;uncode-palette&#8221; limit_content=&#8221;&#8221;][vc_column_inner width=&#8221;1\/3&#8243;][vc_column_text uncode_shortcode_id=&#8221;205232&#8243;]__Secure-ENID, DV, SOCS, AEC[\/vc_column_text][\/vc_column_inner][vc_column_inner width=&#8221;1\/3&#8243;][vc_column_text uncode_shortcode_id=&#8221;576233&#8243;]Cookies utilizadas por Google para seguridad, prevenci\u00f3n de abusos, medici\u00f3n de audiencia y funcionamiento de servicios integrados[\/vc_column_text][\/vc_column_inner][vc_column_inner width=&#8221;1\/3&#8243;][vc_column_text uncode_shortcode_id=&#8221;604432&#8243;]6 meses[\/vc_column_text][\/vc_column_inner][\/vc_row_inner][vc_row_inner row_inner_height_percent=&#8221;0&#8243; overlay_alpha=&#8221;50&#8243; gutter_size=&#8221;3&#8243; border_color=&#8221;color-jevc&#8221; border_style=&#8221;solid&#8221; shift_y=&#8221;0&#8243; z_index=&#8221;0&#8243; uncode_shortcode_id=&#8221;364681&#8243; border_color_type=&#8221;uncode-palette&#8221; limit_content=&#8221;&#8221;][vc_column_inner width=&#8221;1\/3&#8243;][vc_column_text uncode_shortcode_id=&#8221;138160&#8243;]sbjs_current, sbjs_current_add, sbjs_first, sbjs_first_add, sbjs_migrations, sbjs_session, sbjs_udata[\/vc_column_text][\/vc_column_inner][vc_column_inner width=&#8221;1\/3&#8243;][vc_column_text uncode_shortcode_id=&#8221;183936&#8243;]An\u00e1lisis de fuentes de tr\u00e1fico y seguimiento del recorrido del usuario con fines estad\u00edsticos[\/vc_column_text][\/vc_column_inner][vc_column_inner width=&#8221;1\/3&#8243;][vc_column_text uncode_shortcode_id=&#8221;604432&#8243;]6 meses[\/vc_column_text][\/vc_column_inner][\/vc_row_inner][\/vc_column][\/vc_row][vc_row][vc_column][vc_column_text uncode_shortcode_id=&#8221;526213&#8243;]<\/p>\n<h2>\u00bfQui\u00e9n instala las cookies?<\/h2>\n<p>Las cookies pueden ser instaladas por:<\/p>\n<ul>\n<li>Ragni, como editor del sitio web;<\/li>\n<li>Proveedores de servicios que act\u00faan como encargados del tratamiento por cuenta de Ragni y que tratan datos de navegaci\u00f3n con fines t\u00e9cnicos.<\/li>\n<\/ul>\n<h2>\u00bfC\u00f3mo gestionar su consentimiento?<\/h2>\n<p>La instalaci\u00f3n de cookies de an\u00e1lisis requiere su consentimiento previo.<\/p>\n<p>Este consentimiento se solicita a trav\u00e9s del banner que aparece en su primera visita al sitio web.<\/p>\n<p>Puede aceptar o rechazar estas cookies y retirar su consentimiento en cualquier momento accediendo al enlace \u00abGestionar mis cookies\u00bb disponible en la parte inferior de cada p\u00e1gina del sitio web.<\/p>\n<h2>\u00bfC\u00f3mo configurar las cookies en su navegador?<\/h2>\n<p>Puede configurar su navegador para:<\/p>\n<ul>\n<li>Aceptar todas las cookies;<\/li>\n<li>Rechazar todas las cookies;<\/li>\n<li>Eliminar cookies peri\u00f3dicamente;<\/li>\n<li>Ser informado cuando se instale una cookie y consultar su duraci\u00f3n y contenido antes de aceptarla.<\/li>\n<\/ul>\n<p>Puede bloquear o desactivar las cookies en cualquier momento configurando el navegador de su ordenador, tableta o tel\u00e9fono m\u00f3vil, conforme a las instrucciones facilitadas por el proveedor del navegador.<\/p>\n<p>Puede consultar informaci\u00f3n espec\u00edfica para los navegadores m\u00e1s utilizados:<\/p>\n<ul class=\"wp-block-list\">\n<li><a href=\"https:\/\/support.microsoft.com\/es-es\/topic\/c%C3%B3mo-eliminar-archivos-de-cookies-en-internet-explorer-bca9446f-d873-78de-77ba-d42645fa52fc\" target=\"_blank\" rel=\"noreferrer noopener nofollow\">Internet Explorer<\/a><\/li>\n<li><a href=\"https:\/\/support.google.com\/chrome\/answer\/95647?hl=es&amp;sjid=12990004451911790528-EU\" target=\"_blank\" rel=\"noreferrer noopener nofollow\">Chro<\/a><a href=\"https:\/\/support.google.com\/chrome\/answer\/95647?hl=fr\" target=\"_blank\" rel=\"noreferrer noopener nofollow\">me<\/a><\/li>\n<li><a href=\"https:\/\/support.mozilla.org\/es\/kb\/Protecci%C3%B3n-contra-el-rastreo-mejorada-en-Firefox-para-escritorio?redirectslug=activer-desactiver-cookies-preferences&amp;redirectlocale=fr\" target=\"_blank\" rel=\"noreferrer noopener nofollow\">Firefox<\/a><\/li>\n<li><a href=\"https:\/\/support.apple.com\/es-es\/guide\/safari\/sfri11471\/mac\" target=\"_blank\" rel=\"noreferrer noopener nofollow\">Safari<\/a><\/li>\n<li><a href=\"https:\/\/blogs.opera.com\/tips-and-tricks\/2023\/04\/clean-browser-and-remove-trackers\/\" target=\"_blank\" rel=\"noreferrer noopener nofollow\">Opera<\/a><\/li>\n<\/ul>\n<p>Tambi\u00e9n puede consultar el apartado \u00abAyuda\u00bb de su navegador.<\/p>\n<h2>\u00bfCu\u00e1les son las consecuencias de rechazar cookies?<\/h2>\n<p>Si rechaza o elimina las cookies necesarias para el correcto funcionamiento del sitio web, su navegaci\u00f3n y experiencia de usuario podr\u00e1n verse limitadas.<\/p>\n<p>El rechazo de cookies no esenciales no impedir\u00e1 el acceso al sitio web ni el uso de sus funcionalidades principales.[\/vc_column_text][\/vc_column][\/vc_row]<\/p>\n<\/div>","protected":false},"excerpt":{"rendered":"<p>[vc_row][vc_column][vc_custom_heading uncode_shortcode_id=&#8221;335535&#8243;] Pol\u00edtica de Cookies [\/vc_custom_heading][vc_column_text uncode_shortcode_id=&#8221;157378&#8243;] \u00bfQu\u00e9 es una cookie? Las cookies son peque\u00f1os archivos de datos que se [&hellip;]<\/p>\n","protected":false},"author":9,"featured_media":0,"parent":0,"menu_order":0,"comment_status":"closed","ping_status":"closed","template":"","meta":{"footnotes":""},"class_list":["post-23706","page","type-page","status-publish","hentry"],"yoast_head":"<!-- This site is optimized with the Yoast SEO plugin v24.0 - https:\/\/yoast.com\/wordpress\/plugins\/seo\/ -->\n<title>Pol\u00edtica de Cookies - RAGNI<\/title>\n<meta name=\"description\" content=\"Ragni est une entreprise familiale fond\u00e9e en 1927 fabricants fran\u00e7ais ind\u00e9pendants de son secteur : l&#039;\u00e9clairage public\" \/>\n<meta name=\"robots\" content=\"index, follow, max-snippet:-1, max-image-preview:large, max-video-preview:-1\" \/>\n<link rel=\"canonical\" href=\"https:\/\/www.ragni.com\/es\/politica-de-cookies\/\" \/>\n<meta property=\"og:locale\" content=\"es_ES\" \/>\n<meta property=\"og:type\" content=\"article\" \/>\n<meta property=\"og:title\" content=\"Pol\u00edtica de Cookies - RAGNI\" \/>\n<meta property=\"og:description\" content=\"Ragni est une entreprise familiale fond\u00e9e en 1927 fabricants fran\u00e7ais ind\u00e9pendants de son secteur : l&#039;\u00e9clairage public\" \/>\n<meta property=\"og:url\" content=\"https:\/\/www.ragni.com\/es\/politica-de-cookies\/\" \/>\n<meta property=\"og:site_name\" content=\"RAGNI\" \/>\n<meta property=\"article:publisher\" content=\"https:\/\/www.facebook.com\/Ragni.SAS\" \/>\n<meta property=\"article:modified_time\" content=\"2026-02-23T08:36:39+00:00\" \/>\n<meta name=\"twitter:card\" content=\"summary_large_image\" \/>\n<meta name=\"twitter:site\" content=\"@RAGNI_SAS\" \/>\n<meta name=\"twitter:label1\" content=\"Est. reading time\" \/>\n\t<meta name=\"twitter:data1\" content=\"6 minutes\" \/>\n<script type=\"application\/ld+json\" class=\"yoast-schema-graph\">{\"@context\":\"https:\/\/schema.org\",\"@graph\":[{\"@type\":\"WebPage\",\"@id\":\"https:\/\/www.ragni.com\/es\/politica-de-cookies\/\",\"url\":\"https:\/\/www.ragni.com\/es\/politica-de-cookies\/\",\"name\":\"Pol\u00edtica de Cookies - RAGNI\",\"isPartOf\":{\"@id\":\"https:\/\/www.ragni.com\/es\/#website\"},\"datePublished\":\"2023-09-21T15:58:10+00:00\",\"dateModified\":\"2026-02-23T08:36:39+00:00\",\"description\":\"Ragni est une entreprise familiale fond\u00e9e en 1927 fabricants fran\u00e7ais ind\u00e9pendants de son secteur : l'\u00e9clairage public\",\"breadcrumb\":{\"@id\":\"https:\/\/www.ragni.com\/es\/politica-de-cookies\/#breadcrumb\"},\"inLanguage\":\"es-ES\",\"potentialAction\":[{\"@type\":\"ReadAction\",\"target\":[\"https:\/\/www.ragni.com\/es\/politica-de-cookies\/\"]}]},{\"@type\":\"BreadcrumbList\",\"@id\":\"https:\/\/www.ragni.com\/es\/politica-de-cookies\/#breadcrumb\",\"itemListElement\":[{\"@type\":\"ListItem\",\"position\":1,\"name\":\"Accueil\",\"item\":\"https:\/\/www.ragni.com\/es\/\"},{\"@type\":\"ListItem\",\"position\":2,\"name\":\"Pol\u00edtica de Cookies\"}]},{\"@type\":\"WebSite\",\"@id\":\"https:\/\/www.ragni.com\/es\/#website\",\"url\":\"https:\/\/www.ragni.com\/es\/\",\"name\":\"RAGNI\",\"description\":\"La lumi\u00e8re \u00e0 votre image\",\"publisher\":{\"@id\":\"https:\/\/www.ragni.com\/es\/#organization\"},\"potentialAction\":[{\"@type\":\"SearchAction\",\"target\":{\"@type\":\"EntryPoint\",\"urlTemplate\":\"https:\/\/www.ragni.com\/es\/?s={search_term_string}\"},\"query-input\":{\"@type\":\"PropertyValueSpecification\",\"valueRequired\":true,\"valueName\":\"search_term_string\"}}],\"inLanguage\":\"es-ES\"},{\"@type\":\"Organization\",\"@id\":\"https:\/\/www.ragni.com\/es\/#organization\",\"name\":\"RAGNI\",\"url\":\"https:\/\/www.ragni.com\/es\/\",\"logo\":{\"@type\":\"ImageObject\",\"inLanguage\":\"es-ES\",\"@id\":\"https:\/\/www.ragni.com\/es\/#\/schema\/logo\/image\/\",\"url\":\"https:\/\/www.ragni.com\/wp-content\/uploads\/2022\/06\/Groupe-11.png\",\"contentUrl\":\"https:\/\/www.ragni.com\/wp-content\/uploads\/2022\/06\/Groupe-11.png\",\"width\":117,\"height\":40,\"caption\":\"RAGNI\"},\"image\":{\"@id\":\"https:\/\/www.ragni.com\/es\/#\/schema\/logo\/image\/\"},\"sameAs\":[\"https:\/\/www.facebook.com\/Ragni.SAS\",\"https:\/\/x.com\/RAGNI_SAS\",\"https:\/\/www.youtube.com\/channel\/UCg3LCUI39GyNBcrdS9QV9LA\",\"https:\/\/www.linkedin.com\/company\/ragni\"]}]}<\/script>\n<!-- \/ Yoast SEO plugin. -->","yoast_head_json":{"title":"Pol\u00edtica de Cookies - RAGNI","description":"Ragni est une entreprise familiale fond\u00e9e en 1927 fabricants fran\u00e7ais ind\u00e9pendants de son secteur : l'\u00e9clairage public","robots":{"index":"index","follow":"follow","max-snippet":"max-snippet:-1","max-image-preview":"max-image-preview:large","max-video-preview":"max-video-preview:-1"},"canonical":"https:\/\/www.ragni.com\/es\/politica-de-cookies\/","og_locale":"es_ES","og_type":"article","og_title":"Pol\u00edtica de Cookies - RAGNI","og_description":"Ragni est une entreprise familiale fond\u00e9e en 1927 fabricants fran\u00e7ais ind\u00e9pendants de son secteur : l'\u00e9clairage public","og_url":"https:\/\/www.ragni.com\/es\/politica-de-cookies\/","og_site_name":"RAGNI","article_publisher":"https:\/\/www.facebook.com\/Ragni.SAS","article_modified_time":"2026-02-23T08:36:39+00:00","twitter_card":"summary_large_image","twitter_site":"@RAGNI_SAS","twitter_misc":{"Est. reading time":"6 minutes"},"schema":{"@context":"https:\/\/schema.org","@graph":[{"@type":"WebPage","@id":"https:\/\/www.ragni.com\/es\/politica-de-cookies\/","url":"https:\/\/www.ragni.com\/es\/politica-de-cookies\/","name":"Pol\u00edtica de Cookies - RAGNI","isPartOf":{"@id":"https:\/\/www.ragni.com\/es\/#website"},"datePublished":"2023-09-21T15:58:10+00:00","dateModified":"2026-02-23T08:36:39+00:00","description":"Ragni est une entreprise familiale fond\u00e9e en 1927 fabricants fran\u00e7ais ind\u00e9pendants de son secteur : l'\u00e9clairage public","breadcrumb":{"@id":"https:\/\/www.ragni.com\/es\/politica-de-cookies\/#breadcrumb"},"inLanguage":"es-ES","potentialAction":[{"@type":"ReadAction","target":["https:\/\/www.ragni.com\/es\/politica-de-cookies\/"]}]},{"@type":"BreadcrumbList","@id":"https:\/\/www.ragni.com\/es\/politica-de-cookies\/#breadcrumb","itemListElement":[{"@type":"ListItem","position":1,"name":"Accueil","item":"https:\/\/www.ragni.com\/es\/"},{"@type":"ListItem","position":2,"name":"Pol\u00edtica de Cookies"}]},{"@type":"WebSite","@id":"https:\/\/www.ragni.com\/es\/#website","url":"https:\/\/www.ragni.com\/es\/","name":"RAGNI","description":"La lumi\u00e8re \u00e0 votre image","publisher":{"@id":"https:\/\/www.ragni.com\/es\/#organization"},"potentialAction":[{"@type":"SearchAction","target":{"@type":"EntryPoint","urlTemplate":"https:\/\/www.ragni.com\/es\/?s={search_term_string}"},"query-input":{"@type":"PropertyValueSpecification","valueRequired":true,"valueName":"search_term_string"}}],"inLanguage":"es-ES"},{"@type":"Organization","@id":"https:\/\/www.ragni.com\/es\/#organization","name":"RAGNI","url":"https:\/\/www.ragni.com\/es\/","logo":{"@type":"ImageObject","inLanguage":"es-ES","@id":"https:\/\/www.ragni.com\/es\/#\/schema\/logo\/image\/","url":"https:\/\/www.ragni.com\/wp-content\/uploads\/2022\/06\/Groupe-11.png","contentUrl":"https:\/\/www.ragni.com\/wp-content\/uploads\/2022\/06\/Groupe-11.png","width":117,"height":40,"caption":"RAGNI"},"image":{"@id":"https:\/\/www.ragni.com\/es\/#\/schema\/logo\/image\/"},"sameAs":["https:\/\/www.facebook.com\/Ragni.SAS","https:\/\/x.com\/RAGNI_SAS","https:\/\/www.youtube.com\/channel\/UCg3LCUI39GyNBcrdS9QV9LA","https:\/\/www.linkedin.com\/company\/ragni"]}]}},"_links":{"self":[{"href":"https:\/\/www.ragni.com\/es\/wp-json\/wp\/v2\/pages\/23706","targetHints":{"allow":["GET"]}}],"collection":[{"href":"https:\/\/www.ragni.com\/es\/wp-json\/wp\/v2\/pages"}],"about":[{"href":"https:\/\/www.ragni.com\/es\/wp-json\/wp\/v2\/types\/page"}],"author":[{"embeddable":true,"href":"https:\/\/www.ragni.com\/es\/wp-json\/wp\/v2\/users\/9"}],"replies":[{"embeddable":true,"href":"https:\/\/www.ragni.com\/es\/wp-json\/wp\/v2\/comments?post=23706"}],"version-history":[{"count":3,"href":"https:\/\/www.ragni.com\/es\/wp-json\/wp\/v2\/pages\/23706\/revisions"}],"predecessor-version":[{"id":23743,"href":"https:\/\/www.ragni.com\/es\/wp-json\/wp\/v2\/pages\/23706\/revisions\/23743"}],"wp:attachment":[{"href":"https:\/\/www.ragni.com\/es\/wp-json\/wp\/v2\/media?parent=23706"}],"curies":[{"name":"wp","href":"https:\/\/api.w.org\/{rel}","templated":true}]}}