{"id":18991,"date":"2022-11-16T13:28:40","date_gmt":"2022-11-16T12:28:40","guid":{"rendered":"https:\/\/www.ragni.com\/produit\/area-bento-3\/"},"modified":"2024-10-14T09:16:58","modified_gmt":"2024-10-14T08:16:58","slug":"area-bento-3","status":"publish","type":"product","link":"https:\/\/www.ragni.com\/es\/produit\/area-bento-3\/","title":{"rendered":"Bento Area"},"content":{"rendered":"<div class=\"wpb-content-wrapper\"><p>[vc_row][vc_column width=&#8221;1\/1&#8243;][uncode_block id=&#8221;2332&#8243;][\/vc_column][\/vc_row][vc_row row_height_percent=&#8221;0&#8243; override_padding=&#8221;yes&#8221; h_padding=&#8221;2&#8243; top_padding=&#8221;3&#8243; bottom_padding=&#8221;3&#8243; overlay_alpha=&#8221;50&#8243; gutter_size=&#8221;3&#8243; column_width_percent=&#8221;100&#8243; shift_y=&#8221;0&#8243; z_index=&#8221;0&#8243; uncode_shortcode_id=&#8221;993760&#8243;][vc_column column_width_percent=&#8221;100&#8243; align_horizontal=&#8221;align_center&#8221; gutter_size=&#8221;3&#8243; overlay_alpha=&#8221;50&#8243; shift_x=&#8221;0&#8243; shift_y=&#8221;0&#8243; shift_y_down=&#8221;0&#8243; z_index=&#8221;0&#8243; medium_width=&#8221;0&#8243; mobile_width=&#8221;0&#8243; width=&#8221;1\/1&#8243; uncode_shortcode_id=&#8221;339104&#8243;][vc_custom_heading text_color=&#8221;color-jevc&#8221; text_size=&#8221;h6&#8243; text_weight=&#8221;400&#8243; text_transform=&#8221;uppercase&#8221; uncode_shortcode_id=&#8221;135403&#8243; text_color_type=&#8221;uncode-palette&#8221;]Productos similares[\/vc_custom_heading][uncode_index el_id=&#8221;index-117488&#8243; index_type=&#8221;carousel&#8221; loop=&#8221;size:3|order_by:title|order:ASC|post_type:product|by_id:3825,3177,3860|taxonomy_count:10&#8243; auto_query=&#8221;yes&#8221; carousel_lg=&#8221;3&#8243; carousel_md=&#8221;3&#8243; carousel_sm=&#8221;1&#8243; gutter_size=&#8221;3&#8243; post_items=&#8221;media|featured|onpost|original,title&#8221; product_items=&#8221;media|featured|onpost|original|hide-sale|inherit-atc|inherit-w-atc|atc-typo-default|hide-atc,title&#8221; carousel_interval=&#8221;3000&#8243; carousel_navspeed=&#8221;400&#8243; stage_padding=&#8221;0&#8243; single_overlay_opacity=&#8221;1&#8243; single_h_align=&#8221;center&#8221; single_padding=&#8221;2&#8243; single_title_transform=&#8221;uppercase&#8221; single_border=&#8221;yes&#8221; single_css_animation=&#8221;bottom-t-top&#8221; no_double_tap=&#8221;yes&#8221; uncode_shortcode_id=&#8221;155178&#8243; items=&#8221;eyIxNDlfaSI6eyJzaW5nbGVfdGV4dCI6InVuZGVyIn19&#8243; offset=&#8221;1&#8243;][\/vc_column][\/vc_row]<\/p>\n<\/div>","protected":false},"excerpt":{"rendered":"<p>[vc_row][vc_column width=&#8221;1\/1&#8243;][uncode_block id=&#8221;7847&#8243;][\/vc_column][\/vc_row]<\/p>\n","protected":false},"featured_media":18992,"template":"","meta":[],"product_cat":[463,493],"product_tag":[457,494],"class_list":{"0":"post-18991","1":"product","2":"type-product","3":"status-publish","4":"has-post-thumbnail","6":"product_cat-search","7":"product_cat-area-bento","8":"product_tag-rectangular-es","9":"product_tag-proyector","11":"first","12":"instock","13":"shipping-taxable","14":"product-type-simple"},"yoast_head":"<!-- This site is optimized with the Yoast SEO plugin v24.0 - https:\/\/yoast.com\/wordpress\/plugins\/seo\/ -->\n<title>Bento Area - RAGNI<\/title>\n<meta name=\"description\" content=\"Fabricado en aluminio y de l\u00edneas sim\u00e9tricas, Bento Area es un foco de dise\u00f1o minimalista disponible en 3 tama\u00f1os.\" \/>\n<meta name=\"robots\" content=\"index, follow, max-snippet:-1, max-image-preview:large, max-video-preview:-1\" \/>\n<link rel=\"canonical\" href=\"https:\/\/www.ragni.com\/es\/produit\/area-bento-3\/\" \/>\n<meta property=\"og:locale\" content=\"es_ES\" \/>\n<meta property=\"og:type\" content=\"article\" \/>\n<meta property=\"og:title\" content=\"Bento Area - RAGNI\" \/>\n<meta property=\"og:description\" content=\"Fabricado en aluminio y de l\u00edneas sim\u00e9tricas, Bento Area es un foco de dise\u00f1o minimalista disponible en 3 tama\u00f1os.\" \/>\n<meta property=\"og:url\" content=\"https:\/\/www.ragni.com\/es\/produit\/area-bento-3\/\" \/>\n<meta property=\"og:site_name\" content=\"RAGNI\" \/>\n<meta property=\"article:publisher\" content=\"https:\/\/www.facebook.com\/Ragni.SAS\" \/>\n<meta property=\"article:modified_time\" content=\"2024-10-14T08:16:58+00:00\" \/>\n<meta property=\"og:image\" content=\"https:\/\/www.ragni.com\/wp-content\/uploads\/2022\/11\/implant-Bento_Area.jpg\" \/>\n\t<meta property=\"og:image:width\" content=\"2000\" \/>\n\t<meta property=\"og:image:height\" content=\"2310\" \/>\n\t<meta property=\"og:image:type\" content=\"image\/jpeg\" \/>\n<meta name=\"twitter:card\" content=\"summary_large_image\" \/>\n<meta name=\"twitter:site\" content=\"@RAGNI_SAS\" \/>\n<meta name=\"twitter:label1\" content=\"Est. reading time\" \/>\n\t<meta name=\"twitter:data1\" content=\"1 minute\" \/>\n<script type=\"application\/ld+json\" class=\"yoast-schema-graph\">{\"@context\":\"https:\/\/schema.org\",\"@graph\":[{\"@type\":\"WebPage\",\"@id\":\"https:\/\/www.ragni.com\/es\/produit\/area-bento-3\/\",\"url\":\"https:\/\/www.ragni.com\/es\/produit\/area-bento-3\/\",\"name\":\"Bento Area - RAGNI\",\"isPartOf\":{\"@id\":\"https:\/\/www.ragni.com\/es\/#website\"},\"primaryImageOfPage\":{\"@id\":\"https:\/\/www.ragni.com\/es\/produit\/area-bento-3\/#primaryimage\"},\"image\":{\"@id\":\"https:\/\/www.ragni.com\/es\/produit\/area-bento-3\/#primaryimage\"},\"thumbnailUrl\":\"https:\/\/www.ragni.com\/wp-content\/uploads\/2022\/11\/implant-Bento_Area.jpg\",\"datePublished\":\"2022-11-16T12:28:40+00:00\",\"dateModified\":\"2024-10-14T08:16:58+00:00\",\"description\":\"Fabricado en aluminio y de l\u00edneas sim\u00e9tricas, Bento Area es un foco de dise\u00f1o minimalista disponible en 3 tama\u00f1os.\",\"breadcrumb\":{\"@id\":\"https:\/\/www.ragni.com\/es\/produit\/area-bento-3\/#breadcrumb\"},\"inLanguage\":\"es-ES\",\"potentialAction\":[{\"@type\":\"ReadAction\",\"target\":[\"https:\/\/www.ragni.com\/es\/produit\/area-bento-3\/\"]}]},{\"@type\":\"ImageObject\",\"inLanguage\":\"es-ES\",\"@id\":\"https:\/\/www.ragni.com\/es\/produit\/area-bento-3\/#primaryimage\",\"url\":\"https:\/\/www.ragni.com\/wp-content\/uploads\/2022\/11\/implant-Bento_Area.jpg\",\"contentUrl\":\"https:\/\/www.ragni.com\/wp-content\/uploads\/2022\/11\/implant-Bento_Area.jpg\",\"width\":2000,\"height\":2310},{\"@type\":\"BreadcrumbList\",\"@id\":\"https:\/\/www.ragni.com\/es\/produit\/area-bento-3\/#breadcrumb\",\"itemListElement\":[{\"@type\":\"ListItem\",\"position\":1,\"name\":\"Accueil\",\"item\":\"https:\/\/www.ragni.com\/es\/\"},{\"@type\":\"ListItem\",\"position\":2,\"name\":\"Boutique\",\"item\":\"https:\/\/www.ragni.com\/boutique\/\"},{\"@type\":\"ListItem\",\"position\":3,\"name\":\"Bento Area\"}]},{\"@type\":\"WebSite\",\"@id\":\"https:\/\/www.ragni.com\/es\/#website\",\"url\":\"https:\/\/www.ragni.com\/es\/\",\"name\":\"RAGNI\",\"description\":\"La lumi\u00e8re \u00e0 votre image\",\"publisher\":{\"@id\":\"https:\/\/www.ragni.com\/es\/#organization\"},\"potentialAction\":[{\"@type\":\"SearchAction\",\"target\":{\"@type\":\"EntryPoint\",\"urlTemplate\":\"https:\/\/www.ragni.com\/es\/?s={search_term_string}\"},\"query-input\":{\"@type\":\"PropertyValueSpecification\",\"valueRequired\":true,\"valueName\":\"search_term_string\"}}],\"inLanguage\":\"es-ES\"},{\"@type\":\"Organization\",\"@id\":\"https:\/\/www.ragni.com\/es\/#organization\",\"name\":\"RAGNI\",\"url\":\"https:\/\/www.ragni.com\/es\/\",\"logo\":{\"@type\":\"ImageObject\",\"inLanguage\":\"es-ES\",\"@id\":\"https:\/\/www.ragni.com\/es\/#\/schema\/logo\/image\/\",\"url\":\"https:\/\/www.ragni.com\/wp-content\/uploads\/2022\/06\/Groupe-11.png\",\"contentUrl\":\"https:\/\/www.ragni.com\/wp-content\/uploads\/2022\/06\/Groupe-11.png\",\"width\":117,\"height\":40,\"caption\":\"RAGNI\"},\"image\":{\"@id\":\"https:\/\/www.ragni.com\/es\/#\/schema\/logo\/image\/\"},\"sameAs\":[\"https:\/\/www.facebook.com\/Ragni.SAS\",\"https:\/\/x.com\/RAGNI_SAS\",\"https:\/\/www.youtube.com\/channel\/UCg3LCUI39GyNBcrdS9QV9LA\",\"https:\/\/www.linkedin.com\/company\/ragni\"]}]}<\/script>\n<!-- \/ Yoast SEO plugin. -->","yoast_head_json":{"title":"Bento Area - RAGNI","description":"Fabricado en aluminio y de l\u00edneas sim\u00e9tricas, Bento Area es un foco de dise\u00f1o minimalista disponible en 3 tama\u00f1os.","robots":{"index":"index","follow":"follow","max-snippet":"max-snippet:-1","max-image-preview":"max-image-preview:large","max-video-preview":"max-video-preview:-1"},"canonical":"https:\/\/www.ragni.com\/es\/produit\/area-bento-3\/","og_locale":"es_ES","og_type":"article","og_title":"Bento Area - RAGNI","og_description":"Fabricado en aluminio y de l\u00edneas sim\u00e9tricas, Bento Area es un foco de dise\u00f1o minimalista disponible en 3 tama\u00f1os.","og_url":"https:\/\/www.ragni.com\/es\/produit\/area-bento-3\/","og_site_name":"RAGNI","article_publisher":"https:\/\/www.facebook.com\/Ragni.SAS","article_modified_time":"2024-10-14T08:16:58+00:00","og_image":[{"width":2000,"height":2310,"url":"https:\/\/www.ragni.com\/wp-content\/uploads\/2022\/11\/implant-Bento_Area.jpg","type":"image\/jpeg"}],"twitter_card":"summary_large_image","twitter_site":"@RAGNI_SAS","twitter_misc":{"Est. reading time":"1 minute"},"schema":{"@context":"https:\/\/schema.org","@graph":[{"@type":"WebPage","@id":"https:\/\/www.ragni.com\/es\/produit\/area-bento-3\/","url":"https:\/\/www.ragni.com\/es\/produit\/area-bento-3\/","name":"Bento Area - RAGNI","isPartOf":{"@id":"https:\/\/www.ragni.com\/es\/#website"},"primaryImageOfPage":{"@id":"https:\/\/www.ragni.com\/es\/produit\/area-bento-3\/#primaryimage"},"image":{"@id":"https:\/\/www.ragni.com\/es\/produit\/area-bento-3\/#primaryimage"},"thumbnailUrl":"https:\/\/www.ragni.com\/wp-content\/uploads\/2022\/11\/implant-Bento_Area.jpg","datePublished":"2022-11-16T12:28:40+00:00","dateModified":"2024-10-14T08:16:58+00:00","description":"Fabricado en aluminio y de l\u00edneas sim\u00e9tricas, Bento Area es un foco de dise\u00f1o minimalista disponible en 3 tama\u00f1os.","breadcrumb":{"@id":"https:\/\/www.ragni.com\/es\/produit\/area-bento-3\/#breadcrumb"},"inLanguage":"es-ES","potentialAction":[{"@type":"ReadAction","target":["https:\/\/www.ragni.com\/es\/produit\/area-bento-3\/"]}]},{"@type":"ImageObject","inLanguage":"es-ES","@id":"https:\/\/www.ragni.com\/es\/produit\/area-bento-3\/#primaryimage","url":"https:\/\/www.ragni.com\/wp-content\/uploads\/2022\/11\/implant-Bento_Area.jpg","contentUrl":"https:\/\/www.ragni.com\/wp-content\/uploads\/2022\/11\/implant-Bento_Area.jpg","width":2000,"height":2310},{"@type":"BreadcrumbList","@id":"https:\/\/www.ragni.com\/es\/produit\/area-bento-3\/#breadcrumb","itemListElement":[{"@type":"ListItem","position":1,"name":"Accueil","item":"https:\/\/www.ragni.com\/es\/"},{"@type":"ListItem","position":2,"name":"Boutique","item":"https:\/\/www.ragni.com\/boutique\/"},{"@type":"ListItem","position":3,"name":"Bento Area"}]},{"@type":"WebSite","@id":"https:\/\/www.ragni.com\/es\/#website","url":"https:\/\/www.ragni.com\/es\/","name":"RAGNI","description":"La lumi\u00e8re \u00e0 votre image","publisher":{"@id":"https:\/\/www.ragni.com\/es\/#organization"},"potentialAction":[{"@type":"SearchAction","target":{"@type":"EntryPoint","urlTemplate":"https:\/\/www.ragni.com\/es\/?s={search_term_string}"},"query-input":{"@type":"PropertyValueSpecification","valueRequired":true,"valueName":"search_term_string"}}],"inLanguage":"es-ES"},{"@type":"Organization","@id":"https:\/\/www.ragni.com\/es\/#organization","name":"RAGNI","url":"https:\/\/www.ragni.com\/es\/","logo":{"@type":"ImageObject","inLanguage":"es-ES","@id":"https:\/\/www.ragni.com\/es\/#\/schema\/logo\/image\/","url":"https:\/\/www.ragni.com\/wp-content\/uploads\/2022\/06\/Groupe-11.png","contentUrl":"https:\/\/www.ragni.com\/wp-content\/uploads\/2022\/06\/Groupe-11.png","width":117,"height":40,"caption":"RAGNI"},"image":{"@id":"https:\/\/www.ragni.com\/es\/#\/schema\/logo\/image\/"},"sameAs":["https:\/\/www.facebook.com\/Ragni.SAS","https:\/\/x.com\/RAGNI_SAS","https:\/\/www.youtube.com\/channel\/UCg3LCUI39GyNBcrdS9QV9LA","https:\/\/www.linkedin.com\/company\/ragni"]}]}},"_links":{"self":[{"href":"https:\/\/www.ragni.com\/es\/wp-json\/wp\/v2\/product\/18991","targetHints":{"allow":["GET"]}}],"collection":[{"href":"https:\/\/www.ragni.com\/es\/wp-json\/wp\/v2\/product"}],"about":[{"href":"https:\/\/www.ragni.com\/es\/wp-json\/wp\/v2\/types\/product"}],"wp:featuredmedia":[{"embeddable":true,"href":"https:\/\/www.ragni.com\/es\/wp-json\/wp\/v2\/media\/18992"}],"wp:attachment":[{"href":"https:\/\/www.ragni.com\/es\/wp-json\/wp\/v2\/media?parent=18991"}],"wp:term":[{"taxonomy":"product_cat","embeddable":true,"href":"https:\/\/www.ragni.com\/es\/wp-json\/wp\/v2\/product_cat?post=18991"},{"taxonomy":"product_tag","embeddable":true,"href":"https:\/\/www.ragni.com\/es\/wp-json\/wp\/v2\/product_tag?post=18991"}],"curies":[{"name":"wp","href":"https:\/\/api.w.org\/{rel}","templated":true}]}}