{"id":19022,"date":"2022-11-01T12:28:19","date_gmt":"2022-11-01T11:28:19","guid":{"rendered":"https:\/\/www.ragni.com\/produit\/cap-ferrat\/"},"modified":"2024-10-14T10:44:23","modified_gmt":"2024-10-14T09:44:23","slug":"cap-ferrat","status":"publish","type":"product","link":"https:\/\/www.ragni.com\/es\/produit\/cap-ferrat\/","title":{"rendered":"Cap Ferrat"},"content":{"rendered":"","protected":false},"excerpt":{"rendered":"","protected":false},"featured_media":19023,"template":"","meta":[],"product_cat":[497,498],"product_tag":[499,458,466,476],"class_list":{"0":"post-19022","1":"product","2":"type-product","3":"status-publish","4":"has-post-thumbnail","6":"product_cat-luminarias","7":"product_cat-capferrat-es","8":"product_tag-tradicional","9":"product_tag-urban-es","10":"product_tag-residential","11":"product_tag-suspendu-es","13":"first","14":"instock","15":"shipping-taxable","16":"product-type-simple"},"yoast_head":"<!-- This site is optimized with the Yoast SEO plugin v24.0 - https:\/\/yoast.com\/wordpress\/plugins\/seo\/ -->\n<title>Cap Ferrat - RAGNI<\/title>\n<meta name=\"description\" content=\"Par\u00e9 d&#039;un d\u00f4me en aluminium, en cuivre ou en laiton, ce luminaire \u00e0 6 faces est de style traditionnel. Il est con\u00e7u pour l&#039;\u00e9clairage d&#039;ambiancer\" \/>\n<meta name=\"robots\" content=\"noindex, nofollow\" \/>\n<meta property=\"og:locale\" content=\"es_ES\" \/>\n<meta property=\"og:type\" content=\"article\" \/>\n<meta property=\"og:title\" content=\"Cap Ferrat - RAGNI\" \/>\n<meta property=\"og:description\" content=\"Par\u00e9 d&#039;un d\u00f4me en aluminium, en cuivre ou en laiton, ce luminaire \u00e0 6 faces est de style traditionnel. Il est con\u00e7u pour l&#039;\u00e9clairage d&#039;ambiancer\" \/>\n<meta property=\"og:url\" content=\"https:\/\/www.ragni.com\/es\/produit\/cap-ferrat\/\" \/>\n<meta property=\"og:site_name\" content=\"RAGNI\" \/>\n<meta property=\"article:publisher\" content=\"https:\/\/www.facebook.com\/Ragni.SAS\" \/>\n<meta property=\"article:modified_time\" content=\"2024-10-14T09:44:23+00:00\" \/>\n<meta property=\"og:image\" content=\"https:\/\/www.ragni.com\/wp-content\/uploads\/2022\/11\/04CAP_FERRAT_2F_DECALES_CONSOLE_MAT.png\" \/>\n\t<meta property=\"og:image:width\" content=\"2000\" \/>\n\t<meta property=\"og:image:height\" content=\"1974\" \/>\n\t<meta property=\"og:image:type\" content=\"image\/png\" \/>\n<meta name=\"twitter:card\" content=\"summary_large_image\" \/>\n<meta name=\"twitter:site\" content=\"@RAGNI_SAS\" \/>\n<meta name=\"twitter:label1\" content=\"Est. reading time\" \/>\n\t<meta name=\"twitter:data1\" content=\"1 minute\" \/>\n<script type=\"application\/ld+json\" class=\"yoast-schema-graph\">{\"@context\":\"https:\/\/schema.org\",\"@graph\":[{\"@type\":\"WebPage\",\"@id\":\"https:\/\/www.ragni.com\/es\/produit\/cap-ferrat\/\",\"url\":\"https:\/\/www.ragni.com\/es\/produit\/cap-ferrat\/\",\"name\":\"Cap Ferrat - RAGNI\",\"isPartOf\":{\"@id\":\"https:\/\/www.ragni.com\/es\/#website\"},\"primaryImageOfPage\":{\"@id\":\"https:\/\/www.ragni.com\/es\/produit\/cap-ferrat\/#primaryimage\"},\"image\":{\"@id\":\"https:\/\/www.ragni.com\/es\/produit\/cap-ferrat\/#primaryimage\"},\"thumbnailUrl\":\"https:\/\/www.ragni.com\/wp-content\/uploads\/2022\/11\/04CAP_FERRAT_2F_DECALES_CONSOLE_MAT.png\",\"datePublished\":\"2022-11-01T11:28:19+00:00\",\"dateModified\":\"2024-10-14T09:44:23+00:00\",\"description\":\"Par\u00e9 d'un d\u00f4me en aluminium, en cuivre ou en laiton, ce luminaire \u00e0 6 faces est de style traditionnel. Il est con\u00e7u pour l'\u00e9clairage d'ambiancer\",\"breadcrumb\":{\"@id\":\"https:\/\/www.ragni.com\/es\/produit\/cap-ferrat\/#breadcrumb\"},\"inLanguage\":\"es-ES\",\"potentialAction\":[{\"@type\":\"ReadAction\",\"target\":[\"https:\/\/www.ragni.com\/es\/produit\/cap-ferrat\/\"]}]},{\"@type\":\"ImageObject\",\"inLanguage\":\"es-ES\",\"@id\":\"https:\/\/www.ragni.com\/es\/produit\/cap-ferrat\/#primaryimage\",\"url\":\"https:\/\/www.ragni.com\/wp-content\/uploads\/2022\/11\/04CAP_FERRAT_2F_DECALES_CONSOLE_MAT.png\",\"contentUrl\":\"https:\/\/www.ragni.com\/wp-content\/uploads\/2022\/11\/04CAP_FERRAT_2F_DECALES_CONSOLE_MAT.png\",\"width\":2000,\"height\":1974},{\"@type\":\"BreadcrumbList\",\"@id\":\"https:\/\/www.ragni.com\/es\/produit\/cap-ferrat\/#breadcrumb\",\"itemListElement\":[{\"@type\":\"ListItem\",\"position\":1,\"name\":\"Accueil\",\"item\":\"https:\/\/www.ragni.com\/es\/\"},{\"@type\":\"ListItem\",\"position\":2,\"name\":\"Boutique\",\"item\":\"https:\/\/www.ragni.com\/boutique\/\"},{\"@type\":\"ListItem\",\"position\":3,\"name\":\"Cap Ferrat\"}]},{\"@type\":\"WebSite\",\"@id\":\"https:\/\/www.ragni.com\/es\/#website\",\"url\":\"https:\/\/www.ragni.com\/es\/\",\"name\":\"RAGNI\",\"description\":\"La lumi\u00e8re \u00e0 votre image\",\"publisher\":{\"@id\":\"https:\/\/www.ragni.com\/es\/#organization\"},\"potentialAction\":[{\"@type\":\"SearchAction\",\"target\":{\"@type\":\"EntryPoint\",\"urlTemplate\":\"https:\/\/www.ragni.com\/es\/?s={search_term_string}\"},\"query-input\":{\"@type\":\"PropertyValueSpecification\",\"valueRequired\":true,\"valueName\":\"search_term_string\"}}],\"inLanguage\":\"es-ES\"},{\"@type\":\"Organization\",\"@id\":\"https:\/\/www.ragni.com\/es\/#organization\",\"name\":\"RAGNI\",\"url\":\"https:\/\/www.ragni.com\/es\/\",\"logo\":{\"@type\":\"ImageObject\",\"inLanguage\":\"es-ES\",\"@id\":\"https:\/\/www.ragni.com\/es\/#\/schema\/logo\/image\/\",\"url\":\"https:\/\/www.ragni.com\/wp-content\/uploads\/2022\/06\/Groupe-11.png\",\"contentUrl\":\"https:\/\/www.ragni.com\/wp-content\/uploads\/2022\/06\/Groupe-11.png\",\"width\":117,\"height\":40,\"caption\":\"RAGNI\"},\"image\":{\"@id\":\"https:\/\/www.ragni.com\/es\/#\/schema\/logo\/image\/\"},\"sameAs\":[\"https:\/\/www.facebook.com\/Ragni.SAS\",\"https:\/\/x.com\/RAGNI_SAS\",\"https:\/\/www.youtube.com\/channel\/UCg3LCUI39GyNBcrdS9QV9LA\",\"https:\/\/www.linkedin.com\/company\/ragni\"]}]}<\/script>\n<!-- \/ Yoast SEO plugin. -->","yoast_head_json":{"title":"Cap Ferrat - RAGNI","description":"Par\u00e9 d'un d\u00f4me en aluminium, en cuivre ou en laiton, ce luminaire \u00e0 6 faces est de style traditionnel. Il est con\u00e7u pour l'\u00e9clairage d'ambiancer","robots":{"index":"noindex","follow":"nofollow"},"og_locale":"es_ES","og_type":"article","og_title":"Cap Ferrat - RAGNI","og_description":"Par\u00e9 d'un d\u00f4me en aluminium, en cuivre ou en laiton, ce luminaire \u00e0 6 faces est de style traditionnel. Il est con\u00e7u pour l'\u00e9clairage d'ambiancer","og_url":"https:\/\/www.ragni.com\/es\/produit\/cap-ferrat\/","og_site_name":"RAGNI","article_publisher":"https:\/\/www.facebook.com\/Ragni.SAS","article_modified_time":"2024-10-14T09:44:23+00:00","og_image":[{"width":2000,"height":1974,"url":"https:\/\/www.ragni.com\/wp-content\/uploads\/2022\/11\/04CAP_FERRAT_2F_DECALES_CONSOLE_MAT.png","type":"image\/png"}],"twitter_card":"summary_large_image","twitter_site":"@RAGNI_SAS","twitter_misc":{"Est. reading time":"1 minute"},"schema":{"@context":"https:\/\/schema.org","@graph":[{"@type":"WebPage","@id":"https:\/\/www.ragni.com\/es\/produit\/cap-ferrat\/","url":"https:\/\/www.ragni.com\/es\/produit\/cap-ferrat\/","name":"Cap Ferrat - RAGNI","isPartOf":{"@id":"https:\/\/www.ragni.com\/es\/#website"},"primaryImageOfPage":{"@id":"https:\/\/www.ragni.com\/es\/produit\/cap-ferrat\/#primaryimage"},"image":{"@id":"https:\/\/www.ragni.com\/es\/produit\/cap-ferrat\/#primaryimage"},"thumbnailUrl":"https:\/\/www.ragni.com\/wp-content\/uploads\/2022\/11\/04CAP_FERRAT_2F_DECALES_CONSOLE_MAT.png","datePublished":"2022-11-01T11:28:19+00:00","dateModified":"2024-10-14T09:44:23+00:00","description":"Par\u00e9 d'un d\u00f4me en aluminium, en cuivre ou en laiton, ce luminaire \u00e0 6 faces est de style traditionnel. Il est con\u00e7u pour l'\u00e9clairage d'ambiancer","breadcrumb":{"@id":"https:\/\/www.ragni.com\/es\/produit\/cap-ferrat\/#breadcrumb"},"inLanguage":"es-ES","potentialAction":[{"@type":"ReadAction","target":["https:\/\/www.ragni.com\/es\/produit\/cap-ferrat\/"]}]},{"@type":"ImageObject","inLanguage":"es-ES","@id":"https:\/\/www.ragni.com\/es\/produit\/cap-ferrat\/#primaryimage","url":"https:\/\/www.ragni.com\/wp-content\/uploads\/2022\/11\/04CAP_FERRAT_2F_DECALES_CONSOLE_MAT.png","contentUrl":"https:\/\/www.ragni.com\/wp-content\/uploads\/2022\/11\/04CAP_FERRAT_2F_DECALES_CONSOLE_MAT.png","width":2000,"height":1974},{"@type":"BreadcrumbList","@id":"https:\/\/www.ragni.com\/es\/produit\/cap-ferrat\/#breadcrumb","itemListElement":[{"@type":"ListItem","position":1,"name":"Accueil","item":"https:\/\/www.ragni.com\/es\/"},{"@type":"ListItem","position":2,"name":"Boutique","item":"https:\/\/www.ragni.com\/boutique\/"},{"@type":"ListItem","position":3,"name":"Cap Ferrat"}]},{"@type":"WebSite","@id":"https:\/\/www.ragni.com\/es\/#website","url":"https:\/\/www.ragni.com\/es\/","name":"RAGNI","description":"La lumi\u00e8re \u00e0 votre image","publisher":{"@id":"https:\/\/www.ragni.com\/es\/#organization"},"potentialAction":[{"@type":"SearchAction","target":{"@type":"EntryPoint","urlTemplate":"https:\/\/www.ragni.com\/es\/?s={search_term_string}"},"query-input":{"@type":"PropertyValueSpecification","valueRequired":true,"valueName":"search_term_string"}}],"inLanguage":"es-ES"},{"@type":"Organization","@id":"https:\/\/www.ragni.com\/es\/#organization","name":"RAGNI","url":"https:\/\/www.ragni.com\/es\/","logo":{"@type":"ImageObject","inLanguage":"es-ES","@id":"https:\/\/www.ragni.com\/es\/#\/schema\/logo\/image\/","url":"https:\/\/www.ragni.com\/wp-content\/uploads\/2022\/06\/Groupe-11.png","contentUrl":"https:\/\/www.ragni.com\/wp-content\/uploads\/2022\/06\/Groupe-11.png","width":117,"height":40,"caption":"RAGNI"},"image":{"@id":"https:\/\/www.ragni.com\/es\/#\/schema\/logo\/image\/"},"sameAs":["https:\/\/www.facebook.com\/Ragni.SAS","https:\/\/x.com\/RAGNI_SAS","https:\/\/www.youtube.com\/channel\/UCg3LCUI39GyNBcrdS9QV9LA","https:\/\/www.linkedin.com\/company\/ragni"]}]}},"_links":{"self":[{"href":"https:\/\/www.ragni.com\/es\/wp-json\/wp\/v2\/product\/19022","targetHints":{"allow":["GET"]}}],"collection":[{"href":"https:\/\/www.ragni.com\/es\/wp-json\/wp\/v2\/product"}],"about":[{"href":"https:\/\/www.ragni.com\/es\/wp-json\/wp\/v2\/types\/product"}],"wp:featuredmedia":[{"embeddable":true,"href":"https:\/\/www.ragni.com\/es\/wp-json\/wp\/v2\/media\/19023"}],"wp:attachment":[{"href":"https:\/\/www.ragni.com\/es\/wp-json\/wp\/v2\/media?parent=19022"}],"wp:term":[{"taxonomy":"product_cat","embeddable":true,"href":"https:\/\/www.ragni.com\/es\/wp-json\/wp\/v2\/product_cat?post=19022"},{"taxonomy":"product_tag","embeddable":true,"href":"https:\/\/www.ragni.com\/es\/wp-json\/wp\/v2\/product_tag?post=19022"}],"curies":[{"name":"wp","href":"https:\/\/api.w.org\/{rel}","templated":true}]}}