{"id":19127,"date":"2022-11-16T09:17:51","date_gmt":"2022-11-16T08:17:51","guid":{"rendered":"https:\/\/www.ragni.com\/produit\/fragment-2\/"},"modified":"2024-10-14T14:42:56","modified_gmt":"2024-10-14T13:42:56","slug":"fragment-2","status":"publish","type":"product","link":"https:\/\/www.ragni.com\/es\/produit\/fragment-2\/","title":{"rendered":"Fragment"},"content":{"rendered":"<div class=\"wpb-content-wrapper\"><p>[vc_row][vc_column width=&#8221;1\/1&#8243;][uncode_block id=&#8221;2364&#8243;][\/vc_column][\/vc_row][vc_row][vc_column width=&#8221;1\/1&#8243;][uncode_block id=&#8221;4306&#8243;][\/vc_column][\/vc_row]<\/p>\n<\/div>","protected":false},"excerpt":{"rendered":"<p>[vc_row][vc_column width=&#8221;1\/1&#8243;][uncode_block id=&#8221;8034&#8243;][\/vc_column][\/vc_row]<\/p>\n","protected":false},"featured_media":19128,"template":"","meta":[],"product_cat":[509],"product_tag":[467,469,472,476],"class_list":{"0":"post-19127","1":"product","2":"type-product","3":"status-publish","4":"has-post-thumbnail","6":"product_cat-fragmento","7":"product_tag-park-plaza-pathway","8":"product_tag-round-es","9":"product_tag-personalizable","10":"product_tag-suspendu-es","12":"first","13":"instock","14":"shipping-taxable","15":"product-type-simple"},"yoast_head":"<!-- This site is optimized with the Yoast SEO plugin v24.0 - https:\/\/yoast.com\/wordpress\/plugins\/seo\/ -->\n<title>Fragment - RAGNI<\/title>\n<meta name=\"description\" content=\"Luminaria gr\u00e1fica por excelencia, Fragment est\u00e1 formada por una c\u00fapula c\u00f3nica de acero inoxidable cubierta por un difusor de policarbonato con protecci\u00f3n UV.\" \/>\n<meta name=\"robots\" content=\"noindex, follow\" \/>\n<meta property=\"og:locale\" content=\"es_ES\" \/>\n<meta property=\"og:type\" content=\"article\" \/>\n<meta property=\"og:title\" content=\"Fragment - RAGNI\" \/>\n<meta property=\"og:description\" content=\"Luminaria gr\u00e1fica por excelencia, Fragment est\u00e1 formada por una c\u00fapula c\u00f3nica de acero inoxidable cubierta por un difusor de policarbonato con protecci\u00f3n UV.\" \/>\n<meta property=\"og:url\" content=\"https:\/\/www.ragni.com\/es\/produit\/fragment-2\/\" \/>\n<meta property=\"og:site_name\" content=\"RAGNI\" \/>\n<meta property=\"article:publisher\" content=\"https:\/\/www.facebook.com\/Ragni.SAS\" \/>\n<meta property=\"article:modified_time\" content=\"2024-10-14T13:42:56+00:00\" \/>\n<meta property=\"og:image\" content=\"https:\/\/www.ragni.com\/wp-content\/uploads\/2022\/11\/04FRAGMENT_SUS_2F_DECA_CONSOLE_FRAGMENT.png\" \/>\n\t<meta property=\"og:image:width\" content=\"2000\" \/>\n\t<meta property=\"og:image:height\" content=\"2000\" \/>\n\t<meta property=\"og:image:type\" content=\"image\/png\" \/>\n<meta name=\"twitter:card\" content=\"summary_large_image\" \/>\n<meta name=\"twitter:site\" content=\"@RAGNI_SAS\" \/>\n<meta name=\"twitter:label1\" content=\"Est. reading time\" \/>\n\t<meta name=\"twitter:data1\" content=\"1 minute\" \/>\n<script type=\"application\/ld+json\" class=\"yoast-schema-graph\">{\"@context\":\"https:\/\/schema.org\",\"@graph\":[{\"@type\":\"WebPage\",\"@id\":\"https:\/\/www.ragni.com\/es\/produit\/fragment-2\/\",\"url\":\"https:\/\/www.ragni.com\/es\/produit\/fragment-2\/\",\"name\":\"Fragment - RAGNI\",\"isPartOf\":{\"@id\":\"https:\/\/www.ragni.com\/es\/#website\"},\"primaryImageOfPage\":{\"@id\":\"https:\/\/www.ragni.com\/es\/produit\/fragment-2\/#primaryimage\"},\"image\":{\"@id\":\"https:\/\/www.ragni.com\/es\/produit\/fragment-2\/#primaryimage\"},\"thumbnailUrl\":\"https:\/\/www.ragni.com\/wp-content\/uploads\/2022\/11\/04FRAGMENT_SUS_2F_DECA_CONSOLE_FRAGMENT.png\",\"datePublished\":\"2022-11-16T08:17:51+00:00\",\"dateModified\":\"2024-10-14T13:42:56+00:00\",\"description\":\"Luminaria gr\u00e1fica por excelencia, Fragment est\u00e1 formada por una c\u00fapula c\u00f3nica de acero inoxidable cubierta por un difusor de policarbonato con protecci\u00f3n UV.\",\"breadcrumb\":{\"@id\":\"https:\/\/www.ragni.com\/es\/produit\/fragment-2\/#breadcrumb\"},\"inLanguage\":\"es-ES\",\"potentialAction\":[{\"@type\":\"ReadAction\",\"target\":[\"https:\/\/www.ragni.com\/es\/produit\/fragment-2\/\"]}]},{\"@type\":\"ImageObject\",\"inLanguage\":\"es-ES\",\"@id\":\"https:\/\/www.ragni.com\/es\/produit\/fragment-2\/#primaryimage\",\"url\":\"https:\/\/www.ragni.com\/wp-content\/uploads\/2022\/11\/04FRAGMENT_SUS_2F_DECA_CONSOLE_FRAGMENT.png\",\"contentUrl\":\"https:\/\/www.ragni.com\/wp-content\/uploads\/2022\/11\/04FRAGMENT_SUS_2F_DECA_CONSOLE_FRAGMENT.png\",\"width\":2000,\"height\":2000},{\"@type\":\"BreadcrumbList\",\"@id\":\"https:\/\/www.ragni.com\/es\/produit\/fragment-2\/#breadcrumb\",\"itemListElement\":[{\"@type\":\"ListItem\",\"position\":1,\"name\":\"Accueil\",\"item\":\"https:\/\/www.ragni.com\/es\/\"},{\"@type\":\"ListItem\",\"position\":2,\"name\":\"Boutique\",\"item\":\"https:\/\/www.ragni.com\/boutique\/\"},{\"@type\":\"ListItem\",\"position\":3,\"name\":\"Fragment\"}]},{\"@type\":\"WebSite\",\"@id\":\"https:\/\/www.ragni.com\/es\/#website\",\"url\":\"https:\/\/www.ragni.com\/es\/\",\"name\":\"RAGNI\",\"description\":\"La lumi\u00e8re \u00e0 votre image\",\"publisher\":{\"@id\":\"https:\/\/www.ragni.com\/es\/#organization\"},\"potentialAction\":[{\"@type\":\"SearchAction\",\"target\":{\"@type\":\"EntryPoint\",\"urlTemplate\":\"https:\/\/www.ragni.com\/es\/?s={search_term_string}\"},\"query-input\":{\"@type\":\"PropertyValueSpecification\",\"valueRequired\":true,\"valueName\":\"search_term_string\"}}],\"inLanguage\":\"es-ES\"},{\"@type\":\"Organization\",\"@id\":\"https:\/\/www.ragni.com\/es\/#organization\",\"name\":\"RAGNI\",\"url\":\"https:\/\/www.ragni.com\/es\/\",\"logo\":{\"@type\":\"ImageObject\",\"inLanguage\":\"es-ES\",\"@id\":\"https:\/\/www.ragni.com\/es\/#\/schema\/logo\/image\/\",\"url\":\"https:\/\/www.ragni.com\/wp-content\/uploads\/2022\/06\/Groupe-11.png\",\"contentUrl\":\"https:\/\/www.ragni.com\/wp-content\/uploads\/2022\/06\/Groupe-11.png\",\"width\":117,\"height\":40,\"caption\":\"RAGNI\"},\"image\":{\"@id\":\"https:\/\/www.ragni.com\/es\/#\/schema\/logo\/image\/\"},\"sameAs\":[\"https:\/\/www.facebook.com\/Ragni.SAS\",\"https:\/\/x.com\/RAGNI_SAS\",\"https:\/\/www.youtube.com\/channel\/UCg3LCUI39GyNBcrdS9QV9LA\",\"https:\/\/www.linkedin.com\/company\/ragni\"]}]}<\/script>\n<!-- \/ Yoast SEO plugin. -->","yoast_head_json":{"title":"Fragment - RAGNI","description":"Luminaria gr\u00e1fica por excelencia, Fragment est\u00e1 formada por una c\u00fapula c\u00f3nica de acero inoxidable cubierta por un difusor de policarbonato con protecci\u00f3n UV.","robots":{"index":"noindex","follow":"follow"},"og_locale":"es_ES","og_type":"article","og_title":"Fragment - RAGNI","og_description":"Luminaria gr\u00e1fica por excelencia, Fragment est\u00e1 formada por una c\u00fapula c\u00f3nica de acero inoxidable cubierta por un difusor de policarbonato con protecci\u00f3n UV.","og_url":"https:\/\/www.ragni.com\/es\/produit\/fragment-2\/","og_site_name":"RAGNI","article_publisher":"https:\/\/www.facebook.com\/Ragni.SAS","article_modified_time":"2024-10-14T13:42:56+00:00","og_image":[{"width":2000,"height":2000,"url":"https:\/\/www.ragni.com\/wp-content\/uploads\/2022\/11\/04FRAGMENT_SUS_2F_DECA_CONSOLE_FRAGMENT.png","type":"image\/png"}],"twitter_card":"summary_large_image","twitter_site":"@RAGNI_SAS","twitter_misc":{"Est. reading time":"1 minute"},"schema":{"@context":"https:\/\/schema.org","@graph":[{"@type":"WebPage","@id":"https:\/\/www.ragni.com\/es\/produit\/fragment-2\/","url":"https:\/\/www.ragni.com\/es\/produit\/fragment-2\/","name":"Fragment - RAGNI","isPartOf":{"@id":"https:\/\/www.ragni.com\/es\/#website"},"primaryImageOfPage":{"@id":"https:\/\/www.ragni.com\/es\/produit\/fragment-2\/#primaryimage"},"image":{"@id":"https:\/\/www.ragni.com\/es\/produit\/fragment-2\/#primaryimage"},"thumbnailUrl":"https:\/\/www.ragni.com\/wp-content\/uploads\/2022\/11\/04FRAGMENT_SUS_2F_DECA_CONSOLE_FRAGMENT.png","datePublished":"2022-11-16T08:17:51+00:00","dateModified":"2024-10-14T13:42:56+00:00","description":"Luminaria gr\u00e1fica por excelencia, Fragment est\u00e1 formada por una c\u00fapula c\u00f3nica de acero inoxidable cubierta por un difusor de policarbonato con protecci\u00f3n UV.","breadcrumb":{"@id":"https:\/\/www.ragni.com\/es\/produit\/fragment-2\/#breadcrumb"},"inLanguage":"es-ES","potentialAction":[{"@type":"ReadAction","target":["https:\/\/www.ragni.com\/es\/produit\/fragment-2\/"]}]},{"@type":"ImageObject","inLanguage":"es-ES","@id":"https:\/\/www.ragni.com\/es\/produit\/fragment-2\/#primaryimage","url":"https:\/\/www.ragni.com\/wp-content\/uploads\/2022\/11\/04FRAGMENT_SUS_2F_DECA_CONSOLE_FRAGMENT.png","contentUrl":"https:\/\/www.ragni.com\/wp-content\/uploads\/2022\/11\/04FRAGMENT_SUS_2F_DECA_CONSOLE_FRAGMENT.png","width":2000,"height":2000},{"@type":"BreadcrumbList","@id":"https:\/\/www.ragni.com\/es\/produit\/fragment-2\/#breadcrumb","itemListElement":[{"@type":"ListItem","position":1,"name":"Accueil","item":"https:\/\/www.ragni.com\/es\/"},{"@type":"ListItem","position":2,"name":"Boutique","item":"https:\/\/www.ragni.com\/boutique\/"},{"@type":"ListItem","position":3,"name":"Fragment"}]},{"@type":"WebSite","@id":"https:\/\/www.ragni.com\/es\/#website","url":"https:\/\/www.ragni.com\/es\/","name":"RAGNI","description":"La lumi\u00e8re \u00e0 votre image","publisher":{"@id":"https:\/\/www.ragni.com\/es\/#organization"},"potentialAction":[{"@type":"SearchAction","target":{"@type":"EntryPoint","urlTemplate":"https:\/\/www.ragni.com\/es\/?s={search_term_string}"},"query-input":{"@type":"PropertyValueSpecification","valueRequired":true,"valueName":"search_term_string"}}],"inLanguage":"es-ES"},{"@type":"Organization","@id":"https:\/\/www.ragni.com\/es\/#organization","name":"RAGNI","url":"https:\/\/www.ragni.com\/es\/","logo":{"@type":"ImageObject","inLanguage":"es-ES","@id":"https:\/\/www.ragni.com\/es\/#\/schema\/logo\/image\/","url":"https:\/\/www.ragni.com\/wp-content\/uploads\/2022\/06\/Groupe-11.png","contentUrl":"https:\/\/www.ragni.com\/wp-content\/uploads\/2022\/06\/Groupe-11.png","width":117,"height":40,"caption":"RAGNI"},"image":{"@id":"https:\/\/www.ragni.com\/es\/#\/schema\/logo\/image\/"},"sameAs":["https:\/\/www.facebook.com\/Ragni.SAS","https:\/\/x.com\/RAGNI_SAS","https:\/\/www.youtube.com\/channel\/UCg3LCUI39GyNBcrdS9QV9LA","https:\/\/www.linkedin.com\/company\/ragni"]}]}},"_links":{"self":[{"href":"https:\/\/www.ragni.com\/es\/wp-json\/wp\/v2\/product\/19127","targetHints":{"allow":["GET"]}}],"collection":[{"href":"https:\/\/www.ragni.com\/es\/wp-json\/wp\/v2\/product"}],"about":[{"href":"https:\/\/www.ragni.com\/es\/wp-json\/wp\/v2\/types\/product"}],"wp:featuredmedia":[{"embeddable":true,"href":"https:\/\/www.ragni.com\/es\/wp-json\/wp\/v2\/media\/19128"}],"wp:attachment":[{"href":"https:\/\/www.ragni.com\/es\/wp-json\/wp\/v2\/media?parent=19127"}],"wp:term":[{"taxonomy":"product_cat","embeddable":true,"href":"https:\/\/www.ragni.com\/es\/wp-json\/wp\/v2\/product_cat?post=19127"},{"taxonomy":"product_tag","embeddable":true,"href":"https:\/\/www.ragni.com\/es\/wp-json\/wp\/v2\/product_tag?post=19127"}],"curies":[{"name":"wp","href":"https:\/\/api.w.org\/{rel}","templated":true}]}}