{"id":19286,"date":"2022-11-17T10:54:54","date_gmt":"2022-11-17T09:54:54","guid":{"rendered":"https:\/\/www.ragni.com\/produit\/monaco\/"},"modified":"2024-10-14T16:35:29","modified_gmt":"2024-10-14T15:35:29","slug":"monaco","status":"publish","type":"product","link":"https:\/\/www.ragni.com\/es\/produit\/monaco\/","title":{"rendered":"Monaco"},"content":{"rendered":"<div class=\"wpb-content-wrapper\"><p>[vc_row][vc_column width=&#8221;1\/1&#8243;][uncode_block id=&#8221;2396&#8243;][\/vc_column][\/vc_row][vc_row][vc_column width=&#8221;1\/1&#8243;][uncode_block id=&#8221;4349&#8243;][\/vc_column][\/vc_row]<\/p>\n<\/div>","protected":false},"excerpt":{"rendered":"<p>[vc_row][vc_column width=&#8221;1\/1&#8243;][uncode_block id=&#8221;8219&#8243;][\/vc_column][\/vc_row]<\/p>\n","protected":false},"featured_media":19287,"template":"","meta":[],"product_cat":[529],"product_tag":[455,458,466,499],"class_list":{"0":"post-19286","1":"product","2":"type-product","3":"status-publish","4":"has-post-thumbnail","6":"product_cat-monaco-es","7":"product_tag-top-es","8":"product_tag-urban-es","9":"product_tag-residential","10":"product_tag-tradicional","12":"first","13":"instock","14":"shipping-taxable","15":"product-type-simple"},"yoast_head":"<!-- This site is optimized with the Yoast SEO plugin v24.0 - https:\/\/yoast.com\/wordpress\/plugins\/seo\/ -->\n<title>Monaco - RAGNI<\/title>\n<meta name=\"description\" content=\"Monaco est un luminaire de style destin\u00e9 \u00e0 l&#039;\u00e9clairage r\u00e9sidentiel ou routier \u00e0 petite hauteur. De forme circulaire l\u00e9g\u00e8rement \u00e9vas\u00e9e par le haut, son d\u00f4me ouvrag\u00e9\" \/>\n<meta name=\"robots\" content=\"index, follow, max-snippet:-1, max-image-preview:large, max-video-preview:-1\" \/>\n<link rel=\"canonical\" href=\"https:\/\/www.ragni.com\/es\/produit\/monaco\/\" \/>\n<meta property=\"og:locale\" content=\"es_ES\" \/>\n<meta property=\"og:type\" content=\"article\" \/>\n<meta property=\"og:title\" content=\"Monaco - RAGNI\" \/>\n<meta property=\"og:description\" content=\"Monaco est un luminaire de style destin\u00e9 \u00e0 l&#039;\u00e9clairage r\u00e9sidentiel ou routier \u00e0 petite hauteur. De forme circulaire l\u00e9g\u00e8rement \u00e9vas\u00e9e par le haut, son d\u00f4me ouvrag\u00e9\" \/>\n<meta property=\"og:url\" content=\"https:\/\/www.ragni.com\/es\/produit\/monaco\/\" \/>\n<meta property=\"og:site_name\" content=\"RAGNI\" \/>\n<meta property=\"article:publisher\" content=\"https:\/\/www.facebook.com\/Ragni.SAS\" \/>\n<meta property=\"article:modified_time\" content=\"2024-10-14T15:35:29+00:00\" \/>\n<meta property=\"og:image\" content=\"https:\/\/www.ragni.com\/wp-content\/uploads\/2022\/11\/01MONACO_PORTE.png\" \/>\n\t<meta property=\"og:image:width\" content=\"1400\" \/>\n\t<meta property=\"og:image:height\" content=\"1400\" \/>\n\t<meta property=\"og:image:type\" content=\"image\/png\" \/>\n<meta name=\"twitter:card\" content=\"summary_large_image\" \/>\n<meta name=\"twitter:site\" content=\"@RAGNI_SAS\" \/>\n<meta name=\"twitter:label1\" content=\"Est. reading time\" \/>\n\t<meta name=\"twitter:data1\" content=\"1 minute\" \/>\n<script type=\"application\/ld+json\" class=\"yoast-schema-graph\">{\"@context\":\"https:\/\/schema.org\",\"@graph\":[{\"@type\":\"WebPage\",\"@id\":\"https:\/\/www.ragni.com\/es\/produit\/monaco\/\",\"url\":\"https:\/\/www.ragni.com\/es\/produit\/monaco\/\",\"name\":\"Monaco - RAGNI\",\"isPartOf\":{\"@id\":\"https:\/\/www.ragni.com\/es\/#website\"},\"primaryImageOfPage\":{\"@id\":\"https:\/\/www.ragni.com\/es\/produit\/monaco\/#primaryimage\"},\"image\":{\"@id\":\"https:\/\/www.ragni.com\/es\/produit\/monaco\/#primaryimage\"},\"thumbnailUrl\":\"https:\/\/www.ragni.com\/wp-content\/uploads\/2022\/11\/01MONACO_PORTE.png\",\"datePublished\":\"2022-11-17T09:54:54+00:00\",\"dateModified\":\"2024-10-14T15:35:29+00:00\",\"description\":\"Monaco est un luminaire de style destin\u00e9 \u00e0 l'\u00e9clairage r\u00e9sidentiel ou routier \u00e0 petite hauteur. De forme circulaire l\u00e9g\u00e8rement \u00e9vas\u00e9e par le haut, son d\u00f4me ouvrag\u00e9\",\"breadcrumb\":{\"@id\":\"https:\/\/www.ragni.com\/es\/produit\/monaco\/#breadcrumb\"},\"inLanguage\":\"es-ES\",\"potentialAction\":[{\"@type\":\"ReadAction\",\"target\":[\"https:\/\/www.ragni.com\/es\/produit\/monaco\/\"]}]},{\"@type\":\"ImageObject\",\"inLanguage\":\"es-ES\",\"@id\":\"https:\/\/www.ragni.com\/es\/produit\/monaco\/#primaryimage\",\"url\":\"https:\/\/www.ragni.com\/wp-content\/uploads\/2022\/11\/01MONACO_PORTE.png\",\"contentUrl\":\"https:\/\/www.ragni.com\/wp-content\/uploads\/2022\/11\/01MONACO_PORTE.png\",\"width\":1400,\"height\":1400},{\"@type\":\"BreadcrumbList\",\"@id\":\"https:\/\/www.ragni.com\/es\/produit\/monaco\/#breadcrumb\",\"itemListElement\":[{\"@type\":\"ListItem\",\"position\":1,\"name\":\"Accueil\",\"item\":\"https:\/\/www.ragni.com\/es\/\"},{\"@type\":\"ListItem\",\"position\":2,\"name\":\"Boutique\",\"item\":\"https:\/\/www.ragni.com\/boutique\/\"},{\"@type\":\"ListItem\",\"position\":3,\"name\":\"Monaco\"}]},{\"@type\":\"WebSite\",\"@id\":\"https:\/\/www.ragni.com\/es\/#website\",\"url\":\"https:\/\/www.ragni.com\/es\/\",\"name\":\"RAGNI\",\"description\":\"La lumi\u00e8re \u00e0 votre image\",\"publisher\":{\"@id\":\"https:\/\/www.ragni.com\/es\/#organization\"},\"potentialAction\":[{\"@type\":\"SearchAction\",\"target\":{\"@type\":\"EntryPoint\",\"urlTemplate\":\"https:\/\/www.ragni.com\/es\/?s={search_term_string}\"},\"query-input\":{\"@type\":\"PropertyValueSpecification\",\"valueRequired\":true,\"valueName\":\"search_term_string\"}}],\"inLanguage\":\"es-ES\"},{\"@type\":\"Organization\",\"@id\":\"https:\/\/www.ragni.com\/es\/#organization\",\"name\":\"RAGNI\",\"url\":\"https:\/\/www.ragni.com\/es\/\",\"logo\":{\"@type\":\"ImageObject\",\"inLanguage\":\"es-ES\",\"@id\":\"https:\/\/www.ragni.com\/es\/#\/schema\/logo\/image\/\",\"url\":\"https:\/\/www.ragni.com\/wp-content\/uploads\/2022\/06\/Groupe-11.png\",\"contentUrl\":\"https:\/\/www.ragni.com\/wp-content\/uploads\/2022\/06\/Groupe-11.png\",\"width\":117,\"height\":40,\"caption\":\"RAGNI\"},\"image\":{\"@id\":\"https:\/\/www.ragni.com\/es\/#\/schema\/logo\/image\/\"},\"sameAs\":[\"https:\/\/www.facebook.com\/Ragni.SAS\",\"https:\/\/x.com\/RAGNI_SAS\",\"https:\/\/www.youtube.com\/channel\/UCg3LCUI39GyNBcrdS9QV9LA\",\"https:\/\/www.linkedin.com\/company\/ragni\"]}]}<\/script>\n<!-- \/ Yoast SEO plugin. -->","yoast_head_json":{"title":"Monaco - RAGNI","description":"Monaco est un luminaire de style destin\u00e9 \u00e0 l'\u00e9clairage r\u00e9sidentiel ou routier \u00e0 petite hauteur. De forme circulaire l\u00e9g\u00e8rement \u00e9vas\u00e9e par le haut, son d\u00f4me ouvrag\u00e9","robots":{"index":"index","follow":"follow","max-snippet":"max-snippet:-1","max-image-preview":"max-image-preview:large","max-video-preview":"max-video-preview:-1"},"canonical":"https:\/\/www.ragni.com\/es\/produit\/monaco\/","og_locale":"es_ES","og_type":"article","og_title":"Monaco - RAGNI","og_description":"Monaco est un luminaire de style destin\u00e9 \u00e0 l'\u00e9clairage r\u00e9sidentiel ou routier \u00e0 petite hauteur. De forme circulaire l\u00e9g\u00e8rement \u00e9vas\u00e9e par le haut, son d\u00f4me ouvrag\u00e9","og_url":"https:\/\/www.ragni.com\/es\/produit\/monaco\/","og_site_name":"RAGNI","article_publisher":"https:\/\/www.facebook.com\/Ragni.SAS","article_modified_time":"2024-10-14T15:35:29+00:00","og_image":[{"width":1400,"height":1400,"url":"https:\/\/www.ragni.com\/wp-content\/uploads\/2022\/11\/01MONACO_PORTE.png","type":"image\/png"}],"twitter_card":"summary_large_image","twitter_site":"@RAGNI_SAS","twitter_misc":{"Est. reading time":"1 minute"},"schema":{"@context":"https:\/\/schema.org","@graph":[{"@type":"WebPage","@id":"https:\/\/www.ragni.com\/es\/produit\/monaco\/","url":"https:\/\/www.ragni.com\/es\/produit\/monaco\/","name":"Monaco - RAGNI","isPartOf":{"@id":"https:\/\/www.ragni.com\/es\/#website"},"primaryImageOfPage":{"@id":"https:\/\/www.ragni.com\/es\/produit\/monaco\/#primaryimage"},"image":{"@id":"https:\/\/www.ragni.com\/es\/produit\/monaco\/#primaryimage"},"thumbnailUrl":"https:\/\/www.ragni.com\/wp-content\/uploads\/2022\/11\/01MONACO_PORTE.png","datePublished":"2022-11-17T09:54:54+00:00","dateModified":"2024-10-14T15:35:29+00:00","description":"Monaco est un luminaire de style destin\u00e9 \u00e0 l'\u00e9clairage r\u00e9sidentiel ou routier \u00e0 petite hauteur. De forme circulaire l\u00e9g\u00e8rement \u00e9vas\u00e9e par le haut, son d\u00f4me ouvrag\u00e9","breadcrumb":{"@id":"https:\/\/www.ragni.com\/es\/produit\/monaco\/#breadcrumb"},"inLanguage":"es-ES","potentialAction":[{"@type":"ReadAction","target":["https:\/\/www.ragni.com\/es\/produit\/monaco\/"]}]},{"@type":"ImageObject","inLanguage":"es-ES","@id":"https:\/\/www.ragni.com\/es\/produit\/monaco\/#primaryimage","url":"https:\/\/www.ragni.com\/wp-content\/uploads\/2022\/11\/01MONACO_PORTE.png","contentUrl":"https:\/\/www.ragni.com\/wp-content\/uploads\/2022\/11\/01MONACO_PORTE.png","width":1400,"height":1400},{"@type":"BreadcrumbList","@id":"https:\/\/www.ragni.com\/es\/produit\/monaco\/#breadcrumb","itemListElement":[{"@type":"ListItem","position":1,"name":"Accueil","item":"https:\/\/www.ragni.com\/es\/"},{"@type":"ListItem","position":2,"name":"Boutique","item":"https:\/\/www.ragni.com\/boutique\/"},{"@type":"ListItem","position":3,"name":"Monaco"}]},{"@type":"WebSite","@id":"https:\/\/www.ragni.com\/es\/#website","url":"https:\/\/www.ragni.com\/es\/","name":"RAGNI","description":"La lumi\u00e8re \u00e0 votre image","publisher":{"@id":"https:\/\/www.ragni.com\/es\/#organization"},"potentialAction":[{"@type":"SearchAction","target":{"@type":"EntryPoint","urlTemplate":"https:\/\/www.ragni.com\/es\/?s={search_term_string}"},"query-input":{"@type":"PropertyValueSpecification","valueRequired":true,"valueName":"search_term_string"}}],"inLanguage":"es-ES"},{"@type":"Organization","@id":"https:\/\/www.ragni.com\/es\/#organization","name":"RAGNI","url":"https:\/\/www.ragni.com\/es\/","logo":{"@type":"ImageObject","inLanguage":"es-ES","@id":"https:\/\/www.ragni.com\/es\/#\/schema\/logo\/image\/","url":"https:\/\/www.ragni.com\/wp-content\/uploads\/2022\/06\/Groupe-11.png","contentUrl":"https:\/\/www.ragni.com\/wp-content\/uploads\/2022\/06\/Groupe-11.png","width":117,"height":40,"caption":"RAGNI"},"image":{"@id":"https:\/\/www.ragni.com\/es\/#\/schema\/logo\/image\/"},"sameAs":["https:\/\/www.facebook.com\/Ragni.SAS","https:\/\/x.com\/RAGNI_SAS","https:\/\/www.youtube.com\/channel\/UCg3LCUI39GyNBcrdS9QV9LA","https:\/\/www.linkedin.com\/company\/ragni"]}]}},"_links":{"self":[{"href":"https:\/\/www.ragni.com\/es\/wp-json\/wp\/v2\/product\/19286","targetHints":{"allow":["GET"]}}],"collection":[{"href":"https:\/\/www.ragni.com\/es\/wp-json\/wp\/v2\/product"}],"about":[{"href":"https:\/\/www.ragni.com\/es\/wp-json\/wp\/v2\/types\/product"}],"wp:featuredmedia":[{"embeddable":true,"href":"https:\/\/www.ragni.com\/es\/wp-json\/wp\/v2\/media\/19287"}],"wp:attachment":[{"href":"https:\/\/www.ragni.com\/es\/wp-json\/wp\/v2\/media?parent=19286"}],"wp:term":[{"taxonomy":"product_cat","embeddable":true,"href":"https:\/\/www.ragni.com\/es\/wp-json\/wp\/v2\/product_cat?post=19286"},{"taxonomy":"product_tag","embeddable":true,"href":"https:\/\/www.ragni.com\/es\/wp-json\/wp\/v2\/product_tag?post=19286"}],"curies":[{"name":"wp","href":"https:\/\/api.w.org\/{rel}","templated":true}]}}