{"id":19420,"date":"2022-11-17T13:16:04","date_gmt":"2022-11-17T12:16:04","guid":{"rendered":"https:\/\/www.ragni.com\/produit\/st-jeannet-4\/"},"modified":"2024-10-15T10:13:13","modified_gmt":"2024-10-15T09:13:13","slug":"st-jeannet-4","status":"publish","type":"product","link":"https:\/\/www.ragni.com\/es\/produit\/st-jeannet-4\/","title":{"rendered":"St Jeannet"},"content":{"rendered":"","protected":false},"excerpt":{"rendered":"","protected":false},"featured_media":19421,"template":"","meta":[],"product_cat":[541],"product_tag":[455,458,466,499],"class_list":{"0":"post-19420","1":"product","2":"type-product","3":"status-publish","4":"has-post-thumbnail","6":"product_cat-st-jeannet-es","7":"product_tag-top-es","8":"product_tag-urban-es","9":"product_tag-residential","10":"product_tag-tradicional","12":"first","13":"instock","14":"shipping-taxable","15":"product-type-simple"},"yoast_head":"<!-- This site is optimized with the Yoast SEO plugin v24.0 - https:\/\/yoast.com\/wordpress\/plugins\/seo\/ -->\n<title>St Jeannet - RAGNI<\/title>\n<meta name=\"description\" content=\"Compuesta por una jaula de seis lados sostenida por un soporte y una c\u00fapula hexagonal, la luminaria St Jeannet est\u00e1 rematada por una seta decorativa que forma su v\u00e9rtice.\" \/>\n<meta name=\"robots\" content=\"index, nofollow, max-snippet:-1, max-image-preview:large, max-video-preview:-1\" \/>\n<link rel=\"canonical\" href=\"https:\/\/www.ragni.com\/es\/produit\/st-jeannet-4\/\" \/>\n<meta property=\"og:locale\" content=\"es_ES\" \/>\n<meta property=\"og:type\" content=\"article\" \/>\n<meta property=\"og:title\" content=\"St Jeannet - RAGNI\" \/>\n<meta property=\"og:description\" content=\"Compuesta por una jaula de seis lados sostenida por un soporte y una c\u00fapula hexagonal, la luminaria St Jeannet est\u00e1 rematada por una seta decorativa que forma su v\u00e9rtice.\" \/>\n<meta property=\"og:url\" content=\"https:\/\/www.ragni.com\/es\/produit\/st-jeannet-4\/\" \/>\n<meta property=\"og:site_name\" content=\"RAGNI\" \/>\n<meta property=\"article:publisher\" content=\"https:\/\/www.facebook.com\/Ragni.SAS\" \/>\n<meta property=\"article:modified_time\" content=\"2024-10-15T09:13:13+00:00\" \/>\n<meta property=\"og:image\" content=\"https:\/\/www.ragni.com\/wp-content\/uploads\/2022\/11\/01ST_JEANNET.png\" \/>\n\t<meta property=\"og:image:width\" content=\"1400\" \/>\n\t<meta property=\"og:image:height\" content=\"1381\" \/>\n\t<meta property=\"og:image:type\" content=\"image\/png\" \/>\n<meta name=\"twitter:card\" content=\"summary_large_image\" \/>\n<meta name=\"twitter:site\" content=\"@RAGNI_SAS\" \/>\n<meta name=\"twitter:label1\" content=\"Est. reading time\" \/>\n\t<meta name=\"twitter:data1\" content=\"1 minute\" \/>\n<script type=\"application\/ld+json\" class=\"yoast-schema-graph\">{\"@context\":\"https:\/\/schema.org\",\"@graph\":[{\"@type\":\"WebPage\",\"@id\":\"https:\/\/www.ragni.com\/es\/produit\/st-jeannet-4\/\",\"url\":\"https:\/\/www.ragni.com\/es\/produit\/st-jeannet-4\/\",\"name\":\"St Jeannet - RAGNI\",\"isPartOf\":{\"@id\":\"https:\/\/www.ragni.com\/es\/#website\"},\"primaryImageOfPage\":{\"@id\":\"https:\/\/www.ragni.com\/es\/produit\/st-jeannet-4\/#primaryimage\"},\"image\":{\"@id\":\"https:\/\/www.ragni.com\/es\/produit\/st-jeannet-4\/#primaryimage\"},\"thumbnailUrl\":\"https:\/\/www.ragni.com\/wp-content\/uploads\/2022\/11\/01ST_JEANNET.png\",\"datePublished\":\"2022-11-17T12:16:04+00:00\",\"dateModified\":\"2024-10-15T09:13:13+00:00\",\"description\":\"Compuesta por una jaula de seis lados sostenida por un soporte y una c\u00fapula hexagonal, la luminaria St Jeannet est\u00e1 rematada por una seta decorativa que forma su v\u00e9rtice.\",\"breadcrumb\":{\"@id\":\"https:\/\/www.ragni.com\/es\/produit\/st-jeannet-4\/#breadcrumb\"},\"inLanguage\":\"es-ES\",\"potentialAction\":[{\"@type\":\"ReadAction\",\"target\":[\"https:\/\/www.ragni.com\/es\/produit\/st-jeannet-4\/\"]}]},{\"@type\":\"ImageObject\",\"inLanguage\":\"es-ES\",\"@id\":\"https:\/\/www.ragni.com\/es\/produit\/st-jeannet-4\/#primaryimage\",\"url\":\"https:\/\/www.ragni.com\/wp-content\/uploads\/2022\/11\/01ST_JEANNET.png\",\"contentUrl\":\"https:\/\/www.ragni.com\/wp-content\/uploads\/2022\/11\/01ST_JEANNET.png\",\"width\":1400,\"height\":1381},{\"@type\":\"BreadcrumbList\",\"@id\":\"https:\/\/www.ragni.com\/es\/produit\/st-jeannet-4\/#breadcrumb\",\"itemListElement\":[{\"@type\":\"ListItem\",\"position\":1,\"name\":\"Accueil\",\"item\":\"https:\/\/www.ragni.com\/es\/\"},{\"@type\":\"ListItem\",\"position\":2,\"name\":\"Boutique\",\"item\":\"https:\/\/www.ragni.com\/boutique\/\"},{\"@type\":\"ListItem\",\"position\":3,\"name\":\"St Jeannet\"}]},{\"@type\":\"WebSite\",\"@id\":\"https:\/\/www.ragni.com\/es\/#website\",\"url\":\"https:\/\/www.ragni.com\/es\/\",\"name\":\"RAGNI\",\"description\":\"La lumi\u00e8re \u00e0 votre image\",\"publisher\":{\"@id\":\"https:\/\/www.ragni.com\/es\/#organization\"},\"potentialAction\":[{\"@type\":\"SearchAction\",\"target\":{\"@type\":\"EntryPoint\",\"urlTemplate\":\"https:\/\/www.ragni.com\/es\/?s={search_term_string}\"},\"query-input\":{\"@type\":\"PropertyValueSpecification\",\"valueRequired\":true,\"valueName\":\"search_term_string\"}}],\"inLanguage\":\"es-ES\"},{\"@type\":\"Organization\",\"@id\":\"https:\/\/www.ragni.com\/es\/#organization\",\"name\":\"RAGNI\",\"url\":\"https:\/\/www.ragni.com\/es\/\",\"logo\":{\"@type\":\"ImageObject\",\"inLanguage\":\"es-ES\",\"@id\":\"https:\/\/www.ragni.com\/es\/#\/schema\/logo\/image\/\",\"url\":\"https:\/\/www.ragni.com\/wp-content\/uploads\/2022\/06\/Groupe-11.png\",\"contentUrl\":\"https:\/\/www.ragni.com\/wp-content\/uploads\/2022\/06\/Groupe-11.png\",\"width\":117,\"height\":40,\"caption\":\"RAGNI\"},\"image\":{\"@id\":\"https:\/\/www.ragni.com\/es\/#\/schema\/logo\/image\/\"},\"sameAs\":[\"https:\/\/www.facebook.com\/Ragni.SAS\",\"https:\/\/x.com\/RAGNI_SAS\",\"https:\/\/www.youtube.com\/channel\/UCg3LCUI39GyNBcrdS9QV9LA\",\"https:\/\/www.linkedin.com\/company\/ragni\"]}]}<\/script>\n<!-- \/ Yoast SEO plugin. -->","yoast_head_json":{"title":"St Jeannet - RAGNI","description":"Compuesta por una jaula de seis lados sostenida por un soporte y una c\u00fapula hexagonal, la luminaria St Jeannet est\u00e1 rematada por una seta decorativa que forma su v\u00e9rtice.","robots":{"index":"index","follow":"nofollow","max-snippet":"max-snippet:-1","max-image-preview":"max-image-preview:large","max-video-preview":"max-video-preview:-1"},"canonical":"https:\/\/www.ragni.com\/es\/produit\/st-jeannet-4\/","og_locale":"es_ES","og_type":"article","og_title":"St Jeannet - RAGNI","og_description":"Compuesta por una jaula de seis lados sostenida por un soporte y una c\u00fapula hexagonal, la luminaria St Jeannet est\u00e1 rematada por una seta decorativa que forma su v\u00e9rtice.","og_url":"https:\/\/www.ragni.com\/es\/produit\/st-jeannet-4\/","og_site_name":"RAGNI","article_publisher":"https:\/\/www.facebook.com\/Ragni.SAS","article_modified_time":"2024-10-15T09:13:13+00:00","og_image":[{"width":1400,"height":1381,"url":"https:\/\/www.ragni.com\/wp-content\/uploads\/2022\/11\/01ST_JEANNET.png","type":"image\/png"}],"twitter_card":"summary_large_image","twitter_site":"@RAGNI_SAS","twitter_misc":{"Est. reading time":"1 minute"},"schema":{"@context":"https:\/\/schema.org","@graph":[{"@type":"WebPage","@id":"https:\/\/www.ragni.com\/es\/produit\/st-jeannet-4\/","url":"https:\/\/www.ragni.com\/es\/produit\/st-jeannet-4\/","name":"St Jeannet - RAGNI","isPartOf":{"@id":"https:\/\/www.ragni.com\/es\/#website"},"primaryImageOfPage":{"@id":"https:\/\/www.ragni.com\/es\/produit\/st-jeannet-4\/#primaryimage"},"image":{"@id":"https:\/\/www.ragni.com\/es\/produit\/st-jeannet-4\/#primaryimage"},"thumbnailUrl":"https:\/\/www.ragni.com\/wp-content\/uploads\/2022\/11\/01ST_JEANNET.png","datePublished":"2022-11-17T12:16:04+00:00","dateModified":"2024-10-15T09:13:13+00:00","description":"Compuesta por una jaula de seis lados sostenida por un soporte y una c\u00fapula hexagonal, la luminaria St Jeannet est\u00e1 rematada por una seta decorativa que forma su v\u00e9rtice.","breadcrumb":{"@id":"https:\/\/www.ragni.com\/es\/produit\/st-jeannet-4\/#breadcrumb"},"inLanguage":"es-ES","potentialAction":[{"@type":"ReadAction","target":["https:\/\/www.ragni.com\/es\/produit\/st-jeannet-4\/"]}]},{"@type":"ImageObject","inLanguage":"es-ES","@id":"https:\/\/www.ragni.com\/es\/produit\/st-jeannet-4\/#primaryimage","url":"https:\/\/www.ragni.com\/wp-content\/uploads\/2022\/11\/01ST_JEANNET.png","contentUrl":"https:\/\/www.ragni.com\/wp-content\/uploads\/2022\/11\/01ST_JEANNET.png","width":1400,"height":1381},{"@type":"BreadcrumbList","@id":"https:\/\/www.ragni.com\/es\/produit\/st-jeannet-4\/#breadcrumb","itemListElement":[{"@type":"ListItem","position":1,"name":"Accueil","item":"https:\/\/www.ragni.com\/es\/"},{"@type":"ListItem","position":2,"name":"Boutique","item":"https:\/\/www.ragni.com\/boutique\/"},{"@type":"ListItem","position":3,"name":"St Jeannet"}]},{"@type":"WebSite","@id":"https:\/\/www.ragni.com\/es\/#website","url":"https:\/\/www.ragni.com\/es\/","name":"RAGNI","description":"La lumi\u00e8re \u00e0 votre image","publisher":{"@id":"https:\/\/www.ragni.com\/es\/#organization"},"potentialAction":[{"@type":"SearchAction","target":{"@type":"EntryPoint","urlTemplate":"https:\/\/www.ragni.com\/es\/?s={search_term_string}"},"query-input":{"@type":"PropertyValueSpecification","valueRequired":true,"valueName":"search_term_string"}}],"inLanguage":"es-ES"},{"@type":"Organization","@id":"https:\/\/www.ragni.com\/es\/#organization","name":"RAGNI","url":"https:\/\/www.ragni.com\/es\/","logo":{"@type":"ImageObject","inLanguage":"es-ES","@id":"https:\/\/www.ragni.com\/es\/#\/schema\/logo\/image\/","url":"https:\/\/www.ragni.com\/wp-content\/uploads\/2022\/06\/Groupe-11.png","contentUrl":"https:\/\/www.ragni.com\/wp-content\/uploads\/2022\/06\/Groupe-11.png","width":117,"height":40,"caption":"RAGNI"},"image":{"@id":"https:\/\/www.ragni.com\/es\/#\/schema\/logo\/image\/"},"sameAs":["https:\/\/www.facebook.com\/Ragni.SAS","https:\/\/x.com\/RAGNI_SAS","https:\/\/www.youtube.com\/channel\/UCg3LCUI39GyNBcrdS9QV9LA","https:\/\/www.linkedin.com\/company\/ragni"]}]}},"_links":{"self":[{"href":"https:\/\/www.ragni.com\/es\/wp-json\/wp\/v2\/product\/19420","targetHints":{"allow":["GET"]}}],"collection":[{"href":"https:\/\/www.ragni.com\/es\/wp-json\/wp\/v2\/product"}],"about":[{"href":"https:\/\/www.ragni.com\/es\/wp-json\/wp\/v2\/types\/product"}],"wp:featuredmedia":[{"embeddable":true,"href":"https:\/\/www.ragni.com\/es\/wp-json\/wp\/v2\/media\/19421"}],"wp:attachment":[{"href":"https:\/\/www.ragni.com\/es\/wp-json\/wp\/v2\/media?parent=19420"}],"wp:term":[{"taxonomy":"product_cat","embeddable":true,"href":"https:\/\/www.ragni.com\/es\/wp-json\/wp\/v2\/product_cat?post=19420"},{"taxonomy":"product_tag","embeddable":true,"href":"https:\/\/www.ragni.com\/es\/wp-json\/wp\/v2\/product_tag?post=19420"}],"curies":[{"name":"wp","href":"https:\/\/api.w.org\/{rel}","templated":true}]}}